{"id":85352,"date":"2024-01-16T15:46:13","date_gmt":"2024-01-16T15:46:13","guid":{"rendered":"https:\/\/goldstonehvacr.com\/?post_type=product&#038;p=85352"},"modified":"2024-01-19T07:00:57","modified_gmt":"2024-01-19T07:00:57","slug":"defrost-heaters","status":"publish","type":"product","link":"https:\/\/goldstonehvacr.com\/fr\/produit\/defrost-heaters\/","title":{"rendered":"r\u00e9sistances de d\u00e9givrage"},"content":{"rendered":"<ul>\n<li style=\"font-weight: 400;\">Les \u00e9l\u00e9ments chauffants les plus s\u00fbrs et les plus fiables, offrant le meilleur rapport qualit\u00e9-prix du march\u00e9 actuel.<\/li>\n<li style=\"font-weight: 400;\">Cela est facilit\u00e9 par une connaissance approfondie du march\u00e9 du CVC-R.<\/li>\n<li style=\"font-weight: 400;\">Le rev\u00eatement ext\u00e9rieur en acier inoxydable contribue \u00e0 \u00e9viter l\u2019affaissement lors de l\u2019installation, facilitant ainsi la mise en place du chauffage.<\/li>\n<li style=\"font-weight: 400;\">Les installateurs appr\u00e9cient la fonction \u00ab anti-affaissement \u00bb car elle permet de gagner du temps lors de l&#039;installation.<\/li>\n<li style=\"font-weight: 400;\">Certifi\u00e9 cULus.<\/li>\n<li style=\"font-weight: 400;\">L&#039;usine de fabrication est certifi\u00e9e ISO 9001:2015 et 1401:2005.<\/li>\n<li style=\"font-weight: 400;\">Personnalisation selon les exigences de tout fabricant d&#039;\u00e9quipement d&#039;origine (OEM).<\/li>\n<\/ul>","protected":false},"excerpt":{"rendered":"<p>Les \u00e9l\u00e9ments chauffants les plus s\u00fbrs et les plus fiables du march\u00e9, offrant le meilleur rapport qualit\u00e9-prix. Ceci est rendu possible gr\u00e2ce \u00e0 une connaissance approfondie du march\u00e9 du CVC-R. Le rev\u00eatement ext\u00e9rieur en acier inoxydable emp\u00eache l&#039;affaissement lors de l&#039;installation, simplifiant ainsi la pose de l&#039;\u00e9l\u00e9ment chauffant. Les installateurs appr\u00e9cient cette caract\u00e9ristique anti-affaissement, qui leur permet de gagner du temps. Certification cULus. Usine de fabrication certifi\u00e9e ISO 9001:2015 et 1401:2005. Personnalisation possible selon les exigences des fabricants d&#039;\u00e9quipement d&#039;origine (OEM).<\/p>","protected":false},"featured_media":85383,"comment_status":"open","ping_status":"closed","template":"","meta":{"content-type":""},"product_brand":[],"product_cat":[244,159],"product_tag":[],"class_list":{"0":"post-85352","1":"product","2":"type-product","3":"status-publish","4":"has-post-thumbnail","6":"product_cat-defrost-heater","7":"product_cat-oem","9":"first","10":"instock","11":"shipping-taxable","12":"product-type-simple"},"yoast_head":"<!-- This site is optimized with the Yoast SEO plugin v27.2 - https:\/\/yoast.com\/product\/yoast-seo-wordpress\/ -->\n<title>Defrost Heaters - Gold Stone HVAC\/R<\/title>\n<meta name=\"robots\" content=\"index, follow, max-snippet:-1, max-image-preview:large, max-video-preview:-1\" \/>\n<link rel=\"canonical\" href=\"https:\/\/goldstonehvacr.com\/fr\/produit\/defrost-heaters\/\" \/>\n<meta property=\"og:locale\" content=\"fr_FR\" \/>\n<meta property=\"og:type\" content=\"article\" \/>\n<meta property=\"og:title\" content=\"Defrost Heaters - Gold Stone HVAC\/R\" \/>\n<meta property=\"og:description\" content=\"The safest and most reliable heating elements with the best value in the market today. This is facilitated by having a thorough understanding of the HVACR market. The stainless-steel outer sheathing helps prevent \u201csagging\u201d during installation, making the heater easier to install. Installers like the \u201canti-sagging\u201d feature as it saves installation time. cULus certified. Manufacturing plant is ISO 9001:2015 and 1401:2005 certified. Customization to any Original Equipment Manufacturers (OEM) demand.\" \/>\n<meta property=\"og:url\" content=\"https:\/\/goldstonehvacr.com\/fr\/produit\/defrost-heaters\/\" \/>\n<meta property=\"og:site_name\" content=\"Gold Stone HVAC\/R\" \/>\n<meta property=\"article:modified_time\" content=\"2024-01-19T07:00:57+00:00\" \/>\n<meta property=\"og:image\" content=\"https:\/\/goldstonehvacr.com\/wp-content\/uploads\/2024\/01\/Al-Tube-Heater.png\" \/>\n\t<meta property=\"og:image:width\" content=\"492\" \/>\n\t<meta property=\"og:image:height\" content=\"328\" \/>\n\t<meta property=\"og:image:type\" content=\"image\/png\" \/>\n<meta name=\"twitter:card\" content=\"summary_large_image\" \/>\n<!-- \/ Yoast SEO plugin. -->","yoast_head_json":{"title":"Chauffages de d\u00e9givrage - Gold Stone CVC\/R","robots":{"index":"index","follow":"follow","max-snippet":"max-snippet:-1","max-image-preview":"max-image-preview:large","max-video-preview":"max-video-preview:-1"},"canonical":"https:\/\/goldstonehvacr.com\/fr\/produit\/defrost-heaters\/","og_locale":"fr_FR","og_type":"article","og_title":"Defrost Heaters - Gold Stone HVAC\/R","og_description":"The safest and most reliable heating elements with the best value in the market today. This is facilitated by having a thorough understanding of the HVACR market. The stainless-steel outer sheathing helps prevent \u201csagging\u201d during installation, making the heater easier to install. Installers like the \u201canti-sagging\u201d feature as it saves installation time. cULus certified. Manufacturing plant is ISO 9001:2015 and 1401:2005 certified. Customization to any Original Equipment Manufacturers (OEM) demand.","og_url":"https:\/\/goldstonehvacr.com\/fr\/produit\/defrost-heaters\/","og_site_name":"Gold Stone HVAC\/R","article_modified_time":"2024-01-19T07:00:57+00:00","og_image":[{"width":492,"height":328,"url":"https:\/\/goldstonehvacr.com\/wp-content\/uploads\/2024\/01\/Al-Tube-Heater.png","type":"image\/png"}],"twitter_card":"summary_large_image","schema":{"@context":"https:\/\/schema.org","@graph":[{"@type":"WebPage","@id":"https:\/\/goldstonehvacr.com\/product\/defrost-heaters\/","url":"https:\/\/goldstonehvacr.com\/product\/defrost-heaters\/","name":"Chauffages de d\u00e9givrage - Gold Stone CVC\/R","isPartOf":{"@id":"https:\/\/goldstonehvacr.com\/#website"},"primaryImageOfPage":{"@id":"https:\/\/goldstonehvacr.com\/product\/defrost-heaters\/#primaryimage"},"image":{"@id":"https:\/\/goldstonehvacr.com\/product\/defrost-heaters\/#primaryimage"},"thumbnailUrl":"https:\/\/goldstonehvacr.com\/wp-content\/uploads\/2024\/01\/Al-Tube-Heater.png","datePublished":"2024-01-16T15:46:13+00:00","dateModified":"2024-01-19T07:00:57+00:00","breadcrumb":{"@id":"https:\/\/goldstonehvacr.com\/product\/defrost-heaters\/#breadcrumb"},"inLanguage":"fr-FR","potentialAction":[{"@type":"ReadAction","target":["https:\/\/goldstonehvacr.com\/product\/defrost-heaters\/"]}]},{"@type":"ImageObject","inLanguage":"fr-FR","@id":"https:\/\/goldstonehvacr.com\/product\/defrost-heaters\/#primaryimage","url":"https:\/\/goldstonehvacr.com\/wp-content\/uploads\/2024\/01\/Al-Tube-Heater.png","contentUrl":"https:\/\/goldstonehvacr.com\/wp-content\/uploads\/2024\/01\/Al-Tube-Heater.png","width":492,"height":328,"caption":"Defrost Heaters"},{"@type":"BreadcrumbList","@id":"https:\/\/goldstonehvacr.com\/product\/defrost-heaters\/#breadcrumb","itemListElement":[{"@type":"ListItem","position":1,"name":"Home","item":"https:\/\/goldstonehvacr.com\/"},{"@type":"ListItem","position":2,"name":"Shop","item":"https:\/\/goldstonehvacr.com\/shop\/"},{"@type":"ListItem","position":3,"name":"Defrost Heaters"}]},{"@type":"WebSite","@id":"https:\/\/goldstonehvacr.com\/#website","url":"https:\/\/goldstonehvacr.com\/","name":"Gold Stone CVC\/R","description":"","publisher":{"@id":"https:\/\/goldstonehvacr.com\/#organization"},"potentialAction":[{"@type":"SearchAction","target":{"@type":"EntryPoint","urlTemplate":"https:\/\/goldstonehvacr.com\/?s={search_term_string}"},"query-input":{"@type":"PropertyValueSpecification","valueRequired":true,"valueName":"search_term_string"}}],"inLanguage":"fr-FR"},{"@type":"Organization","@id":"https:\/\/goldstonehvacr.com\/#organization","name":"Goldstone CVC","url":"https:\/\/goldstonehvacr.com\/","logo":{"@type":"ImageObject","inLanguage":"fr-FR","@id":"https:\/\/goldstonehvacr.com\/#\/schema\/logo\/image\/","url":"https:\/\/goldstonehvacr.com\/wp-content\/uploads\/2019\/09\/gsi-logo.png","contentUrl":"https:\/\/goldstonehvacr.com\/wp-content\/uploads\/2019\/09\/gsi-logo.png","width":340,"height":159,"caption":"Goldstone HVAC"},"image":{"@id":"https:\/\/goldstonehvacr.com\/#\/schema\/logo\/image\/"}}]}},"jetpack_sharing_enabled":true,"_links":{"self":[{"href":"https:\/\/goldstonehvacr.com\/fr\/wp-json\/wp\/v2\/product\/85352","targetHints":{"allow":["GET"]}}],"collection":[{"href":"https:\/\/goldstonehvacr.com\/fr\/wp-json\/wp\/v2\/product"}],"about":[{"href":"https:\/\/goldstonehvacr.com\/fr\/wp-json\/wp\/v2\/types\/product"}],"replies":[{"embeddable":true,"href":"https:\/\/goldstonehvacr.com\/fr\/wp-json\/wp\/v2\/comments?post=85352"}],"wp:featuredmedia":[{"embeddable":true,"href":"https:\/\/goldstonehvacr.com\/fr\/wp-json\/wp\/v2\/media\/85383"}],"wp:attachment":[{"href":"https:\/\/goldstonehvacr.com\/fr\/wp-json\/wp\/v2\/media?parent=85352"}],"wp:term":[{"taxonomy":"product_brand","embeddable":true,"href":"https:\/\/goldstonehvacr.com\/fr\/wp-json\/wp\/v2\/product_brand?post=85352"},{"taxonomy":"product_cat","embeddable":true,"href":"https:\/\/goldstonehvacr.com\/fr\/wp-json\/wp\/v2\/product_cat?post=85352"},{"taxonomy":"product_tag","embeddable":true,"href":"https:\/\/goldstonehvacr.com\/fr\/wp-json\/wp\/v2\/product_tag?post=85352"}],"curies":[{"name":"wp","href":"https:\/\/api.w.org\/{rel}","templated":true}]}}