{"id":85350,"date":"2024-01-16T15:38:44","date_gmt":"2024-01-16T15:38:44","guid":{"rendered":"https:\/\/goldstonehvacr.com\/?post_type=product&#038;p=85350"},"modified":"2024-01-16T15:43:03","modified_gmt":"2024-01-16T15:43:03","slug":"ecm-motor","status":"publish","type":"product","link":"https:\/\/goldstonehvacr.com\/fr\/produit\/ecm-motor\/","title":{"rendered":"Moteur ECM"},"content":{"rendered":"<ul>\n<li style=\"font-weight: 400;\">Id\u00e9al pour le march\u00e9 de la r\u00e9frig\u00e9ration ou toute application CVC.<\/li>\n<li style=\"font-weight: 400;\">Construction \u00e0 aimant permanent pour une efficacit\u00e9 \u00e9lev\u00e9e.<\/li>\n<li style=\"font-weight: 400;\">Option de vitesse variable disponible.<\/li>\n<li style=\"font-weight: 400;\">Construction robuste \u00e0 roulements \u00e0 billes.<\/li>\n<li style=\"font-weight: 400;\">Protection contre le blocage du rotor et le repliage.<\/li>\n<li style=\"font-weight: 400;\">Con\u00e7u et produit conform\u00e9ment aux normes NEMA (\u00c9tats-Unis) et C390-93 (Canada).<\/li>\n<li style=\"font-weight: 400;\">Isolation des enroulements de classe B ou F.<\/li>\n<\/ul>","protected":false},"excerpt":{"rendered":"<p>Perfect for the refrigeration market or any HVAC application. Permanent magnet construction for high efficiency. Variable speed option available. Durable ball bearing construction. Locked rotor and fold back protection. Designed and produced in accordance with NEMA (USA) and C390-93 (Canadian) standards. Class B or F winding insulation.<\/p>","protected":false},"featured_media":85347,"comment_status":"open","ping_status":"closed","template":"","meta":{"content-type":""},"product_brand":[],"product_cat":[201,192,159],"product_tag":[],"class_list":{"0":"post-85350","1":"product","2":"type-product","3":"status-publish","4":"has-post-thumbnail","6":"product_cat-fan-motor","7":"product_cat-fan-parts","8":"product_cat-oem","10":"first","11":"instock","12":"shipping-taxable","13":"product-type-simple"},"yoast_head":"<!-- This site is optimized with the Yoast SEO plugin v27.2 - https:\/\/yoast.com\/product\/yoast-seo-wordpress\/ -->\n<title>ECM MOTOR - Gold Stone HVAC\/R<\/title>\n<meta name=\"robots\" content=\"index, follow, max-snippet:-1, max-image-preview:large, max-video-preview:-1\" \/>\n<link rel=\"canonical\" href=\"https:\/\/goldstonehvacr.com\/fr\/produit\/ecm-motor\/\" \/>\n<meta property=\"og:locale\" content=\"fr_FR\" \/>\n<meta property=\"og:type\" content=\"article\" \/>\n<meta property=\"og:title\" content=\"ECM MOTOR - Gold Stone HVAC\/R\" \/>\n<meta property=\"og:description\" content=\"Perfect for the refrigeration market or any HVAC application. Permanent magnet construction for high efficiency. Variable speed option available. Durable ball bearing construction. Locked rotor and fold back protection. Designed and produced in accordance with NEMA (USA) and C390-93 (Canadian) standards. Class B or F winding insulation.\" \/>\n<meta property=\"og:url\" content=\"https:\/\/goldstonehvacr.com\/fr\/produit\/ecm-motor\/\" \/>\n<meta property=\"og:site_name\" content=\"Gold Stone HVAC\/R\" \/>\n<meta property=\"article:modified_time\" content=\"2024-01-16T15:43:03+00:00\" \/>\n<meta property=\"og:image\" content=\"https:\/\/goldstonehvacr.com\/wp-content\/uploads\/2024\/01\/fan-motor.jpg\" \/>\n\t<meta property=\"og:image:width\" content=\"296\" \/>\n\t<meta property=\"og:image:height\" content=\"318\" \/>\n\t<meta property=\"og:image:type\" content=\"image\/jpeg\" \/>\n<meta name=\"twitter:card\" content=\"summary_large_image\" \/>\n<!-- \/ Yoast SEO plugin. -->","yoast_head_json":{"title":"ECM MOTOR - Gold Stone HVAC\/R","robots":{"index":"index","follow":"follow","max-snippet":"max-snippet:-1","max-image-preview":"max-image-preview:large","max-video-preview":"max-video-preview:-1"},"canonical":"https:\/\/goldstonehvacr.com\/fr\/produit\/ecm-motor\/","og_locale":"fr_FR","og_type":"article","og_title":"ECM MOTOR - Gold Stone HVAC\/R","og_description":"Perfect for the refrigeration market or any HVAC application. Permanent magnet construction for high efficiency. Variable speed option available. Durable ball bearing construction. Locked rotor and fold back protection. Designed and produced in accordance with NEMA (USA) and C390-93 (Canadian) standards. Class B or F winding insulation.","og_url":"https:\/\/goldstonehvacr.com\/fr\/produit\/ecm-motor\/","og_site_name":"Gold Stone HVAC\/R","article_modified_time":"2024-01-16T15:43:03+00:00","og_image":[{"width":296,"height":318,"url":"https:\/\/goldstonehvacr.com\/wp-content\/uploads\/2024\/01\/fan-motor.jpg","type":"image\/jpeg"}],"twitter_card":"summary_large_image","schema":{"@context":"https:\/\/schema.org","@graph":[{"@type":"WebPage","@id":"https:\/\/goldstonehvacr.com\/product\/ecm-motor\/","url":"https:\/\/goldstonehvacr.com\/product\/ecm-motor\/","name":"ECM MOTOR - Gold Stone HVAC\/R","isPartOf":{"@id":"https:\/\/goldstonehvacr.com\/#website"},"primaryImageOfPage":{"@id":"https:\/\/goldstonehvacr.com\/product\/ecm-motor\/#primaryimage"},"image":{"@id":"https:\/\/goldstonehvacr.com\/product\/ecm-motor\/#primaryimage"},"thumbnailUrl":"https:\/\/goldstonehvacr.com\/wp-content\/uploads\/2024\/01\/fan-motor.jpg","datePublished":"2024-01-16T15:38:44+00:00","dateModified":"2024-01-16T15:43:03+00:00","breadcrumb":{"@id":"https:\/\/goldstonehvacr.com\/product\/ecm-motor\/#breadcrumb"},"inLanguage":"fr-FR","potentialAction":[{"@type":"ReadAction","target":["https:\/\/goldstonehvacr.com\/product\/ecm-motor\/"]}]},{"@type":"ImageObject","inLanguage":"fr-FR","@id":"https:\/\/goldstonehvacr.com\/product\/ecm-motor\/#primaryimage","url":"https:\/\/goldstonehvacr.com\/wp-content\/uploads\/2024\/01\/fan-motor.jpg","contentUrl":"https:\/\/goldstonehvacr.com\/wp-content\/uploads\/2024\/01\/fan-motor.jpg","width":296,"height":318,"caption":"ECM Fan Motors"},{"@type":"BreadcrumbList","@id":"https:\/\/goldstonehvacr.com\/product\/ecm-motor\/#breadcrumb","itemListElement":[{"@type":"ListItem","position":1,"name":"Home","item":"https:\/\/goldstonehvacr.com\/"},{"@type":"ListItem","position":2,"name":"Shop","item":"https:\/\/goldstonehvacr.com\/shop\/"},{"@type":"ListItem","position":3,"name":"ECM MOTOR"}]},{"@type":"WebSite","@id":"https:\/\/goldstonehvacr.com\/#website","url":"https:\/\/goldstonehvacr.com\/","name":"Gold Stone CVC\/R","description":"","publisher":{"@id":"https:\/\/goldstonehvacr.com\/#organization"},"potentialAction":[{"@type":"SearchAction","target":{"@type":"EntryPoint","urlTemplate":"https:\/\/goldstonehvacr.com\/?s={search_term_string}"},"query-input":{"@type":"PropertyValueSpecification","valueRequired":true,"valueName":"search_term_string"}}],"inLanguage":"fr-FR"},{"@type":"Organization","@id":"https:\/\/goldstonehvacr.com\/#organization","name":"Goldstone CVC","url":"https:\/\/goldstonehvacr.com\/","logo":{"@type":"ImageObject","inLanguage":"fr-FR","@id":"https:\/\/goldstonehvacr.com\/#\/schema\/logo\/image\/","url":"https:\/\/goldstonehvacr.com\/wp-content\/uploads\/2019\/09\/gsi-logo.png","contentUrl":"https:\/\/goldstonehvacr.com\/wp-content\/uploads\/2019\/09\/gsi-logo.png","width":340,"height":159,"caption":"Goldstone HVAC"},"image":{"@id":"https:\/\/goldstonehvacr.com\/#\/schema\/logo\/image\/"}}]}},"jetpack_sharing_enabled":true,"_links":{"self":[{"href":"https:\/\/goldstonehvacr.com\/fr\/wp-json\/wp\/v2\/product\/85350","targetHints":{"allow":["GET"]}}],"collection":[{"href":"https:\/\/goldstonehvacr.com\/fr\/wp-json\/wp\/v2\/product"}],"about":[{"href":"https:\/\/goldstonehvacr.com\/fr\/wp-json\/wp\/v2\/types\/product"}],"replies":[{"embeddable":true,"href":"https:\/\/goldstonehvacr.com\/fr\/wp-json\/wp\/v2\/comments?post=85350"}],"wp:featuredmedia":[{"embeddable":true,"href":"https:\/\/goldstonehvacr.com\/fr\/wp-json\/wp\/v2\/media\/85347"}],"wp:attachment":[{"href":"https:\/\/goldstonehvacr.com\/fr\/wp-json\/wp\/v2\/media?parent=85350"}],"wp:term":[{"taxonomy":"product_brand","embeddable":true,"href":"https:\/\/goldstonehvacr.com\/fr\/wp-json\/wp\/v2\/product_brand?post=85350"},{"taxonomy":"product_cat","embeddable":true,"href":"https:\/\/goldstonehvacr.com\/fr\/wp-json\/wp\/v2\/product_cat?post=85350"},{"taxonomy":"product_tag","embeddable":true,"href":"https:\/\/goldstonehvacr.com\/fr\/wp-json\/wp\/v2\/product_tag?post=85350"}],"curies":[{"name":"wp","href":"https:\/\/api.w.org\/{rel}","templated":true}]}}