{"id":85317,"date":"2024-01-15T04:28:46","date_gmt":"2024-01-15T04:28:46","guid":{"rendered":"https:\/\/goldstonehvacr.com\/?post_type=product&#038;p=85317"},"modified":"2024-01-19T14:39:18","modified_gmt":"2024-01-19T14:39:18","slug":"adjustable-equipment-stand-2024002","status":"publish","type":"product","link":"https:\/\/goldstonehvacr.com\/fr\/produit\/adjustable-equipment-stand-2024002\/","title":{"rendered":"Support d&#039;\u00e9quipement r\u00e9glable 2024002"},"content":{"rendered":"<p>Caract\u00e9ristiques:<\/p>\n<ol>\n<li>Acier robuste avec une conception am\u00e9lior\u00e9e en forme de \u00ab u \u00bb.<\/li>\n<li>Protection anticorrosion fiable et durable.<\/li>\n<li>La position de montage r\u00e9glable convient aux unit\u00e9s ext\u00e9rieures jusqu&#039;\u00e0 5 tonnes.<\/li>\n<li>Utilis\u00e9 dans les zones o\u00f9 le support de l&#039;\u00e9quipement a tendance \u00e0 s&#039;affaisser l\u00e9g\u00e8rement dans le sol au fil du temps.<\/li>\n<li>Le r\u00e9glage des pieds du support permet \u00e0 l&#039;installateur de remettre \u00e0 niveau le groupe de condensation sans avoir \u00e0 le soulever.<br \/>\ntapis d&#039;\u00e9quipement.<\/li>\n<li>La hauteur du support est r\u00e9glable de 17,8&quot; \u00e0 19,3&quot;.<\/li>\n<li>Tout le mat\u00e9riel n\u00e9cessaire est inclus.<\/li>\n<li>Des patins anti-vibrations en caoutchouc sont inclus pour le montage entre l&#039;unit\u00e9 et le support de l&#039;\u00e9quipement.<\/li>\n<li>Toutes les vis n\u00e9cessaires au montage du support sont munies d&#039;une rondelle en nylon qui emp\u00eache les crans de la t\u00eate de vis d&#039;entailler la peinture et de provoquer la formation de rouille.<\/li>\n<\/ol>\n<div style=\"width: 640px;\" class=\"wp-video\"><video class=\"wp-video-shortcode\" id=\"video-85317-1\" width=\"640\" height=\"360\" preload=\"metadata\" controls=\"controls\"><source type=\"video\/mp4\" src=\"https:\/\/goldstonehvacr.com\/wp-content\/uploads\/2024\/01\/adjustable-equipment-stand-2024002-video.mp4?_=1\" \/><a href=\"https:\/\/goldstonehvacr.com\/wp-content\/uploads\/2024\/01\/adjustable-equipment-stand-2024002-video.mp4\">https:\/\/goldstonehvacr.com\/wp-content\/uploads\/2024\/01\/adjustable-equipment-stand-2024002-video.mp4<\/a><\/video><\/div>","protected":false},"excerpt":{"rendered":"<p>Caract\u00e9ristiques : Structure robuste en acier avec une conception en forme de \u00ab U \u00bb am\u00e9lior\u00e9e. Protection anticorrosion fiable et durable. Position de montage r\u00e9glable compatible avec les unit\u00e9s ext\u00e9rieures jusqu&#039;\u00e0 5 tonnes. Con\u00e7u pour les zones o\u00f9 la dalle sous le support a tendance \u00e0 s&#039;affaisser l\u00e9g\u00e8rement avec le temps. Le r\u00e9glage des pieds du support permet de remettre \u00e0 niveau le groupe de condensation sans avoir \u00e0 soulever la dalle. Hauteur du support r\u00e9glable de 45,2 cm \u00e0 49 cm. Toute la visserie n\u00e9cessaire est fournie. Patins anti-vibrations en caoutchouc inclus pour [\u2026]<\/p>","protected":false},"featured_media":85330,"comment_status":"closed","ping_status":"closed","template":"","meta":{"content-type":""},"product_brand":[],"product_cat":[243,218,160],"product_tag":[],"class_list":{"0":"post-85317","1":"product","2":"type-product","3":"status-publish","4":"has-post-thumbnail","6":"product_cat-adjustable-equipment-stand-2024002","7":"product_cat-product","8":"product_cat-whosale","10":"first","11":"instock","12":"shipping-taxable","13":"product-type-simple"},"yoast_head":"<!-- This site is optimized with the Yoast SEO plugin v27.2 - https:\/\/yoast.com\/product\/yoast-seo-wordpress\/ -->\n<title>Adjustable Equipment Stand 2024002 - Gold Stone HVAC\/R<\/title>\n<meta name=\"robots\" content=\"index, follow, max-snippet:-1, max-image-preview:large, max-video-preview:-1\" \/>\n<link rel=\"canonical\" href=\"https:\/\/goldstonehvacr.com\/fr\/produit\/adjustable-equipment-stand-2024002\/\" \/>\n<meta property=\"og:locale\" content=\"fr_FR\" \/>\n<meta property=\"og:type\" content=\"article\" \/>\n<meta property=\"og:title\" content=\"Adjustable Equipment Stand 2024002 - Gold Stone HVAC\/R\" \/>\n<meta property=\"og:description\" content=\"Features: Heavy duty steel with enhanced \u2018 u \u2018 shape design. Reliable &amp; long-lasting anti-corrosion protection. Adjustable mount position matches up to 5-Ton outdoor unit. Used in areas where there is susceptibility of the pad underneath the equipment stand sagging into the ground slightly over time. The adjustability aspect of the stand\u2019s legs allows the contractor to relevel the condensing unit again without needing to lift the equipment pad. The stand height is adjustable from 17.8\u201d \u2013 19.3\u201d. All necessary hardware is included. Rubber anti-vibration pads are included for [&hellip;]\" \/>\n<meta property=\"og:url\" content=\"https:\/\/goldstonehvacr.com\/fr\/produit\/adjustable-equipment-stand-2024002\/\" \/>\n<meta property=\"og:site_name\" content=\"Gold Stone HVAC\/R\" \/>\n<meta property=\"article:modified_time\" content=\"2024-01-19T14:39:18+00:00\" \/>\n<meta property=\"og:image\" content=\"https:\/\/goldstonehvacr.com\/wp-content\/uploads\/2024\/01\/adjustable-equipment-stand-2024002-4.jpg\" \/>\n\t<meta property=\"og:image:width\" content=\"554\" \/>\n\t<meta property=\"og:image:height\" content=\"419\" \/>\n\t<meta property=\"og:image:type\" content=\"image\/jpeg\" \/>\n<meta name=\"twitter:card\" content=\"summary_large_image\" \/>\n<meta name=\"twitter:label1\" content=\"Dur\u00e9e de lecture estim\u00e9e\" \/>\n\t<meta name=\"twitter:data1\" content=\"1 minute\" \/>\n<!-- \/ Yoast SEO plugin. -->","yoast_head_json":{"title":"Support r\u00e9glable pour \u00e9quipement 2024002 - Gold Stone CVC\/R","robots":{"index":"index","follow":"follow","max-snippet":"max-snippet:-1","max-image-preview":"max-image-preview:large","max-video-preview":"max-video-preview:-1"},"canonical":"https:\/\/goldstonehvacr.com\/fr\/produit\/adjustable-equipment-stand-2024002\/","og_locale":"fr_FR","og_type":"article","og_title":"Adjustable Equipment Stand 2024002 - Gold Stone HVAC\/R","og_description":"Features: Heavy duty steel with enhanced \u2018 u \u2018 shape design. Reliable &amp; long-lasting anti-corrosion protection. Adjustable mount position matches up to 5-Ton outdoor unit. Used in areas where there is susceptibility of the pad underneath the equipment stand sagging into the ground slightly over time. The adjustability aspect of the stand\u2019s legs allows the contractor to relevel the condensing unit again without needing to lift the equipment pad. The stand height is adjustable from 17.8\u201d \u2013 19.3\u201d. All necessary hardware is included. Rubber anti-vibration pads are included for [&hellip;]","og_url":"https:\/\/goldstonehvacr.com\/fr\/produit\/adjustable-equipment-stand-2024002\/","og_site_name":"Gold Stone HVAC\/R","article_modified_time":"2024-01-19T14:39:18+00:00","og_image":[{"width":554,"height":419,"url":"https:\/\/goldstonehvacr.com\/wp-content\/uploads\/2024\/01\/adjustable-equipment-stand-2024002-4.jpg","type":"image\/jpeg"}],"twitter_card":"summary_large_image","twitter_misc":{"Dur\u00e9e de lecture estim\u00e9e":"1 minute"},"schema":{"@context":"https:\/\/schema.org","@graph":[{"@type":"WebPage","@id":"https:\/\/goldstonehvacr.com\/product\/adjustable-equipment-stand-2024002\/","url":"https:\/\/goldstonehvacr.com\/product\/adjustable-equipment-stand-2024002\/","name":"Support r\u00e9glable pour \u00e9quipement 2024002 - Gold Stone CVC\/R","isPartOf":{"@id":"https:\/\/goldstonehvacr.com\/#website"},"primaryImageOfPage":{"@id":"https:\/\/goldstonehvacr.com\/product\/adjustable-equipment-stand-2024002\/#primaryimage"},"image":{"@id":"https:\/\/goldstonehvacr.com\/product\/adjustable-equipment-stand-2024002\/#primaryimage"},"thumbnailUrl":"https:\/\/goldstonehvacr.com\/wp-content\/uploads\/2024\/01\/adjustable-equipment-stand-2024002-4.jpg","datePublished":"2024-01-15T04:28:46+00:00","dateModified":"2024-01-19T14:39:18+00:00","breadcrumb":{"@id":"https:\/\/goldstonehvacr.com\/product\/adjustable-equipment-stand-2024002\/#breadcrumb"},"inLanguage":"fr-FR","potentialAction":[{"@type":"ReadAction","target":["https:\/\/goldstonehvacr.com\/product\/adjustable-equipment-stand-2024002\/"]}]},{"@type":"ImageObject","inLanguage":"fr-FR","@id":"https:\/\/goldstonehvacr.com\/product\/adjustable-equipment-stand-2024002\/#primaryimage","url":"https:\/\/goldstonehvacr.com\/wp-content\/uploads\/2024\/01\/adjustable-equipment-stand-2024002-4.jpg","contentUrl":"https:\/\/goldstonehvacr.com\/wp-content\/uploads\/2024\/01\/adjustable-equipment-stand-2024002-4.jpg","width":554,"height":419},{"@type":"BreadcrumbList","@id":"https:\/\/goldstonehvacr.com\/product\/adjustable-equipment-stand-2024002\/#breadcrumb","itemListElement":[{"@type":"ListItem","position":1,"name":"Home","item":"https:\/\/goldstonehvacr.com\/"},{"@type":"ListItem","position":2,"name":"Shop","item":"https:\/\/goldstonehvacr.com\/shop\/"},{"@type":"ListItem","position":3,"name":"Adjustable Equipment Stand 2024002"}]},{"@type":"WebSite","@id":"https:\/\/goldstonehvacr.com\/#website","url":"https:\/\/goldstonehvacr.com\/","name":"Gold Stone CVC\/R","description":"","publisher":{"@id":"https:\/\/goldstonehvacr.com\/#organization"},"potentialAction":[{"@type":"SearchAction","target":{"@type":"EntryPoint","urlTemplate":"https:\/\/goldstonehvacr.com\/?s={search_term_string}"},"query-input":{"@type":"PropertyValueSpecification","valueRequired":true,"valueName":"search_term_string"}}],"inLanguage":"fr-FR"},{"@type":"Organization","@id":"https:\/\/goldstonehvacr.com\/#organization","name":"Goldstone CVC","url":"https:\/\/goldstonehvacr.com\/","logo":{"@type":"ImageObject","inLanguage":"fr-FR","@id":"https:\/\/goldstonehvacr.com\/#\/schema\/logo\/image\/","url":"https:\/\/goldstonehvacr.com\/wp-content\/uploads\/2019\/09\/gsi-logo.png","contentUrl":"https:\/\/goldstonehvacr.com\/wp-content\/uploads\/2019\/09\/gsi-logo.png","width":340,"height":159,"caption":"Goldstone HVAC"},"image":{"@id":"https:\/\/goldstonehvacr.com\/#\/schema\/logo\/image\/"}}]}},"jetpack_sharing_enabled":true,"_links":{"self":[{"href":"https:\/\/goldstonehvacr.com\/fr\/wp-json\/wp\/v2\/product\/85317","targetHints":{"allow":["GET"]}}],"collection":[{"href":"https:\/\/goldstonehvacr.com\/fr\/wp-json\/wp\/v2\/product"}],"about":[{"href":"https:\/\/goldstonehvacr.com\/fr\/wp-json\/wp\/v2\/types\/product"}],"replies":[{"embeddable":true,"href":"https:\/\/goldstonehvacr.com\/fr\/wp-json\/wp\/v2\/comments?post=85317"}],"wp:featuredmedia":[{"embeddable":true,"href":"https:\/\/goldstonehvacr.com\/fr\/wp-json\/wp\/v2\/media\/85330"}],"wp:attachment":[{"href":"https:\/\/goldstonehvacr.com\/fr\/wp-json\/wp\/v2\/media?parent=85317"}],"wp:term":[{"taxonomy":"product_brand","embeddable":true,"href":"https:\/\/goldstonehvacr.com\/fr\/wp-json\/wp\/v2\/product_brand?post=85317"},{"taxonomy":"product_cat","embeddable":true,"href":"https:\/\/goldstonehvacr.com\/fr\/wp-json\/wp\/v2\/product_cat?post=85317"},{"taxonomy":"product_tag","embeddable":true,"href":"https:\/\/goldstonehvacr.com\/fr\/wp-json\/wp\/v2\/product_tag?post=85317"}],"curies":[{"name":"wp","href":"https:\/\/api.w.org\/{rel}","templated":true}]}}