{"id":84920,"date":"2023-06-29T08:48:33","date_gmt":"2023-06-29T08:48:33","guid":{"rendered":"https:\/\/goldstonehvacr.com\/?post_type=product&#038;p=84920"},"modified":"2023-06-29T08:48:33","modified_gmt":"2023-06-29T08:48:33","slug":"dual-way-flow-restrictor","status":"publish","type":"product","link":"https:\/\/goldstonehvacr.com\/fr\/produit\/dual-way-flow-restrictor\/","title":{"rendered":"Limiteur de d\u00e9bit bidirectionnel"},"content":{"rendered":"<p>Caract\u00e9ristiques et avantages\u00a0:<br \/>\n\u2022 Le remplacement d&#039;un tube capillaire est rentable.<br \/>\n\u2022 Conception monobloc, facile \u00e0 manipuler et \u00e0 installer<br \/>\n\u2022 Flux bidirectionnel avec combinaison de filtre<br \/>\n\u2022 Gamme compl\u00e8te de tailles d&#039;orifice<br \/>\n\u2022 Raccords de 3\/8&quot; et 1\/2&quot;.<\/p>","protected":false},"excerpt":{"rendered":"<p>Application:<br \/>\nIls sont con\u00e7us pour remplacer les tubes capillaires, difficiles \u00e0 manipuler et fragiles. Les collecteurs permettent une chute de pression plus pr\u00e9visible et distribuent le fluide frigorig\u00e8ne diphasique vers le serpentin. <\/p>","protected":false},"featured_media":84921,"comment_status":"closed","ping_status":"closed","template":"","meta":{"content-type":""},"product_brand":[],"product_cat":[240,159],"product_tag":[],"class_list":{"0":"post-84920","1":"product","2":"type-product","3":"status-publish","4":"has-post-thumbnail","6":"product_cat-flow-restrictors","7":"product_cat-oem","9":"first","10":"instock","11":"shipping-taxable","12":"product-type-simple"},"yoast_head":"<!-- This site is optimized with the Yoast SEO plugin v27.2 - https:\/\/yoast.com\/product\/yoast-seo-wordpress\/ -->\n<title>Dual-way Flow Restrictor - Gold Stone HVAC\/R<\/title>\n<meta name=\"robots\" content=\"index, follow, max-snippet:-1, max-image-preview:large, max-video-preview:-1\" \/>\n<link rel=\"canonical\" href=\"https:\/\/goldstonehvacr.com\/fr\/produit\/dual-way-flow-restrictor\/\" \/>\n<meta property=\"og:locale\" content=\"fr_FR\" \/>\n<meta property=\"og:type\" content=\"article\" \/>\n<meta property=\"og:title\" content=\"Dual-way Flow Restrictor - Gold Stone HVAC\/R\" \/>\n<meta property=\"og:description\" content=\"Application: They are designed to replace capillary tubing which is hard to handle and easily damaged. The manifolds give a more predictable pressure drop and distribute two-phase refrigerant to the coil.\" \/>\n<meta property=\"og:url\" content=\"https:\/\/goldstonehvacr.com\/fr\/produit\/dual-way-flow-restrictor\/\" \/>\n<meta property=\"og:site_name\" content=\"Gold Stone HVAC\/R\" \/>\n<meta property=\"og:image\" content=\"https:\/\/goldstonehvacr.com\/wp-content\/uploads\/2023\/06\/Flow-Restrictors.png\" \/>\n\t<meta property=\"og:image:width\" content=\"610\" \/>\n\t<meta property=\"og:image:height\" content=\"362\" \/>\n\t<meta property=\"og:image:type\" content=\"image\/png\" \/>\n<meta name=\"twitter:card\" content=\"summary_large_image\" \/>\n<!-- \/ Yoast SEO plugin. -->","yoast_head_json":{"title":"Dual-way Flow Restrictor - Gold Stone HVAC\/R","robots":{"index":"index","follow":"follow","max-snippet":"max-snippet:-1","max-image-preview":"max-image-preview:large","max-video-preview":"max-video-preview:-1"},"canonical":"https:\/\/goldstonehvacr.com\/fr\/produit\/dual-way-flow-restrictor\/","og_locale":"fr_FR","og_type":"article","og_title":"Dual-way Flow Restrictor - Gold Stone HVAC\/R","og_description":"Application: They are designed to replace capillary tubing which is hard to handle and easily damaged. The manifolds give a more predictable pressure drop and distribute two-phase refrigerant to the coil.","og_url":"https:\/\/goldstonehvacr.com\/fr\/produit\/dual-way-flow-restrictor\/","og_site_name":"Gold Stone HVAC\/R","og_image":[{"width":610,"height":362,"url":"https:\/\/goldstonehvacr.com\/wp-content\/uploads\/2023\/06\/Flow-Restrictors.png","type":"image\/png"}],"twitter_card":"summary_large_image","schema":{"@context":"https:\/\/schema.org","@graph":[{"@type":"WebPage","@id":"https:\/\/goldstonehvacr.com\/product\/dual-way-flow-restrictor\/","url":"https:\/\/goldstonehvacr.com\/product\/dual-way-flow-restrictor\/","name":"Dual-way Flow Restrictor - Gold Stone HVAC\/R","isPartOf":{"@id":"https:\/\/goldstonehvacr.com\/#website"},"primaryImageOfPage":{"@id":"https:\/\/goldstonehvacr.com\/product\/dual-way-flow-restrictor\/#primaryimage"},"image":{"@id":"https:\/\/goldstonehvacr.com\/product\/dual-way-flow-restrictor\/#primaryimage"},"thumbnailUrl":"https:\/\/goldstonehvacr.com\/wp-content\/uploads\/2023\/06\/Flow-Restrictors.png","datePublished":"2023-06-29T08:48:33+00:00","breadcrumb":{"@id":"https:\/\/goldstonehvacr.com\/product\/dual-way-flow-restrictor\/#breadcrumb"},"inLanguage":"fr-FR","potentialAction":[{"@type":"ReadAction","target":["https:\/\/goldstonehvacr.com\/product\/dual-way-flow-restrictor\/"]}]},{"@type":"ImageObject","inLanguage":"fr-FR","@id":"https:\/\/goldstonehvacr.com\/product\/dual-way-flow-restrictor\/#primaryimage","url":"https:\/\/goldstonehvacr.com\/wp-content\/uploads\/2023\/06\/Flow-Restrictors.png","contentUrl":"https:\/\/goldstonehvacr.com\/wp-content\/uploads\/2023\/06\/Flow-Restrictors.png","width":610,"height":362},{"@type":"BreadcrumbList","@id":"https:\/\/goldstonehvacr.com\/product\/dual-way-flow-restrictor\/#breadcrumb","itemListElement":[{"@type":"ListItem","position":1,"name":"Home","item":"https:\/\/goldstonehvacr.com\/"},{"@type":"ListItem","position":2,"name":"Shop","item":"https:\/\/goldstonehvacr.com\/shop\/"},{"@type":"ListItem","position":3,"name":"Dual-way Flow Restrictor"}]},{"@type":"WebSite","@id":"https:\/\/goldstonehvacr.com\/#website","url":"https:\/\/goldstonehvacr.com\/","name":"Gold Stone CVC\/R","description":"","publisher":{"@id":"https:\/\/goldstonehvacr.com\/#organization"},"potentialAction":[{"@type":"SearchAction","target":{"@type":"EntryPoint","urlTemplate":"https:\/\/goldstonehvacr.com\/?s={search_term_string}"},"query-input":{"@type":"PropertyValueSpecification","valueRequired":true,"valueName":"search_term_string"}}],"inLanguage":"fr-FR"},{"@type":"Organization","@id":"https:\/\/goldstonehvacr.com\/#organization","name":"Goldstone CVC","url":"https:\/\/goldstonehvacr.com\/","logo":{"@type":"ImageObject","inLanguage":"fr-FR","@id":"https:\/\/goldstonehvacr.com\/#\/schema\/logo\/image\/","url":"https:\/\/goldstonehvacr.com\/wp-content\/uploads\/2019\/09\/gsi-logo.png","contentUrl":"https:\/\/goldstonehvacr.com\/wp-content\/uploads\/2019\/09\/gsi-logo.png","width":340,"height":159,"caption":"Goldstone HVAC"},"image":{"@id":"https:\/\/goldstonehvacr.com\/#\/schema\/logo\/image\/"}}]}},"jetpack_sharing_enabled":true,"_links":{"self":[{"href":"https:\/\/goldstonehvacr.com\/fr\/wp-json\/wp\/v2\/product\/84920","targetHints":{"allow":["GET"]}}],"collection":[{"href":"https:\/\/goldstonehvacr.com\/fr\/wp-json\/wp\/v2\/product"}],"about":[{"href":"https:\/\/goldstonehvacr.com\/fr\/wp-json\/wp\/v2\/types\/product"}],"replies":[{"embeddable":true,"href":"https:\/\/goldstonehvacr.com\/fr\/wp-json\/wp\/v2\/comments?post=84920"}],"wp:featuredmedia":[{"embeddable":true,"href":"https:\/\/goldstonehvacr.com\/fr\/wp-json\/wp\/v2\/media\/84921"}],"wp:attachment":[{"href":"https:\/\/goldstonehvacr.com\/fr\/wp-json\/wp\/v2\/media?parent=84920"}],"wp:term":[{"taxonomy":"product_brand","embeddable":true,"href":"https:\/\/goldstonehvacr.com\/fr\/wp-json\/wp\/v2\/product_brand?post=84920"},{"taxonomy":"product_cat","embeddable":true,"href":"https:\/\/goldstonehvacr.com\/fr\/wp-json\/wp\/v2\/product_cat?post=84920"},{"taxonomy":"product_tag","embeddable":true,"href":"https:\/\/goldstonehvacr.com\/fr\/wp-json\/wp\/v2\/product_tag?post=84920"}],"curies":[{"name":"wp","href":"https:\/\/api.w.org\/{rel}","templated":true}]}}