{"id":84815,"date":"2023-06-14T15:51:53","date_gmt":"2023-06-14T15:51:53","guid":{"rendered":"https:\/\/goldstonehvacr.com\/?post_type=product&#038;p=84815"},"modified":"2023-06-14T15:56:55","modified_gmt":"2023-06-14T15:56:55","slug":"vibration-damping-pad-for-compressor","status":"publish","type":"product","link":"https:\/\/goldstonehvacr.com\/fr\/produit\/vibration-damping-pad-for-compressor\/","title":{"rendered":"Patin amortisseur de vibrations pour compresseur"},"content":{"rendered":"<ol>\n<li><strong>Fonction principale :<\/strong> Il poss\u00e8de d&#039;excellentes caract\u00e9ristiques d&#039;absorption des vibrations et de l&#039;\u00e9nergie d&#039;impact, et offre de bonnes performances d&#039;amortissement.<\/li>\n<li><strong>Caract\u00e9ristiques principales :<\/strong> R\u00e9sistivit\u00e9 \u00e9lev\u00e9e, excellente isolation \u00e9lectrique.<\/li>\n<li><strong>Effets suppl\u00e9mentaires\u00a0:<\/strong> Bonne r\u00e9sistance aux hautes temp\u00e9ratures et excellente r\u00e9sistance au vieillissement.<\/li>\n<li><strong>Autres avantages :<\/strong> Toutes les propri\u00e9t\u00e9s physiques et m\u00e9caniques r\u00e9pondent aux exigences d&#039;utilisation du produit<\/li>\n<li><strong>Personnalisation sp\u00e9ciale :<\/strong> Diff\u00e9rentes rigidit\u00e9s peuvent \u00eatre con\u00e7ues et adapt\u00e9es aux besoins du client.<\/li>\n<\/ol>","protected":false},"excerpt":{"rendered":"<p>Il est utilis\u00e9 pour la liaison flexible entre le compresseur et la plaque m\u00e9tallique, r\u00e9duisant efficacement le bruit caus\u00e9 par le contact des pi\u00e8ces m\u00e9talliques.<\/p>","protected":false},"featured_media":84816,"comment_status":"open","ping_status":"closed","template":"","meta":{"content-type":""},"product_brand":[],"product_cat":[238,159],"product_tag":[],"class_list":{"0":"post-84815","1":"product","2":"type-product","3":"status-publish","4":"has-post-thumbnail","6":"product_cat-ac-vibration-damping-and-sealing-solutions","7":"product_cat-oem","9":"first","10":"instock","11":"shipping-taxable","12":"product-type-simple"},"yoast_head":"<!-- This site is optimized with the Yoast SEO plugin v27.2 - https:\/\/yoast.com\/product\/yoast-seo-wordpress\/ -->\n<title>Vibration Damping Pad For Compressor - Gold Stone HVAC\/R<\/title>\n<meta name=\"description\" content=\"It is used for the flexible connection between the compressor and the metal plate, effectively reducing the noise caused by the contact of the metal parts.\" \/>\n<meta name=\"robots\" content=\"index, follow, max-snippet:-1, max-image-preview:large, max-video-preview:-1\" \/>\n<link rel=\"canonical\" href=\"https:\/\/goldstonehvacr.com\/fr\/produit\/vibration-damping-pad-for-compressor\/\" \/>\n<meta property=\"og:locale\" content=\"fr_FR\" \/>\n<meta property=\"og:type\" content=\"article\" \/>\n<meta property=\"og:title\" content=\"Vibration Damping Pad For Compressor - Gold Stone HVAC\/R\" \/>\n<meta property=\"og:description\" content=\"It is used for the flexible connection between the compressor and the metal plate, effectively reducing the noise caused by the contact of the metal parts.\" \/>\n<meta property=\"og:url\" content=\"https:\/\/goldstonehvacr.com\/fr\/produit\/vibration-damping-pad-for-compressor\/\" \/>\n<meta property=\"og:site_name\" content=\"Gold Stone HVAC\/R\" \/>\n<meta property=\"article:modified_time\" content=\"2023-06-14T15:56:55+00:00\" \/>\n<meta property=\"og:image\" content=\"https:\/\/goldstonehvacr.com\/wp-content\/uploads\/2023\/06\/1-6.jpg\" \/>\n\t<meta property=\"og:image:width\" content=\"500\" \/>\n\t<meta property=\"og:image:height\" content=\"331\" \/>\n\t<meta property=\"og:image:type\" content=\"image\/jpeg\" \/>\n<meta name=\"twitter:card\" content=\"summary_large_image\" \/>\n<!-- \/ Yoast SEO plugin. -->","yoast_head_json":{"title":"Vibration Damping Pad For Compressor - Gold Stone HVAC\/R","description":"Il est utilis\u00e9 pour la liaison flexible entre le compresseur et la plaque m\u00e9tallique, r\u00e9duisant efficacement le bruit caus\u00e9 par le contact des pi\u00e8ces m\u00e9talliques.","robots":{"index":"index","follow":"follow","max-snippet":"max-snippet:-1","max-image-preview":"max-image-preview:large","max-video-preview":"max-video-preview:-1"},"canonical":"https:\/\/goldstonehvacr.com\/fr\/produit\/vibration-damping-pad-for-compressor\/","og_locale":"fr_FR","og_type":"article","og_title":"Vibration Damping Pad For Compressor - Gold Stone HVAC\/R","og_description":"It is used for the flexible connection between the compressor and the metal plate, effectively reducing the noise caused by the contact of the metal parts.","og_url":"https:\/\/goldstonehvacr.com\/fr\/produit\/vibration-damping-pad-for-compressor\/","og_site_name":"Gold Stone HVAC\/R","article_modified_time":"2023-06-14T15:56:55+00:00","og_image":[{"width":500,"height":331,"url":"https:\/\/goldstonehvacr.com\/wp-content\/uploads\/2023\/06\/1-6.jpg","type":"image\/jpeg"}],"twitter_card":"summary_large_image","schema":{"@context":"https:\/\/schema.org","@graph":[{"@type":"WebPage","@id":"https:\/\/goldstonehvacr.com\/product\/vibration-damping-pad-for-compressor\/","url":"https:\/\/goldstonehvacr.com\/product\/vibration-damping-pad-for-compressor\/","name":"Vibration Damping Pad For Compressor - Gold Stone HVAC\/R","isPartOf":{"@id":"https:\/\/goldstonehvacr.com\/#website"},"primaryImageOfPage":{"@id":"https:\/\/goldstonehvacr.com\/product\/vibration-damping-pad-for-compressor\/#primaryimage"},"image":{"@id":"https:\/\/goldstonehvacr.com\/product\/vibration-damping-pad-for-compressor\/#primaryimage"},"thumbnailUrl":"https:\/\/goldstonehvacr.com\/wp-content\/uploads\/2023\/06\/1-6.jpg","datePublished":"2023-06-14T15:51:53+00:00","dateModified":"2023-06-14T15:56:55+00:00","description":"Il est utilis\u00e9 pour la liaison flexible entre le compresseur et la plaque m\u00e9tallique, r\u00e9duisant efficacement le bruit caus\u00e9 par le contact des pi\u00e8ces m\u00e9talliques.","breadcrumb":{"@id":"https:\/\/goldstonehvacr.com\/product\/vibration-damping-pad-for-compressor\/#breadcrumb"},"inLanguage":"fr-FR","potentialAction":[{"@type":"ReadAction","target":["https:\/\/goldstonehvacr.com\/product\/vibration-damping-pad-for-compressor\/"]}]},{"@type":"ImageObject","inLanguage":"fr-FR","@id":"https:\/\/goldstonehvacr.com\/product\/vibration-damping-pad-for-compressor\/#primaryimage","url":"https:\/\/goldstonehvacr.com\/wp-content\/uploads\/2023\/06\/1-6.jpg","contentUrl":"https:\/\/goldstonehvacr.com\/wp-content\/uploads\/2023\/06\/1-6.jpg","width":500,"height":331},{"@type":"BreadcrumbList","@id":"https:\/\/goldstonehvacr.com\/product\/vibration-damping-pad-for-compressor\/#breadcrumb","itemListElement":[{"@type":"ListItem","position":1,"name":"Home","item":"https:\/\/goldstonehvacr.com\/"},{"@type":"ListItem","position":2,"name":"Shop","item":"https:\/\/goldstonehvacr.com\/shop\/"},{"@type":"ListItem","position":3,"name":"Vibration Damping Pad For Compressor"}]},{"@type":"WebSite","@id":"https:\/\/goldstonehvacr.com\/#website","url":"https:\/\/goldstonehvacr.com\/","name":"Gold Stone CVC\/R","description":"","publisher":{"@id":"https:\/\/goldstonehvacr.com\/#organization"},"potentialAction":[{"@type":"SearchAction","target":{"@type":"EntryPoint","urlTemplate":"https:\/\/goldstonehvacr.com\/?s={search_term_string}"},"query-input":{"@type":"PropertyValueSpecification","valueRequired":true,"valueName":"search_term_string"}}],"inLanguage":"fr-FR"},{"@type":"Organization","@id":"https:\/\/goldstonehvacr.com\/#organization","name":"Goldstone CVC","url":"https:\/\/goldstonehvacr.com\/","logo":{"@type":"ImageObject","inLanguage":"fr-FR","@id":"https:\/\/goldstonehvacr.com\/#\/schema\/logo\/image\/","url":"https:\/\/goldstonehvacr.com\/wp-content\/uploads\/2019\/09\/gsi-logo.png","contentUrl":"https:\/\/goldstonehvacr.com\/wp-content\/uploads\/2019\/09\/gsi-logo.png","width":340,"height":159,"caption":"Goldstone HVAC"},"image":{"@id":"https:\/\/goldstonehvacr.com\/#\/schema\/logo\/image\/"}}]}},"jetpack_sharing_enabled":true,"_links":{"self":[{"href":"https:\/\/goldstonehvacr.com\/fr\/wp-json\/wp\/v2\/product\/84815","targetHints":{"allow":["GET"]}}],"collection":[{"href":"https:\/\/goldstonehvacr.com\/fr\/wp-json\/wp\/v2\/product"}],"about":[{"href":"https:\/\/goldstonehvacr.com\/fr\/wp-json\/wp\/v2\/types\/product"}],"replies":[{"embeddable":true,"href":"https:\/\/goldstonehvacr.com\/fr\/wp-json\/wp\/v2\/comments?post=84815"}],"wp:featuredmedia":[{"embeddable":true,"href":"https:\/\/goldstonehvacr.com\/fr\/wp-json\/wp\/v2\/media\/84816"}],"wp:attachment":[{"href":"https:\/\/goldstonehvacr.com\/fr\/wp-json\/wp\/v2\/media?parent=84815"}],"wp:term":[{"taxonomy":"product_brand","embeddable":true,"href":"https:\/\/goldstonehvacr.com\/fr\/wp-json\/wp\/v2\/product_brand?post=84815"},{"taxonomy":"product_cat","embeddable":true,"href":"https:\/\/goldstonehvacr.com\/fr\/wp-json\/wp\/v2\/product_cat?post=84815"},{"taxonomy":"product_tag","embeddable":true,"href":"https:\/\/goldstonehvacr.com\/fr\/wp-json\/wp\/v2\/product_tag?post=84815"}],"curies":[{"name":"wp","href":"https:\/\/api.w.org\/{rel}","templated":true}]}}