{"id":84808,"date":"2023-06-14T15:48:27","date_gmt":"2023-06-14T15:48:27","guid":{"rendered":"https:\/\/goldstonehvacr.com\/?post_type=product&#038;p=84808"},"modified":"2023-06-14T15:51:24","modified_gmt":"2023-06-14T15:51:24","slug":"rubber-grommet","status":"publish","type":"product","link":"https:\/\/goldstonehvacr.com\/fr\/produit\/rubber-grommet\/","title":{"rendered":"\u0153illet en caoutchouc"},"content":{"rendered":"<ol>\n<li><strong>Mati\u00e8re principale :<\/strong> Il est principalement compos\u00e9 de caoutchouc naturel et d&#039;autres caoutchoucs synth\u00e9tiques vulcanis\u00e9s par un proc\u00e9d\u00e9 de moulage.<\/li>\n<li><strong>Caract\u00e9ristiques principales :<\/strong> Cette s\u00e9rie de produits peut \u00eatre utilis\u00e9e pendant une longue p\u00e9riode dans la plage de temp\u00e9ratures de -50\u00b0C \u00e0 80\u00b0C, et est principalement utilis\u00e9e pour la protection p\u00e9riph\u00e9rique lors du filetage du trou de t\u00f4le du climatiseur.<\/li>\n<\/ol>","protected":false},"excerpt":{"rendered":"<p>Il est utilis\u00e9 pour le trou de filetage de la plaque m\u00e9tallique du climatiseur afin d&#039;\u00e9viter d&#039;endommager le fil de connexion, et en m\u00eame temps, il est \u00e9tanche \u00e0 l&#039;eau et \u00e0 la poussi\u00e8re.<\/p>","protected":false},"featured_media":84814,"comment_status":"open","ping_status":"closed","template":"","meta":{"content-type":""},"product_brand":[],"product_cat":[238,159],"product_tag":[],"class_list":{"0":"post-84808","1":"product","2":"type-product","3":"status-publish","4":"has-post-thumbnail","6":"product_cat-ac-vibration-damping-and-sealing-solutions","7":"product_cat-oem","9":"first","10":"instock","11":"shipping-taxable","12":"product-type-simple"},"yoast_head":"<!-- This site is optimized with the Yoast SEO plugin v27.2 - https:\/\/yoast.com\/product\/yoast-seo-wordpress\/ -->\n<title>Rubber Grommet - Gold Stone HVAC\/R<\/title>\n<meta name=\"description\" content=\"It is used for the threading hole of the metal plate of the air conditioner to prevent the connecting wire from being damaged, and at the same time, it is waterproof and dustproof.\" \/>\n<meta name=\"robots\" content=\"index, follow, max-snippet:-1, max-image-preview:large, max-video-preview:-1\" \/>\n<link rel=\"canonical\" href=\"https:\/\/goldstonehvacr.com\/fr\/produit\/rubber-grommet\/\" \/>\n<meta property=\"og:locale\" content=\"fr_FR\" \/>\n<meta property=\"og:type\" content=\"article\" \/>\n<meta property=\"og:title\" content=\"Rubber Grommet - Gold Stone HVAC\/R\" \/>\n<meta property=\"og:description\" content=\"It is used for the threading hole of the metal plate of the air conditioner to prevent the connecting wire from being damaged, and at the same time, it is waterproof and dustproof.\" \/>\n<meta property=\"og:url\" content=\"https:\/\/goldstonehvacr.com\/fr\/produit\/rubber-grommet\/\" \/>\n<meta property=\"og:site_name\" content=\"Gold Stone HVAC\/R\" \/>\n<meta property=\"article:modified_time\" content=\"2023-06-14T15:51:24+00:00\" \/>\n<meta property=\"og:image\" content=\"https:\/\/goldstonehvacr.com\/wp-content\/uploads\/2023\/06\/1-5.jpg\" \/>\n\t<meta property=\"og:image:width\" content=\"1000\" \/>\n\t<meta property=\"og:image:height\" content=\"1000\" \/>\n\t<meta property=\"og:image:type\" content=\"image\/jpeg\" \/>\n<meta name=\"twitter:card\" content=\"summary_large_image\" \/>\n<!-- \/ Yoast SEO plugin. -->","yoast_head_json":{"title":"Rubber Grommet - Gold Stone HVAC\/R","description":"Il est utilis\u00e9 pour le trou de filetage de la plaque m\u00e9tallique du climatiseur afin d&#039;\u00e9viter d&#039;endommager le fil de connexion, et en m\u00eame temps, il est \u00e9tanche \u00e0 l&#039;eau et \u00e0 la poussi\u00e8re.","robots":{"index":"index","follow":"follow","max-snippet":"max-snippet:-1","max-image-preview":"max-image-preview:large","max-video-preview":"max-video-preview:-1"},"canonical":"https:\/\/goldstonehvacr.com\/fr\/produit\/rubber-grommet\/","og_locale":"fr_FR","og_type":"article","og_title":"Rubber Grommet - Gold Stone HVAC\/R","og_description":"It is used for the threading hole of the metal plate of the air conditioner to prevent the connecting wire from being damaged, and at the same time, it is waterproof and dustproof.","og_url":"https:\/\/goldstonehvacr.com\/fr\/produit\/rubber-grommet\/","og_site_name":"Gold Stone HVAC\/R","article_modified_time":"2023-06-14T15:51:24+00:00","og_image":[{"width":1000,"height":1000,"url":"https:\/\/goldstonehvacr.com\/wp-content\/uploads\/2023\/06\/1-5.jpg","type":"image\/jpeg"}],"twitter_card":"summary_large_image","schema":{"@context":"https:\/\/schema.org","@graph":[{"@type":"WebPage","@id":"https:\/\/goldstonehvacr.com\/product\/rubber-grommet\/","url":"https:\/\/goldstonehvacr.com\/product\/rubber-grommet\/","name":"Rubber Grommet - Gold Stone HVAC\/R","isPartOf":{"@id":"https:\/\/goldstonehvacr.com\/#website"},"primaryImageOfPage":{"@id":"https:\/\/goldstonehvacr.com\/product\/rubber-grommet\/#primaryimage"},"image":{"@id":"https:\/\/goldstonehvacr.com\/product\/rubber-grommet\/#primaryimage"},"thumbnailUrl":"https:\/\/goldstonehvacr.com\/wp-content\/uploads\/2023\/06\/1-5.jpg","datePublished":"2023-06-14T15:48:27+00:00","dateModified":"2023-06-14T15:51:24+00:00","description":"Il est utilis\u00e9 pour le trou de filetage de la plaque m\u00e9tallique du climatiseur afin d&#039;\u00e9viter d&#039;endommager le fil de connexion, et en m\u00eame temps, il est \u00e9tanche \u00e0 l&#039;eau et \u00e0 la poussi\u00e8re.","breadcrumb":{"@id":"https:\/\/goldstonehvacr.com\/product\/rubber-grommet\/#breadcrumb"},"inLanguage":"fr-FR","potentialAction":[{"@type":"ReadAction","target":["https:\/\/goldstonehvacr.com\/product\/rubber-grommet\/"]}]},{"@type":"ImageObject","inLanguage":"fr-FR","@id":"https:\/\/goldstonehvacr.com\/product\/rubber-grommet\/#primaryimage","url":"https:\/\/goldstonehvacr.com\/wp-content\/uploads\/2023\/06\/1-5.jpg","contentUrl":"https:\/\/goldstonehvacr.com\/wp-content\/uploads\/2023\/06\/1-5.jpg","width":1000,"height":1000},{"@type":"BreadcrumbList","@id":"https:\/\/goldstonehvacr.com\/product\/rubber-grommet\/#breadcrumb","itemListElement":[{"@type":"ListItem","position":1,"name":"Home","item":"https:\/\/goldstonehvacr.com\/"},{"@type":"ListItem","position":2,"name":"Shop","item":"https:\/\/goldstonehvacr.com\/shop\/"},{"@type":"ListItem","position":3,"name":"Rubber Grommet"}]},{"@type":"WebSite","@id":"https:\/\/goldstonehvacr.com\/#website","url":"https:\/\/goldstonehvacr.com\/","name":"Gold Stone CVC\/R","description":"","publisher":{"@id":"https:\/\/goldstonehvacr.com\/#organization"},"potentialAction":[{"@type":"SearchAction","target":{"@type":"EntryPoint","urlTemplate":"https:\/\/goldstonehvacr.com\/?s={search_term_string}"},"query-input":{"@type":"PropertyValueSpecification","valueRequired":true,"valueName":"search_term_string"}}],"inLanguage":"fr-FR"},{"@type":"Organization","@id":"https:\/\/goldstonehvacr.com\/#organization","name":"Goldstone CVC","url":"https:\/\/goldstonehvacr.com\/","logo":{"@type":"ImageObject","inLanguage":"fr-FR","@id":"https:\/\/goldstonehvacr.com\/#\/schema\/logo\/image\/","url":"https:\/\/goldstonehvacr.com\/wp-content\/uploads\/2019\/09\/gsi-logo.png","contentUrl":"https:\/\/goldstonehvacr.com\/wp-content\/uploads\/2019\/09\/gsi-logo.png","width":340,"height":159,"caption":"Goldstone HVAC"},"image":{"@id":"https:\/\/goldstonehvacr.com\/#\/schema\/logo\/image\/"}}]}},"jetpack_sharing_enabled":true,"_links":{"self":[{"href":"https:\/\/goldstonehvacr.com\/fr\/wp-json\/wp\/v2\/product\/84808","targetHints":{"allow":["GET"]}}],"collection":[{"href":"https:\/\/goldstonehvacr.com\/fr\/wp-json\/wp\/v2\/product"}],"about":[{"href":"https:\/\/goldstonehvacr.com\/fr\/wp-json\/wp\/v2\/types\/product"}],"replies":[{"embeddable":true,"href":"https:\/\/goldstonehvacr.com\/fr\/wp-json\/wp\/v2\/comments?post=84808"}],"wp:featuredmedia":[{"embeddable":true,"href":"https:\/\/goldstonehvacr.com\/fr\/wp-json\/wp\/v2\/media\/84814"}],"wp:attachment":[{"href":"https:\/\/goldstonehvacr.com\/fr\/wp-json\/wp\/v2\/media?parent=84808"}],"wp:term":[{"taxonomy":"product_brand","embeddable":true,"href":"https:\/\/goldstonehvacr.com\/fr\/wp-json\/wp\/v2\/product_brand?post=84808"},{"taxonomy":"product_cat","embeddable":true,"href":"https:\/\/goldstonehvacr.com\/fr\/wp-json\/wp\/v2\/product_cat?post=84808"},{"taxonomy":"product_tag","embeddable":true,"href":"https:\/\/goldstonehvacr.com\/fr\/wp-json\/wp\/v2\/product_tag?post=84808"}],"curies":[{"name":"wp","href":"https:\/\/api.w.org\/{rel}","templated":true}]}}