{"id":84791,"date":"2023-06-14T15:33:18","date_gmt":"2023-06-14T15:33:18","guid":{"rendered":"https:\/\/goldstonehvacr.com\/?post_type=product&#038;p=84791"},"modified":"2023-06-14T15:38:16","modified_gmt":"2023-06-14T15:38:16","slug":"cross-flow-fan-vibration-damping-bearing-assembly","status":"publish","type":"product","link":"https:\/\/goldstonehvacr.com\/fr\/produit\/cross-flow-fan-vibration-damping-bearing-assembly\/","title":{"rendered":"Ensemble de palier d&#039;amortissement des vibrations pour ventilateur \u00e0 flux transversal"},"content":{"rendered":"<ol>\n<li><strong>Mati\u00e8re principale :<\/strong> Il est principalement compos\u00e9 de n\u00e9opr\u00e8ne ou de caoutchouc nitrile et d&#039;autres caoutchoucs vulcanis\u00e9s par un proc\u00e9d\u00e9 sp\u00e9cial.<\/li>\n<li><strong>Fonction principale :<\/strong> Il est principalement utilis\u00e9 pour r\u00e9duire les vibrations des pales de ventilateurs \u00e0 flux transversal dans les climatiseurs.<\/li>\n<li><strong>Caract\u00e9ristiques principales :<\/strong> Il pr\u00e9sente une excellente r\u00e9sistance \u00e0 l&#039;huile, de bonnes performances de lubrification et peut absorber les vibrations des pales de ventilateur \u00e0 flux transversal pendant son fonctionnement.<\/li>\n<\/ol>","protected":false},"excerpt":{"rendered":"<p>Il est utilis\u00e9 pour r\u00e9duire les vibrations et fixer les pales des ventilateurs \u00e0 flux transversal des climatiseurs.<\/p>","protected":false},"featured_media":84799,"comment_status":"open","ping_status":"closed","template":"","meta":{"content-type":""},"product_brand":[],"product_cat":[238,159],"product_tag":[],"class_list":{"0":"post-84791","1":"product","2":"type-product","3":"status-publish","4":"has-post-thumbnail","6":"product_cat-ac-vibration-damping-and-sealing-solutions","7":"product_cat-oem","9":"first","10":"instock","11":"shipping-taxable","12":"product-type-simple"},"yoast_head":"<!-- This site is optimized with the Yoast SEO plugin v27.2 - https:\/\/yoast.com\/product\/yoast-seo-wordpress\/ -->\n<title>Cross-flow Fan Vibration Damping Bearing Assembly - Gold Stone HVAC\/R<\/title>\n<meta name=\"description\" content=\"It is used for vibration reduction and fixing of cross-flow fan blades in air conditioners.\" \/>\n<meta name=\"robots\" content=\"index, follow, max-snippet:-1, max-image-preview:large, max-video-preview:-1\" \/>\n<link rel=\"canonical\" href=\"https:\/\/goldstonehvacr.com\/fr\/produit\/cross-flow-fan-vibration-damping-bearing-assembly\/\" \/>\n<meta property=\"og:locale\" content=\"fr_FR\" \/>\n<meta property=\"og:type\" content=\"article\" \/>\n<meta property=\"og:title\" content=\"Cross-flow Fan Vibration Damping Bearing Assembly - Gold Stone HVAC\/R\" \/>\n<meta property=\"og:description\" content=\"It is used for vibration reduction and fixing of cross-flow fan blades in air conditioners.\" \/>\n<meta property=\"og:url\" content=\"https:\/\/goldstonehvacr.com\/fr\/produit\/cross-flow-fan-vibration-damping-bearing-assembly\/\" \/>\n<meta property=\"og:site_name\" content=\"Gold Stone HVAC\/R\" \/>\n<meta property=\"article:modified_time\" content=\"2023-06-14T15:38:16+00:00\" \/>\n<meta property=\"og:image\" content=\"https:\/\/goldstonehvacr.com\/wp-content\/uploads\/2023\/06\/1-1.png\" \/>\n\t<meta property=\"og:image:width\" content=\"500\" \/>\n\t<meta property=\"og:image:height\" content=\"336\" \/>\n\t<meta property=\"og:image:type\" content=\"image\/png\" \/>\n<meta name=\"twitter:card\" content=\"summary_large_image\" \/>\n<!-- \/ Yoast SEO plugin. -->","yoast_head_json":{"title":"Cross-flow Fan Vibration Damping Bearing Assembly - Gold Stone HVAC\/R","description":"Il est utilis\u00e9 pour r\u00e9duire les vibrations et fixer les pales des ventilateurs \u00e0 flux transversal des climatiseurs.","robots":{"index":"index","follow":"follow","max-snippet":"max-snippet:-1","max-image-preview":"max-image-preview:large","max-video-preview":"max-video-preview:-1"},"canonical":"https:\/\/goldstonehvacr.com\/fr\/produit\/cross-flow-fan-vibration-damping-bearing-assembly\/","og_locale":"fr_FR","og_type":"article","og_title":"Cross-flow Fan Vibration Damping Bearing Assembly - Gold Stone HVAC\/R","og_description":"It is used for vibration reduction and fixing of cross-flow fan blades in air conditioners.","og_url":"https:\/\/goldstonehvacr.com\/fr\/produit\/cross-flow-fan-vibration-damping-bearing-assembly\/","og_site_name":"Gold Stone HVAC\/R","article_modified_time":"2023-06-14T15:38:16+00:00","og_image":[{"width":500,"height":336,"url":"https:\/\/goldstonehvacr.com\/wp-content\/uploads\/2023\/06\/1-1.png","type":"image\/png"}],"twitter_card":"summary_large_image","schema":{"@context":"https:\/\/schema.org","@graph":[{"@type":"WebPage","@id":"https:\/\/goldstonehvacr.com\/product\/cross-flow-fan-vibration-damping-bearing-assembly\/","url":"https:\/\/goldstonehvacr.com\/product\/cross-flow-fan-vibration-damping-bearing-assembly\/","name":"Cross-flow Fan Vibration Damping Bearing Assembly - Gold Stone HVAC\/R","isPartOf":{"@id":"https:\/\/goldstonehvacr.com\/#website"},"primaryImageOfPage":{"@id":"https:\/\/goldstonehvacr.com\/product\/cross-flow-fan-vibration-damping-bearing-assembly\/#primaryimage"},"image":{"@id":"https:\/\/goldstonehvacr.com\/product\/cross-flow-fan-vibration-damping-bearing-assembly\/#primaryimage"},"thumbnailUrl":"https:\/\/goldstonehvacr.com\/wp-content\/uploads\/2023\/06\/1-1.png","datePublished":"2023-06-14T15:33:18+00:00","dateModified":"2023-06-14T15:38:16+00:00","description":"Il est utilis\u00e9 pour r\u00e9duire les vibrations et fixer les pales des ventilateurs \u00e0 flux transversal des climatiseurs.","breadcrumb":{"@id":"https:\/\/goldstonehvacr.com\/product\/cross-flow-fan-vibration-damping-bearing-assembly\/#breadcrumb"},"inLanguage":"fr-FR","potentialAction":[{"@type":"ReadAction","target":["https:\/\/goldstonehvacr.com\/product\/cross-flow-fan-vibration-damping-bearing-assembly\/"]}]},{"@type":"ImageObject","inLanguage":"fr-FR","@id":"https:\/\/goldstonehvacr.com\/product\/cross-flow-fan-vibration-damping-bearing-assembly\/#primaryimage","url":"https:\/\/goldstonehvacr.com\/wp-content\/uploads\/2023\/06\/1-1.png","contentUrl":"https:\/\/goldstonehvacr.com\/wp-content\/uploads\/2023\/06\/1-1.png","width":500,"height":336},{"@type":"BreadcrumbList","@id":"https:\/\/goldstonehvacr.com\/product\/cross-flow-fan-vibration-damping-bearing-assembly\/#breadcrumb","itemListElement":[{"@type":"ListItem","position":1,"name":"Home","item":"https:\/\/goldstonehvacr.com\/"},{"@type":"ListItem","position":2,"name":"Shop","item":"https:\/\/goldstonehvacr.com\/shop\/"},{"@type":"ListItem","position":3,"name":"Cross-flow Fan Vibration Damping Bearing Assembly"}]},{"@type":"WebSite","@id":"https:\/\/goldstonehvacr.com\/#website","url":"https:\/\/goldstonehvacr.com\/","name":"Gold Stone CVC\/R","description":"","publisher":{"@id":"https:\/\/goldstonehvacr.com\/#organization"},"potentialAction":[{"@type":"SearchAction","target":{"@type":"EntryPoint","urlTemplate":"https:\/\/goldstonehvacr.com\/?s={search_term_string}"},"query-input":{"@type":"PropertyValueSpecification","valueRequired":true,"valueName":"search_term_string"}}],"inLanguage":"fr-FR"},{"@type":"Organization","@id":"https:\/\/goldstonehvacr.com\/#organization","name":"Goldstone CVC","url":"https:\/\/goldstonehvacr.com\/","logo":{"@type":"ImageObject","inLanguage":"fr-FR","@id":"https:\/\/goldstonehvacr.com\/#\/schema\/logo\/image\/","url":"https:\/\/goldstonehvacr.com\/wp-content\/uploads\/2019\/09\/gsi-logo.png","contentUrl":"https:\/\/goldstonehvacr.com\/wp-content\/uploads\/2019\/09\/gsi-logo.png","width":340,"height":159,"caption":"Goldstone HVAC"},"image":{"@id":"https:\/\/goldstonehvacr.com\/#\/schema\/logo\/image\/"}}]}},"jetpack_sharing_enabled":true,"_links":{"self":[{"href":"https:\/\/goldstonehvacr.com\/fr\/wp-json\/wp\/v2\/product\/84791","targetHints":{"allow":["GET"]}}],"collection":[{"href":"https:\/\/goldstonehvacr.com\/fr\/wp-json\/wp\/v2\/product"}],"about":[{"href":"https:\/\/goldstonehvacr.com\/fr\/wp-json\/wp\/v2\/types\/product"}],"replies":[{"embeddable":true,"href":"https:\/\/goldstonehvacr.com\/fr\/wp-json\/wp\/v2\/comments?post=84791"}],"wp:featuredmedia":[{"embeddable":true,"href":"https:\/\/goldstonehvacr.com\/fr\/wp-json\/wp\/v2\/media\/84799"}],"wp:attachment":[{"href":"https:\/\/goldstonehvacr.com\/fr\/wp-json\/wp\/v2\/media?parent=84791"}],"wp:term":[{"taxonomy":"product_brand","embeddable":true,"href":"https:\/\/goldstonehvacr.com\/fr\/wp-json\/wp\/v2\/product_brand?post=84791"},{"taxonomy":"product_cat","embeddable":true,"href":"https:\/\/goldstonehvacr.com\/fr\/wp-json\/wp\/v2\/product_cat?post=84791"},{"taxonomy":"product_tag","embeddable":true,"href":"https:\/\/goldstonehvacr.com\/fr\/wp-json\/wp\/v2\/product_tag?post=84791"}],"curies":[{"name":"wp","href":"https:\/\/api.w.org\/{rel}","templated":true}]}}