{"id":84779,"date":"2023-06-14T15:18:20","date_gmt":"2023-06-14T15:18:20","guid":{"rendered":"https:\/\/goldstonehvacr.com\/?post_type=product&#038;p=84779"},"modified":"2023-06-14T15:22:01","modified_gmt":"2023-06-14T15:22:01","slug":"butyl-thermal-insulation-strip-for-low-temperature-pipeline","status":"publish","type":"product","link":"https:\/\/goldstonehvacr.com\/fr\/produit\/butyl-thermal-insulation-strip-for-low-temperature-pipeline\/","title":{"rendered":"Bande d&#039;isolation thermique en butyle pour pipeline basse temp\u00e9rature"},"content":{"rendered":"<ol>\n<li><strong>Mat\u00e9riaux principaux :<\/strong> Mat\u00e9riaux polym\u00e8res tels que le caoutchouc butyle et autres.<\/li>\n<li><strong>Fonctions principales :<\/strong> Adh\u00e9sif puissant, ne dess\u00e8che pas, anti-\u00e2ge.<\/li>\n<li><strong>Caract\u00e9ristiques principales :<\/strong> Ce produit peut \u00eatre largement utilis\u00e9 pour les contacts de tout type de canalisation basse temp\u00e9rature et comme capteur de temp\u00e9rature gr\u00e2ce \u00e0 sa faible conductivit\u00e9 thermique.<\/li>\n<\/ol>","protected":false},"excerpt":{"rendered":"<p>Bande d&#039;\u00e9tanch\u00e9it\u00e9 auto-adh\u00e9sive et non dess\u00e9chante \u00e0 faible conductivit\u00e9 thermique, permettant ainsi d&#039;assurer l&#039;\u00e9tanch\u00e9it\u00e9 du tuyau et de r\u00e9duire les \u00e9changes thermiques.<\/p>","protected":false},"featured_media":84780,"comment_status":"open","ping_status":"closed","template":"","meta":{"content-type":""},"product_brand":[],"product_cat":[238,159],"product_tag":[],"class_list":{"0":"post-84779","1":"product","2":"type-product","3":"status-publish","4":"has-post-thumbnail","6":"product_cat-ac-vibration-damping-and-sealing-solutions","7":"product_cat-oem","9":"first","10":"instock","11":"shipping-taxable","12":"product-type-simple"},"yoast_head":"<!-- This site is optimized with the Yoast SEO plugin v27.2 - https:\/\/yoast.com\/product\/yoast-seo-wordpress\/ -->\n<title>Butyl Thermal Insulation Strip For Low-temperature Pipeline - Gold Stone HVAC\/R<\/title>\n<meta name=\"description\" content=\"Self-adhesive and non-drying sealing strip with low thermal conductivity, so meanwhile, it can seal the pipe and reduce the heat interchange.\" \/>\n<meta name=\"robots\" content=\"index, follow, max-snippet:-1, max-image-preview:large, max-video-preview:-1\" \/>\n<link rel=\"canonical\" href=\"https:\/\/goldstonehvacr.com\/fr\/produit\/butyl-thermal-insulation-strip-for-low-temperature-pipeline\/\" \/>\n<meta property=\"og:locale\" content=\"fr_FR\" \/>\n<meta property=\"og:type\" content=\"article\" \/>\n<meta property=\"og:title\" content=\"Butyl Thermal Insulation Strip For Low-temperature Pipeline - Gold Stone HVAC\/R\" \/>\n<meta property=\"og:description\" content=\"Self-adhesive and non-drying sealing strip with low thermal conductivity, so meanwhile, it can seal the pipe and reduce the heat interchange.\" \/>\n<meta property=\"og:url\" content=\"https:\/\/goldstonehvacr.com\/fr\/produit\/butyl-thermal-insulation-strip-for-low-temperature-pipeline\/\" \/>\n<meta property=\"og:site_name\" content=\"Gold Stone HVAC\/R\" \/>\n<meta property=\"article:modified_time\" content=\"2023-06-14T15:22:01+00:00\" \/>\n<meta property=\"og:image\" content=\"https:\/\/goldstonehvacr.com\/wp-content\/uploads\/2023\/06\/1-2.jpg\" \/>\n\t<meta property=\"og:image:width\" content=\"500\" \/>\n\t<meta property=\"og:image:height\" content=\"333\" \/>\n\t<meta property=\"og:image:type\" content=\"image\/jpeg\" \/>\n<meta name=\"twitter:card\" content=\"summary_large_image\" \/>\n<!-- \/ Yoast SEO plugin. -->","yoast_head_json":{"title":"Butyl Thermal Insulation Strip For Low-temperature Pipeline - Gold Stone HVAC\/R","description":"Bande d&#039;\u00e9tanch\u00e9it\u00e9 auto-adh\u00e9sive et non dess\u00e9chante \u00e0 faible conductivit\u00e9 thermique, permettant ainsi d&#039;assurer l&#039;\u00e9tanch\u00e9it\u00e9 du tuyau et de r\u00e9duire les \u00e9changes thermiques.","robots":{"index":"index","follow":"follow","max-snippet":"max-snippet:-1","max-image-preview":"max-image-preview:large","max-video-preview":"max-video-preview:-1"},"canonical":"https:\/\/goldstonehvacr.com\/fr\/produit\/butyl-thermal-insulation-strip-for-low-temperature-pipeline\/","og_locale":"fr_FR","og_type":"article","og_title":"Butyl Thermal Insulation Strip For Low-temperature Pipeline - Gold Stone HVAC\/R","og_description":"Self-adhesive and non-drying sealing strip with low thermal conductivity, so meanwhile, it can seal the pipe and reduce the heat interchange.","og_url":"https:\/\/goldstonehvacr.com\/fr\/produit\/butyl-thermal-insulation-strip-for-low-temperature-pipeline\/","og_site_name":"Gold Stone HVAC\/R","article_modified_time":"2023-06-14T15:22:01+00:00","og_image":[{"width":500,"height":333,"url":"https:\/\/goldstonehvacr.com\/wp-content\/uploads\/2023\/06\/1-2.jpg","type":"image\/jpeg"}],"twitter_card":"summary_large_image","schema":{"@context":"https:\/\/schema.org","@graph":[{"@type":"WebPage","@id":"https:\/\/goldstonehvacr.com\/product\/butyl-thermal-insulation-strip-for-low-temperature-pipeline\/","url":"https:\/\/goldstonehvacr.com\/product\/butyl-thermal-insulation-strip-for-low-temperature-pipeline\/","name":"Butyl Thermal Insulation Strip For Low-temperature Pipeline - Gold Stone HVAC\/R","isPartOf":{"@id":"https:\/\/goldstonehvacr.com\/#website"},"primaryImageOfPage":{"@id":"https:\/\/goldstonehvacr.com\/product\/butyl-thermal-insulation-strip-for-low-temperature-pipeline\/#primaryimage"},"image":{"@id":"https:\/\/goldstonehvacr.com\/product\/butyl-thermal-insulation-strip-for-low-temperature-pipeline\/#primaryimage"},"thumbnailUrl":"https:\/\/goldstonehvacr.com\/wp-content\/uploads\/2023\/06\/1-2.jpg","datePublished":"2023-06-14T15:18:20+00:00","dateModified":"2023-06-14T15:22:01+00:00","description":"Bande d&#039;\u00e9tanch\u00e9it\u00e9 auto-adh\u00e9sive et non dess\u00e9chante \u00e0 faible conductivit\u00e9 thermique, permettant ainsi d&#039;assurer l&#039;\u00e9tanch\u00e9it\u00e9 du tuyau et de r\u00e9duire les \u00e9changes thermiques.","breadcrumb":{"@id":"https:\/\/goldstonehvacr.com\/product\/butyl-thermal-insulation-strip-for-low-temperature-pipeline\/#breadcrumb"},"inLanguage":"fr-FR","potentialAction":[{"@type":"ReadAction","target":["https:\/\/goldstonehvacr.com\/product\/butyl-thermal-insulation-strip-for-low-temperature-pipeline\/"]}]},{"@type":"ImageObject","inLanguage":"fr-FR","@id":"https:\/\/goldstonehvacr.com\/product\/butyl-thermal-insulation-strip-for-low-temperature-pipeline\/#primaryimage","url":"https:\/\/goldstonehvacr.com\/wp-content\/uploads\/2023\/06\/1-2.jpg","contentUrl":"https:\/\/goldstonehvacr.com\/wp-content\/uploads\/2023\/06\/1-2.jpg","width":500,"height":333},{"@type":"BreadcrumbList","@id":"https:\/\/goldstonehvacr.com\/product\/butyl-thermal-insulation-strip-for-low-temperature-pipeline\/#breadcrumb","itemListElement":[{"@type":"ListItem","position":1,"name":"Home","item":"https:\/\/goldstonehvacr.com\/"},{"@type":"ListItem","position":2,"name":"Shop","item":"https:\/\/goldstonehvacr.com\/shop\/"},{"@type":"ListItem","position":3,"name":"Butyl Thermal Insulation Strip For Low-temperature Pipeline"}]},{"@type":"WebSite","@id":"https:\/\/goldstonehvacr.com\/#website","url":"https:\/\/goldstonehvacr.com\/","name":"Gold Stone CVC\/R","description":"","publisher":{"@id":"https:\/\/goldstonehvacr.com\/#organization"},"potentialAction":[{"@type":"SearchAction","target":{"@type":"EntryPoint","urlTemplate":"https:\/\/goldstonehvacr.com\/?s={search_term_string}"},"query-input":{"@type":"PropertyValueSpecification","valueRequired":true,"valueName":"search_term_string"}}],"inLanguage":"fr-FR"},{"@type":"Organization","@id":"https:\/\/goldstonehvacr.com\/#organization","name":"Goldstone CVC","url":"https:\/\/goldstonehvacr.com\/","logo":{"@type":"ImageObject","inLanguage":"fr-FR","@id":"https:\/\/goldstonehvacr.com\/#\/schema\/logo\/image\/","url":"https:\/\/goldstonehvacr.com\/wp-content\/uploads\/2019\/09\/gsi-logo.png","contentUrl":"https:\/\/goldstonehvacr.com\/wp-content\/uploads\/2019\/09\/gsi-logo.png","width":340,"height":159,"caption":"Goldstone HVAC"},"image":{"@id":"https:\/\/goldstonehvacr.com\/#\/schema\/logo\/image\/"}}]}},"jetpack_sharing_enabled":true,"_links":{"self":[{"href":"https:\/\/goldstonehvacr.com\/fr\/wp-json\/wp\/v2\/product\/84779","targetHints":{"allow":["GET"]}}],"collection":[{"href":"https:\/\/goldstonehvacr.com\/fr\/wp-json\/wp\/v2\/product"}],"about":[{"href":"https:\/\/goldstonehvacr.com\/fr\/wp-json\/wp\/v2\/types\/product"}],"replies":[{"embeddable":true,"href":"https:\/\/goldstonehvacr.com\/fr\/wp-json\/wp\/v2\/comments?post=84779"}],"wp:featuredmedia":[{"embeddable":true,"href":"https:\/\/goldstonehvacr.com\/fr\/wp-json\/wp\/v2\/media\/84780"}],"wp:attachment":[{"href":"https:\/\/goldstonehvacr.com\/fr\/wp-json\/wp\/v2\/media?parent=84779"}],"wp:term":[{"taxonomy":"product_brand","embeddable":true,"href":"https:\/\/goldstonehvacr.com\/fr\/wp-json\/wp\/v2\/product_brand?post=84779"},{"taxonomy":"product_cat","embeddable":true,"href":"https:\/\/goldstonehvacr.com\/fr\/wp-json\/wp\/v2\/product_cat?post=84779"},{"taxonomy":"product_tag","embeddable":true,"href":"https:\/\/goldstonehvacr.com\/fr\/wp-json\/wp\/v2\/product_tag?post=84779"}],"curies":[{"name":"wp","href":"https:\/\/api.w.org\/{rel}","templated":true}]}}