{"id":84773,"date":"2023-06-14T11:43:36","date_gmt":"2023-06-14T11:43:36","guid":{"rendered":"https:\/\/goldstonehvacr.com\/?post_type=product&#038;p=84773"},"modified":"2023-06-14T15:14:08","modified_gmt":"2023-06-14T15:14:08","slug":"butyl-solid-vibration-damping-sheet","status":"publish","type":"product","link":"https:\/\/goldstonehvacr.com\/fr\/produit\/butyl-solid-vibration-damping-sheet\/","title":{"rendered":"Feuille d&#039;amortissement des vibrations en butyle solide"},"content":{"rendered":"<ol>\n<li><strong>Mat\u00e9riaux principaux :<\/strong> Mat\u00e9riaux polym\u00e8res tels que le caoutchouc butyle et autres.<\/li>\n<li><strong>Fonctions principales :<\/strong> Excellente r\u00e9sistance aux vibrations, auto-adh\u00e9sif, ne s\u00e8che pas et est anti-\u00e2ge.<\/li>\n<li><strong>Caract\u00e9ristiques principales :<\/strong> Elle poss\u00e8de un certain degr\u00e9 de flexibilit\u00e9, ce qui lui permet d&#039;\u00eatre fix\u00e9e \u00e0 des surfaces relativement lisses (surfaces planes, surfaces cylindriques) dans des conditions de flexion ad\u00e9quates.<\/li>\n<li><strong>Personnalisation sp\u00e9ciale :<\/strong> Les produits r\u00e9sistants \u00e0 la chaleur et aux basses temp\u00e9ratures peuvent \u00eatre personnalis\u00e9s en fonction de la temp\u00e9rature r\u00e9elle du lieu d&#039;utilisation.<\/li>\n<li><strong>Autres avantages :<\/strong> Ce produit pr\u00e9sente un facteur de perte plus \u00e9lev\u00e9 que les blocs d&#039;amortissement de vibrations semi-solides en butyle.<\/li>\n<\/ol>","protected":false},"excerpt":{"rendered":"<p>Appliqu\u00e9 \u00e0 la r\u00e9duction des vibrations des corps vibrants, tels que la zone de la paroi int\u00e9rieure du climatiseur et la surface du compresseur, etc., afin de r\u00e9duire le bruit g\u00e9n\u00e9r\u00e9 pendant le fonctionnement du climatiseur.<\/p>","protected":false},"featured_media":84778,"comment_status":"open","ping_status":"closed","template":"","meta":{"content-type":""},"product_brand":[],"product_cat":[238,159],"product_tag":[],"class_list":{"0":"post-84773","1":"product","2":"type-product","3":"status-publish","4":"has-post-thumbnail","6":"product_cat-ac-vibration-damping-and-sealing-solutions","7":"product_cat-oem","9":"first","10":"instock","11":"shipping-taxable","12":"product-type-simple"},"yoast_head":"<!-- This site is optimized with the Yoast SEO plugin v27.2 - https:\/\/yoast.com\/product\/yoast-seo-wordpress\/ -->\n<title>Butyl Solid Vibration Damping Sheet - Gold Stone HVAC\/R<\/title>\n<meta name=\"description\" content=\"Applied to the vibration reduction of vibrating bodies, such as the inner wall area of the air conditioner and the surface of the compressor, etc., to reduce the noise generated during the operation of the air conditioner.\" \/>\n<meta name=\"robots\" content=\"index, follow, max-snippet:-1, max-image-preview:large, max-video-preview:-1\" \/>\n<link rel=\"canonical\" href=\"https:\/\/goldstonehvacr.com\/fr\/produit\/butyl-solid-vibration-damping-sheet\/\" \/>\n<meta property=\"og:locale\" content=\"fr_FR\" \/>\n<meta property=\"og:type\" content=\"article\" \/>\n<meta property=\"og:title\" content=\"Butyl Solid Vibration Damping Sheet - Gold Stone HVAC\/R\" \/>\n<meta property=\"og:description\" content=\"Applied to the vibration reduction of vibrating bodies, such as the inner wall area of the air conditioner and the surface of the compressor, etc., to reduce the noise generated during the operation of the air conditioner.\" \/>\n<meta property=\"og:url\" content=\"https:\/\/goldstonehvacr.com\/fr\/produit\/butyl-solid-vibration-damping-sheet\/\" \/>\n<meta property=\"og:site_name\" content=\"Gold Stone HVAC\/R\" \/>\n<meta property=\"article:modified_time\" content=\"2023-06-14T15:14:08+00:00\" \/>\n<meta property=\"og:image\" content=\"https:\/\/goldstonehvacr.com\/wp-content\/uploads\/2023\/06\/1-1.jpg\" \/>\n\t<meta property=\"og:image:width\" content=\"500\" \/>\n\t<meta property=\"og:image:height\" content=\"333\" \/>\n\t<meta property=\"og:image:type\" content=\"image\/jpeg\" \/>\n<meta name=\"twitter:card\" content=\"summary_large_image\" \/>\n<!-- \/ Yoast SEO plugin. -->","yoast_head_json":{"title":"Butyl Solid Vibration Damping Sheet - Gold Stone HVAC\/R","description":"Appliqu\u00e9 \u00e0 la r\u00e9duction des vibrations des corps vibrants, tels que la zone de la paroi int\u00e9rieure du climatiseur et la surface du compresseur, etc., afin de r\u00e9duire le bruit g\u00e9n\u00e9r\u00e9 pendant le fonctionnement du climatiseur.","robots":{"index":"index","follow":"follow","max-snippet":"max-snippet:-1","max-image-preview":"max-image-preview:large","max-video-preview":"max-video-preview:-1"},"canonical":"https:\/\/goldstonehvacr.com\/fr\/produit\/butyl-solid-vibration-damping-sheet\/","og_locale":"fr_FR","og_type":"article","og_title":"Butyl Solid Vibration Damping Sheet - Gold Stone HVAC\/R","og_description":"Applied to the vibration reduction of vibrating bodies, such as the inner wall area of the air conditioner and the surface of the compressor, etc., to reduce the noise generated during the operation of the air conditioner.","og_url":"https:\/\/goldstonehvacr.com\/fr\/produit\/butyl-solid-vibration-damping-sheet\/","og_site_name":"Gold Stone HVAC\/R","article_modified_time":"2023-06-14T15:14:08+00:00","og_image":[{"width":500,"height":333,"url":"https:\/\/goldstonehvacr.com\/wp-content\/uploads\/2023\/06\/1-1.jpg","type":"image\/jpeg"}],"twitter_card":"summary_large_image","schema":{"@context":"https:\/\/schema.org","@graph":[{"@type":"WebPage","@id":"https:\/\/goldstonehvacr.com\/product\/butyl-solid-vibration-damping-sheet\/","url":"https:\/\/goldstonehvacr.com\/product\/butyl-solid-vibration-damping-sheet\/","name":"Butyl Solid Vibration Damping Sheet - Gold Stone HVAC\/R","isPartOf":{"@id":"https:\/\/goldstonehvacr.com\/#website"},"primaryImageOfPage":{"@id":"https:\/\/goldstonehvacr.com\/product\/butyl-solid-vibration-damping-sheet\/#primaryimage"},"image":{"@id":"https:\/\/goldstonehvacr.com\/product\/butyl-solid-vibration-damping-sheet\/#primaryimage"},"thumbnailUrl":"https:\/\/goldstonehvacr.com\/wp-content\/uploads\/2023\/06\/1-1.jpg","datePublished":"2023-06-14T11:43:36+00:00","dateModified":"2023-06-14T15:14:08+00:00","description":"Appliqu\u00e9 \u00e0 la r\u00e9duction des vibrations des corps vibrants, tels que la zone de la paroi int\u00e9rieure du climatiseur et la surface du compresseur, etc., afin de r\u00e9duire le bruit g\u00e9n\u00e9r\u00e9 pendant le fonctionnement du climatiseur.","breadcrumb":{"@id":"https:\/\/goldstonehvacr.com\/product\/butyl-solid-vibration-damping-sheet\/#breadcrumb"},"inLanguage":"fr-FR","potentialAction":[{"@type":"ReadAction","target":["https:\/\/goldstonehvacr.com\/product\/butyl-solid-vibration-damping-sheet\/"]}]},{"@type":"ImageObject","inLanguage":"fr-FR","@id":"https:\/\/goldstonehvacr.com\/product\/butyl-solid-vibration-damping-sheet\/#primaryimage","url":"https:\/\/goldstonehvacr.com\/wp-content\/uploads\/2023\/06\/1-1.jpg","contentUrl":"https:\/\/goldstonehvacr.com\/wp-content\/uploads\/2023\/06\/1-1.jpg","width":500,"height":333},{"@type":"BreadcrumbList","@id":"https:\/\/goldstonehvacr.com\/product\/butyl-solid-vibration-damping-sheet\/#breadcrumb","itemListElement":[{"@type":"ListItem","position":1,"name":"Home","item":"https:\/\/goldstonehvacr.com\/"},{"@type":"ListItem","position":2,"name":"Shop","item":"https:\/\/goldstonehvacr.com\/shop\/"},{"@type":"ListItem","position":3,"name":"Butyl Solid Vibration Damping Sheet"}]},{"@type":"WebSite","@id":"https:\/\/goldstonehvacr.com\/#website","url":"https:\/\/goldstonehvacr.com\/","name":"Gold Stone CVC\/R","description":"","publisher":{"@id":"https:\/\/goldstonehvacr.com\/#organization"},"potentialAction":[{"@type":"SearchAction","target":{"@type":"EntryPoint","urlTemplate":"https:\/\/goldstonehvacr.com\/?s={search_term_string}"},"query-input":{"@type":"PropertyValueSpecification","valueRequired":true,"valueName":"search_term_string"}}],"inLanguage":"fr-FR"},{"@type":"Organization","@id":"https:\/\/goldstonehvacr.com\/#organization","name":"Goldstone CVC","url":"https:\/\/goldstonehvacr.com\/","logo":{"@type":"ImageObject","inLanguage":"fr-FR","@id":"https:\/\/goldstonehvacr.com\/#\/schema\/logo\/image\/","url":"https:\/\/goldstonehvacr.com\/wp-content\/uploads\/2019\/09\/gsi-logo.png","contentUrl":"https:\/\/goldstonehvacr.com\/wp-content\/uploads\/2019\/09\/gsi-logo.png","width":340,"height":159,"caption":"Goldstone HVAC"},"image":{"@id":"https:\/\/goldstonehvacr.com\/#\/schema\/logo\/image\/"}}]}},"jetpack_sharing_enabled":true,"_links":{"self":[{"href":"https:\/\/goldstonehvacr.com\/fr\/wp-json\/wp\/v2\/product\/84773","targetHints":{"allow":["GET"]}}],"collection":[{"href":"https:\/\/goldstonehvacr.com\/fr\/wp-json\/wp\/v2\/product"}],"about":[{"href":"https:\/\/goldstonehvacr.com\/fr\/wp-json\/wp\/v2\/types\/product"}],"replies":[{"embeddable":true,"href":"https:\/\/goldstonehvacr.com\/fr\/wp-json\/wp\/v2\/comments?post=84773"}],"wp:featuredmedia":[{"embeddable":true,"href":"https:\/\/goldstonehvacr.com\/fr\/wp-json\/wp\/v2\/media\/84778"}],"wp:attachment":[{"href":"https:\/\/goldstonehvacr.com\/fr\/wp-json\/wp\/v2\/media?parent=84773"}],"wp:term":[{"taxonomy":"product_brand","embeddable":true,"href":"https:\/\/goldstonehvacr.com\/fr\/wp-json\/wp\/v2\/product_brand?post=84773"},{"taxonomy":"product_cat","embeddable":true,"href":"https:\/\/goldstonehvacr.com\/fr\/wp-json\/wp\/v2\/product_cat?post=84773"},{"taxonomy":"product_tag","embeddable":true,"href":"https:\/\/goldstonehvacr.com\/fr\/wp-json\/wp\/v2\/product_tag?post=84773"}],"curies":[{"name":"wp","href":"https:\/\/api.w.org\/{rel}","templated":true}]}}