{"id":84768,"date":"2023-06-14T11:07:15","date_gmt":"2023-06-14T11:07:15","guid":{"rendered":"https:\/\/goldstonehvacr.com\/?post_type=product&#038;p=84768"},"modified":"2023-06-14T15:14:28","modified_gmt":"2023-06-14T15:14:28","slug":"butyl-semi-solid-vibration-damping-block","status":"publish","type":"product","link":"https:\/\/goldstonehvacr.com\/fr\/produit\/butyl-semi-solid-vibration-damping-block\/","title":{"rendered":"Bloc amortisseur de vibrations semi-solide en butyle"},"content":{"rendered":"<ol>\n<li><strong>Mat\u00e9riaux principaux<\/strong>: Mat\u00e9riaux polym\u00e8res tels que le caoutchouc butyle et autres.<\/li>\n<li><strong>Fonctions principales<\/strong>Excellentes propri\u00e9t\u00e9s vibratoires, auto-adh\u00e9sives, ne dess\u00e8chent pas et sont anti-\u00e2ge.<\/li>\n<li><strong>Caract\u00e9ristiques principales<\/strong>Souple et tr\u00e8s mall\u00e9able, il peut \u00eatre coll\u00e9 directement en pliant manuellement l&#039;\u00e9chantillon selon les formes complexes des pi\u00e8ces \u00e0 installer.<\/li>\n<li><strong>Personnalisation sp\u00e9ciale<\/strong>Les produits r\u00e9sistants \u00e0 la chaleur et aux basses temp\u00e9ratures peuvent \u00eatre fabriqu\u00e9s sur mesure en fonction de la temp\u00e9rature r\u00e9elle du lieu d&#039;utilisation.<\/li>\n<\/ol>","protected":false},"excerpt":{"rendered":"<p>Il est largement utilis\u00e9 dans les pi\u00e8ces de formes complexes telles que les composants tubulaires, en plaques et en feuilles, notamment dans l&#039;industrie des climatiseurs, des r\u00e9frig\u00e9rateurs et autres \u00e9quipements frigorifiques, pour obtenir l&#039;effet et l&#039;objectif de r\u00e9duction des vibrations, de r\u00e9duction du bruit et d&#039;insonorisation.<\/p>","protected":false},"featured_media":84769,"comment_status":"open","ping_status":"closed","template":"","meta":{"content-type":""},"product_brand":[],"product_cat":[238,159],"product_tag":[],"class_list":{"0":"post-84768","1":"product","2":"type-product","3":"status-publish","4":"has-post-thumbnail","6":"product_cat-ac-vibration-damping-and-sealing-solutions","7":"product_cat-oem","9":"first","10":"instock","11":"shipping-taxable","12":"product-type-simple"},"yoast_head":"<!-- This site is optimized with the Yoast SEO plugin v26.9 - https:\/\/yoast.com\/product\/yoast-seo-wordpress\/ -->\n<title>Butyl Semi-solid Vibration Damping Block - Gold Stone HVAC\/R<\/title>\n<meta name=\"description\" content=\"It is widely used in parts with complex shapes such as tubular, plate and sheet components, especially in the industry of air conditioners, refrigerators and other refrigeration equipment, to achieve the effect and purpose of vibration reduction, noise reduction and mute.\" \/>\n<meta name=\"robots\" content=\"index, follow, max-snippet:-1, max-image-preview:large, max-video-preview:-1\" \/>\n<link rel=\"canonical\" href=\"https:\/\/goldstonehvacr.com\/fr\/produit\/butyl-semi-solid-vibration-damping-block\/\" \/>\n<meta property=\"og:locale\" content=\"fr_FR\" \/>\n<meta property=\"og:type\" content=\"article\" \/>\n<meta property=\"og:title\" content=\"Butyl Semi-solid Vibration Damping Block - Gold Stone HVAC\/R\" \/>\n<meta property=\"og:description\" content=\"It is widely used in parts with complex shapes such as tubular, plate and sheet components, especially in the industry of air conditioners, refrigerators and other refrigeration equipment, to achieve the effect and purpose of vibration reduction, noise reduction and mute.\" \/>\n<meta property=\"og:url\" content=\"https:\/\/goldstonehvacr.com\/fr\/produit\/butyl-semi-solid-vibration-damping-block\/\" \/>\n<meta property=\"og:site_name\" content=\"Gold Stone HVAC\/R\" \/>\n<meta property=\"article:modified_time\" content=\"2023-06-14T15:14:28+00:00\" \/>\n<meta property=\"og:image\" content=\"https:\/\/goldstonehvacr.com\/wp-content\/uploads\/2023\/06\/1.jpg\" \/>\n\t<meta property=\"og:image:width\" content=\"500\" \/>\n\t<meta property=\"og:image:height\" content=\"374\" \/>\n\t<meta property=\"og:image:type\" content=\"image\/jpeg\" \/>\n<meta name=\"twitter:card\" content=\"summary_large_image\" \/>\n<!-- \/ Yoast SEO plugin. -->","yoast_head_json":{"title":"Butyl Semi-solid Vibration Damping Block - Gold Stone HVAC\/R","description":"Il est largement utilis\u00e9 dans les pi\u00e8ces de formes complexes telles que les composants tubulaires, en plaques et en feuilles, notamment dans l&#039;industrie des climatiseurs, des r\u00e9frig\u00e9rateurs et autres \u00e9quipements frigorifiques, pour obtenir l&#039;effet et l&#039;objectif de r\u00e9duction des vibrations, de r\u00e9duction du bruit et d&#039;insonorisation.","robots":{"index":"index","follow":"follow","max-snippet":"max-snippet:-1","max-image-preview":"max-image-preview:large","max-video-preview":"max-video-preview:-1"},"canonical":"https:\/\/goldstonehvacr.com\/fr\/produit\/butyl-semi-solid-vibration-damping-block\/","og_locale":"fr_FR","og_type":"article","og_title":"Butyl Semi-solid Vibration Damping Block - Gold Stone HVAC\/R","og_description":"It is widely used in parts with complex shapes such as tubular, plate and sheet components, especially in the industry of air conditioners, refrigerators and other refrigeration equipment, to achieve the effect and purpose of vibration reduction, noise reduction and mute.","og_url":"https:\/\/goldstonehvacr.com\/fr\/produit\/butyl-semi-solid-vibration-damping-block\/","og_site_name":"Gold Stone HVAC\/R","article_modified_time":"2023-06-14T15:14:28+00:00","og_image":[{"width":500,"height":374,"url":"https:\/\/goldstonehvacr.com\/wp-content\/uploads\/2023\/06\/1.jpg","type":"image\/jpeg"}],"twitter_card":"summary_large_image","schema":{"@context":"https:\/\/schema.org","@graph":[{"@type":"WebPage","@id":"https:\/\/goldstonehvacr.com\/product\/butyl-semi-solid-vibration-damping-block\/","url":"https:\/\/goldstonehvacr.com\/product\/butyl-semi-solid-vibration-damping-block\/","name":"Butyl Semi-solid Vibration Damping Block - Gold Stone HVAC\/R","isPartOf":{"@id":"https:\/\/goldstonehvacr.com\/#website"},"primaryImageOfPage":{"@id":"https:\/\/goldstonehvacr.com\/product\/butyl-semi-solid-vibration-damping-block\/#primaryimage"},"image":{"@id":"https:\/\/goldstonehvacr.com\/product\/butyl-semi-solid-vibration-damping-block\/#primaryimage"},"thumbnailUrl":"https:\/\/goldstonehvacr.com\/wp-content\/uploads\/2023\/06\/1.jpg","datePublished":"2023-06-14T11:07:15+00:00","dateModified":"2023-06-14T15:14:28+00:00","description":"Il est largement utilis\u00e9 dans les pi\u00e8ces de formes complexes telles que les composants tubulaires, en plaques et en feuilles, notamment dans l&#039;industrie des climatiseurs, des r\u00e9frig\u00e9rateurs et autres \u00e9quipements frigorifiques, pour obtenir l&#039;effet et l&#039;objectif de r\u00e9duction des vibrations, de r\u00e9duction du bruit et d&#039;insonorisation.","breadcrumb":{"@id":"https:\/\/goldstonehvacr.com\/product\/butyl-semi-solid-vibration-damping-block\/#breadcrumb"},"inLanguage":"fr-FR","potentialAction":[{"@type":"ReadAction","target":["https:\/\/goldstonehvacr.com\/product\/butyl-semi-solid-vibration-damping-block\/"]}]},{"@type":"ImageObject","inLanguage":"fr-FR","@id":"https:\/\/goldstonehvacr.com\/product\/butyl-semi-solid-vibration-damping-block\/#primaryimage","url":"https:\/\/goldstonehvacr.com\/wp-content\/uploads\/2023\/06\/1.jpg","contentUrl":"https:\/\/goldstonehvacr.com\/wp-content\/uploads\/2023\/06\/1.jpg","width":500,"height":374},{"@type":"BreadcrumbList","@id":"https:\/\/goldstonehvacr.com\/product\/butyl-semi-solid-vibration-damping-block\/#breadcrumb","itemListElement":[{"@type":"ListItem","position":1,"name":"Home","item":"https:\/\/goldstonehvacr.com\/"},{"@type":"ListItem","position":2,"name":"Shop","item":"https:\/\/goldstonehvacr.com\/shop\/"},{"@type":"ListItem","position":3,"name":"Butyl Semi-solid Vibration Damping Block"}]},{"@type":"WebSite","@id":"https:\/\/goldstonehvacr.com\/#website","url":"https:\/\/goldstonehvacr.com\/","name":"Gold Stone CVC\/R","description":"","publisher":{"@id":"https:\/\/goldstonehvacr.com\/#organization"},"potentialAction":[{"@type":"SearchAction","target":{"@type":"EntryPoint","urlTemplate":"https:\/\/goldstonehvacr.com\/?s={search_term_string}"},"query-input":{"@type":"PropertyValueSpecification","valueRequired":true,"valueName":"search_term_string"}}],"inLanguage":"fr-FR"},{"@type":"Organization","@id":"https:\/\/goldstonehvacr.com\/#organization","name":"Goldstone CVC","url":"https:\/\/goldstonehvacr.com\/","logo":{"@type":"ImageObject","inLanguage":"fr-FR","@id":"https:\/\/goldstonehvacr.com\/#\/schema\/logo\/image\/","url":"https:\/\/goldstonehvacr.com\/wp-content\/uploads\/2019\/09\/gsi-logo.png","contentUrl":"https:\/\/goldstonehvacr.com\/wp-content\/uploads\/2019\/09\/gsi-logo.png","width":340,"height":159,"caption":"Goldstone HVAC"},"image":{"@id":"https:\/\/goldstonehvacr.com\/#\/schema\/logo\/image\/"}}]}},"jetpack_sharing_enabled":true,"_links":{"self":[{"href":"https:\/\/goldstonehvacr.com\/fr\/wp-json\/wp\/v2\/product\/84768","targetHints":{"allow":["GET"]}}],"collection":[{"href":"https:\/\/goldstonehvacr.com\/fr\/wp-json\/wp\/v2\/product"}],"about":[{"href":"https:\/\/goldstonehvacr.com\/fr\/wp-json\/wp\/v2\/types\/product"}],"replies":[{"embeddable":true,"href":"https:\/\/goldstonehvacr.com\/fr\/wp-json\/wp\/v2\/comments?post=84768"}],"wp:featuredmedia":[{"embeddable":true,"href":"https:\/\/goldstonehvacr.com\/fr\/wp-json\/wp\/v2\/media\/84769"}],"wp:attachment":[{"href":"https:\/\/goldstonehvacr.com\/fr\/wp-json\/wp\/v2\/media?parent=84768"}],"wp:term":[{"taxonomy":"product_brand","embeddable":true,"href":"https:\/\/goldstonehvacr.com\/fr\/wp-json\/wp\/v2\/product_brand?post=84768"},{"taxonomy":"product_cat","embeddable":true,"href":"https:\/\/goldstonehvacr.com\/fr\/wp-json\/wp\/v2\/product_cat?post=84768"},{"taxonomy":"product_tag","embeddable":true,"href":"https:\/\/goldstonehvacr.com\/fr\/wp-json\/wp\/v2\/product_tag?post=84768"}],"curies":[{"name":"wp","href":"https:\/\/api.w.org\/{rel}","templated":true}]}}