{"id":40748,"date":"2021-07-16T19:51:10","date_gmt":"2021-07-16T19:51:10","guid":{"rendered":"https:\/\/goldstonehvacr.com\/?post_type=product&#038;p=40748"},"modified":"2021-07-16T20:05:15","modified_gmt":"2021-07-16T20:05:15","slug":"medical-copper-tube","status":"publish","type":"product","link":"https:\/\/goldstonehvacr.com\/fr\/produit\/medical-copper-tube\/","title":{"rendered":"Tube de cuivre m\u00e9dical"},"content":{"rendered":"<p>Les tubes en cuivre m\u00e9dicaux sont des tubes sans soudure produits pour deux \u00e9paisseurs de paroi de longueurs droites de tubes en cuivre sans soudure sp\u00e9cialement nettoy\u00e9s, identifi\u00e9s comme types K et L, adapt\u00e9s aux syst\u00e8mes de gaz m\u00e9dicaux.<\/p>\n<p>&nbsp;<\/p>\n<p>&nbsp;<\/p>\n<p>&nbsp;<\/p>","protected":false},"excerpt":{"rendered":"<p>GSI fournit des tubes en cuivre de haute qualit\u00e9 pour applications m\u00e9dicales, r\u00e9pondant aux besoins des syst\u00e8mes de gaz m\u00e9dicaux. La norme ASTM B819 d\u00e9taille les exigences relatives \u00e0 un type particulier de tube en cuivre DWV\u00a0: nuance d\u2019aluminium, trempe, propri\u00e9t\u00e9s m\u00e9caniques, dimensions, marquage, m\u00e9thodes de nettoyage, etc.<\/p>","protected":false},"featured_media":40751,"comment_status":"open","ping_status":"closed","template":"","meta":{"content-type":""},"product_brand":[],"product_cat":[232],"product_tag":[],"class_list":{"0":"post-40748","1":"product","2":"type-product","3":"status-publish","4":"has-post-thumbnail","6":"product_cat-medical-copper-tube","8":"first","9":"instock","10":"shipping-taxable","11":"product-type-simple"},"yoast_head":"<!-- This site is optimized with the Yoast SEO plugin v26.9 - https:\/\/yoast.com\/product\/yoast-seo-wordpress\/ -->\n<title>Medical Copper Tube - Gold Stone HVAC\/R<\/title>\n<meta name=\"robots\" content=\"index, follow, max-snippet:-1, max-image-preview:large, max-video-preview:-1\" \/>\n<link rel=\"canonical\" href=\"https:\/\/goldstonehvacr.com\/fr\/produit\/medical-copper-tube\/\" \/>\n<meta property=\"og:locale\" content=\"fr_FR\" \/>\n<meta property=\"og:type\" content=\"article\" \/>\n<meta property=\"og:title\" content=\"Medical Copper Tube - Gold Stone HVAC\/R\" \/>\n<meta property=\"og:description\" content=\"GSI supplies the high grade of medical copper tubes to meet the application needs of medical gas system. ASTM B819 lists all the requirements for a particular type of DWV copper tube from copper material grade, temper, mechanical property, size, marking and cleaning methods etc.\" \/>\n<meta property=\"og:url\" content=\"https:\/\/goldstonehvacr.com\/fr\/produit\/medical-copper-tube\/\" \/>\n<meta property=\"og:site_name\" content=\"Gold Stone HVAC\/R\" \/>\n<meta property=\"article:modified_time\" content=\"2021-07-16T20:05:15+00:00\" \/>\n<meta property=\"og:image\" content=\"https:\/\/goldstonehvacr.com\/wp-content\/uploads\/2021\/07\/Medical-Copper-Tube.png\" \/>\n\t<meta property=\"og:image:width\" content=\"427\" \/>\n\t<meta property=\"og:image:height\" content=\"271\" \/>\n\t<meta property=\"og:image:type\" content=\"image\/png\" \/>\n<meta name=\"twitter:card\" content=\"summary_large_image\" \/>\n<meta name=\"twitter:label1\" content=\"Dur\u00e9e de lecture estim\u00e9e\" \/>\n\t<meta name=\"twitter:data1\" content=\"1 minute\" \/>\n<!-- \/ Yoast SEO plugin. -->","yoast_head_json":{"title":"Medical Copper Tube - Gold Stone HVAC\/R","robots":{"index":"index","follow":"follow","max-snippet":"max-snippet:-1","max-image-preview":"max-image-preview:large","max-video-preview":"max-video-preview:-1"},"canonical":"https:\/\/goldstonehvacr.com\/fr\/produit\/medical-copper-tube\/","og_locale":"fr_FR","og_type":"article","og_title":"Medical Copper Tube - Gold Stone HVAC\/R","og_description":"GSI supplies the high grade of medical copper tubes to meet the application needs of medical gas system. ASTM B819 lists all the requirements for a particular type of DWV copper tube from copper material grade, temper, mechanical property, size, marking and cleaning methods etc.","og_url":"https:\/\/goldstonehvacr.com\/fr\/produit\/medical-copper-tube\/","og_site_name":"Gold Stone HVAC\/R","article_modified_time":"2021-07-16T20:05:15+00:00","og_image":[{"width":427,"height":271,"url":"https:\/\/goldstonehvacr.com\/wp-content\/uploads\/2021\/07\/Medical-Copper-Tube.png","type":"image\/png"}],"twitter_card":"summary_large_image","twitter_misc":{"Dur\u00e9e de lecture estim\u00e9e":"1 minute"},"schema":{"@context":"https:\/\/schema.org","@graph":[{"@type":"WebPage","@id":"https:\/\/goldstonehvacr.com\/product\/medical-copper-tube\/","url":"https:\/\/goldstonehvacr.com\/product\/medical-copper-tube\/","name":"Medical Copper Tube - Gold Stone HVAC\/R","isPartOf":{"@id":"https:\/\/goldstonehvacr.com\/#website"},"primaryImageOfPage":{"@id":"https:\/\/goldstonehvacr.com\/product\/medical-copper-tube\/#primaryimage"},"image":{"@id":"https:\/\/goldstonehvacr.com\/product\/medical-copper-tube\/#primaryimage"},"thumbnailUrl":"https:\/\/goldstonehvacr.com\/wp-content\/uploads\/2021\/07\/Medical-Copper-Tube.png","datePublished":"2021-07-16T19:51:10+00:00","dateModified":"2021-07-16T20:05:15+00:00","breadcrumb":{"@id":"https:\/\/goldstonehvacr.com\/product\/medical-copper-tube\/#breadcrumb"},"inLanguage":"fr-FR","potentialAction":[{"@type":"ReadAction","target":["https:\/\/goldstonehvacr.com\/product\/medical-copper-tube\/"]}]},{"@type":"ImageObject","inLanguage":"fr-FR","@id":"https:\/\/goldstonehvacr.com\/product\/medical-copper-tube\/#primaryimage","url":"https:\/\/goldstonehvacr.com\/wp-content\/uploads\/2021\/07\/Medical-Copper-Tube.png","contentUrl":"https:\/\/goldstonehvacr.com\/wp-content\/uploads\/2021\/07\/Medical-Copper-Tube.png","width":427,"height":271},{"@type":"BreadcrumbList","@id":"https:\/\/goldstonehvacr.com\/product\/medical-copper-tube\/#breadcrumb","itemListElement":[{"@type":"ListItem","position":1,"name":"Home","item":"https:\/\/goldstonehvacr.com\/"},{"@type":"ListItem","position":2,"name":"Shop","item":"https:\/\/goldstonehvacr.com\/shop\/"},{"@type":"ListItem","position":3,"name":"Medical Copper Tube"}]},{"@type":"WebSite","@id":"https:\/\/goldstonehvacr.com\/#website","url":"https:\/\/goldstonehvacr.com\/","name":"Gold Stone CVC\/R","description":"","publisher":{"@id":"https:\/\/goldstonehvacr.com\/#organization"},"potentialAction":[{"@type":"SearchAction","target":{"@type":"EntryPoint","urlTemplate":"https:\/\/goldstonehvacr.com\/?s={search_term_string}"},"query-input":{"@type":"PropertyValueSpecification","valueRequired":true,"valueName":"search_term_string"}}],"inLanguage":"fr-FR"},{"@type":"Organization","@id":"https:\/\/goldstonehvacr.com\/#organization","name":"Goldstone CVC","url":"https:\/\/goldstonehvacr.com\/","logo":{"@type":"ImageObject","inLanguage":"fr-FR","@id":"https:\/\/goldstonehvacr.com\/#\/schema\/logo\/image\/","url":"https:\/\/goldstonehvacr.com\/wp-content\/uploads\/2019\/09\/gsi-logo.png","contentUrl":"https:\/\/goldstonehvacr.com\/wp-content\/uploads\/2019\/09\/gsi-logo.png","width":340,"height":159,"caption":"Goldstone HVAC"},"image":{"@id":"https:\/\/goldstonehvacr.com\/#\/schema\/logo\/image\/"}}]}},"jetpack_sharing_enabled":true,"_links":{"self":[{"href":"https:\/\/goldstonehvacr.com\/fr\/wp-json\/wp\/v2\/product\/40748","targetHints":{"allow":["GET"]}}],"collection":[{"href":"https:\/\/goldstonehvacr.com\/fr\/wp-json\/wp\/v2\/product"}],"about":[{"href":"https:\/\/goldstonehvacr.com\/fr\/wp-json\/wp\/v2\/types\/product"}],"replies":[{"embeddable":true,"href":"https:\/\/goldstonehvacr.com\/fr\/wp-json\/wp\/v2\/comments?post=40748"}],"wp:featuredmedia":[{"embeddable":true,"href":"https:\/\/goldstonehvacr.com\/fr\/wp-json\/wp\/v2\/media\/40751"}],"wp:attachment":[{"href":"https:\/\/goldstonehvacr.com\/fr\/wp-json\/wp\/v2\/media?parent=40748"}],"wp:term":[{"taxonomy":"product_brand","embeddable":true,"href":"https:\/\/goldstonehvacr.com\/fr\/wp-json\/wp\/v2\/product_brand?post=40748"},{"taxonomy":"product_cat","embeddable":true,"href":"https:\/\/goldstonehvacr.com\/fr\/wp-json\/wp\/v2\/product_cat?post=40748"},{"taxonomy":"product_tag","embeddable":true,"href":"https:\/\/goldstonehvacr.com\/fr\/wp-json\/wp\/v2\/product_tag?post=40748"}],"curies":[{"name":"wp","href":"https:\/\/api.w.org\/{rel}","templated":true}]}}