{"id":40482,"date":"2021-03-27T21:29:03","date_gmt":"2021-03-27T21:29:03","guid":{"rendered":"https:\/\/goldstonehvacr.com\/?post_type=product&#038;p=40482"},"modified":"2021-07-28T14:55:44","modified_gmt":"2021-07-28T14:55:44","slug":"black-rubber-dual-insulated-line-set","status":"publish","type":"product","link":"https:\/\/goldstonehvacr.com\/fr\/produit\/black-rubber-dual-insulated-line-set\/","title":{"rendered":"Ensemble de conduites \u00e0 double isolation en caoutchouc noir"},"content":{"rendered":"<p><strong>Caract\u00e9ristiques principales des tuyaux et tubes en cuivre isol\u00e9s<\/strong><\/p>\n<p>Gr\u00e2ce \u00e0 des composants de meilleure qualit\u00e9, nous cr\u00e9ons des syst\u00e8mes de refroidissement sup\u00e9rieurs qui r\u00e9duisent les pannes et am\u00e9liorent les performances. La gamme de produits Gold Stone HVACR Inc. pour applications CVC y parvient en respectant, voire en d\u00e9passant, les normes de qualit\u00e9 afin de garantir des performances optimales gr\u00e2ce aux caract\u00e9ristiques suivantes\u00a0:<\/p>\n<ul>\n<li>Tube en cuivre : C12200 DHP<\/li>\n<li>Isolation : Mousse de poly\u00e9thyl\u00e8ne \u00e0 cellules ferm\u00e9es basse densit\u00e9<\/li>\n<li>Temp\u00e9rature de fonctionnement : conforme\/d\u00e9passe la norme ASTM C 1427-07<\/li>\n<li>Caract\u00e9ristiques de combustion en surface\u00a0: UL 94, meilleure note pour les caract\u00e9ristiques de combustion en surface \u2013 UL 723 Indice de flamme et de propagation inf\u00e9rieur \u00e0 25 et indice de d\u00e9gagement de fum\u00e9e inf\u00e9rieur \u00e0 50<\/li>\n<li>Conforme \u00e0 la norme ASTM E84 pour la fum\u00e9e et le feu (25\/50)<\/li>\n<li>Film ext\u00e9rieur en LDPE ignifug\u00e9 anti-UV, pouvant \u00eatre peint, r\u00e9sistance sup\u00e9rieure \u00e0 la d\u00e9chirure, r\u00e9sistant aux UV<\/li>\n<li>Chaque pied marqu\u00e9<\/li>\n<li>Extr\u00e9mit\u00e9s lisses serties ou bouch\u00e9es disponibles<\/li>\n<\/ul>","protected":false},"excerpt":{"rendered":"<p>Les tuyaux et tubes en cuivre isol\u00e9s, test\u00e9s en interne par Gold Stone HVACR Inc., sont con\u00e7us pour une installation simple et rapide, vous permettant ainsi d&#039;\u00e9conomiser du temps et de l&#039;argent sur chaque chantier.<\/p>","protected":false},"featured_media":40648,"comment_status":"open","ping_status":"closed","template":"","meta":{"content-type":""},"product_brand":[],"product_cat":[227,234,160,172],"product_tag":[],"class_list":{"0":"post-40482","1":"product","2":"type-product","3":"status-publish","4":"has-post-thumbnail","6":"product_cat-dual-insulated-line-set","7":"product_cat-wholesale-promotion","8":"product_cat-whosale","9":"product_cat-line-set","11":"first","12":"instock","13":"featured","14":"shipping-taxable","15":"product-type-simple"},"yoast_head":"<!-- This site is optimized with the Yoast SEO plugin v27.2 - https:\/\/yoast.com\/product\/yoast-seo-wordpress\/ -->\n<title>Black Rubber Dual Insulated Line Set - Gold Stone HVAC\/R<\/title>\n<meta name=\"robots\" content=\"index, follow, max-snippet:-1, max-image-preview:large, max-video-preview:-1\" \/>\n<link rel=\"canonical\" href=\"https:\/\/goldstonehvacr.com\/fr\/produit\/black-rubber-dual-insulated-line-set\/\" \/>\n<meta property=\"og:locale\" content=\"fr_FR\" \/>\n<meta property=\"og:type\" content=\"article\" \/>\n<meta property=\"og:title\" content=\"Black Rubber Dual Insulated Line Set - Gold Stone HVAC\/R\" \/>\n<meta property=\"og:description\" content=\"Gold Stone HVACR Inc.\u2019s in-house tested insulate copper pipe and tubing is designed to make installation simple and quick \u2013 saving you time and money on each job.\" \/>\n<meta property=\"og:url\" content=\"https:\/\/goldstonehvacr.com\/fr\/produit\/black-rubber-dual-insulated-line-set\/\" \/>\n<meta property=\"og:site_name\" content=\"Gold Stone HVAC\/R\" \/>\n<meta property=\"article:modified_time\" content=\"2021-07-28T14:55:44+00:00\" \/>\n<meta property=\"og:image\" content=\"https:\/\/goldstonehvacr.com\/wp-content\/uploads\/2021\/03\/Dual-Insulated-Line-Set-.jpg\" \/>\n\t<meta property=\"og:image:width\" content=\"422\" \/>\n\t<meta property=\"og:image:height\" content=\"281\" \/>\n\t<meta property=\"og:image:type\" content=\"image\/jpeg\" \/>\n<meta name=\"twitter:card\" content=\"summary_large_image\" \/>\n<meta name=\"twitter:label1\" content=\"Dur\u00e9e de lecture estim\u00e9e\" \/>\n\t<meta name=\"twitter:data1\" content=\"1 minute\" \/>\n<!-- \/ Yoast SEO plugin. -->","yoast_head_json":{"title":"Black Rubber Dual Insulated Line Set - Gold Stone HVAC\/R","robots":{"index":"index","follow":"follow","max-snippet":"max-snippet:-1","max-image-preview":"max-image-preview:large","max-video-preview":"max-video-preview:-1"},"canonical":"https:\/\/goldstonehvacr.com\/fr\/produit\/black-rubber-dual-insulated-line-set\/","og_locale":"fr_FR","og_type":"article","og_title":"Black Rubber Dual Insulated Line Set - Gold Stone HVAC\/R","og_description":"Gold Stone HVACR Inc.\u2019s in-house tested insulate copper pipe and tubing is designed to make installation simple and quick \u2013 saving you time and money on each job.","og_url":"https:\/\/goldstonehvacr.com\/fr\/produit\/black-rubber-dual-insulated-line-set\/","og_site_name":"Gold Stone HVAC\/R","article_modified_time":"2021-07-28T14:55:44+00:00","og_image":[{"width":422,"height":281,"url":"https:\/\/goldstonehvacr.com\/wp-content\/uploads\/2021\/03\/Dual-Insulated-Line-Set-.jpg","type":"image\/jpeg"}],"twitter_card":"summary_large_image","twitter_misc":{"Dur\u00e9e de lecture estim\u00e9e":"1 minute"},"schema":{"@context":"https:\/\/schema.org","@graph":[{"@type":"WebPage","@id":"https:\/\/goldstonehvacr.com\/product\/black-rubber-dual-insulated-line-set\/","url":"https:\/\/goldstonehvacr.com\/product\/black-rubber-dual-insulated-line-set\/","name":"Black Rubber Dual Insulated Line Set - Gold Stone HVAC\/R","isPartOf":{"@id":"https:\/\/goldstonehvacr.com\/#website"},"primaryImageOfPage":{"@id":"https:\/\/goldstonehvacr.com\/product\/black-rubber-dual-insulated-line-set\/#primaryimage"},"image":{"@id":"https:\/\/goldstonehvacr.com\/product\/black-rubber-dual-insulated-line-set\/#primaryimage"},"thumbnailUrl":"https:\/\/goldstonehvacr.com\/wp-content\/uploads\/2021\/03\/Dual-Insulated-Line-Set-.jpg","datePublished":"2021-03-27T21:29:03+00:00","dateModified":"2021-07-28T14:55:44+00:00","breadcrumb":{"@id":"https:\/\/goldstonehvacr.com\/product\/black-rubber-dual-insulated-line-set\/#breadcrumb"},"inLanguage":"fr-FR","potentialAction":[{"@type":"ReadAction","target":["https:\/\/goldstonehvacr.com\/product\/black-rubber-dual-insulated-line-set\/"]}]},{"@type":"ImageObject","inLanguage":"fr-FR","@id":"https:\/\/goldstonehvacr.com\/product\/black-rubber-dual-insulated-line-set\/#primaryimage","url":"https:\/\/goldstonehvacr.com\/wp-content\/uploads\/2021\/03\/Dual-Insulated-Line-Set-.jpg","contentUrl":"https:\/\/goldstonehvacr.com\/wp-content\/uploads\/2021\/03\/Dual-Insulated-Line-Set-.jpg","width":422,"height":281},{"@type":"BreadcrumbList","@id":"https:\/\/goldstonehvacr.com\/product\/black-rubber-dual-insulated-line-set\/#breadcrumb","itemListElement":[{"@type":"ListItem","position":1,"name":"Home","item":"https:\/\/goldstonehvacr.com\/"},{"@type":"ListItem","position":2,"name":"Shop","item":"https:\/\/goldstonehvacr.com\/shop\/"},{"@type":"ListItem","position":3,"name":"Black Rubber Dual Insulated Line Set"}]},{"@type":"WebSite","@id":"https:\/\/goldstonehvacr.com\/#website","url":"https:\/\/goldstonehvacr.com\/","name":"Gold Stone CVC\/R","description":"","publisher":{"@id":"https:\/\/goldstonehvacr.com\/#organization"},"potentialAction":[{"@type":"SearchAction","target":{"@type":"EntryPoint","urlTemplate":"https:\/\/goldstonehvacr.com\/?s={search_term_string}"},"query-input":{"@type":"PropertyValueSpecification","valueRequired":true,"valueName":"search_term_string"}}],"inLanguage":"fr-FR"},{"@type":"Organization","@id":"https:\/\/goldstonehvacr.com\/#organization","name":"Goldstone CVC","url":"https:\/\/goldstonehvacr.com\/","logo":{"@type":"ImageObject","inLanguage":"fr-FR","@id":"https:\/\/goldstonehvacr.com\/#\/schema\/logo\/image\/","url":"https:\/\/goldstonehvacr.com\/wp-content\/uploads\/2019\/09\/gsi-logo.png","contentUrl":"https:\/\/goldstonehvacr.com\/wp-content\/uploads\/2019\/09\/gsi-logo.png","width":340,"height":159,"caption":"Goldstone HVAC"},"image":{"@id":"https:\/\/goldstonehvacr.com\/#\/schema\/logo\/image\/"}}]}},"jetpack_sharing_enabled":true,"_links":{"self":[{"href":"https:\/\/goldstonehvacr.com\/fr\/wp-json\/wp\/v2\/product\/40482","targetHints":{"allow":["GET"]}}],"collection":[{"href":"https:\/\/goldstonehvacr.com\/fr\/wp-json\/wp\/v2\/product"}],"about":[{"href":"https:\/\/goldstonehvacr.com\/fr\/wp-json\/wp\/v2\/types\/product"}],"replies":[{"embeddable":true,"href":"https:\/\/goldstonehvacr.com\/fr\/wp-json\/wp\/v2\/comments?post=40482"}],"wp:featuredmedia":[{"embeddable":true,"href":"https:\/\/goldstonehvacr.com\/fr\/wp-json\/wp\/v2\/media\/40648"}],"wp:attachment":[{"href":"https:\/\/goldstonehvacr.com\/fr\/wp-json\/wp\/v2\/media?parent=40482"}],"wp:term":[{"taxonomy":"product_brand","embeddable":true,"href":"https:\/\/goldstonehvacr.com\/fr\/wp-json\/wp\/v2\/product_brand?post=40482"},{"taxonomy":"product_cat","embeddable":true,"href":"https:\/\/goldstonehvacr.com\/fr\/wp-json\/wp\/v2\/product_cat?post=40482"},{"taxonomy":"product_tag","embeddable":true,"href":"https:\/\/goldstonehvacr.com\/fr\/wp-json\/wp\/v2\/product_tag?post=40482"}],"curies":[{"name":"wp","href":"https:\/\/api.w.org\/{rel}","templated":true}]}}