{"id":40475,"date":"2021-03-15T21:00:07","date_gmt":"2021-03-15T21:00:07","guid":{"rendered":"https:\/\/goldstonehvacr.com\/?post_type=product&#038;p=40475"},"modified":"2021-07-14T19:45:18","modified_gmt":"2021-07-14T19:45:18","slug":"disconnection-switch-box","status":"publish","type":"product","link":"https:\/\/goldstonehvacr.com\/fr\/produit\/disconnection-switch-box\/","title":{"rendered":"Bo\u00eetier de d\u00e9connexion du climatiseur"},"content":{"rendered":"<p><strong>Caract\u00e9ristiques principales du bo\u00eetier de d\u00e9connexion du climatiseur<\/strong><\/p>\n<p>Gr\u00e2ce \u00e0 des composants de meilleure qualit\u00e9, nous cr\u00e9ons des syst\u00e8mes de refroidissement sup\u00e9rieurs qui r\u00e9duisent les pannes et am\u00e9liorent les performances. Gold Stone HVACR Inc. <strong>Bo\u00eetier de d\u00e9connexion du climatiseur <\/strong>Nous y parvenons en respectant, voire en d\u00e9passant, les normes de qualit\u00e9 afin de garantir des performances optimales gr\u00e2ce aux caract\u00e9ristiques suivantes\u00a0:<\/p>\n<ul>\n<li>Bo\u00eetiers ext\u00e9rieurs NEMA 3 R disponibles en versions m\u00e9talliques et non m\u00e9talliques<\/li>\n<li>\u00c9cran de protection haute r\u00e9sistance facile \u00e0 retirer pour faciliter le c\u00e2blage et le montage<\/li>\n<li>Couvercle avant facile \u00e0 retirer (sans vis ni fixations \u00e0 enlever)<\/li>\n<li>D\u00e9coupes de 2,5 cm (1 pouce) sur le dessous, l&#039;arri\u00e8re et le c\u00f4t\u00e9 de l&#039;appareil<\/li>\n<li>Cosses de ligne et de charge en cuivre facilement accessibles<\/li>\n<li>Espace suffisant pour le c\u00e2blage permettant le montage avec une pince \u00e0 goujons (fixation par trou de serrure unique, deux ou trois points)<\/li>\n<li>Les dispositifs \u00e0 fusibles sont conformes aux normes d&#039;entr\u00e9e de service<\/li>\n<li>Porte verrouillable pour plus de s\u00e9curit\u00e9 et pour limiter les risques de vandalisme.<\/li>\n<li>Les enceintes m\u00e9talliques ne permettent que l&#039;entr\u00e9e et la sortie par le bas.<\/li>\n<li>Les bo\u00eetiers non m\u00e9talliques comportent des ouvertures pr\u00e9d\u00e9coup\u00e9es et un emplacement pour moyeu permettant l&#039;acc\u00e8s par le haut.<\/li>\n<li>Les bo\u00eetiers non m\u00e9talliques sont dot\u00e9s d&#039;une porte unique et d&#039;un \u00e9cran de protection pour faciliter l&#039;installation.<\/li>\n<li>Les bo\u00eetiers non m\u00e9talliques sont durables et offrent une excellente r\u00e9sistance aux variations climatiques.<\/li>\n<li>Des prises inviolables et r\u00e9sistantes aux intemp\u00e9ries, install\u00e9es en usine, sont disponibles en option sur certains produits. TwinLock offre une liaison \u00e0 double r\u00e9sistance.<\/li>\n<\/ul>\n<p>Notre engagement envers vous et votre entreprise comprend la livraison express de pi\u00e8ces essentielles comme notre support mural et son syst\u00e8me de fixation. Les clients de l&#039;Ontario et du Qu\u00e9bec peuvent s&#039;attendre \u00e0 recevoir leurs pi\u00e8ces en seulement 2 \u00e0 3 jours ouvrables.<\/p>\n<p>Goldstone HVACR Inc. dessert \u00e9galement ses clients partout au Canada et aux \u00c9tats-Unis gr\u00e2ce \u00e0 sa livraison rapide garantie. Le d\u00e9lai de livraison hors Ontario et Qu\u00e9bec est de 3 \u00e0 7 jours ouvrables, et de 5 \u00e0 7 jours ouvrables aux \u00c9tats-Unis.<\/p>","protected":false},"excerpt":{"rendered":"<p>Les bo\u00eetiers de d\u00e9connexion de climatiseurs de Gold Stone HVACR Inc., rigoureusement test\u00e9s, sont con\u00e7us pour une installation simple et rapide, vous permettant ainsi de gagner du temps et de l&#039;argent \u00e0 chaque intervention. Gr\u00e2ce \u00e0 leur construction robuste et leur format compact, nos bo\u00eetiers de d\u00e9connexion de climatiseurs sont id\u00e9aux pour une installation dans les environnements commerciaux et r\u00e9sidentiels.<\/p>","protected":false},"featured_media":40476,"comment_status":"open","ping_status":"closed","template":"","meta":{"content-type":""},"product_brand":[],"product_cat":[160,176,182],"product_tag":[],"class_list":{"0":"post-40475","1":"product","2":"type-product","3":"status-publish","4":"has-post-thumbnail","6":"product_cat-whosale","7":"product_cat-ac-installation-accessories","8":"product_cat-disconnection-switch-box","10":"first","11":"instock","12":"shipping-taxable","13":"product-type-simple"},"yoast_head":"<!-- This site is optimized with the Yoast SEO plugin v26.9 - https:\/\/yoast.com\/product\/yoast-seo-wordpress\/ -->\n<title>A\/C Disconnection Switch Box - Gold Stone HVAC\/R<\/title>\n<meta name=\"robots\" content=\"index, follow, max-snippet:-1, max-image-preview:large, max-video-preview:-1\" \/>\n<link rel=\"canonical\" href=\"https:\/\/goldstonehvacr.com\/fr\/produit\/disconnection-switch-box\/\" \/>\n<meta property=\"og:locale\" content=\"fr_FR\" \/>\n<meta property=\"og:type\" content=\"article\" \/>\n<meta property=\"og:title\" content=\"A\/C Disconnection Switch Box - Gold Stone HVAC\/R\" \/>\n<meta property=\"og:description\" content=\"Gold Stone HVACR Inc.\u2019s rigorously tested Air Conditioner Disconnection Box are designed to make installation simple and quick \u2013 saving you time and money on each job. Featuring heavy-duty construction and a compact size, our AC disconnection switch boxes are ideal for installation in commercial and residential settings\" \/>\n<meta property=\"og:url\" content=\"https:\/\/goldstonehvacr.com\/fr\/produit\/disconnection-switch-box\/\" \/>\n<meta property=\"og:site_name\" content=\"Gold Stone HVAC\/R\" \/>\n<meta property=\"article:modified_time\" content=\"2021-07-14T19:45:18+00:00\" \/>\n<meta property=\"og:image\" content=\"https:\/\/goldstonehvacr.com\/wp-content\/uploads\/2021\/03\/Disconnection-Switch-Box-min.jpg\" \/>\n\t<meta property=\"og:image:width\" content=\"550\" \/>\n\t<meta property=\"og:image:height\" content=\"550\" \/>\n\t<meta property=\"og:image:type\" content=\"image\/jpeg\" \/>\n<meta name=\"twitter:card\" content=\"summary_large_image\" \/>\n<meta name=\"twitter:label1\" content=\"Dur\u00e9e de lecture estim\u00e9e\" \/>\n\t<meta name=\"twitter:data1\" content=\"2 minutes\" \/>\n<!-- \/ Yoast SEO plugin. -->","yoast_head_json":{"title":"A\/C Disconnection Switch Box - Gold Stone HVAC\/R","robots":{"index":"index","follow":"follow","max-snippet":"max-snippet:-1","max-image-preview":"max-image-preview:large","max-video-preview":"max-video-preview:-1"},"canonical":"https:\/\/goldstonehvacr.com\/fr\/produit\/disconnection-switch-box\/","og_locale":"fr_FR","og_type":"article","og_title":"A\/C Disconnection Switch Box - Gold Stone HVAC\/R","og_description":"Gold Stone HVACR Inc.\u2019s rigorously tested Air Conditioner Disconnection Box are designed to make installation simple and quick \u2013 saving you time and money on each job. Featuring heavy-duty construction and a compact size, our AC disconnection switch boxes are ideal for installation in commercial and residential settings","og_url":"https:\/\/goldstonehvacr.com\/fr\/produit\/disconnection-switch-box\/","og_site_name":"Gold Stone HVAC\/R","article_modified_time":"2021-07-14T19:45:18+00:00","og_image":[{"width":550,"height":550,"url":"https:\/\/goldstonehvacr.com\/wp-content\/uploads\/2021\/03\/Disconnection-Switch-Box-min.jpg","type":"image\/jpeg"}],"twitter_card":"summary_large_image","twitter_misc":{"Dur\u00e9e de lecture estim\u00e9e":"2 minutes"},"schema":{"@context":"https:\/\/schema.org","@graph":[{"@type":"WebPage","@id":"https:\/\/goldstonehvacr.com\/product\/disconnection-switch-box\/","url":"https:\/\/goldstonehvacr.com\/product\/disconnection-switch-box\/","name":"A\/C Disconnection Switch Box - Gold Stone HVAC\/R","isPartOf":{"@id":"https:\/\/goldstonehvacr.com\/#website"},"primaryImageOfPage":{"@id":"https:\/\/goldstonehvacr.com\/product\/disconnection-switch-box\/#primaryimage"},"image":{"@id":"https:\/\/goldstonehvacr.com\/product\/disconnection-switch-box\/#primaryimage"},"thumbnailUrl":"https:\/\/goldstonehvacr.com\/wp-content\/uploads\/2021\/03\/Disconnection-Switch-Box-min.jpg","datePublished":"2021-03-15T21:00:07+00:00","dateModified":"2021-07-14T19:45:18+00:00","breadcrumb":{"@id":"https:\/\/goldstonehvacr.com\/product\/disconnection-switch-box\/#breadcrumb"},"inLanguage":"fr-FR","potentialAction":[{"@type":"ReadAction","target":["https:\/\/goldstonehvacr.com\/product\/disconnection-switch-box\/"]}]},{"@type":"ImageObject","inLanguage":"fr-FR","@id":"https:\/\/goldstonehvacr.com\/product\/disconnection-switch-box\/#primaryimage","url":"https:\/\/goldstonehvacr.com\/wp-content\/uploads\/2021\/03\/Disconnection-Switch-Box-min.jpg","contentUrl":"https:\/\/goldstonehvacr.com\/wp-content\/uploads\/2021\/03\/Disconnection-Switch-Box-min.jpg","width":550,"height":550},{"@type":"BreadcrumbList","@id":"https:\/\/goldstonehvacr.com\/product\/disconnection-switch-box\/#breadcrumb","itemListElement":[{"@type":"ListItem","position":1,"name":"Home","item":"https:\/\/goldstonehvacr.com\/"},{"@type":"ListItem","position":2,"name":"Shop","item":"https:\/\/goldstonehvacr.com\/shop\/"},{"@type":"ListItem","position":3,"name":"A\/C Disconnection Switch Box"}]},{"@type":"WebSite","@id":"https:\/\/goldstonehvacr.com\/#website","url":"https:\/\/goldstonehvacr.com\/","name":"Gold Stone CVC\/R","description":"","publisher":{"@id":"https:\/\/goldstonehvacr.com\/#organization"},"potentialAction":[{"@type":"SearchAction","target":{"@type":"EntryPoint","urlTemplate":"https:\/\/goldstonehvacr.com\/?s={search_term_string}"},"query-input":{"@type":"PropertyValueSpecification","valueRequired":true,"valueName":"search_term_string"}}],"inLanguage":"fr-FR"},{"@type":"Organization","@id":"https:\/\/goldstonehvacr.com\/#organization","name":"Goldstone CVC","url":"https:\/\/goldstonehvacr.com\/","logo":{"@type":"ImageObject","inLanguage":"fr-FR","@id":"https:\/\/goldstonehvacr.com\/#\/schema\/logo\/image\/","url":"https:\/\/goldstonehvacr.com\/wp-content\/uploads\/2019\/09\/gsi-logo.png","contentUrl":"https:\/\/goldstonehvacr.com\/wp-content\/uploads\/2019\/09\/gsi-logo.png","width":340,"height":159,"caption":"Goldstone HVAC"},"image":{"@id":"https:\/\/goldstonehvacr.com\/#\/schema\/logo\/image\/"}}]}},"jetpack_sharing_enabled":true,"_links":{"self":[{"href":"https:\/\/goldstonehvacr.com\/fr\/wp-json\/wp\/v2\/product\/40475","targetHints":{"allow":["GET"]}}],"collection":[{"href":"https:\/\/goldstonehvacr.com\/fr\/wp-json\/wp\/v2\/product"}],"about":[{"href":"https:\/\/goldstonehvacr.com\/fr\/wp-json\/wp\/v2\/types\/product"}],"replies":[{"embeddable":true,"href":"https:\/\/goldstonehvacr.com\/fr\/wp-json\/wp\/v2\/comments?post=40475"}],"wp:featuredmedia":[{"embeddable":true,"href":"https:\/\/goldstonehvacr.com\/fr\/wp-json\/wp\/v2\/media\/40476"}],"wp:attachment":[{"href":"https:\/\/goldstonehvacr.com\/fr\/wp-json\/wp\/v2\/media?parent=40475"}],"wp:term":[{"taxonomy":"product_brand","embeddable":true,"href":"https:\/\/goldstonehvacr.com\/fr\/wp-json\/wp\/v2\/product_brand?post=40475"},{"taxonomy":"product_cat","embeddable":true,"href":"https:\/\/goldstonehvacr.com\/fr\/wp-json\/wp\/v2\/product_cat?post=40475"},{"taxonomy":"product_tag","embeddable":true,"href":"https:\/\/goldstonehvacr.com\/fr\/wp-json\/wp\/v2\/product_tag?post=40475"}],"curies":[{"name":"wp","href":"https:\/\/api.w.org\/{rel}","templated":true}]}}