{"id":40203,"date":"2021-03-25T20:36:45","date_gmt":"2021-03-25T20:36:45","guid":{"rendered":"https:\/\/goldstonehvacr.com\/?post_type=product&#038;p=40203"},"modified":"2021-07-14T15:28:24","modified_gmt":"2021-07-14T15:28:24","slug":"a-c-mounting-support","status":"publish","type":"product","link":"https:\/\/goldstonehvacr.com\/fr\/produit\/a-c-mounting-support\/","title":{"rendered":"Support de montage pour climatiseur"},"content":{"rendered":"<h3>Caract\u00e9ristiques principales du support de montage pour climatiseur<\/h3>\n<p>Gr\u00e2ce \u00e0 des composants de meilleure qualit\u00e9, nous cr\u00e9ons des syst\u00e8mes de refroidissement sup\u00e9rieurs qui r\u00e9duisent les pannes et am\u00e9liorent les performances. Le support mural et le syst\u00e8me de fixation de Greatstone International Ltd. rendent cela possible en respectant, voire en d\u00e9passant, les normes de qualit\u00e9 afin de garantir des performances optimales gr\u00e2ce aux caract\u00e9ristiques suivantes\u00a0:<\/p>\n<ul>\n<li>100% caoutchouc recycl\u00e9<\/li>\n<li>Profil\u00e9 et niveau en aluminium int\u00e9gr\u00e9<\/li>\n<li>Conditions de travail -40<b>\u00b0<\/b>C \u00e0 plus de 82<b>\u00b0<\/b>C<\/li>\n<li>Att\u00e9nue les vibrations et le bruit<\/li>\n<li>r\u00e9sistant aux UV<\/li>\n<li>Installation rapide et simple<\/li>\n<\/ul>\n<p>Notre engagement envers vous et votre entreprise comprend la livraison express de pi\u00e8ces essentielles comme notre support mural et son syst\u00e8me de fixation. Les clients de l&#039;Ontario et du Qu\u00e9bec peuvent s&#039;attendre \u00e0 recevoir leurs pi\u00e8ces en seulement 2 \u00e0 3 jours ouvrables.<\/p>\n<p>Goldstone HVACR Inc. dessert \u00e9galement ses clients partout au Canada et aux \u00c9tats-Unis gr\u00e2ce \u00e0 sa livraison rapide garantie. Le d\u00e9lai de livraison hors Ontario et Qu\u00e9bec est de 3 \u00e0 7 jours ouvrables, et de 5 \u00e0 7 jours ouvrables aux \u00c9tats-Unis.<\/p>","protected":false},"excerpt":{"rendered":"<p style=\"text-align: left;\">Les supports de montage pour climatiseurs de Gold Stone HVACR Inc., rigoureusement test\u00e9s, sont con\u00e7us pour une installation simple et rapide, vous permettant ainsi de gagner du temps et de l&#039;argent \u00e0 chaque intervention. Gr\u00e2ce \u00e0 leur construction robuste et leur format compact, nos supports de montage sont parfaitement adapt\u00e9s aux installations commerciales et r\u00e9sidentielles.<\/p>","protected":false},"featured_media":40204,"comment_status":"open","ping_status":"closed","template":"","meta":{"content-type":""},"product_brand":[],"product_cat":[176,211,160],"product_tag":[],"class_list":{"0":"post-40203","1":"product","2":"type-product","3":"status-publish","4":"has-post-thumbnail","6":"product_cat-ac-installation-accessories","7":"product_cat-mounting-support","8":"product_cat-whosale","10":"first","11":"instock","12":"shipping-taxable","13":"product-type-simple"},"yoast_head":"<!-- This site is optimized with the Yoast SEO plugin v27.2 - https:\/\/yoast.com\/product\/yoast-seo-wordpress\/ -->\n<title>A\/C Mounting Support - Gold Stone HVAC\/R<\/title>\n<meta name=\"robots\" content=\"index, follow, max-snippet:-1, max-image-preview:large, max-video-preview:-1\" \/>\n<link rel=\"canonical\" href=\"https:\/\/goldstonehvacr.com\/fr\/produit\/a-c-mounting-support\/\" \/>\n<meta property=\"og:locale\" content=\"fr_FR\" \/>\n<meta property=\"og:type\" content=\"article\" \/>\n<meta property=\"og:title\" content=\"A\/C Mounting Support - Gold Stone HVAC\/R\" \/>\n<meta property=\"og:description\" content=\"Gold Stone HVACR Inc.\u2019s rigorously tested Air Conditioner Mounting Supports are designed to make installation simple and quick \u2013 saving you time and money on each job. Featuring heavy-duty construction and a compact size, our mounting support are ideal for installation in commercial and residential settings.\" \/>\n<meta property=\"og:url\" content=\"https:\/\/goldstonehvacr.com\/fr\/produit\/a-c-mounting-support\/\" \/>\n<meta property=\"og:site_name\" content=\"Gold Stone HVAC\/R\" \/>\n<meta property=\"article:modified_time\" content=\"2021-07-14T15:28:24+00:00\" \/>\n<meta property=\"og:image\" content=\"https:\/\/goldstonehvacr.com\/wp-content\/uploads\/2021\/03\/Mounting-Support-pictures-min.jpg\" \/>\n\t<meta property=\"og:image:width\" content=\"550\" \/>\n\t<meta property=\"og:image:height\" content=\"550\" \/>\n\t<meta property=\"og:image:type\" content=\"image\/jpeg\" \/>\n<meta name=\"twitter:card\" content=\"summary_large_image\" \/>\n<meta name=\"twitter:label1\" content=\"Dur\u00e9e de lecture estim\u00e9e\" \/>\n\t<meta name=\"twitter:data1\" content=\"1 minute\" \/>\n<!-- \/ Yoast SEO plugin. -->","yoast_head_json":{"title":"A\/C Mounting Support - Gold Stone HVAC\/R","robots":{"index":"index","follow":"follow","max-snippet":"max-snippet:-1","max-image-preview":"max-image-preview:large","max-video-preview":"max-video-preview:-1"},"canonical":"https:\/\/goldstonehvacr.com\/fr\/produit\/a-c-mounting-support\/","og_locale":"fr_FR","og_type":"article","og_title":"A\/C Mounting Support - Gold Stone HVAC\/R","og_description":"Gold Stone HVACR Inc.\u2019s rigorously tested Air Conditioner Mounting Supports are designed to make installation simple and quick \u2013 saving you time and money on each job. Featuring heavy-duty construction and a compact size, our mounting support are ideal for installation in commercial and residential settings.","og_url":"https:\/\/goldstonehvacr.com\/fr\/produit\/a-c-mounting-support\/","og_site_name":"Gold Stone HVAC\/R","article_modified_time":"2021-07-14T15:28:24+00:00","og_image":[{"width":550,"height":550,"url":"https:\/\/goldstonehvacr.com\/wp-content\/uploads\/2021\/03\/Mounting-Support-pictures-min.jpg","type":"image\/jpeg"}],"twitter_card":"summary_large_image","twitter_misc":{"Dur\u00e9e de lecture estim\u00e9e":"1 minute"},"schema":{"@context":"https:\/\/schema.org","@graph":[{"@type":"WebPage","@id":"https:\/\/goldstonehvacr.com\/product\/a-c-mounting-support\/","url":"https:\/\/goldstonehvacr.com\/product\/a-c-mounting-support\/","name":"A\/C Mounting Support - Gold Stone HVAC\/R","isPartOf":{"@id":"https:\/\/goldstonehvacr.com\/#website"},"primaryImageOfPage":{"@id":"https:\/\/goldstonehvacr.com\/product\/a-c-mounting-support\/#primaryimage"},"image":{"@id":"https:\/\/goldstonehvacr.com\/product\/a-c-mounting-support\/#primaryimage"},"thumbnailUrl":"https:\/\/goldstonehvacr.com\/wp-content\/uploads\/2021\/03\/Mounting-Support-pictures-min.jpg","datePublished":"2021-03-25T20:36:45+00:00","dateModified":"2021-07-14T15:28:24+00:00","breadcrumb":{"@id":"https:\/\/goldstonehvacr.com\/product\/a-c-mounting-support\/#breadcrumb"},"inLanguage":"fr-FR","potentialAction":[{"@type":"ReadAction","target":["https:\/\/goldstonehvacr.com\/product\/a-c-mounting-support\/"]}]},{"@type":"ImageObject","inLanguage":"fr-FR","@id":"https:\/\/goldstonehvacr.com\/product\/a-c-mounting-support\/#primaryimage","url":"https:\/\/goldstonehvacr.com\/wp-content\/uploads\/2021\/03\/Mounting-Support-pictures-min.jpg","contentUrl":"https:\/\/goldstonehvacr.com\/wp-content\/uploads\/2021\/03\/Mounting-Support-pictures-min.jpg","width":550,"height":550},{"@type":"BreadcrumbList","@id":"https:\/\/goldstonehvacr.com\/product\/a-c-mounting-support\/#breadcrumb","itemListElement":[{"@type":"ListItem","position":1,"name":"Home","item":"https:\/\/goldstonehvacr.com\/"},{"@type":"ListItem","position":2,"name":"Shop","item":"https:\/\/goldstonehvacr.com\/shop\/"},{"@type":"ListItem","position":3,"name":"A\/C Mounting Support"}]},{"@type":"WebSite","@id":"https:\/\/goldstonehvacr.com\/#website","url":"https:\/\/goldstonehvacr.com\/","name":"Gold Stone CVC\/R","description":"","publisher":{"@id":"https:\/\/goldstonehvacr.com\/#organization"},"potentialAction":[{"@type":"SearchAction","target":{"@type":"EntryPoint","urlTemplate":"https:\/\/goldstonehvacr.com\/?s={search_term_string}"},"query-input":{"@type":"PropertyValueSpecification","valueRequired":true,"valueName":"search_term_string"}}],"inLanguage":"fr-FR"},{"@type":"Organization","@id":"https:\/\/goldstonehvacr.com\/#organization","name":"Goldstone CVC","url":"https:\/\/goldstonehvacr.com\/","logo":{"@type":"ImageObject","inLanguage":"fr-FR","@id":"https:\/\/goldstonehvacr.com\/#\/schema\/logo\/image\/","url":"https:\/\/goldstonehvacr.com\/wp-content\/uploads\/2019\/09\/gsi-logo.png","contentUrl":"https:\/\/goldstonehvacr.com\/wp-content\/uploads\/2019\/09\/gsi-logo.png","width":340,"height":159,"caption":"Goldstone HVAC"},"image":{"@id":"https:\/\/goldstonehvacr.com\/#\/schema\/logo\/image\/"}}]}},"jetpack_sharing_enabled":true,"_links":{"self":[{"href":"https:\/\/goldstonehvacr.com\/fr\/wp-json\/wp\/v2\/product\/40203","targetHints":{"allow":["GET"]}}],"collection":[{"href":"https:\/\/goldstonehvacr.com\/fr\/wp-json\/wp\/v2\/product"}],"about":[{"href":"https:\/\/goldstonehvacr.com\/fr\/wp-json\/wp\/v2\/types\/product"}],"replies":[{"embeddable":true,"href":"https:\/\/goldstonehvacr.com\/fr\/wp-json\/wp\/v2\/comments?post=40203"}],"wp:featuredmedia":[{"embeddable":true,"href":"https:\/\/goldstonehvacr.com\/fr\/wp-json\/wp\/v2\/media\/40204"}],"wp:attachment":[{"href":"https:\/\/goldstonehvacr.com\/fr\/wp-json\/wp\/v2\/media?parent=40203"}],"wp:term":[{"taxonomy":"product_brand","embeddable":true,"href":"https:\/\/goldstonehvacr.com\/fr\/wp-json\/wp\/v2\/product_brand?post=40203"},{"taxonomy":"product_cat","embeddable":true,"href":"https:\/\/goldstonehvacr.com\/fr\/wp-json\/wp\/v2\/product_cat?post=40203"},{"taxonomy":"product_tag","embeddable":true,"href":"https:\/\/goldstonehvacr.com\/fr\/wp-json\/wp\/v2\/product_tag?post=40203"}],"curies":[{"name":"wp","href":"https:\/\/api.w.org\/{rel}","templated":true}]}}