{"id":40201,"date":"2021-03-30T20:00:57","date_gmt":"2021-03-30T20:00:57","guid":{"rendered":"https:\/\/goldstonehvacr.com\/?post_type=product&#038;p=40201"},"modified":"2021-12-20T21:28:12","modified_gmt":"2021-12-20T21:28:12","slug":"acr-coils","status":"publish","type":"product","link":"https:\/\/goldstonehvacr.com\/fr\/produit\/acr-coils\/","title":{"rendered":"Bobine plate ACR (ASTM B280)"},"content":{"rendered":"<p><strong>Caract\u00e9ristiques principales des bobines ACR et \u00e0 gaz \/ Grossiste et fournisseur<\/strong><\/p>\n<p>Gr\u00e2ce \u00e0 des composants de meilleure qualit\u00e9, nous cr\u00e9ons des syst\u00e8mes de refroidissement sup\u00e9rieurs qui r\u00e9duisent les pannes et am\u00e9liorent les performances. Les serpentins ACR de Gold Stone HVACR Inc., grossiste et fournisseur, rendent cela possible en respectant, voire en d\u00e9passant, les normes de qualit\u00e9 afin de garantir des performances optimales gr\u00e2ce aux caract\u00e9ristiques suivantes\u00a0:<\/p>\n<ul>\n<li>La bobine ACR est constitu\u00e9e d&#039;un tube en cuivre pur 99,9% minimum (alliage 12200).<\/li>\n<li>Le tube fourni est conforme ou sup\u00e9rieur \u00e0 la norme ASTM B280 (avec la mention \u00ab ACR \u00bb grav\u00e9e sur les tubes).<\/li>\n<li>Extr\u00e9mit\u00e9s lisses coiff\u00e9es<\/li>\n<\/ul>","protected":false},"excerpt":{"rendered":"<p>Gold Stone HVACR Inc. propose des serpentins de refroidissement de qualit\u00e9 sup\u00e9rieure aux grossistes et fournisseurs \u00e0 des prix comp\u00e9titifs et avec des d\u00e9lais de livraison rapides. Fabriqu\u00e9s avec un tube en cuivre pur 99,9% minimum (alliage 12200), nos serpentins plats en cuivre figurent parmi les serpentins de refroidissement de la plus haute qualit\u00e9 disponibles pour vos syst\u00e8mes de climatisation ou de r\u00e9frig\u00e9ration.<\/p>","protected":false},"featured_media":40202,"comment_status":"open","ping_status":"closed","template":"","meta":{"content-type":""},"product_brand":[],"product_cat":[170,234],"product_tag":[],"class_list":{"0":"post-40201","1":"product","2":"type-product","3":"status-publish","4":"has-post-thumbnail","6":"product_cat-acr-copper-coil","7":"product_cat-wholesale-promotion","9":"first","10":"instock","11":"shipping-taxable","12":"product-type-simple"},"yoast_head":"<!-- This site is optimized with the Yoast SEO plugin v27.2 - https:\/\/yoast.com\/product\/yoast-seo-wordpress\/ -->\n<title>ACR Pancake Coil (ASTM B280) - Gold Stone HVAC\/R<\/title>\n<meta name=\"robots\" content=\"index, follow, max-snippet:-1, max-image-preview:large, max-video-preview:-1\" \/>\n<link rel=\"canonical\" href=\"https:\/\/goldstonehvacr.com\/fr\/produit\/acr-coils\/\" \/>\n<meta property=\"og:locale\" content=\"fr_FR\" \/>\n<meta property=\"og:type\" content=\"article\" \/>\n<meta property=\"og:title\" content=\"ACR Pancake Coil (ASTM B280) - Gold Stone HVAC\/R\" \/>\n<meta property=\"og:description\" content=\"Gold Stone HVACR Inc. offers premium ACR Coils for Wholesalers &amp; Suppliers at competitive prices and expedited delivery times. \u00a0With a minimum of 99.9% pure copper tube (Alloy 12200), our pancake coil \/ copper tubing is among the highest quality ACR coils available for your cooling or refrigeration systems.\" \/>\n<meta property=\"og:url\" content=\"https:\/\/goldstonehvacr.com\/fr\/produit\/acr-coils\/\" \/>\n<meta property=\"og:site_name\" content=\"Gold Stone HVAC\/R\" \/>\n<meta property=\"article:modified_time\" content=\"2021-12-20T21:28:12+00:00\" \/>\n<meta property=\"og:image\" content=\"https:\/\/goldstonehvacr.com\/wp-content\/uploads\/2021\/03\/ACR-coils-min.jpg\" \/>\n\t<meta property=\"og:image:width\" content=\"550\" \/>\n\t<meta property=\"og:image:height\" content=\"550\" \/>\n\t<meta property=\"og:image:type\" content=\"image\/jpeg\" \/>\n<meta name=\"twitter:card\" content=\"summary_large_image\" \/>\n<meta name=\"twitter:label1\" content=\"Dur\u00e9e de lecture estim\u00e9e\" \/>\n\t<meta name=\"twitter:data1\" content=\"1 minute\" \/>\n<!-- \/ Yoast SEO plugin. -->","yoast_head_json":{"title":"Serpentin plat ACR (ASTM B280) - Gold Stone CVC\/R","robots":{"index":"index","follow":"follow","max-snippet":"max-snippet:-1","max-image-preview":"max-image-preview:large","max-video-preview":"max-video-preview:-1"},"canonical":"https:\/\/goldstonehvacr.com\/fr\/produit\/acr-coils\/","og_locale":"fr_FR","og_type":"article","og_title":"ACR Pancake Coil (ASTM B280) - Gold Stone HVAC\/R","og_description":"Gold Stone HVACR Inc. offers premium ACR Coils for Wholesalers &amp; Suppliers at competitive prices and expedited delivery times. \u00a0With a minimum of 99.9% pure copper tube (Alloy 12200), our pancake coil \/ copper tubing is among the highest quality ACR coils available for your cooling or refrigeration systems.","og_url":"https:\/\/goldstonehvacr.com\/fr\/produit\/acr-coils\/","og_site_name":"Gold Stone HVAC\/R","article_modified_time":"2021-12-20T21:28:12+00:00","og_image":[{"width":550,"height":550,"url":"https:\/\/goldstonehvacr.com\/wp-content\/uploads\/2021\/03\/ACR-coils-min.jpg","type":"image\/jpeg"}],"twitter_card":"summary_large_image","twitter_misc":{"Dur\u00e9e de lecture estim\u00e9e":"1 minute"},"schema":{"@context":"https:\/\/schema.org","@graph":[{"@type":"WebPage","@id":"https:\/\/goldstonehvacr.com\/product\/acr-coils\/","url":"https:\/\/goldstonehvacr.com\/product\/acr-coils\/","name":"Serpentin plat ACR (ASTM B280) - Gold Stone CVC\/R","isPartOf":{"@id":"https:\/\/goldstonehvacr.com\/#website"},"primaryImageOfPage":{"@id":"https:\/\/goldstonehvacr.com\/product\/acr-coils\/#primaryimage"},"image":{"@id":"https:\/\/goldstonehvacr.com\/product\/acr-coils\/#primaryimage"},"thumbnailUrl":"https:\/\/goldstonehvacr.com\/wp-content\/uploads\/2021\/03\/ACR-coils-min.jpg","datePublished":"2021-03-30T20:00:57+00:00","dateModified":"2021-12-20T21:28:12+00:00","breadcrumb":{"@id":"https:\/\/goldstonehvacr.com\/product\/acr-coils\/#breadcrumb"},"inLanguage":"fr-FR","potentialAction":[{"@type":"ReadAction","target":["https:\/\/goldstonehvacr.com\/product\/acr-coils\/"]}]},{"@type":"ImageObject","inLanguage":"fr-FR","@id":"https:\/\/goldstonehvacr.com\/product\/acr-coils\/#primaryimage","url":"https:\/\/goldstonehvacr.com\/wp-content\/uploads\/2021\/03\/ACR-coils-min.jpg","contentUrl":"https:\/\/goldstonehvacr.com\/wp-content\/uploads\/2021\/03\/ACR-coils-min.jpg","width":550,"height":550,"caption":"Copper Coil"},{"@type":"BreadcrumbList","@id":"https:\/\/goldstonehvacr.com\/product\/acr-coils\/#breadcrumb","itemListElement":[{"@type":"ListItem","position":1,"name":"Home","item":"https:\/\/goldstonehvacr.com\/"},{"@type":"ListItem","position":2,"name":"Shop","item":"https:\/\/goldstonehvacr.com\/shop\/"},{"@type":"ListItem","position":3,"name":"ACR Pancake Coil (ASTM B280)"}]},{"@type":"WebSite","@id":"https:\/\/goldstonehvacr.com\/#website","url":"https:\/\/goldstonehvacr.com\/","name":"Gold Stone CVC\/R","description":"","publisher":{"@id":"https:\/\/goldstonehvacr.com\/#organization"},"potentialAction":[{"@type":"SearchAction","target":{"@type":"EntryPoint","urlTemplate":"https:\/\/goldstonehvacr.com\/?s={search_term_string}"},"query-input":{"@type":"PropertyValueSpecification","valueRequired":true,"valueName":"search_term_string"}}],"inLanguage":"fr-FR"},{"@type":"Organization","@id":"https:\/\/goldstonehvacr.com\/#organization","name":"Goldstone CVC","url":"https:\/\/goldstonehvacr.com\/","logo":{"@type":"ImageObject","inLanguage":"fr-FR","@id":"https:\/\/goldstonehvacr.com\/#\/schema\/logo\/image\/","url":"https:\/\/goldstonehvacr.com\/wp-content\/uploads\/2019\/09\/gsi-logo.png","contentUrl":"https:\/\/goldstonehvacr.com\/wp-content\/uploads\/2019\/09\/gsi-logo.png","width":340,"height":159,"caption":"Goldstone HVAC"},"image":{"@id":"https:\/\/goldstonehvacr.com\/#\/schema\/logo\/image\/"}}]}},"jetpack_sharing_enabled":true,"_links":{"self":[{"href":"https:\/\/goldstonehvacr.com\/fr\/wp-json\/wp\/v2\/product\/40201","targetHints":{"allow":["GET"]}}],"collection":[{"href":"https:\/\/goldstonehvacr.com\/fr\/wp-json\/wp\/v2\/product"}],"about":[{"href":"https:\/\/goldstonehvacr.com\/fr\/wp-json\/wp\/v2\/types\/product"}],"replies":[{"embeddable":true,"href":"https:\/\/goldstonehvacr.com\/fr\/wp-json\/wp\/v2\/comments?post=40201"}],"wp:featuredmedia":[{"embeddable":true,"href":"https:\/\/goldstonehvacr.com\/fr\/wp-json\/wp\/v2\/media\/40202"}],"wp:attachment":[{"href":"https:\/\/goldstonehvacr.com\/fr\/wp-json\/wp\/v2\/media?parent=40201"}],"wp:term":[{"taxonomy":"product_brand","embeddable":true,"href":"https:\/\/goldstonehvacr.com\/fr\/wp-json\/wp\/v2\/product_brand?post=40201"},{"taxonomy":"product_cat","embeddable":true,"href":"https:\/\/goldstonehvacr.com\/fr\/wp-json\/wp\/v2\/product_cat?post=40201"},{"taxonomy":"product_tag","embeddable":true,"href":"https:\/\/goldstonehvacr.com\/fr\/wp-json\/wp\/v2\/product_tag?post=40201"}],"curies":[{"name":"wp","href":"https:\/\/api.w.org\/{rel}","templated":true}]}}