{"id":40182,"date":"2021-03-25T20:39:46","date_gmt":"2021-03-25T20:39:46","guid":{"rendered":"https:\/\/goldstonehvacr.com\/?post_type=product&#038;p=40182"},"modified":"2025-08-08T03:14:06","modified_gmt":"2025-08-08T03:14:06","slug":"a-c-mounting-bracket-k-series","status":"publish","type":"product","link":"https:\/\/goldstonehvacr.com\/fr\/produit\/a-c-mounting-bracket-k-series\/","title":{"rendered":"Supports de montage pour climatiseur s\u00e9rie K"},"content":{"rendered":"<p><strong>Caract\u00e9ristiques principales des supports de montage pour climatiseurs s\u00e9rie K<\/strong><\/p>\n<p>Gr\u00e2ce \u00e0 des composants de meilleure qualit\u00e9, nous cr\u00e9ons des syst\u00e8mes de refroidissement sup\u00e9rieurs qui r\u00e9duisent les pannes et am\u00e9liorent les performances. Le support mural et le syst\u00e8me de fixation de Gold Stone HVACR Inc. rendent cela possible en respectant, voire en d\u00e9passant, les normes de qualit\u00e9 afin de garantir des performances optimales gr\u00e2ce aux caract\u00e9ristiques suivantes\u00a0:<\/p>\n<ul>\n<li>TwinLock offre une liaison \u00e0 double r\u00e9sistance<\/li>\n<li>Niveau \u00e0 bulle, supports anti-vibrations et mat\u00e9riel FastSet inclus pour une installation s\u00fbre et professionnelle<\/li>\n<li>Partiellement pr\u00e9-assembl\u00e9 pour une finition simple<\/li>\n<\/ul>","protected":false},"excerpt":{"rendered":"<p>Les supports de fixation pour climatiseurs de la s\u00e9rie K de Gold Stone HVACR Inc., rigoureusement test\u00e9s, sont con\u00e7us pour une installation simple et rapide, vous permettant ainsi de gagner du temps et de l&#039;argent \u00e0 chaque intervention. Gr\u00e2ce \u00e0 leur construction robuste et leur format compact, nos supports muraux sont parfaitement adapt\u00e9s aux installations commerciales et r\u00e9sidentielles.<\/p>","protected":false},"featured_media":40183,"comment_status":"open","ping_status":"closed","template":"","meta":{"content-type":""},"product_brand":[],"product_cat":[176,178,160,234],"product_tag":[],"class_list":{"0":"post-40182","1":"product","2":"type-product","3":"status-publish","4":"has-post-thumbnail","6":"product_cat-ac-installation-accessories","7":"product_cat-mount-bracket","8":"product_cat-whosale","9":"product_cat-wholesale-promotion","11":"first","12":"instock","13":"shipping-taxable","14":"product-type-simple"},"yoast_head":"<!-- This site is optimized with the Yoast SEO plugin v27.2 - https:\/\/yoast.com\/product\/yoast-seo-wordpress\/ -->\n<title>A\/C Mounting Brackets K-Series - Gold Stone HVAC\/R<\/title>\n<meta name=\"robots\" content=\"index, follow, max-snippet:-1, max-image-preview:large, max-video-preview:-1\" \/>\n<link rel=\"canonical\" href=\"https:\/\/goldstonehvacr.com\/fr\/produit\/a-c-mounting-bracket-k-series\/\" \/>\n<meta property=\"og:locale\" content=\"fr_FR\" \/>\n<meta property=\"og:type\" content=\"article\" \/>\n<meta property=\"og:title\" content=\"A\/C Mounting Brackets K-Series - Gold Stone HVAC\/R\" \/>\n<meta property=\"og:description\" content=\"Gold Stone HVACR Inc.\u2019s rigorously tested Air Conditioner Mounting Brackets \u2013 K Series are designed to make installation simple and quick \u2013 saving you time and money on each job. Featuring heavy-duty construction and a compact size, our wall mounting bracket and mounting support are ideal for installation in commercial and residential settings.\" \/>\n<meta property=\"og:url\" content=\"https:\/\/goldstonehvacr.com\/fr\/produit\/a-c-mounting-bracket-k-series\/\" \/>\n<meta property=\"og:site_name\" content=\"Gold Stone HVAC\/R\" \/>\n<meta property=\"article:modified_time\" content=\"2025-08-08T03:14:06+00:00\" \/>\n<meta property=\"og:image\" content=\"https:\/\/goldstonehvacr.com\/wp-content\/uploads\/2021\/03\/k-series-img-min.jpg\" \/>\n\t<meta property=\"og:image:width\" content=\"550\" \/>\n\t<meta property=\"og:image:height\" content=\"550\" \/>\n\t<meta property=\"og:image:type\" content=\"image\/jpeg\" \/>\n<meta name=\"twitter:card\" content=\"summary_large_image\" \/>\n<meta name=\"twitter:label1\" content=\"Dur\u00e9e de lecture estim\u00e9e\" \/>\n\t<meta name=\"twitter:data1\" content=\"1 minute\" \/>\n<!-- \/ Yoast SEO plugin. -->","yoast_head_json":{"title":"A\/C Mounting Brackets K-Series - Gold Stone HVAC\/R","robots":{"index":"index","follow":"follow","max-snippet":"max-snippet:-1","max-image-preview":"max-image-preview:large","max-video-preview":"max-video-preview:-1"},"canonical":"https:\/\/goldstonehvacr.com\/fr\/produit\/a-c-mounting-bracket-k-series\/","og_locale":"fr_FR","og_type":"article","og_title":"A\/C Mounting Brackets K-Series - Gold Stone HVAC\/R","og_description":"Gold Stone HVACR Inc.\u2019s rigorously tested Air Conditioner Mounting Brackets \u2013 K Series are designed to make installation simple and quick \u2013 saving you time and money on each job. Featuring heavy-duty construction and a compact size, our wall mounting bracket and mounting support are ideal for installation in commercial and residential settings.","og_url":"https:\/\/goldstonehvacr.com\/fr\/produit\/a-c-mounting-bracket-k-series\/","og_site_name":"Gold Stone HVAC\/R","article_modified_time":"2025-08-08T03:14:06+00:00","og_image":[{"width":550,"height":550,"url":"https:\/\/goldstonehvacr.com\/wp-content\/uploads\/2021\/03\/k-series-img-min.jpg","type":"image\/jpeg"}],"twitter_card":"summary_large_image","twitter_misc":{"Dur\u00e9e de lecture estim\u00e9e":"1 minute"},"schema":{"@context":"https:\/\/schema.org","@graph":[{"@type":"WebPage","@id":"https:\/\/goldstonehvacr.com\/product\/a-c-mounting-bracket-k-series\/","url":"https:\/\/goldstonehvacr.com\/product\/a-c-mounting-bracket-k-series\/","name":"A\/C Mounting Brackets K-Series - Gold Stone HVAC\/R","isPartOf":{"@id":"https:\/\/goldstonehvacr.com\/#website"},"primaryImageOfPage":{"@id":"https:\/\/goldstonehvacr.com\/product\/a-c-mounting-bracket-k-series\/#primaryimage"},"image":{"@id":"https:\/\/goldstonehvacr.com\/product\/a-c-mounting-bracket-k-series\/#primaryimage"},"thumbnailUrl":"https:\/\/goldstonehvacr.com\/wp-content\/uploads\/2021\/03\/k-series-img-min.jpg","datePublished":"2021-03-25T20:39:46+00:00","dateModified":"2025-08-08T03:14:06+00:00","breadcrumb":{"@id":"https:\/\/goldstonehvacr.com\/product\/a-c-mounting-bracket-k-series\/#breadcrumb"},"inLanguage":"fr-FR","potentialAction":[{"@type":"ReadAction","target":["https:\/\/goldstonehvacr.com\/product\/a-c-mounting-bracket-k-series\/"]}]},{"@type":"ImageObject","inLanguage":"fr-FR","@id":"https:\/\/goldstonehvacr.com\/product\/a-c-mounting-bracket-k-series\/#primaryimage","url":"https:\/\/goldstonehvacr.com\/wp-content\/uploads\/2021\/03\/k-series-img-min.jpg","contentUrl":"https:\/\/goldstonehvacr.com\/wp-content\/uploads\/2021\/03\/k-series-img-min.jpg","width":550,"height":550},{"@type":"BreadcrumbList","@id":"https:\/\/goldstonehvacr.com\/product\/a-c-mounting-bracket-k-series\/#breadcrumb","itemListElement":[{"@type":"ListItem","position":1,"name":"Home","item":"https:\/\/goldstonehvacr.com\/"},{"@type":"ListItem","position":2,"name":"Shop","item":"https:\/\/goldstonehvacr.com\/shop\/"},{"@type":"ListItem","position":3,"name":"A\/C Mounting Brackets K-Series"}]},{"@type":"WebSite","@id":"https:\/\/goldstonehvacr.com\/#website","url":"https:\/\/goldstonehvacr.com\/","name":"Gold Stone CVC\/R","description":"","publisher":{"@id":"https:\/\/goldstonehvacr.com\/#organization"},"potentialAction":[{"@type":"SearchAction","target":{"@type":"EntryPoint","urlTemplate":"https:\/\/goldstonehvacr.com\/?s={search_term_string}"},"query-input":{"@type":"PropertyValueSpecification","valueRequired":true,"valueName":"search_term_string"}}],"inLanguage":"fr-FR"},{"@type":"Organization","@id":"https:\/\/goldstonehvacr.com\/#organization","name":"Goldstone CVC","url":"https:\/\/goldstonehvacr.com\/","logo":{"@type":"ImageObject","inLanguage":"fr-FR","@id":"https:\/\/goldstonehvacr.com\/#\/schema\/logo\/image\/","url":"https:\/\/goldstonehvacr.com\/wp-content\/uploads\/2019\/09\/gsi-logo.png","contentUrl":"https:\/\/goldstonehvacr.com\/wp-content\/uploads\/2019\/09\/gsi-logo.png","width":340,"height":159,"caption":"Goldstone HVAC"},"image":{"@id":"https:\/\/goldstonehvacr.com\/#\/schema\/logo\/image\/"}}]}},"jetpack_sharing_enabled":true,"_links":{"self":[{"href":"https:\/\/goldstonehvacr.com\/fr\/wp-json\/wp\/v2\/product\/40182","targetHints":{"allow":["GET"]}}],"collection":[{"href":"https:\/\/goldstonehvacr.com\/fr\/wp-json\/wp\/v2\/product"}],"about":[{"href":"https:\/\/goldstonehvacr.com\/fr\/wp-json\/wp\/v2\/types\/product"}],"replies":[{"embeddable":true,"href":"https:\/\/goldstonehvacr.com\/fr\/wp-json\/wp\/v2\/comments?post=40182"}],"wp:featuredmedia":[{"embeddable":true,"href":"https:\/\/goldstonehvacr.com\/fr\/wp-json\/wp\/v2\/media\/40183"}],"wp:attachment":[{"href":"https:\/\/goldstonehvacr.com\/fr\/wp-json\/wp\/v2\/media?parent=40182"}],"wp:term":[{"taxonomy":"product_brand","embeddable":true,"href":"https:\/\/goldstonehvacr.com\/fr\/wp-json\/wp\/v2\/product_brand?post=40182"},{"taxonomy":"product_cat","embeddable":true,"href":"https:\/\/goldstonehvacr.com\/fr\/wp-json\/wp\/v2\/product_cat?post=40182"},{"taxonomy":"product_tag","embeddable":true,"href":"https:\/\/goldstonehvacr.com\/fr\/wp-json\/wp\/v2\/product_tag?post=40182"}],"curies":[{"name":"wp","href":"https:\/\/api.w.org\/{rel}","templated":true}]}}