{"id":39424,"date":"2020-03-09T09:47:33","date_gmt":"2020-03-09T09:47:33","guid":{"rendered":"https:\/\/goldstonehvacr.com\/?post_type=product&#038;p=39424"},"modified":"2021-03-31T14:17:54","modified_gmt":"2021-03-31T14:17:54","slug":"ecm-fan-motor-g0914","status":"publish","type":"product","link":"https:\/\/goldstonehvacr.com\/fr\/produit\/ecm-fan-motor-g0914\/","title":{"rendered":"Moteur de ventilateur ECM G0914"},"content":{"rendered":"<ul>\n<li>LONGUEUR DU C\u00c2BLE MESUR\u00c9E JUSQU&#039;\u00c0 L&#039;ARRI\u00c8RE DE LA FICHE EMF, COMME INDIQU\u00c9.<\/li>\n<li>LE MAT\u00c9RIAU DES BOULONS ET DES \u00c9CROUS DOIT \u00caTRE EN ACIER AU CARBONE 1020 AVEC UN REV\u00caTEMENT DE ZINC DE 0,005 MM \u00c0 0,010 MM.<\/li>\n<li>LE MAT\u00c9RIAU DU CORDON DOIT AVOIR UNE TENEUR EN N\u00c9OPR\u00c8NE 20-30% OU UN AUTRE COMPOS\u00c9 APPROPRI\u00c9 POUR PERMETTRE UNE FLEXIBILIT\u00c9 PAR TEMPS FROID \u00c0 -30 DEGR\u00c9S FERHENHEIT.<\/li>\n<\/ul>","protected":false},"excerpt":{"rendered":"<p>La longueur du c\u00e2ble est mesur\u00e9e jusqu&#039;\u00e0 l&#039;arri\u00e8re de la fiche CEM, comme indiqu\u00e9. Les boulons et les \u00e9crous doivent \u00eatre en acier au carbone 1020 avec un rev\u00eatement de zinc de 0,005 \u00e0 0,010 pouce. Le cordon doit contenir du n\u00e9opr\u00e8ne 20-30% ou un autre compos\u00e9 appropri\u00e9 permettant une flexibilit\u00e9 par temps froid jusqu&#039;\u00e0 -30 degr\u00e9s Fahrenheit.<\/p>","protected":false},"featured_media":20091,"comment_status":"open","ping_status":"closed","template":"","meta":{"content-type":""},"product_brand":[],"product_cat":[201,192,159],"product_tag":[],"class_list":{"0":"post-39424","1":"product","2":"type-product","3":"status-publish","4":"has-post-thumbnail","6":"product_cat-fan-motor","7":"product_cat-fan-parts","8":"product_cat-oem","10":"first","11":"instock","12":"shipping-taxable","13":"product-type-simple"},"yoast_head":"<!-- This site is optimized with the Yoast SEO plugin v27.2 - https:\/\/yoast.com\/product\/yoast-seo-wordpress\/ -->\n<title>ECM FAN MOTOR G0914 - Gold Stone HVAC\/R<\/title>\n<meta name=\"robots\" content=\"index, follow, max-snippet:-1, max-image-preview:large, max-video-preview:-1\" \/>\n<link rel=\"canonical\" href=\"https:\/\/goldstonehvacr.com\/fr\/produit\/ecm-fan-motor-g0914\/\" \/>\n<meta property=\"og:locale\" content=\"fr_FR\" \/>\n<meta property=\"og:type\" content=\"article\" \/>\n<meta property=\"og:title\" content=\"ECM FAN MOTOR G0914 - Gold Stone HVAC\/R\" \/>\n<meta property=\"og:description\" content=\"LEAD LENGTH MEASURED TO BACK OF EMF PLUG AS SHOWN. BOLT AND NUT MATERIAL SHALL BE CARBON STEEL 1020 WITH .005MM TO .010 ZINC COATING. CORD MATERIAL TO HAVE 20-30% NEOPRENE CONTENT OR OTHER SUITABLE COMPOUND TO ALLOW FOR COLD WEATHER FLEXIBILITY AT -30 DEGREES FERHENHEIT.\" \/>\n<meta property=\"og:url\" content=\"https:\/\/goldstonehvacr.com\/fr\/produit\/ecm-fan-motor-g0914\/\" \/>\n<meta property=\"og:site_name\" content=\"Gold Stone HVAC\/R\" \/>\n<meta property=\"article:modified_time\" content=\"2021-03-31T14:17:54+00:00\" \/>\n<meta property=\"og:image\" content=\"https:\/\/goldstonehvacr.com\/wp-content\/uploads\/2019\/08\/G0914.jpg\" \/>\n\t<meta property=\"og:image:width\" content=\"1759\" \/>\n\t<meta property=\"og:image:height\" content=\"765\" \/>\n\t<meta property=\"og:image:type\" content=\"image\/jpeg\" \/>\n<meta name=\"twitter:card\" content=\"summary_large_image\" \/>\n<!-- \/ Yoast SEO plugin. -->","yoast_head_json":{"title":"Moteur de ventilateur ECM G0914 - Gold Stone CVC\/R","robots":{"index":"index","follow":"follow","max-snippet":"max-snippet:-1","max-image-preview":"max-image-preview:large","max-video-preview":"max-video-preview:-1"},"canonical":"https:\/\/goldstonehvacr.com\/fr\/produit\/ecm-fan-motor-g0914\/","og_locale":"fr_FR","og_type":"article","og_title":"ECM FAN MOTOR G0914 - Gold Stone HVAC\/R","og_description":"LEAD LENGTH MEASURED TO BACK OF EMF PLUG AS SHOWN. BOLT AND NUT MATERIAL SHALL BE CARBON STEEL 1020 WITH .005MM TO .010 ZINC COATING. CORD MATERIAL TO HAVE 20-30% NEOPRENE CONTENT OR OTHER SUITABLE COMPOUND TO ALLOW FOR COLD WEATHER FLEXIBILITY AT -30 DEGREES FERHENHEIT.","og_url":"https:\/\/goldstonehvacr.com\/fr\/produit\/ecm-fan-motor-g0914\/","og_site_name":"Gold Stone HVAC\/R","article_modified_time":"2021-03-31T14:17:54+00:00","og_image":[{"width":1759,"height":765,"url":"https:\/\/goldstonehvacr.com\/wp-content\/uploads\/2019\/08\/G0914.jpg","type":"image\/jpeg"}],"twitter_card":"summary_large_image","schema":{"@context":"https:\/\/schema.org","@graph":[{"@type":"WebPage","@id":"https:\/\/goldstonehvacr.com\/product\/ecm-fan-motor-g0914\/","url":"https:\/\/goldstonehvacr.com\/product\/ecm-fan-motor-g0914\/","name":"Moteur de ventilateur ECM G0914 - Gold Stone CVC\/R","isPartOf":{"@id":"https:\/\/goldstonehvacr.com\/#website"},"primaryImageOfPage":{"@id":"https:\/\/goldstonehvacr.com\/product\/ecm-fan-motor-g0914\/#primaryimage"},"image":{"@id":"https:\/\/goldstonehvacr.com\/product\/ecm-fan-motor-g0914\/#primaryimage"},"thumbnailUrl":"https:\/\/goldstonehvacr.com\/wp-content\/uploads\/2019\/08\/G0914.jpg","datePublished":"2020-03-09T09:47:33+00:00","dateModified":"2021-03-31T14:17:54+00:00","breadcrumb":{"@id":"https:\/\/goldstonehvacr.com\/product\/ecm-fan-motor-g0914\/#breadcrumb"},"inLanguage":"fr-FR","potentialAction":[{"@type":"ReadAction","target":["https:\/\/goldstonehvacr.com\/product\/ecm-fan-motor-g0914\/"]}]},{"@type":"ImageObject","inLanguage":"fr-FR","@id":"https:\/\/goldstonehvacr.com\/product\/ecm-fan-motor-g0914\/#primaryimage","url":"https:\/\/goldstonehvacr.com\/wp-content\/uploads\/2019\/08\/G0914.jpg","contentUrl":"https:\/\/goldstonehvacr.com\/wp-content\/uploads\/2019\/08\/G0914.jpg","width":1759,"height":765},{"@type":"BreadcrumbList","@id":"https:\/\/goldstonehvacr.com\/product\/ecm-fan-motor-g0914\/#breadcrumb","itemListElement":[{"@type":"ListItem","position":1,"name":"Home","item":"https:\/\/goldstonehvacr.com\/"},{"@type":"ListItem","position":2,"name":"Shop","item":"https:\/\/goldstonehvacr.com\/shop\/"},{"@type":"ListItem","position":3,"name":"ECM FAN MOTOR G0914"}]},{"@type":"WebSite","@id":"https:\/\/goldstonehvacr.com\/#website","url":"https:\/\/goldstonehvacr.com\/","name":"Gold Stone CVC\/R","description":"","publisher":{"@id":"https:\/\/goldstonehvacr.com\/#organization"},"potentialAction":[{"@type":"SearchAction","target":{"@type":"EntryPoint","urlTemplate":"https:\/\/goldstonehvacr.com\/?s={search_term_string}"},"query-input":{"@type":"PropertyValueSpecification","valueRequired":true,"valueName":"search_term_string"}}],"inLanguage":"fr-FR"},{"@type":"Organization","@id":"https:\/\/goldstonehvacr.com\/#organization","name":"Goldstone CVC","url":"https:\/\/goldstonehvacr.com\/","logo":{"@type":"ImageObject","inLanguage":"fr-FR","@id":"https:\/\/goldstonehvacr.com\/#\/schema\/logo\/image\/","url":"https:\/\/goldstonehvacr.com\/wp-content\/uploads\/2019\/09\/gsi-logo.png","contentUrl":"https:\/\/goldstonehvacr.com\/wp-content\/uploads\/2019\/09\/gsi-logo.png","width":340,"height":159,"caption":"Goldstone HVAC"},"image":{"@id":"https:\/\/goldstonehvacr.com\/#\/schema\/logo\/image\/"}}]}},"jetpack_sharing_enabled":true,"_links":{"self":[{"href":"https:\/\/goldstonehvacr.com\/fr\/wp-json\/wp\/v2\/product\/39424","targetHints":{"allow":["GET"]}}],"collection":[{"href":"https:\/\/goldstonehvacr.com\/fr\/wp-json\/wp\/v2\/product"}],"about":[{"href":"https:\/\/goldstonehvacr.com\/fr\/wp-json\/wp\/v2\/types\/product"}],"replies":[{"embeddable":true,"href":"https:\/\/goldstonehvacr.com\/fr\/wp-json\/wp\/v2\/comments?post=39424"}],"wp:featuredmedia":[{"embeddable":true,"href":"https:\/\/goldstonehvacr.com\/fr\/wp-json\/wp\/v2\/media\/20091"}],"wp:attachment":[{"href":"https:\/\/goldstonehvacr.com\/fr\/wp-json\/wp\/v2\/media?parent=39424"}],"wp:term":[{"taxonomy":"product_brand","embeddable":true,"href":"https:\/\/goldstonehvacr.com\/fr\/wp-json\/wp\/v2\/product_brand?post=39424"},{"taxonomy":"product_cat","embeddable":true,"href":"https:\/\/goldstonehvacr.com\/fr\/wp-json\/wp\/v2\/product_cat?post=39424"},{"taxonomy":"product_tag","embeddable":true,"href":"https:\/\/goldstonehvacr.com\/fr\/wp-json\/wp\/v2\/product_tag?post=39424"}],"curies":[{"name":"wp","href":"https:\/\/api.w.org\/{rel}","templated":true}]}}