{"id":20222,"date":"2019-09-16T21:25:15","date_gmt":"2019-09-16T21:25:15","guid":{"rendered":"https:\/\/goldstonehvacr.com\/?post_type=product&#038;p=20222"},"modified":"2022-02-21T06:33:45","modified_gmt":"2022-02-21T06:33:45","slug":"customized-wire-grills","status":"publish","type":"product","link":"https:\/\/goldstonehvacr.com\/fr\/produit\/customized-wire-grills\/","title":{"rendered":"Grilles m\u00e9talliques personnalis\u00e9es"},"content":{"rendered":"","protected":false},"excerpt":{"rendered":"<p>Notre expertise r\u00e9side dans la conception et la fabrication de grilles m\u00e9talliques de pr\u00e9cision, de dimensions standard et sur mesure (OEM), pour les applications CVC-R. Quels que soient vos besoins, notre \u00e9quipe d&#039;ing\u00e9nieurs travaillera avec vous selon vos sp\u00e9cifications pour produire vos grilles m\u00e9talliques sp\u00e9ciales. Des \u00e9chantillons vous seront envoy\u00e9s pour approbation avant le lancement de la production en s\u00e9rie.<\/p>\n<p>Nombreuses finitions personnalis\u00e9es disponibles. Quantit\u00e9s minimales requises.<\/p>","protected":false},"featured_media":40438,"comment_status":"open","ping_status":"closed","template":"","meta":{"content-type":""},"product_brand":[],"product_cat":[233,104],"product_tag":[],"class_list":{"0":"post-20222","1":"product","2":"type-product","3":"status-publish","4":"has-post-thumbnail","6":"product_cat-oem-promotion","7":"product_cat-wired-grille","9":"first","10":"instock","11":"shipping-taxable","12":"purchasable","13":"product-type-simple"},"yoast_head":"<!-- This site is optimized with the Yoast SEO plugin v27.2 - https:\/\/yoast.com\/product\/yoast-seo-wordpress\/ -->\n<title>Customized Wire Grills - Gold Stone HVAC\/R<\/title>\n<meta name=\"description\" content=\"Our expertise is in engineering and manufacturing precision made standard size and OEM custom-designed wire grilles for HVACR applications. Whatever your needs, our team of engineers can work with your specifications to produce your special wire grilles. Samples will be sent for approval before mass production begins.\" \/>\n<meta name=\"robots\" content=\"index, follow, max-snippet:-1, max-image-preview:large, max-video-preview:-1\" \/>\n<link rel=\"canonical\" href=\"https:\/\/goldstonehvacr.com\/fr\/produit\/customized-wire-grills\/\" \/>\n<meta property=\"og:locale\" content=\"fr_FR\" \/>\n<meta property=\"og:type\" content=\"article\" \/>\n<meta property=\"og:title\" content=\"Customized Wire Grills - Gold Stone HVAC\/R\" \/>\n<meta property=\"og:description\" content=\"Our expertise is in engineering and manufacturing precision made standard size and OEM custom-designed wire grilles for HVACR applications. Whatever your needs, our team of engineers can work with your specifications to produce your special wire grilles. Samples will be sent for approval before mass production begins.\" \/>\n<meta property=\"og:url\" content=\"https:\/\/goldstonehvacr.com\/fr\/produit\/customized-wire-grills\/\" \/>\n<meta property=\"og:site_name\" content=\"Gold Stone HVAC\/R\" \/>\n<meta property=\"article:modified_time\" content=\"2022-02-21T06:33:45+00:00\" \/>\n<meta property=\"og:image\" content=\"https:\/\/goldstonehvacr.com\/wp-content\/uploads\/2019\/09\/collarge-min.jpg\" \/>\n\t<meta property=\"og:image:width\" content=\"500\" \/>\n\t<meta property=\"og:image:height\" content=\"500\" \/>\n\t<meta property=\"og:image:type\" content=\"image\/jpeg\" \/>\n<meta name=\"twitter:card\" content=\"summary_large_image\" \/>\n<!-- \/ Yoast SEO plugin. -->","yoast_head_json":{"title":"Customized Wire Grills - Gold Stone HVAC\/R","description":"Notre expertise r\u00e9side dans la conception et la fabrication de grilles m\u00e9talliques de pr\u00e9cision, de dimensions standard et sur mesure (OEM), pour les applications CVC-R. Quels que soient vos besoins, notre \u00e9quipe d&#039;ing\u00e9nieurs travaillera avec vous selon vos sp\u00e9cifications pour produire vos grilles m\u00e9talliques sp\u00e9ciales. Des \u00e9chantillons vous seront envoy\u00e9s pour approbation avant le lancement de la production en s\u00e9rie.","robots":{"index":"index","follow":"follow","max-snippet":"max-snippet:-1","max-image-preview":"max-image-preview:large","max-video-preview":"max-video-preview:-1"},"canonical":"https:\/\/goldstonehvacr.com\/fr\/produit\/customized-wire-grills\/","og_locale":"fr_FR","og_type":"article","og_title":"Customized Wire Grills - Gold Stone HVAC\/R","og_description":"Our expertise is in engineering and manufacturing precision made standard size and OEM custom-designed wire grilles for HVACR applications. Whatever your needs, our team of engineers can work with your specifications to produce your special wire grilles. Samples will be sent for approval before mass production begins.","og_url":"https:\/\/goldstonehvacr.com\/fr\/produit\/customized-wire-grills\/","og_site_name":"Gold Stone HVAC\/R","article_modified_time":"2022-02-21T06:33:45+00:00","og_image":[{"width":500,"height":500,"url":"https:\/\/goldstonehvacr.com\/wp-content\/uploads\/2019\/09\/collarge-min.jpg","type":"image\/jpeg"}],"twitter_card":"summary_large_image","schema":{"@context":"https:\/\/schema.org","@graph":[{"@type":"WebPage","@id":"https:\/\/goldstonehvacr.com\/product\/customized-wire-grills\/","url":"https:\/\/goldstonehvacr.com\/product\/customized-wire-grills\/","name":"Customized Wire Grills - Gold Stone HVAC\/R","isPartOf":{"@id":"https:\/\/goldstonehvacr.com\/#website"},"primaryImageOfPage":{"@id":"https:\/\/goldstonehvacr.com\/product\/customized-wire-grills\/#primaryimage"},"image":{"@id":"https:\/\/goldstonehvacr.com\/product\/customized-wire-grills\/#primaryimage"},"thumbnailUrl":"https:\/\/goldstonehvacr.com\/wp-content\/uploads\/2019\/09\/collarge-min.jpg","datePublished":"2019-09-16T21:25:15+00:00","dateModified":"2022-02-21T06:33:45+00:00","description":"Notre expertise r\u00e9side dans la conception et la fabrication de grilles m\u00e9talliques de pr\u00e9cision, de dimensions standard et sur mesure (OEM), pour les applications CVC-R. Quels que soient vos besoins, notre \u00e9quipe d&#039;ing\u00e9nieurs travaillera avec vous selon vos sp\u00e9cifications pour produire vos grilles m\u00e9talliques sp\u00e9ciales. Des \u00e9chantillons vous seront envoy\u00e9s pour approbation avant le lancement de la production en s\u00e9rie.","breadcrumb":{"@id":"https:\/\/goldstonehvacr.com\/product\/customized-wire-grills\/#breadcrumb"},"inLanguage":"fr-FR","potentialAction":[{"@type":"ReadAction","target":["https:\/\/goldstonehvacr.com\/product\/customized-wire-grills\/"]}]},{"@type":"ImageObject","inLanguage":"fr-FR","@id":"https:\/\/goldstonehvacr.com\/product\/customized-wire-grills\/#primaryimage","url":"https:\/\/goldstonehvacr.com\/wp-content\/uploads\/2019\/09\/collarge-min.jpg","contentUrl":"https:\/\/goldstonehvacr.com\/wp-content\/uploads\/2019\/09\/collarge-min.jpg","width":500,"height":500},{"@type":"BreadcrumbList","@id":"https:\/\/goldstonehvacr.com\/product\/customized-wire-grills\/#breadcrumb","itemListElement":[{"@type":"ListItem","position":1,"name":"Home","item":"https:\/\/goldstonehvacr.com\/"},{"@type":"ListItem","position":2,"name":"Shop","item":"https:\/\/goldstonehvacr.com\/shop\/"},{"@type":"ListItem","position":3,"name":"Customized Wire Grills"}]},{"@type":"WebSite","@id":"https:\/\/goldstonehvacr.com\/#website","url":"https:\/\/goldstonehvacr.com\/","name":"Gold Stone CVC\/R","description":"","publisher":{"@id":"https:\/\/goldstonehvacr.com\/#organization"},"potentialAction":[{"@type":"SearchAction","target":{"@type":"EntryPoint","urlTemplate":"https:\/\/goldstonehvacr.com\/?s={search_term_string}"},"query-input":{"@type":"PropertyValueSpecification","valueRequired":true,"valueName":"search_term_string"}}],"inLanguage":"fr-FR"},{"@type":"Organization","@id":"https:\/\/goldstonehvacr.com\/#organization","name":"Goldstone CVC","url":"https:\/\/goldstonehvacr.com\/","logo":{"@type":"ImageObject","inLanguage":"fr-FR","@id":"https:\/\/goldstonehvacr.com\/#\/schema\/logo\/image\/","url":"https:\/\/goldstonehvacr.com\/wp-content\/uploads\/2019\/09\/gsi-logo.png","contentUrl":"https:\/\/goldstonehvacr.com\/wp-content\/uploads\/2019\/09\/gsi-logo.png","width":340,"height":159,"caption":"Goldstone HVAC"},"image":{"@id":"https:\/\/goldstonehvacr.com\/#\/schema\/logo\/image\/"}}]}},"jetpack_sharing_enabled":true,"_links":{"self":[{"href":"https:\/\/goldstonehvacr.com\/fr\/wp-json\/wp\/v2\/product\/20222","targetHints":{"allow":["GET"]}}],"collection":[{"href":"https:\/\/goldstonehvacr.com\/fr\/wp-json\/wp\/v2\/product"}],"about":[{"href":"https:\/\/goldstonehvacr.com\/fr\/wp-json\/wp\/v2\/types\/product"}],"replies":[{"embeddable":true,"href":"https:\/\/goldstonehvacr.com\/fr\/wp-json\/wp\/v2\/comments?post=20222"}],"wp:featuredmedia":[{"embeddable":true,"href":"https:\/\/goldstonehvacr.com\/fr\/wp-json\/wp\/v2\/media\/40438"}],"wp:attachment":[{"href":"https:\/\/goldstonehvacr.com\/fr\/wp-json\/wp\/v2\/media?parent=20222"}],"wp:term":[{"taxonomy":"product_brand","embeddable":true,"href":"https:\/\/goldstonehvacr.com\/fr\/wp-json\/wp\/v2\/product_brand?post=20222"},{"taxonomy":"product_cat","embeddable":true,"href":"https:\/\/goldstonehvacr.com\/fr\/wp-json\/wp\/v2\/product_cat?post=20222"},{"taxonomy":"product_tag","embeddable":true,"href":"https:\/\/goldstonehvacr.com\/fr\/wp-json\/wp\/v2\/product_tag?post=20222"}],"curies":[{"name":"wp","href":"https:\/\/api.w.org\/{rel}","templated":true}]}}