{"id":20213,"date":"2019-09-16T21:27:45","date_gmt":"2019-09-16T21:27:45","guid":{"rendered":"https:\/\/goldstonehvacr.com\/?post_type=product&#038;p=20213"},"modified":"2021-07-15T18:29:50","modified_gmt":"2021-07-15T18:29:50","slug":"stock-flat-combination-fan-guard-motor-mount","status":"publish","type":"product","link":"https:\/\/goldstonehvacr.com\/fr\/produit\/stock-flat-combination-fan-guard-motor-mount\/","title":{"rendered":"Grille de protection plate d&#039;origine avec support moteur"},"content":{"rendered":"","protected":false},"excerpt":{"rendered":"<p>Ces grilles de protection sont sp\u00e9cialement con\u00e7ues pour les applications CVC (chauffage, ventilation, climatisation et r\u00e9frig\u00e9ration) et n\u00e9cessitent un support moteur pour la protection du ventilateur \u00e0 d\u00f4me bas, conform\u00e9ment aux normes OSHA. Disponibles en stock, elles sont pr\u00eates \u00e0 \u00eatre exp\u00e9di\u00e9es d\u00e8s le lendemain.<\/p>\n<ul>\n<li>Conforme \u00e0 toutes les normes OSHA Fan Guard (.50\u201d).<\/li>\n<li>Nous utilisons des mat\u00e9riaux de haute qualit\u00e9 pour une r\u00e9sistance et une flexibilit\u00e9 maximales.<\/li>\n<li>Soud\u00e9 par des soudeurs certifi\u00e9s \u00e0 l&#039;aide d&#039;outillage de pr\u00e9cision.<\/li>\n<li>Contr\u00f4l\u00e9 pour v\u00e9rifier sa pr\u00e9cision et sa r\u00e9sistance par un contr\u00f4le qualit\u00e9 rigoureux.<\/li>\n<li>Finitions personnalis\u00e9es disponibles\u00a0: rev\u00eatement en poudre, zingage et autres finitions sur demande.<\/li>\n<\/ul>","protected":false},"featured_media":20214,"comment_status":"open","ping_status":"closed","template":"","meta":{"content-type":""},"product_brand":[],"product_cat":[229,103],"product_tag":[],"class_list":{"0":"post-20213","1":"product","2":"type-product","3":"status-publish","4":"has-post-thumbnail","6":"product_cat-fan-guard-combination","7":"product_cat-fan-guards-wired-grille","9":"first","10":"instock","11":"shipping-taxable","12":"purchasable","13":"product-type-simple"},"yoast_head":"<!-- This site is optimized with the Yoast SEO plugin v27.2 - https:\/\/yoast.com\/product\/yoast-seo-wordpress\/ -->\n<title>Stock Flat Fan Guard Combination with Motor Mount - Gold Stone HVAC\/R<\/title>\n<meta name=\"description\" content=\"The guard has our standard designed for mounting and electric motor allowing you to mount the motor from the fan guard thus eliminating the need for an extra motor mount.\" \/>\n<meta name=\"robots\" content=\"index, follow, max-snippet:-1, max-image-preview:large, max-video-preview:-1\" \/>\n<link rel=\"canonical\" href=\"https:\/\/goldstonehvacr.com\/fr\/produit\/stock-flat-combination-fan-guard-motor-mount\/\" \/>\n<meta property=\"og:locale\" content=\"fr_FR\" \/>\n<meta property=\"og:type\" content=\"article\" \/>\n<meta property=\"og:title\" content=\"Stock Flat Fan Guard Combination with Motor Mount - Gold Stone HVAC\/R\" \/>\n<meta property=\"og:description\" content=\"The guard has our standard designed for mounting and electric motor allowing you to mount the motor from the fan guard thus eliminating the need for an extra motor mount.\" \/>\n<meta property=\"og:url\" content=\"https:\/\/goldstonehvacr.com\/fr\/produit\/stock-flat-combination-fan-guard-motor-mount\/\" \/>\n<meta property=\"og:site_name\" content=\"Gold Stone HVAC\/R\" \/>\n<meta property=\"article:modified_time\" content=\"2021-07-15T18:29:50+00:00\" \/>\n<meta property=\"og:image\" content=\"https:\/\/goldstonehvacr.com\/wp-content\/uploads\/2019\/09\/OSHA-Flat-combination-fan-guard-and-motor-mount1.jpg\" \/>\n\t<meta property=\"og:image:width\" content=\"500\" \/>\n\t<meta property=\"og:image:height\" content=\"500\" \/>\n\t<meta property=\"og:image:type\" content=\"image\/jpeg\" \/>\n<meta name=\"twitter:card\" content=\"summary_large_image\" \/>\n<!-- \/ Yoast SEO plugin. -->","yoast_head_json":{"title":"Stock Flat Fan Guard Combination with Motor Mount - Gold Stone HVAC\/R","description":"The guard has our standard designed for mounting and electric motor allowing you to mount the motor from the fan guard thus eliminating the need for an extra motor mount.","robots":{"index":"index","follow":"follow","max-snippet":"max-snippet:-1","max-image-preview":"max-image-preview:large","max-video-preview":"max-video-preview:-1"},"canonical":"https:\/\/goldstonehvacr.com\/fr\/produit\/stock-flat-combination-fan-guard-motor-mount\/","og_locale":"fr_FR","og_type":"article","og_title":"Stock Flat Fan Guard Combination with Motor Mount - Gold Stone HVAC\/R","og_description":"The guard has our standard designed for mounting and electric motor allowing you to mount the motor from the fan guard thus eliminating the need for an extra motor mount.","og_url":"https:\/\/goldstonehvacr.com\/fr\/produit\/stock-flat-combination-fan-guard-motor-mount\/","og_site_name":"Gold Stone HVAC\/R","article_modified_time":"2021-07-15T18:29:50+00:00","og_image":[{"width":500,"height":500,"url":"https:\/\/goldstonehvacr.com\/wp-content\/uploads\/2019\/09\/OSHA-Flat-combination-fan-guard-and-motor-mount1.jpg","type":"image\/jpeg"}],"twitter_card":"summary_large_image","schema":{"@context":"https:\/\/schema.org","@graph":[{"@type":"WebPage","@id":"https:\/\/goldstonehvacr.com\/product\/stock-flat-combination-fan-guard-motor-mount\/","url":"https:\/\/goldstonehvacr.com\/product\/stock-flat-combination-fan-guard-motor-mount\/","name":"Stock Flat Fan Guard Combination with Motor Mount - Gold Stone HVAC\/R","isPartOf":{"@id":"https:\/\/goldstonehvacr.com\/#website"},"primaryImageOfPage":{"@id":"https:\/\/goldstonehvacr.com\/product\/stock-flat-combination-fan-guard-motor-mount\/#primaryimage"},"image":{"@id":"https:\/\/goldstonehvacr.com\/product\/stock-flat-combination-fan-guard-motor-mount\/#primaryimage"},"thumbnailUrl":"https:\/\/goldstonehvacr.com\/wp-content\/uploads\/2019\/09\/OSHA-Flat-combination-fan-guard-and-motor-mount1.jpg","datePublished":"2019-09-16T21:27:45+00:00","dateModified":"2021-07-15T18:29:50+00:00","description":"The guard has our standard designed for mounting and electric motor allowing you to mount the motor from the fan guard thus eliminating the need for an extra motor mount.","breadcrumb":{"@id":"https:\/\/goldstonehvacr.com\/product\/stock-flat-combination-fan-guard-motor-mount\/#breadcrumb"},"inLanguage":"fr-FR","potentialAction":[{"@type":"ReadAction","target":["https:\/\/goldstonehvacr.com\/product\/stock-flat-combination-fan-guard-motor-mount\/"]}]},{"@type":"ImageObject","inLanguage":"fr-FR","@id":"https:\/\/goldstonehvacr.com\/product\/stock-flat-combination-fan-guard-motor-mount\/#primaryimage","url":"https:\/\/goldstonehvacr.com\/wp-content\/uploads\/2019\/09\/OSHA-Flat-combination-fan-guard-and-motor-mount1.jpg","contentUrl":"https:\/\/goldstonehvacr.com\/wp-content\/uploads\/2019\/09\/OSHA-Flat-combination-fan-guard-and-motor-mount1.jpg","width":500,"height":500},{"@type":"BreadcrumbList","@id":"https:\/\/goldstonehvacr.com\/product\/stock-flat-combination-fan-guard-motor-mount\/#breadcrumb","itemListElement":[{"@type":"ListItem","position":1,"name":"Home","item":"https:\/\/goldstonehvacr.com\/"},{"@type":"ListItem","position":2,"name":"Shop","item":"https:\/\/goldstonehvacr.com\/shop\/"},{"@type":"ListItem","position":3,"name":"Stock Flat Fan Guard Combination with Motor Mount"}]},{"@type":"WebSite","@id":"https:\/\/goldstonehvacr.com\/#website","url":"https:\/\/goldstonehvacr.com\/","name":"Gold Stone CVC\/R","description":"","publisher":{"@id":"https:\/\/goldstonehvacr.com\/#organization"},"potentialAction":[{"@type":"SearchAction","target":{"@type":"EntryPoint","urlTemplate":"https:\/\/goldstonehvacr.com\/?s={search_term_string}"},"query-input":{"@type":"PropertyValueSpecification","valueRequired":true,"valueName":"search_term_string"}}],"inLanguage":"fr-FR"},{"@type":"Organization","@id":"https:\/\/goldstonehvacr.com\/#organization","name":"Goldstone CVC","url":"https:\/\/goldstonehvacr.com\/","logo":{"@type":"ImageObject","inLanguage":"fr-FR","@id":"https:\/\/goldstonehvacr.com\/#\/schema\/logo\/image\/","url":"https:\/\/goldstonehvacr.com\/wp-content\/uploads\/2019\/09\/gsi-logo.png","contentUrl":"https:\/\/goldstonehvacr.com\/wp-content\/uploads\/2019\/09\/gsi-logo.png","width":340,"height":159,"caption":"Goldstone HVAC"},"image":{"@id":"https:\/\/goldstonehvacr.com\/#\/schema\/logo\/image\/"}}]}},"jetpack_sharing_enabled":true,"_links":{"self":[{"href":"https:\/\/goldstonehvacr.com\/fr\/wp-json\/wp\/v2\/product\/20213","targetHints":{"allow":["GET"]}}],"collection":[{"href":"https:\/\/goldstonehvacr.com\/fr\/wp-json\/wp\/v2\/product"}],"about":[{"href":"https:\/\/goldstonehvacr.com\/fr\/wp-json\/wp\/v2\/types\/product"}],"replies":[{"embeddable":true,"href":"https:\/\/goldstonehvacr.com\/fr\/wp-json\/wp\/v2\/comments?post=20213"}],"wp:featuredmedia":[{"embeddable":true,"href":"https:\/\/goldstonehvacr.com\/fr\/wp-json\/wp\/v2\/media\/20214"}],"wp:attachment":[{"href":"https:\/\/goldstonehvacr.com\/fr\/wp-json\/wp\/v2\/media?parent=20213"}],"wp:term":[{"taxonomy":"product_brand","embeddable":true,"href":"https:\/\/goldstonehvacr.com\/fr\/wp-json\/wp\/v2\/product_brand?post=20213"},{"taxonomy":"product_cat","embeddable":true,"href":"https:\/\/goldstonehvacr.com\/fr\/wp-json\/wp\/v2\/product_cat?post=20213"},{"taxonomy":"product_tag","embeddable":true,"href":"https:\/\/goldstonehvacr.com\/fr\/wp-json\/wp\/v2\/product_tag?post=20213"}],"curies":[{"name":"wp","href":"https:\/\/api.w.org\/{rel}","templated":true}]}}