{"id":20056,"date":"2021-03-28T17:50:22","date_gmt":"2021-03-28T17:50:22","guid":{"rendered":"https:\/\/goldstonehvacr.com\/?post_type=product&#038;p=20056"},"modified":"2022-06-28T15:11:44","modified_gmt":"2022-06-28T15:11:44","slug":"air-conditioning-copper-tube","status":"publish","type":"product","link":"https:\/\/goldstonehvacr.com\/fr\/produit\/air-conditioning-copper-tube\/","title":{"rendered":"Tube en cuivre ACR"},"content":{"rendered":"<ul>\n<li>Les bobines de tubes en cuivre ACR sont des tubes en cuivre sans soudure adapt\u00e9s \u00e0 la r\u00e9frig\u00e9ration et \u00e0 la climatisation, ainsi qu&#039;\u00e0 d&#039;autres applications telles que les conduites d&#039;huile et d&#039;essence. La norme ASTM B743 r\u00e9pertorie toutes les exigences relatives \u00e0 un type particulier de bobine de tube en cuivre ACR\u00a0: nuance de cuivre, trempe, propri\u00e9t\u00e9s m\u00e9caniques, dimensions, marquage, etc.<\/li>\n<li>LWC (Level Wound Coil) ou TIAC (Tube In A Cube) est une mani\u00e8re plus efficace d&#039;approvisionner les fabricants.<\/li>\n<\/ul>","protected":false},"excerpt":{"rendered":"<ul>\n<li>cuivre 99%<\/li>\n<li>Fabriqu\u00e9 en tubes droits ou en bobines<\/li>\n<li>R\u00e9frig\u00e9ration, plomberie et autres industries<\/li>\n<li>Marque jouissant d&#039;une excellente r\u00e9putation mondiale dans le secteur<\/li>\n<li>Conforme ou d\u00e9passe les normes industrielles<\/li>\n<\/ul>","protected":false},"featured_media":40257,"comment_status":"open","ping_status":"closed","template":"","meta":{"content-type":""},"product_brand":[],"product_cat":[139,233],"product_tag":[],"class_list":{"0":"post-20056","1":"product","2":"type-product","3":"status-publish","4":"has-post-thumbnail","6":"product_cat-copper-tube","7":"product_cat-oem-promotion","9":"first","10":"instock","11":"shipping-taxable","12":"purchasable","13":"product-type-simple"},"yoast_head":"<!-- This site is optimized with the Yoast SEO plugin v27.2 - https:\/\/yoast.com\/product\/yoast-seo-wordpress\/ -->\n<title>ACR Copper Tube - Gold Stone HVAC\/R<\/title>\n<meta name=\"description\" content=\"99% copper. Manufactured in straight tubes or coils. Easy to mold with thermal conductivity. Refrigeration, plumbing, and other industries. Highly reputable worldwide in the industry. Meets or exceeds ASTM B280 standard\" \/>\n<meta name=\"robots\" content=\"index, follow, max-snippet:-1, max-image-preview:large, max-video-preview:-1\" \/>\n<link rel=\"canonical\" href=\"https:\/\/goldstonehvacr.com\/fr\/produit\/air-conditioning-copper-tube\/\" \/>\n<meta property=\"og:locale\" content=\"fr_FR\" \/>\n<meta property=\"og:type\" content=\"article\" \/>\n<meta property=\"og:title\" content=\"ACR Copper Tube - Gold Stone HVAC\/R\" \/>\n<meta property=\"og:description\" content=\"99% copper. Manufactured in straight tubes or coils. Easy to mold with thermal conductivity. Refrigeration, plumbing, and other industries. Highly reputable worldwide in the industry. Meets or exceeds ASTM B280 standard\" \/>\n<meta property=\"og:url\" content=\"https:\/\/goldstonehvacr.com\/fr\/produit\/air-conditioning-copper-tube\/\" \/>\n<meta property=\"og:site_name\" content=\"Gold Stone HVAC\/R\" \/>\n<meta property=\"article:modified_time\" content=\"2022-06-28T15:11:44+00:00\" \/>\n<meta property=\"og:image\" content=\"https:\/\/goldstonehvacr.com\/wp-content\/uploads\/2019\/08\/Copper-Coil-and-Tube-scaled-min.jpg\" \/>\n\t<meta property=\"og:image:width\" content=\"550\" \/>\n\t<meta property=\"og:image:height\" content=\"550\" \/>\n\t<meta property=\"og:image:type\" content=\"image\/jpeg\" \/>\n<meta name=\"twitter:card\" content=\"summary_large_image\" \/>\n<meta name=\"twitter:label1\" content=\"Dur\u00e9e de lecture estim\u00e9e\" \/>\n\t<meta name=\"twitter:data1\" content=\"1 minute\" \/>\n<!-- \/ Yoast SEO plugin. -->","yoast_head_json":{"title":"ACR Copper Tube - Gold Stone HVAC\/R","description":"99% copper. Manufactured in straight tubes or coils. Easy to mold with thermal conductivity. Refrigeration, plumbing, and other industries. Highly reputable worldwide in the industry. Meets or exceeds ASTM B280 standard","robots":{"index":"index","follow":"follow","max-snippet":"max-snippet:-1","max-image-preview":"max-image-preview:large","max-video-preview":"max-video-preview:-1"},"canonical":"https:\/\/goldstonehvacr.com\/fr\/produit\/air-conditioning-copper-tube\/","og_locale":"fr_FR","og_type":"article","og_title":"ACR Copper Tube - Gold Stone HVAC\/R","og_description":"99% copper. Manufactured in straight tubes or coils. Easy to mold with thermal conductivity. Refrigeration, plumbing, and other industries. Highly reputable worldwide in the industry. Meets or exceeds ASTM B280 standard","og_url":"https:\/\/goldstonehvacr.com\/fr\/produit\/air-conditioning-copper-tube\/","og_site_name":"Gold Stone HVAC\/R","article_modified_time":"2022-06-28T15:11:44+00:00","og_image":[{"width":550,"height":550,"url":"https:\/\/goldstonehvacr.com\/wp-content\/uploads\/2019\/08\/Copper-Coil-and-Tube-scaled-min.jpg","type":"image\/jpeg"}],"twitter_card":"summary_large_image","twitter_misc":{"Dur\u00e9e de lecture estim\u00e9e":"1 minute"},"schema":{"@context":"https:\/\/schema.org","@graph":[{"@type":"WebPage","@id":"https:\/\/goldstonehvacr.com\/product\/air-conditioning-copper-tube\/","url":"https:\/\/goldstonehvacr.com\/product\/air-conditioning-copper-tube\/","name":"ACR Copper Tube - Gold Stone HVAC\/R","isPartOf":{"@id":"https:\/\/goldstonehvacr.com\/#website"},"primaryImageOfPage":{"@id":"https:\/\/goldstonehvacr.com\/product\/air-conditioning-copper-tube\/#primaryimage"},"image":{"@id":"https:\/\/goldstonehvacr.com\/product\/air-conditioning-copper-tube\/#primaryimage"},"thumbnailUrl":"https:\/\/goldstonehvacr.com\/wp-content\/uploads\/2019\/08\/Copper-Coil-and-Tube-scaled-min.jpg","datePublished":"2021-03-28T17:50:22+00:00","dateModified":"2022-06-28T15:11:44+00:00","description":"99% copper. Manufactured in straight tubes or coils. Easy to mold with thermal conductivity. Refrigeration, plumbing, and other industries. Highly reputable worldwide in the industry. Meets or exceeds ASTM B280 standard","breadcrumb":{"@id":"https:\/\/goldstonehvacr.com\/product\/air-conditioning-copper-tube\/#breadcrumb"},"inLanguage":"fr-FR","potentialAction":[{"@type":"ReadAction","target":["https:\/\/goldstonehvacr.com\/product\/air-conditioning-copper-tube\/"]}]},{"@type":"ImageObject","inLanguage":"fr-FR","@id":"https:\/\/goldstonehvacr.com\/product\/air-conditioning-copper-tube\/#primaryimage","url":"https:\/\/goldstonehvacr.com\/wp-content\/uploads\/2019\/08\/Copper-Coil-and-Tube-scaled-min.jpg","contentUrl":"https:\/\/goldstonehvacr.com\/wp-content\/uploads\/2019\/08\/Copper-Coil-and-Tube-scaled-min.jpg","width":550,"height":550,"caption":"Copper Tube"},{"@type":"BreadcrumbList","@id":"https:\/\/goldstonehvacr.com\/product\/air-conditioning-copper-tube\/#breadcrumb","itemListElement":[{"@type":"ListItem","position":1,"name":"Home","item":"https:\/\/goldstonehvacr.com\/"},{"@type":"ListItem","position":2,"name":"Shop","item":"https:\/\/goldstonehvacr.com\/shop\/"},{"@type":"ListItem","position":3,"name":"ACR Copper Tube"}]},{"@type":"WebSite","@id":"https:\/\/goldstonehvacr.com\/#website","url":"https:\/\/goldstonehvacr.com\/","name":"Gold Stone CVC\/R","description":"","publisher":{"@id":"https:\/\/goldstonehvacr.com\/#organization"},"potentialAction":[{"@type":"SearchAction","target":{"@type":"EntryPoint","urlTemplate":"https:\/\/goldstonehvacr.com\/?s={search_term_string}"},"query-input":{"@type":"PropertyValueSpecification","valueRequired":true,"valueName":"search_term_string"}}],"inLanguage":"fr-FR"},{"@type":"Organization","@id":"https:\/\/goldstonehvacr.com\/#organization","name":"Goldstone CVC","url":"https:\/\/goldstonehvacr.com\/","logo":{"@type":"ImageObject","inLanguage":"fr-FR","@id":"https:\/\/goldstonehvacr.com\/#\/schema\/logo\/image\/","url":"https:\/\/goldstonehvacr.com\/wp-content\/uploads\/2019\/09\/gsi-logo.png","contentUrl":"https:\/\/goldstonehvacr.com\/wp-content\/uploads\/2019\/09\/gsi-logo.png","width":340,"height":159,"caption":"Goldstone HVAC"},"image":{"@id":"https:\/\/goldstonehvacr.com\/#\/schema\/logo\/image\/"}}]}},"jetpack_sharing_enabled":true,"_links":{"self":[{"href":"https:\/\/goldstonehvacr.com\/fr\/wp-json\/wp\/v2\/product\/20056","targetHints":{"allow":["GET"]}}],"collection":[{"href":"https:\/\/goldstonehvacr.com\/fr\/wp-json\/wp\/v2\/product"}],"about":[{"href":"https:\/\/goldstonehvacr.com\/fr\/wp-json\/wp\/v2\/types\/product"}],"replies":[{"embeddable":true,"href":"https:\/\/goldstonehvacr.com\/fr\/wp-json\/wp\/v2\/comments?post=20056"}],"wp:featuredmedia":[{"embeddable":true,"href":"https:\/\/goldstonehvacr.com\/fr\/wp-json\/wp\/v2\/media\/40257"}],"wp:attachment":[{"href":"https:\/\/goldstonehvacr.com\/fr\/wp-json\/wp\/v2\/media?parent=20056"}],"wp:term":[{"taxonomy":"product_brand","embeddable":true,"href":"https:\/\/goldstonehvacr.com\/fr\/wp-json\/wp\/v2\/product_brand?post=20056"},{"taxonomy":"product_cat","embeddable":true,"href":"https:\/\/goldstonehvacr.com\/fr\/wp-json\/wp\/v2\/product_cat?post=20056"},{"taxonomy":"product_tag","embeddable":true,"href":"https:\/\/goldstonehvacr.com\/fr\/wp-json\/wp\/v2\/product_tag?post=20056"}],"curies":[{"name":"wp","href":"https:\/\/api.w.org\/{rel}","templated":true}]}}