{"id":20036,"date":"2021-03-16T17:19:29","date_gmt":"2021-03-16T17:19:29","guid":{"rendered":"https:\/\/goldstonehvacr.com\/?post_type=product&#038;p=20036"},"modified":"2021-03-31T18:23:33","modified_gmt":"2021-03-31T18:23:33","slug":"coaxial-heat-exchanger","status":"publish","type":"product","link":"https:\/\/goldstonehvacr.com\/fr\/produit\/coaxial-heat-exchanger\/","title":{"rendered":"\u00c9changeur de chaleur coaxial"},"content":{"rendered":"<ul>\n<li>Notre tube \u00e0 rainure int\u00e9rieure brevet\u00e9 provoque des turbulences du fluide, ce qui entra\u00eene un meilleur transfert de chaleur.<\/li>\n<li>La rainure int\u00e9rieure \u00e0 plusieurs canaux de notre tube permet un glissement efficace de l&#039;eau, prot\u00e9geant ainsi du gel et des dommages.<\/li>\n<li>Nous proposons des mod\u00e8les standards de forme ronde, en trombone, rectangulaire, en double h\u00e9lice et en spirale. Vous pouvez \u00e9galement nous communiquer vos sp\u00e9cifications et nous adapterons le mod\u00e8le \u00e0 vos dimensions.<\/li>\n<li>Notre \u00e9changeur de chaleur coaxial est id\u00e9al pour les chauffe-eau thermodynamiques, les pompes \u00e0 chaleur air\/eau et bien d&#039;autres applications. Le tube int\u00e9rieur peut \u00eatre rev\u00eatu de cuivre, de cupronickel, d&#039;acier inoxydable ou de titane.<\/li>\n<\/ul>","protected":false},"excerpt":{"rendered":"<p>L&#039;\u00e9changeur de chaleur coaxial est con\u00e7u selon une structure \u00ab tube dans tube \u00bb. Le tube ext\u00e9rieur est en acier ou en cuivre, tandis que le tube int\u00e9rieur peut \u00eatre en titane, en cuivre ou en cupronickel, selon les exigences de fonctionnement. La surface du tube int\u00e9rieur est rainur\u00e9e de nombreuses rainures h\u00e9lico\u00efdales, ce qui augmente la surface de contact et favorise le transfert de chaleur.<\/p>\n<p>Comme les temp\u00e9ratures du fluide frigorig\u00e8ne et de l&#039;eau sont diff\u00e9rentes, la chaleur se transf\u00e8re du fluide le plus chaud vers le fluide le plus froid. C&#039;est le principe du transfert de chaleur \u00e0 contre-courant, qui permet d&#039;exploiter pleinement la surchauffe de la vapeur de fluide frigorig\u00e8ne et le refroidissement excessif du fluide frigorig\u00e8ne liquide.<\/p>","protected":false},"featured_media":20037,"comment_status":"open","ping_status":"closed","template":"","meta":{"content-type":""},"product_brand":[],"product_cat":[162,148],"product_tag":[129],"class_list":{"0":"post-20036","1":"product","2":"type-product","3":"status-publish","4":"has-post-thumbnail","6":"product_cat-coaxial-heat-exchanger","7":"product_cat-heat-exchanger","8":"product_tag-oem","10":"first","11":"instock","12":"shipping-taxable","13":"purchasable","14":"product-type-simple"},"yoast_head":"<!-- This site is optimized with the Yoast SEO plugin v27.2 - https:\/\/yoast.com\/product\/yoast-seo-wordpress\/ -->\n<title>Coaxial Heat Exchanger - Gold Stone HVAC\/R<\/title>\n<meta name=\"description\" content=\"The coaxial heat exchanger is designed as a &quot;tube in tube&quot; structure. Usually the outer tube is made of steel\/copper, and the inner tube can be titanium, copper, copper-nickel depending on the requirements of working condition. For the inner tube is has many spiral grooves on the surface, which will enlarge the connection surface and get more heat transferred.\" \/>\n<meta name=\"robots\" content=\"index, follow, max-snippet:-1, max-image-preview:large, max-video-preview:-1\" \/>\n<link rel=\"canonical\" href=\"https:\/\/goldstonehvacr.com\/fr\/produit\/coaxial-heat-exchanger\/\" \/>\n<meta property=\"og:locale\" content=\"fr_FR\" \/>\n<meta property=\"og:type\" content=\"article\" \/>\n<meta property=\"og:title\" content=\"Coaxial Heat Exchanger - Gold Stone HVAC\/R\" \/>\n<meta property=\"og:description\" content=\"The coaxial heat exchanger is designed as a &quot;tube in tube&quot; structure. Usually the outer tube is made of steel\/copper, and the inner tube can be titanium, copper, copper-nickel depending on the requirements of working condition. For the inner tube is has many spiral grooves on the surface, which will enlarge the connection surface and get more heat transferred.\" \/>\n<meta property=\"og:url\" content=\"https:\/\/goldstonehvacr.com\/fr\/produit\/coaxial-heat-exchanger\/\" \/>\n<meta property=\"og:site_name\" content=\"Gold Stone HVAC\/R\" \/>\n<meta property=\"article:modified_time\" content=\"2021-03-31T18:23:33+00:00\" \/>\n<meta property=\"og:image\" content=\"https:\/\/goldstonehvacr.com\/wp-content\/uploads\/2019\/08\/COAXIAL-HEAT-EXCHANGER.jpg\" \/>\n\t<meta property=\"og:image:width\" content=\"500\" \/>\n\t<meta property=\"og:image:height\" content=\"500\" \/>\n\t<meta property=\"og:image:type\" content=\"image\/jpeg\" \/>\n<meta name=\"twitter:card\" content=\"summary_large_image\" \/>\n<!-- \/ Yoast SEO plugin. -->","yoast_head_json":{"title":"\u00c9changeur de chaleur coaxial - Gold Stone CVC\/R","description":"L&#039;\u00e9changeur de chaleur coaxial est con\u00e7u selon une structure \u00ab tube dans tube \u00bb. Le tube ext\u00e9rieur est g\u00e9n\u00e9ralement en acier ou en cuivre, tandis que le tube int\u00e9rieur peut \u00eatre en titane, en cuivre ou en cupronickel, selon les exigences de fonctionnement. La surface du tube int\u00e9rieur est rainur\u00e9e de nombreuses rainures h\u00e9lico\u00efdales, ce qui augmente la surface de contact et favorise le transfert de chaleur.","robots":{"index":"index","follow":"follow","max-snippet":"max-snippet:-1","max-image-preview":"max-image-preview:large","max-video-preview":"max-video-preview:-1"},"canonical":"https:\/\/goldstonehvacr.com\/fr\/produit\/coaxial-heat-exchanger\/","og_locale":"fr_FR","og_type":"article","og_title":"Coaxial Heat Exchanger - Gold Stone HVAC\/R","og_description":"The coaxial heat exchanger is designed as a \"tube in tube\" structure. Usually the outer tube is made of steel\/copper, and the inner tube can be titanium, copper, copper-nickel depending on the requirements of working condition. For the inner tube is has many spiral grooves on the surface, which will enlarge the connection surface and get more heat transferred.","og_url":"https:\/\/goldstonehvacr.com\/fr\/produit\/coaxial-heat-exchanger\/","og_site_name":"Gold Stone HVAC\/R","article_modified_time":"2021-03-31T18:23:33+00:00","og_image":[{"width":500,"height":500,"url":"https:\/\/goldstonehvacr.com\/wp-content\/uploads\/2019\/08\/COAXIAL-HEAT-EXCHANGER.jpg","type":"image\/jpeg"}],"twitter_card":"summary_large_image","schema":{"@context":"https:\/\/schema.org","@graph":[{"@type":"WebPage","@id":"https:\/\/goldstonehvacr.com\/product\/coaxial-heat-exchanger\/","url":"https:\/\/goldstonehvacr.com\/product\/coaxial-heat-exchanger\/","name":"\u00c9changeur de chaleur coaxial - Gold Stone CVC\/R","isPartOf":{"@id":"https:\/\/goldstonehvacr.com\/#website"},"primaryImageOfPage":{"@id":"https:\/\/goldstonehvacr.com\/product\/coaxial-heat-exchanger\/#primaryimage"},"image":{"@id":"https:\/\/goldstonehvacr.com\/product\/coaxial-heat-exchanger\/#primaryimage"},"thumbnailUrl":"https:\/\/goldstonehvacr.com\/wp-content\/uploads\/2019\/08\/COAXIAL-HEAT-EXCHANGER.jpg","datePublished":"2021-03-16T17:19:29+00:00","dateModified":"2021-03-31T18:23:33+00:00","description":"L&#039;\u00e9changeur de chaleur coaxial est con\u00e7u selon une structure \u00ab tube dans tube \u00bb. Le tube ext\u00e9rieur est g\u00e9n\u00e9ralement en acier ou en cuivre, tandis que le tube int\u00e9rieur peut \u00eatre en titane, en cuivre ou en cupronickel, selon les exigences de fonctionnement. La surface du tube int\u00e9rieur est rainur\u00e9e de nombreuses rainures h\u00e9lico\u00efdales, ce qui augmente la surface de contact et favorise le transfert de chaleur.","breadcrumb":{"@id":"https:\/\/goldstonehvacr.com\/product\/coaxial-heat-exchanger\/#breadcrumb"},"inLanguage":"fr-FR","potentialAction":[{"@type":"ReadAction","target":["https:\/\/goldstonehvacr.com\/product\/coaxial-heat-exchanger\/"]}]},{"@type":"ImageObject","inLanguage":"fr-FR","@id":"https:\/\/goldstonehvacr.com\/product\/coaxial-heat-exchanger\/#primaryimage","url":"https:\/\/goldstonehvacr.com\/wp-content\/uploads\/2019\/08\/COAXIAL-HEAT-EXCHANGER.jpg","contentUrl":"https:\/\/goldstonehvacr.com\/wp-content\/uploads\/2019\/08\/COAXIAL-HEAT-EXCHANGER.jpg","width":500,"height":500},{"@type":"BreadcrumbList","@id":"https:\/\/goldstonehvacr.com\/product\/coaxial-heat-exchanger\/#breadcrumb","itemListElement":[{"@type":"ListItem","position":1,"name":"Home","item":"https:\/\/goldstonehvacr.com\/"},{"@type":"ListItem","position":2,"name":"Shop","item":"https:\/\/goldstonehvacr.com\/shop\/"},{"@type":"ListItem","position":3,"name":"Coaxial Heat Exchanger"}]},{"@type":"WebSite","@id":"https:\/\/goldstonehvacr.com\/#website","url":"https:\/\/goldstonehvacr.com\/","name":"Gold Stone CVC\/R","description":"","publisher":{"@id":"https:\/\/goldstonehvacr.com\/#organization"},"potentialAction":[{"@type":"SearchAction","target":{"@type":"EntryPoint","urlTemplate":"https:\/\/goldstonehvacr.com\/?s={search_term_string}"},"query-input":{"@type":"PropertyValueSpecification","valueRequired":true,"valueName":"search_term_string"}}],"inLanguage":"fr-FR"},{"@type":"Organization","@id":"https:\/\/goldstonehvacr.com\/#organization","name":"Goldstone CVC","url":"https:\/\/goldstonehvacr.com\/","logo":{"@type":"ImageObject","inLanguage":"fr-FR","@id":"https:\/\/goldstonehvacr.com\/#\/schema\/logo\/image\/","url":"https:\/\/goldstonehvacr.com\/wp-content\/uploads\/2019\/09\/gsi-logo.png","contentUrl":"https:\/\/goldstonehvacr.com\/wp-content\/uploads\/2019\/09\/gsi-logo.png","width":340,"height":159,"caption":"Goldstone HVAC"},"image":{"@id":"https:\/\/goldstonehvacr.com\/#\/schema\/logo\/image\/"}}]}},"jetpack_sharing_enabled":true,"_links":{"self":[{"href":"https:\/\/goldstonehvacr.com\/fr\/wp-json\/wp\/v2\/product\/20036","targetHints":{"allow":["GET"]}}],"collection":[{"href":"https:\/\/goldstonehvacr.com\/fr\/wp-json\/wp\/v2\/product"}],"about":[{"href":"https:\/\/goldstonehvacr.com\/fr\/wp-json\/wp\/v2\/types\/product"}],"replies":[{"embeddable":true,"href":"https:\/\/goldstonehvacr.com\/fr\/wp-json\/wp\/v2\/comments?post=20036"}],"wp:featuredmedia":[{"embeddable":true,"href":"https:\/\/goldstonehvacr.com\/fr\/wp-json\/wp\/v2\/media\/20037"}],"wp:attachment":[{"href":"https:\/\/goldstonehvacr.com\/fr\/wp-json\/wp\/v2\/media?parent=20036"}],"wp:term":[{"taxonomy":"product_brand","embeddable":true,"href":"https:\/\/goldstonehvacr.com\/fr\/wp-json\/wp\/v2\/product_brand?post=20036"},{"taxonomy":"product_cat","embeddable":true,"href":"https:\/\/goldstonehvacr.com\/fr\/wp-json\/wp\/v2\/product_cat?post=20036"},{"taxonomy":"product_tag","embeddable":true,"href":"https:\/\/goldstonehvacr.com\/fr\/wp-json\/wp\/v2\/product_tag?post=20036"}],"curies":[{"name":"wp","href":"https:\/\/api.w.org\/{rel}","templated":true}]}}