{"id":20020,"date":"2021-03-25T20:45:18","date_gmt":"2021-03-25T20:45:18","guid":{"rendered":"https:\/\/goldstonehvacr.com\/?post_type=product&#038;p=20020"},"modified":"2021-04-02T20:03:19","modified_gmt":"2021-04-02T20:03:19","slug":"copper-components","status":"publish","type":"product","link":"https:\/\/goldstonehvacr.com\/fr\/produit\/copper-components\/","title":{"rendered":"Composants en cuivre"},"content":{"rendered":"<ul>\n<li>Raccords<\/li>\n<li>coudes de retour<\/li>\n<li>Robinets<\/li>\n<li>Joints \u00e0 trois voies<\/li>\n<li>Collecteurs d&#039;aspiration<\/li>\n<li>Collecteurs de condenseur<\/li>\n<li>Distributeur<\/li>\n<li>Assembl\u00e9es<\/li>\n<li>\u00c9crous et connecteurs<\/li>\n<li>Tubes de cuivre<\/li>\n<li>Conception personnalis\u00e9e<\/li>\n<li>Sous-ensembles<\/li>\n<\/ul>","protected":false},"excerpt":{"rendered":"<p>Nos composants en cuivre de qualit\u00e9 sup\u00e9rieure trouvent des applications dans divers proc\u00e9d\u00e9s industriels tels que le CVC, la r\u00e9frig\u00e9ration, la distribution de fluides, les conduites d&#039;air comprim\u00e9 et la plomberie. Sous-ensembles de tubes en cuivre\u00a0: Chaque sous-ensemble de tubes en cuivre est fabriqu\u00e9 selon les normes de qualit\u00e9 les plus strictes. Notre fournisseur est un grand fabricant reconnu, sp\u00e9cialis\u00e9 dans la fabrication de collecteurs et de raccords en cuivre. Tous les trous du collecteur sont poin\u00e7onn\u00e9s avec des collerettes pour une brasure optimale. La brasure est r\u00e9alis\u00e9e sous atmosph\u00e8re d&#039;azote purg\u00e9e et les pi\u00e8ces sont soigneusement nettoy\u00e9es pour \u00e9liminer toute contamination. Tous les sous-ensembles en cuivre finis sont contr\u00f4l\u00e9s \u00e0 l&#039;aide d&#039;un instrument de mesure tridimensionnel pour garantir une pr\u00e9cision dimensionnelle maximale. Chaque sous-ensemble est mis sous pression pour v\u00e9rifier l&#039;absence de fuites.<\/p>","protected":false},"featured_media":20021,"comment_status":"open","ping_status":"closed","template":"","meta":{"content-type":""},"product_brand":[],"product_cat":[190,142,209,167,159,160],"product_tag":[],"class_list":{"0":"post-20020","1":"product","2":"type-product","3":"status-publish","4":"has-post-thumbnail","6":"product_cat-copper-components-whosale","7":"product_cat-copper-components","8":"product_cat-copper-components-copper-components-whosale","9":"product_cat-copper-component","10":"product_cat-oem","11":"product_cat-whosale","13":"first","14":"instock","15":"shipping-taxable","16":"purchasable","17":"product-type-simple"},"yoast_head":"<!-- This site is optimized with the Yoast SEO plugin v27.2 - https:\/\/yoast.com\/product\/yoast-seo-wordpress\/ -->\n<title>Copper Components - Gold Stone HVAC\/R<\/title>\n<meta name=\"description\" content=\"Each copper tubing sub-assembly is made to the highest quality standards. Our supplier is a large, well-established manufacturer, specializing in the fabrication of copper manifolds and copper fittings.\" \/>\n<meta name=\"robots\" content=\"index, follow, max-snippet:-1, max-image-preview:large, max-video-preview:-1\" \/>\n<link rel=\"canonical\" href=\"https:\/\/goldstonehvacr.com\/fr\/produit\/copper-components\/\" \/>\n<meta property=\"og:locale\" content=\"fr_FR\" \/>\n<meta property=\"og:type\" content=\"article\" \/>\n<meta property=\"og:title\" content=\"Copper Components - Gold Stone HVAC\/R\" \/>\n<meta property=\"og:description\" content=\"Each copper tubing sub-assembly is made to the highest quality standards. Our supplier is a large, well-established manufacturer, specializing in the fabrication of copper manifolds and copper fittings.\" \/>\n<meta property=\"og:url\" content=\"https:\/\/goldstonehvacr.com\/fr\/produit\/copper-components\/\" \/>\n<meta property=\"og:site_name\" content=\"Gold Stone HVAC\/R\" \/>\n<meta property=\"article:modified_time\" content=\"2021-04-02T20:03:19+00:00\" \/>\n<meta property=\"og:image\" content=\"https:\/\/goldstonehvacr.com\/wp-content\/uploads\/2019\/08\/COPPER-COMPONENTS-SUB-ASSEMBLIES-ACCESSORIES-1.jpg\" \/>\n\t<meta property=\"og:image:width\" content=\"500\" \/>\n\t<meta property=\"og:image:height\" content=\"500\" \/>\n\t<meta property=\"og:image:type\" content=\"image\/jpeg\" \/>\n<meta name=\"twitter:card\" content=\"summary_large_image\" \/>\n<!-- \/ Yoast SEO plugin. -->","yoast_head_json":{"title":"Copper Components - Gold Stone HVAC\/R","description":"Each copper tubing sub-assembly is made to the highest quality standards. Our supplier is a large, well-established manufacturer, specializing in the fabrication of copper manifolds and copper fittings.","robots":{"index":"index","follow":"follow","max-snippet":"max-snippet:-1","max-image-preview":"max-image-preview:large","max-video-preview":"max-video-preview:-1"},"canonical":"https:\/\/goldstonehvacr.com\/fr\/produit\/copper-components\/","og_locale":"fr_FR","og_type":"article","og_title":"Copper Components - Gold Stone HVAC\/R","og_description":"Each copper tubing sub-assembly is made to the highest quality standards. Our supplier is a large, well-established manufacturer, specializing in the fabrication of copper manifolds and copper fittings.","og_url":"https:\/\/goldstonehvacr.com\/fr\/produit\/copper-components\/","og_site_name":"Gold Stone HVAC\/R","article_modified_time":"2021-04-02T20:03:19+00:00","og_image":[{"width":500,"height":500,"url":"https:\/\/goldstonehvacr.com\/wp-content\/uploads\/2019\/08\/COPPER-COMPONENTS-SUB-ASSEMBLIES-ACCESSORIES-1.jpg","type":"image\/jpeg"}],"twitter_card":"summary_large_image","schema":{"@context":"https:\/\/schema.org","@graph":[{"@type":"WebPage","@id":"https:\/\/goldstonehvacr.com\/product\/copper-components\/","url":"https:\/\/goldstonehvacr.com\/product\/copper-components\/","name":"Copper Components - Gold Stone HVAC\/R","isPartOf":{"@id":"https:\/\/goldstonehvacr.com\/#website"},"primaryImageOfPage":{"@id":"https:\/\/goldstonehvacr.com\/product\/copper-components\/#primaryimage"},"image":{"@id":"https:\/\/goldstonehvacr.com\/product\/copper-components\/#primaryimage"},"thumbnailUrl":"https:\/\/goldstonehvacr.com\/wp-content\/uploads\/2019\/08\/COPPER-COMPONENTS-SUB-ASSEMBLIES-ACCESSORIES-1.jpg","datePublished":"2021-03-25T20:45:18+00:00","dateModified":"2021-04-02T20:03:19+00:00","description":"Each copper tubing sub-assembly is made to the highest quality standards. Our supplier is a large, well-established manufacturer, specializing in the fabrication of copper manifolds and copper fittings.","breadcrumb":{"@id":"https:\/\/goldstonehvacr.com\/product\/copper-components\/#breadcrumb"},"inLanguage":"fr-FR","potentialAction":[{"@type":"ReadAction","target":["https:\/\/goldstonehvacr.com\/product\/copper-components\/"]}]},{"@type":"ImageObject","inLanguage":"fr-FR","@id":"https:\/\/goldstonehvacr.com\/product\/copper-components\/#primaryimage","url":"https:\/\/goldstonehvacr.com\/wp-content\/uploads\/2019\/08\/COPPER-COMPONENTS-SUB-ASSEMBLIES-ACCESSORIES-1.jpg","contentUrl":"https:\/\/goldstonehvacr.com\/wp-content\/uploads\/2019\/08\/COPPER-COMPONENTS-SUB-ASSEMBLIES-ACCESSORIES-1.jpg","width":500,"height":500},{"@type":"BreadcrumbList","@id":"https:\/\/goldstonehvacr.com\/product\/copper-components\/#breadcrumb","itemListElement":[{"@type":"ListItem","position":1,"name":"Home","item":"https:\/\/goldstonehvacr.com\/"},{"@type":"ListItem","position":2,"name":"Shop","item":"https:\/\/goldstonehvacr.com\/shop\/"},{"@type":"ListItem","position":3,"name":"Copper Components"}]},{"@type":"WebSite","@id":"https:\/\/goldstonehvacr.com\/#website","url":"https:\/\/goldstonehvacr.com\/","name":"Gold Stone CVC\/R","description":"","publisher":{"@id":"https:\/\/goldstonehvacr.com\/#organization"},"potentialAction":[{"@type":"SearchAction","target":{"@type":"EntryPoint","urlTemplate":"https:\/\/goldstonehvacr.com\/?s={search_term_string}"},"query-input":{"@type":"PropertyValueSpecification","valueRequired":true,"valueName":"search_term_string"}}],"inLanguage":"fr-FR"},{"@type":"Organization","@id":"https:\/\/goldstonehvacr.com\/#organization","name":"Goldstone CVC","url":"https:\/\/goldstonehvacr.com\/","logo":{"@type":"ImageObject","inLanguage":"fr-FR","@id":"https:\/\/goldstonehvacr.com\/#\/schema\/logo\/image\/","url":"https:\/\/goldstonehvacr.com\/wp-content\/uploads\/2019\/09\/gsi-logo.png","contentUrl":"https:\/\/goldstonehvacr.com\/wp-content\/uploads\/2019\/09\/gsi-logo.png","width":340,"height":159,"caption":"Goldstone HVAC"},"image":{"@id":"https:\/\/goldstonehvacr.com\/#\/schema\/logo\/image\/"}}]}},"jetpack_sharing_enabled":true,"_links":{"self":[{"href":"https:\/\/goldstonehvacr.com\/fr\/wp-json\/wp\/v2\/product\/20020","targetHints":{"allow":["GET"]}}],"collection":[{"href":"https:\/\/goldstonehvacr.com\/fr\/wp-json\/wp\/v2\/product"}],"about":[{"href":"https:\/\/goldstonehvacr.com\/fr\/wp-json\/wp\/v2\/types\/product"}],"replies":[{"embeddable":true,"href":"https:\/\/goldstonehvacr.com\/fr\/wp-json\/wp\/v2\/comments?post=20020"}],"wp:featuredmedia":[{"embeddable":true,"href":"https:\/\/goldstonehvacr.com\/fr\/wp-json\/wp\/v2\/media\/20021"}],"wp:attachment":[{"href":"https:\/\/goldstonehvacr.com\/fr\/wp-json\/wp\/v2\/media?parent=20020"}],"wp:term":[{"taxonomy":"product_brand","embeddable":true,"href":"https:\/\/goldstonehvacr.com\/fr\/wp-json\/wp\/v2\/product_brand?post=20020"},{"taxonomy":"product_cat","embeddable":true,"href":"https:\/\/goldstonehvacr.com\/fr\/wp-json\/wp\/v2\/product_cat?post=20020"},{"taxonomy":"product_tag","embeddable":true,"href":"https:\/\/goldstonehvacr.com\/fr\/wp-json\/wp\/v2\/product_tag?post=20020"}],"curies":[{"name":"wp","href":"https:\/\/api.w.org\/{rel}","templated":true}]}}