{"id":20013,"date":"2019-08-30T17:04:30","date_gmt":"2019-08-30T17:04:30","guid":{"rendered":"https:\/\/goldstonehvacr.com\/?post_type=product&#038;p=20013"},"modified":"2021-04-16T22:16:27","modified_gmt":"2021-04-16T22:16:27","slug":"distribution-coupling","status":"publish","type":"product","link":"https:\/\/goldstonehvacr.com\/fr\/produit\/distribution-coupling\/","title":{"rendered":"Couplage de distribution"},"content":{"rendered":"<p><strong>Application:<\/strong><\/p>\n<ul>\n<li>Climatiseur VRV\/F ou autres \u00e9quipements de climatisation<\/li>\n<li>R410A, R22, R134A et la plupart des autres<\/li>\n<\/ul>\n<p><strong>Fonctionnalit\u00e9:<\/strong><\/p>\n<ul>\n<li>La conception optimis\u00e9e du produit minimise la perte de charge et maximise la capacit\u00e9 de distribution<\/li>\n<li>technologie de soudage professionnelle<\/li>\n<li>\u00c9paisseur \u00e9lev\u00e9e de la paroi en cuivre pour les applications \u00e0 haute pression<\/li>\n<li>Notre solide \u00e9quipe d&#039;ing\u00e9nierie interne peut r\u00e9pondre \u00e0 toutes les demandes personnalis\u00e9es.<\/li>\n<\/ul>","protected":false},"excerpt":{"rendered":"<p>Climatiseur VRV\/F ou autres \u00e9quipements de climatisation R410A, R22, R134A et la plupart des autres.<\/p>","protected":false},"featured_media":20014,"comment_status":"open","ping_status":"closed","template":"","meta":{"content-type":""},"product_brand":[],"product_cat":[159,167,214],"product_tag":[],"class_list":{"0":"post-20013","1":"product","2":"type-product","3":"status-publish","4":"has-post-thumbnail","6":"product_cat-oem","7":"product_cat-copper-component","8":"product_cat-distribution-coupling","10":"first","11":"instock","12":"shipping-taxable","13":"purchasable","14":"product-type-simple"},"yoast_head":"<!-- This site is optimized with the Yoast SEO plugin v27.2 - https:\/\/yoast.com\/product\/yoast-seo-wordpress\/ -->\n<title>Distribution Coupling - Gold Stone HVAC\/R<\/title>\n<meta name=\"description\" content=\"VRV\/F air conditioner or other air conditioning equipments R410A, R22, R134A and most others.\" \/>\n<meta name=\"robots\" content=\"index, follow, max-snippet:-1, max-image-preview:large, max-video-preview:-1\" \/>\n<link rel=\"canonical\" href=\"https:\/\/goldstonehvacr.com\/fr\/produit\/distribution-coupling\/\" \/>\n<meta property=\"og:locale\" content=\"fr_FR\" \/>\n<meta property=\"og:type\" content=\"article\" \/>\n<meta property=\"og:title\" content=\"Distribution Coupling - Gold Stone HVAC\/R\" \/>\n<meta property=\"og:description\" content=\"VRV\/F air conditioner or other air conditioning equipments R410A, R22, R134A and most others.\" \/>\n<meta property=\"og:url\" content=\"https:\/\/goldstonehvacr.com\/fr\/produit\/distribution-coupling\/\" \/>\n<meta property=\"og:site_name\" content=\"Gold Stone HVAC\/R\" \/>\n<meta property=\"article:modified_time\" content=\"2021-04-16T22:16:27+00:00\" \/>\n<meta property=\"og:image\" content=\"https:\/\/goldstonehvacr.com\/wp-content\/uploads\/2019\/08\/DISTRIBUTION-COUPLING.jpg\" \/>\n\t<meta property=\"og:image:width\" content=\"500\" \/>\n\t<meta property=\"og:image:height\" content=\"500\" \/>\n\t<meta property=\"og:image:type\" content=\"image\/jpeg\" \/>\n<meta name=\"twitter:card\" content=\"summary_large_image\" \/>\n<!-- \/ Yoast SEO plugin. -->","yoast_head_json":{"title":"Distribution Coupling - Gold Stone HVAC\/R","description":"Climatiseur VRV\/F ou autres \u00e9quipements de climatisation R410A, R22, R134A et la plupart des autres.","robots":{"index":"index","follow":"follow","max-snippet":"max-snippet:-1","max-image-preview":"max-image-preview:large","max-video-preview":"max-video-preview:-1"},"canonical":"https:\/\/goldstonehvacr.com\/fr\/produit\/distribution-coupling\/","og_locale":"fr_FR","og_type":"article","og_title":"Distribution Coupling - Gold Stone HVAC\/R","og_description":"VRV\/F air conditioner or other air conditioning equipments R410A, R22, R134A and most others.","og_url":"https:\/\/goldstonehvacr.com\/fr\/produit\/distribution-coupling\/","og_site_name":"Gold Stone HVAC\/R","article_modified_time":"2021-04-16T22:16:27+00:00","og_image":[{"width":500,"height":500,"url":"https:\/\/goldstonehvacr.com\/wp-content\/uploads\/2019\/08\/DISTRIBUTION-COUPLING.jpg","type":"image\/jpeg"}],"twitter_card":"summary_large_image","schema":{"@context":"https:\/\/schema.org","@graph":[{"@type":"WebPage","@id":"https:\/\/goldstonehvacr.com\/product\/distribution-coupling\/","url":"https:\/\/goldstonehvacr.com\/product\/distribution-coupling\/","name":"Distribution Coupling - Gold Stone HVAC\/R","isPartOf":{"@id":"https:\/\/goldstonehvacr.com\/#website"},"primaryImageOfPage":{"@id":"https:\/\/goldstonehvacr.com\/product\/distribution-coupling\/#primaryimage"},"image":{"@id":"https:\/\/goldstonehvacr.com\/product\/distribution-coupling\/#primaryimage"},"thumbnailUrl":"https:\/\/goldstonehvacr.com\/wp-content\/uploads\/2019\/08\/DISTRIBUTION-COUPLING.jpg","datePublished":"2019-08-30T17:04:30+00:00","dateModified":"2021-04-16T22:16:27+00:00","description":"Climatiseur VRV\/F ou autres \u00e9quipements de climatisation R410A, R22, R134A et la plupart des autres.","breadcrumb":{"@id":"https:\/\/goldstonehvacr.com\/product\/distribution-coupling\/#breadcrumb"},"inLanguage":"fr-FR","potentialAction":[{"@type":"ReadAction","target":["https:\/\/goldstonehvacr.com\/product\/distribution-coupling\/"]}]},{"@type":"ImageObject","inLanguage":"fr-FR","@id":"https:\/\/goldstonehvacr.com\/product\/distribution-coupling\/#primaryimage","url":"https:\/\/goldstonehvacr.com\/wp-content\/uploads\/2019\/08\/DISTRIBUTION-COUPLING.jpg","contentUrl":"https:\/\/goldstonehvacr.com\/wp-content\/uploads\/2019\/08\/DISTRIBUTION-COUPLING.jpg","width":500,"height":500},{"@type":"BreadcrumbList","@id":"https:\/\/goldstonehvacr.com\/product\/distribution-coupling\/#breadcrumb","itemListElement":[{"@type":"ListItem","position":1,"name":"Home","item":"https:\/\/goldstonehvacr.com\/"},{"@type":"ListItem","position":2,"name":"Shop","item":"https:\/\/goldstonehvacr.com\/shop\/"},{"@type":"ListItem","position":3,"name":"Distribution Coupling"}]},{"@type":"WebSite","@id":"https:\/\/goldstonehvacr.com\/#website","url":"https:\/\/goldstonehvacr.com\/","name":"Gold Stone CVC\/R","description":"","publisher":{"@id":"https:\/\/goldstonehvacr.com\/#organization"},"potentialAction":[{"@type":"SearchAction","target":{"@type":"EntryPoint","urlTemplate":"https:\/\/goldstonehvacr.com\/?s={search_term_string}"},"query-input":{"@type":"PropertyValueSpecification","valueRequired":true,"valueName":"search_term_string"}}],"inLanguage":"fr-FR"},{"@type":"Organization","@id":"https:\/\/goldstonehvacr.com\/#organization","name":"Goldstone CVC","url":"https:\/\/goldstonehvacr.com\/","logo":{"@type":"ImageObject","inLanguage":"fr-FR","@id":"https:\/\/goldstonehvacr.com\/#\/schema\/logo\/image\/","url":"https:\/\/goldstonehvacr.com\/wp-content\/uploads\/2019\/09\/gsi-logo.png","contentUrl":"https:\/\/goldstonehvacr.com\/wp-content\/uploads\/2019\/09\/gsi-logo.png","width":340,"height":159,"caption":"Goldstone HVAC"},"image":{"@id":"https:\/\/goldstonehvacr.com\/#\/schema\/logo\/image\/"}}]}},"jetpack_sharing_enabled":true,"_links":{"self":[{"href":"https:\/\/goldstonehvacr.com\/fr\/wp-json\/wp\/v2\/product\/20013","targetHints":{"allow":["GET"]}}],"collection":[{"href":"https:\/\/goldstonehvacr.com\/fr\/wp-json\/wp\/v2\/product"}],"about":[{"href":"https:\/\/goldstonehvacr.com\/fr\/wp-json\/wp\/v2\/types\/product"}],"replies":[{"embeddable":true,"href":"https:\/\/goldstonehvacr.com\/fr\/wp-json\/wp\/v2\/comments?post=20013"}],"wp:featuredmedia":[{"embeddable":true,"href":"https:\/\/goldstonehvacr.com\/fr\/wp-json\/wp\/v2\/media\/20014"}],"wp:attachment":[{"href":"https:\/\/goldstonehvacr.com\/fr\/wp-json\/wp\/v2\/media?parent=20013"}],"wp:term":[{"taxonomy":"product_brand","embeddable":true,"href":"https:\/\/goldstonehvacr.com\/fr\/wp-json\/wp\/v2\/product_brand?post=20013"},{"taxonomy":"product_cat","embeddable":true,"href":"https:\/\/goldstonehvacr.com\/fr\/wp-json\/wp\/v2\/product_cat?post=20013"},{"taxonomy":"product_tag","embeddable":true,"href":"https:\/\/goldstonehvacr.com\/fr\/wp-json\/wp\/v2\/product_tag?post=20013"}],"curies":[{"name":"wp","href":"https:\/\/api.w.org\/{rel}","templated":true}]}}