{"id":19995,"date":"2019-08-30T16:43:06","date_gmt":"2019-08-30T16:43:06","guid":{"rendered":"https:\/\/goldstonehvacr.com\/?post_type=product&#038;p=19995"},"modified":"2023-06-30T05:10:10","modified_gmt":"2023-06-30T05:10:10","slug":"filter-core-series","status":"publish","type":"product","link":"https:\/\/goldstonehvacr.com\/fr\/produit\/filter-core-series\/","title":{"rendered":"S\u00e9rie de noyaux de filtre"},"content":{"rendered":"<p><strong>S\u00e9rie DS<\/strong><br \/>\ntamis mol\u00e9culaire 80%, alumine activ\u00e9e 20%<br \/>\nCe filtre contient de l&#039;alumine active qui favorise l&#039;absorption de l&#039;acide g\u00e9n\u00e9r\u00e9 lors du fonctionnement du syst\u00e8me, tout en assurant l&#039;adsorption de l&#039;eau et un effet de s\u00e9chage. C&#039;est le filtre le plus performant. Compatible avec les fluides frigorig\u00e8nes\u00a0: R12, R22, R134a, R404a, R507, R410a, R407c (nous contacter si votre fluide frigorig\u00e8ne n&#039;est pas list\u00e9).<\/p>\n<p><strong>S\u00e9rie HS<\/strong><br \/>\ntamis mol\u00e9culaire 100%<br \/>\nCe noyau filtrant avec dessiccant 100% poss\u00e8de la plus grande capacit\u00e9 de s\u00e9chage et est particuli\u00e8rement efficace pour les syst\u00e8mes de grande taille.<br \/>\nCompatible avec les fluides frigorig\u00e8nes suivants\u00a0: R12, R22, R134A, R404A, R507, R410A, R407C (nous contacter si votre fluide frigorig\u00e8ne n\u2019est pas list\u00e9).<\/p>\n<p><strong>S\u00e9rie DW<\/strong><br \/>\nTamis mol\u00e9culaire 75%, alumine activ\u00e9e 20%, carbone 5%.<br \/>\nCe noyau filtrant, enrichi en alumine activ\u00e9e et en charbon actif, sert \u00e0 absorber les d\u00e9p\u00f4ts d&#039;acide et de cire provenant de la combustion.<br \/>\nCompatible avec les fluides frigorig\u00e8nes suivants\u00a0: R12, R22, R134A, R404A, R507, R410A, R407C (nous contacter si votre fluide frigorig\u00e8ne n\u2019est pas list\u00e9).<\/p>\n<p><strong>S\u00e9rie HW<\/strong><br \/>\nTamis mol\u00e9culaire 95%, carbone 5%.<br \/>\nCe noyau filtrant \u00e0 charbon actif convient \u00e0 l&#039;absorption des cires par les syst\u00e8mes de combustion et garantit une grande capacit\u00e9 d&#039;absorption d&#039;eau.<br \/>\nCompatible avec les fluides frigorig\u00e8nes suivants\u00a0: R12, R22, R134a, R404a, R152a, R502, R507 (nous consulter si votre fluide frigorig\u00e8ne n\u2019est pas list\u00e9).<\/p>","protected":false},"excerpt":{"rendered":"<p>Cette s\u00e9rie de noyaux filtrants et de cylindres filtrants amovibles est la plus couramment utilis\u00e9e. Ces filtres sont rempla\u00e7ables et de taille standard. Ils s\u00e8chent et filtrent efficacement les polluants \u00e9trangers. Le noyau filtrant peut remplacer le noyau filtrant d&#039;origine.\u00a0<a href=\"https:\/\/gsi-mainsite.mystagingwebsite.com\/product\/gpl-filter-cylinder\/\">Cylindre filtre GPL<\/a>.<\/p>","protected":false},"featured_media":19997,"comment_status":"open","ping_status":"closed","template":"","meta":{"content-type":""},"product_brand":[],"product_cat":[159,161],"product_tag":[],"class_list":{"0":"post-19995","1":"product","2":"type-product","3":"status-publish","4":"has-post-thumbnail","6":"product_cat-oem","7":"product_cat-other-oem","9":"first","10":"instock","11":"shipping-taxable","12":"purchasable","13":"product-type-simple"},"yoast_head":"<!-- This site is optimized with the Yoast SEO plugin v27.2 - https:\/\/yoast.com\/product\/yoast-seo-wordpress\/ -->\n<title>Filter Core Series - Gold Stone HVAC\/R<\/title>\n<meta name=\"description\" content=\"This series of filter core and removable filter cylinder shell are the most commonly used. These filters are replaceable and their size is universal. They effectively dry and filter out foreign pollutants. The Filter Core can replace the filter core in the GPL Filter Cylinder.\" \/>\n<meta name=\"robots\" content=\"index, follow, max-snippet:-1, max-image-preview:large, max-video-preview:-1\" \/>\n<link rel=\"canonical\" href=\"https:\/\/goldstonehvacr.com\/fr\/produit\/filter-core-series\/\" \/>\n<meta property=\"og:locale\" content=\"fr_FR\" \/>\n<meta property=\"og:type\" content=\"article\" \/>\n<meta property=\"og:title\" content=\"Filter Core Series - Gold Stone HVAC\/R\" \/>\n<meta property=\"og:description\" content=\"This series of filter core and removable filter cylinder shell are the most commonly used. These filters are replaceable and their size is universal. They effectively dry and filter out foreign pollutants. The Filter Core can replace the filter core in the GPL Filter Cylinder.\" \/>\n<meta property=\"og:url\" content=\"https:\/\/goldstonehvacr.com\/fr\/produit\/filter-core-series\/\" \/>\n<meta property=\"og:site_name\" content=\"Gold Stone HVAC\/R\" \/>\n<meta property=\"article:modified_time\" content=\"2023-06-30T05:10:10+00:00\" \/>\n<meta property=\"og:image\" content=\"https:\/\/goldstonehvacr.com\/wp-content\/uploads\/2019\/08\/FILTER-CORE-SERIES.jpg\" \/>\n\t<meta property=\"og:image:width\" content=\"500\" \/>\n\t<meta property=\"og:image:height\" content=\"500\" \/>\n\t<meta property=\"og:image:type\" content=\"image\/jpeg\" \/>\n<meta name=\"twitter:card\" content=\"summary_large_image\" \/>\n<meta name=\"twitter:label1\" content=\"Dur\u00e9e de lecture estim\u00e9e\" \/>\n\t<meta name=\"twitter:data1\" content=\"1 minute\" \/>\n<!-- \/ Yoast SEO plugin. -->","yoast_head_json":{"title":"Filter Core Series - Gold Stone HVAC\/R","description":"This series of filter core and removable filter cylinder shell are the most commonly used. These filters are replaceable and their size is universal. They effectively dry and filter out foreign pollutants. The Filter Core can replace the filter core in the GPL Filter Cylinder.","robots":{"index":"index","follow":"follow","max-snippet":"max-snippet:-1","max-image-preview":"max-image-preview:large","max-video-preview":"max-video-preview:-1"},"canonical":"https:\/\/goldstonehvacr.com\/fr\/produit\/filter-core-series\/","og_locale":"fr_FR","og_type":"article","og_title":"Filter Core Series - Gold Stone HVAC\/R","og_description":"This series of filter core and removable filter cylinder shell are the most commonly used. These filters are replaceable and their size is universal. They effectively dry and filter out foreign pollutants. The Filter Core can replace the filter core in the GPL Filter Cylinder.","og_url":"https:\/\/goldstonehvacr.com\/fr\/produit\/filter-core-series\/","og_site_name":"Gold Stone HVAC\/R","article_modified_time":"2023-06-30T05:10:10+00:00","og_image":[{"width":500,"height":500,"url":"https:\/\/goldstonehvacr.com\/wp-content\/uploads\/2019\/08\/FILTER-CORE-SERIES.jpg","type":"image\/jpeg"}],"twitter_card":"summary_large_image","twitter_misc":{"Dur\u00e9e de lecture estim\u00e9e":"1 minute"},"schema":{"@context":"https:\/\/schema.org","@graph":[{"@type":"WebPage","@id":"https:\/\/goldstonehvacr.com\/product\/filter-core-series\/","url":"https:\/\/goldstonehvacr.com\/product\/filter-core-series\/","name":"Filter Core Series - Gold Stone HVAC\/R","isPartOf":{"@id":"https:\/\/goldstonehvacr.com\/#website"},"primaryImageOfPage":{"@id":"https:\/\/goldstonehvacr.com\/product\/filter-core-series\/#primaryimage"},"image":{"@id":"https:\/\/goldstonehvacr.com\/product\/filter-core-series\/#primaryimage"},"thumbnailUrl":"https:\/\/goldstonehvacr.com\/wp-content\/uploads\/2019\/08\/FILTER-CORE-SERIES.jpg","datePublished":"2019-08-30T16:43:06+00:00","dateModified":"2023-06-30T05:10:10+00:00","description":"This series of filter core and removable filter cylinder shell are the most commonly used. These filters are replaceable and their size is universal. They effectively dry and filter out foreign pollutants. The Filter Core can replace the filter core in the GPL Filter Cylinder.","breadcrumb":{"@id":"https:\/\/goldstonehvacr.com\/product\/filter-core-series\/#breadcrumb"},"inLanguage":"fr-FR","potentialAction":[{"@type":"ReadAction","target":["https:\/\/goldstonehvacr.com\/product\/filter-core-series\/"]}]},{"@type":"ImageObject","inLanguage":"fr-FR","@id":"https:\/\/goldstonehvacr.com\/product\/filter-core-series\/#primaryimage","url":"https:\/\/goldstonehvacr.com\/wp-content\/uploads\/2019\/08\/FILTER-CORE-SERIES.jpg","contentUrl":"https:\/\/goldstonehvacr.com\/wp-content\/uploads\/2019\/08\/FILTER-CORE-SERIES.jpg","width":500,"height":500},{"@type":"BreadcrumbList","@id":"https:\/\/goldstonehvacr.com\/product\/filter-core-series\/#breadcrumb","itemListElement":[{"@type":"ListItem","position":1,"name":"Home","item":"https:\/\/goldstonehvacr.com\/"},{"@type":"ListItem","position":2,"name":"Shop","item":"https:\/\/goldstonehvacr.com\/shop\/"},{"@type":"ListItem","position":3,"name":"Filter Core Series"}]},{"@type":"WebSite","@id":"https:\/\/goldstonehvacr.com\/#website","url":"https:\/\/goldstonehvacr.com\/","name":"Gold Stone CVC\/R","description":"","publisher":{"@id":"https:\/\/goldstonehvacr.com\/#organization"},"potentialAction":[{"@type":"SearchAction","target":{"@type":"EntryPoint","urlTemplate":"https:\/\/goldstonehvacr.com\/?s={search_term_string}"},"query-input":{"@type":"PropertyValueSpecification","valueRequired":true,"valueName":"search_term_string"}}],"inLanguage":"fr-FR"},{"@type":"Organization","@id":"https:\/\/goldstonehvacr.com\/#organization","name":"Goldstone CVC","url":"https:\/\/goldstonehvacr.com\/","logo":{"@type":"ImageObject","inLanguage":"fr-FR","@id":"https:\/\/goldstonehvacr.com\/#\/schema\/logo\/image\/","url":"https:\/\/goldstonehvacr.com\/wp-content\/uploads\/2019\/09\/gsi-logo.png","contentUrl":"https:\/\/goldstonehvacr.com\/wp-content\/uploads\/2019\/09\/gsi-logo.png","width":340,"height":159,"caption":"Goldstone HVAC"},"image":{"@id":"https:\/\/goldstonehvacr.com\/#\/schema\/logo\/image\/"}}]}},"jetpack_sharing_enabled":true,"_links":{"self":[{"href":"https:\/\/goldstonehvacr.com\/fr\/wp-json\/wp\/v2\/product\/19995","targetHints":{"allow":["GET"]}}],"collection":[{"href":"https:\/\/goldstonehvacr.com\/fr\/wp-json\/wp\/v2\/product"}],"about":[{"href":"https:\/\/goldstonehvacr.com\/fr\/wp-json\/wp\/v2\/types\/product"}],"replies":[{"embeddable":true,"href":"https:\/\/goldstonehvacr.com\/fr\/wp-json\/wp\/v2\/comments?post=19995"}],"wp:featuredmedia":[{"embeddable":true,"href":"https:\/\/goldstonehvacr.com\/fr\/wp-json\/wp\/v2\/media\/19997"}],"wp:attachment":[{"href":"https:\/\/goldstonehvacr.com\/fr\/wp-json\/wp\/v2\/media?parent=19995"}],"wp:term":[{"taxonomy":"product_brand","embeddable":true,"href":"https:\/\/goldstonehvacr.com\/fr\/wp-json\/wp\/v2\/product_brand?post=19995"},{"taxonomy":"product_cat","embeddable":true,"href":"https:\/\/goldstonehvacr.com\/fr\/wp-json\/wp\/v2\/product_cat?post=19995"},{"taxonomy":"product_tag","embeddable":true,"href":"https:\/\/goldstonehvacr.com\/fr\/wp-json\/wp\/v2\/product_tag?post=19995"}],"curies":[{"name":"wp","href":"https:\/\/api.w.org\/{rel}","templated":true}]}}