{"id":19975,"date":"2019-08-30T16:20:39","date_gmt":"2019-08-30T16:20:39","guid":{"rendered":"https:\/\/goldstonehvacr.com\/?post_type=product&#038;p=19975"},"modified":"2023-06-30T05:22:19","modified_gmt":"2023-06-30T05:22:19","slug":"gplc-series-liquid-receiver-1","status":"publish","type":"product","link":"https:\/\/goldstonehvacr.com\/fr\/produit\/gplc-series-liquid-receiver-1\/","title":{"rendered":"R\u00e9cepteur de liquide s\u00e9rie GPLC-1"},"content":{"rendered":"<p>Apr\u00e8s dissipation de la chaleur, le fluide frigorig\u00e8ne haute pression passe \u00e0 l&#039;\u00e9tat liquide puis gazeux. Pour un refroidissement optimal, il doit p\u00e9n\u00e9trer dans l&#039;\u00e9vaporateur sous forme liquide. C&#039;est pourquoi un r\u00e9servoir de fluide frigorig\u00e8ne est install\u00e9\u00a0: il stocke d&#039;abord le fluide haute pression, puis aspire le fluide liquide par le bas vers l&#039;\u00e9vaporateur. Ce syst\u00e8me permet \u00e0 l&#039;\u00e9vaporateur de produire le meilleur refroidissement possible.<\/p>","protected":false},"excerpt":{"rendered":"<p>Les luminaires de la s\u00e9rie GPLC #1 sont certifi\u00e9s UL et con\u00e7us pour une utilisation polyvalente et une grande durabilit\u00e9. Leur rev\u00eatement en poudre leur conf\u00e8re une r\u00e9sistance accrue \u00e0 la corrosion et ils peuvent \u00eatre install\u00e9s aussi bien verticalement qu&#039;horizontalement.<\/p>","protected":false},"featured_media":19976,"comment_status":"open","ping_status":"closed","template":"","meta":{"content-type":""},"product_brand":[],"product_cat":[159,161],"product_tag":[],"class_list":{"0":"post-19975","1":"product","2":"type-product","3":"status-publish","4":"has-post-thumbnail","6":"product_cat-oem","7":"product_cat-other-oem","9":"first","10":"instock","11":"shipping-taxable","12":"purchasable","13":"product-type-simple"},"yoast_head":"<!-- This site is optimized with the Yoast SEO plugin v27.2 - https:\/\/yoast.com\/product\/yoast-seo-wordpress\/ -->\n<title>GPLC Series Liquid Receiver-1 - Gold Stone HVAC\/R<\/title>\n<meta name=\"description\" content=\"The GPLC series #1 are U.L. certified and have been built with application flexibility and durability in mind. They are powder coated for enhanced corrosion resistance and can be installed both vertically and horizontally.\" \/>\n<meta name=\"robots\" content=\"index, follow, max-snippet:-1, max-image-preview:large, max-video-preview:-1\" \/>\n<link rel=\"canonical\" href=\"https:\/\/goldstonehvacr.com\/fr\/produit\/gplc-series-liquid-receiver-1\/\" \/>\n<meta property=\"og:locale\" content=\"fr_FR\" \/>\n<meta property=\"og:type\" content=\"article\" \/>\n<meta property=\"og:title\" content=\"GPLC Series Liquid Receiver-1 - Gold Stone HVAC\/R\" \/>\n<meta property=\"og:description\" content=\"The GPLC series #1 are U.L. certified and have been built with application flexibility and durability in mind. They are powder coated for enhanced corrosion resistance and can be installed both vertically and horizontally.\" \/>\n<meta property=\"og:url\" content=\"https:\/\/goldstonehvacr.com\/fr\/produit\/gplc-series-liquid-receiver-1\/\" \/>\n<meta property=\"og:site_name\" content=\"Gold Stone HVAC\/R\" \/>\n<meta property=\"article:modified_time\" content=\"2023-06-30T05:22:19+00:00\" \/>\n<meta property=\"og:image\" content=\"https:\/\/goldstonehvacr.com\/wp-content\/uploads\/2019\/08\/GPLC-SERIES-LIQUID-RECEIVER-1.jpg\" \/>\n\t<meta property=\"og:image:width\" content=\"500\" \/>\n\t<meta property=\"og:image:height\" content=\"500\" \/>\n\t<meta property=\"og:image:type\" content=\"image\/jpeg\" \/>\n<meta name=\"twitter:card\" content=\"summary_large_image\" \/>\n<!-- \/ Yoast SEO plugin. -->","yoast_head_json":{"title":"GPLC Series Liquid Receiver-1 - Gold Stone HVAC\/R","description":"Les luminaires de la s\u00e9rie GPLC #1 sont certifi\u00e9s UL et con\u00e7us pour une utilisation polyvalente et une grande durabilit\u00e9. Leur rev\u00eatement en poudre leur conf\u00e8re une r\u00e9sistance accrue \u00e0 la corrosion et ils peuvent \u00eatre install\u00e9s aussi bien verticalement qu&#039;horizontalement.","robots":{"index":"index","follow":"follow","max-snippet":"max-snippet:-1","max-image-preview":"max-image-preview:large","max-video-preview":"max-video-preview:-1"},"canonical":"https:\/\/goldstonehvacr.com\/fr\/produit\/gplc-series-liquid-receiver-1\/","og_locale":"fr_FR","og_type":"article","og_title":"GPLC Series Liquid Receiver-1 - Gold Stone HVAC\/R","og_description":"The GPLC series #1 are U.L. certified and have been built with application flexibility and durability in mind. They are powder coated for enhanced corrosion resistance and can be installed both vertically and horizontally.","og_url":"https:\/\/goldstonehvacr.com\/fr\/produit\/gplc-series-liquid-receiver-1\/","og_site_name":"Gold Stone HVAC\/R","article_modified_time":"2023-06-30T05:22:19+00:00","og_image":[{"width":500,"height":500,"url":"https:\/\/goldstonehvacr.com\/wp-content\/uploads\/2019\/08\/GPLC-SERIES-LIQUID-RECEIVER-1.jpg","type":"image\/jpeg"}],"twitter_card":"summary_large_image","schema":{"@context":"https:\/\/schema.org","@graph":[{"@type":"WebPage","@id":"https:\/\/goldstonehvacr.com\/product\/gplc-series-liquid-receiver-1\/","url":"https:\/\/goldstonehvacr.com\/product\/gplc-series-liquid-receiver-1\/","name":"GPLC Series Liquid Receiver-1 - Gold Stone HVAC\/R","isPartOf":{"@id":"https:\/\/goldstonehvacr.com\/#website"},"primaryImageOfPage":{"@id":"https:\/\/goldstonehvacr.com\/product\/gplc-series-liquid-receiver-1\/#primaryimage"},"image":{"@id":"https:\/\/goldstonehvacr.com\/product\/gplc-series-liquid-receiver-1\/#primaryimage"},"thumbnailUrl":"https:\/\/goldstonehvacr.com\/wp-content\/uploads\/2019\/08\/GPLC-SERIES-LIQUID-RECEIVER-1.jpg","datePublished":"2019-08-30T16:20:39+00:00","dateModified":"2023-06-30T05:22:19+00:00","description":"Les luminaires de la s\u00e9rie GPLC #1 sont certifi\u00e9s UL et con\u00e7us pour une utilisation polyvalente et une grande durabilit\u00e9. Leur rev\u00eatement en poudre leur conf\u00e8re une r\u00e9sistance accrue \u00e0 la corrosion et ils peuvent \u00eatre install\u00e9s aussi bien verticalement qu&#039;horizontalement.","breadcrumb":{"@id":"https:\/\/goldstonehvacr.com\/product\/gplc-series-liquid-receiver-1\/#breadcrumb"},"inLanguage":"fr-FR","potentialAction":[{"@type":"ReadAction","target":["https:\/\/goldstonehvacr.com\/product\/gplc-series-liquid-receiver-1\/"]}]},{"@type":"ImageObject","inLanguage":"fr-FR","@id":"https:\/\/goldstonehvacr.com\/product\/gplc-series-liquid-receiver-1\/#primaryimage","url":"https:\/\/goldstonehvacr.com\/wp-content\/uploads\/2019\/08\/GPLC-SERIES-LIQUID-RECEIVER-1.jpg","contentUrl":"https:\/\/goldstonehvacr.com\/wp-content\/uploads\/2019\/08\/GPLC-SERIES-LIQUID-RECEIVER-1.jpg","width":500,"height":500},{"@type":"BreadcrumbList","@id":"https:\/\/goldstonehvacr.com\/product\/gplc-series-liquid-receiver-1\/#breadcrumb","itemListElement":[{"@type":"ListItem","position":1,"name":"Home","item":"https:\/\/goldstonehvacr.com\/"},{"@type":"ListItem","position":2,"name":"Shop","item":"https:\/\/goldstonehvacr.com\/shop\/"},{"@type":"ListItem","position":3,"name":"GPLC Series Liquid Receiver-1"}]},{"@type":"WebSite","@id":"https:\/\/goldstonehvacr.com\/#website","url":"https:\/\/goldstonehvacr.com\/","name":"Gold Stone CVC\/R","description":"","publisher":{"@id":"https:\/\/goldstonehvacr.com\/#organization"},"potentialAction":[{"@type":"SearchAction","target":{"@type":"EntryPoint","urlTemplate":"https:\/\/goldstonehvacr.com\/?s={search_term_string}"},"query-input":{"@type":"PropertyValueSpecification","valueRequired":true,"valueName":"search_term_string"}}],"inLanguage":"fr-FR"},{"@type":"Organization","@id":"https:\/\/goldstonehvacr.com\/#organization","name":"Goldstone CVC","url":"https:\/\/goldstonehvacr.com\/","logo":{"@type":"ImageObject","inLanguage":"fr-FR","@id":"https:\/\/goldstonehvacr.com\/#\/schema\/logo\/image\/","url":"https:\/\/goldstonehvacr.com\/wp-content\/uploads\/2019\/09\/gsi-logo.png","contentUrl":"https:\/\/goldstonehvacr.com\/wp-content\/uploads\/2019\/09\/gsi-logo.png","width":340,"height":159,"caption":"Goldstone HVAC"},"image":{"@id":"https:\/\/goldstonehvacr.com\/#\/schema\/logo\/image\/"}}]}},"jetpack_sharing_enabled":true,"_links":{"self":[{"href":"https:\/\/goldstonehvacr.com\/fr\/wp-json\/wp\/v2\/product\/19975","targetHints":{"allow":["GET"]}}],"collection":[{"href":"https:\/\/goldstonehvacr.com\/fr\/wp-json\/wp\/v2\/product"}],"about":[{"href":"https:\/\/goldstonehvacr.com\/fr\/wp-json\/wp\/v2\/types\/product"}],"replies":[{"embeddable":true,"href":"https:\/\/goldstonehvacr.com\/fr\/wp-json\/wp\/v2\/comments?post=19975"}],"wp:featuredmedia":[{"embeddable":true,"href":"https:\/\/goldstonehvacr.com\/fr\/wp-json\/wp\/v2\/media\/19976"}],"wp:attachment":[{"href":"https:\/\/goldstonehvacr.com\/fr\/wp-json\/wp\/v2\/media?parent=19975"}],"wp:term":[{"taxonomy":"product_brand","embeddable":true,"href":"https:\/\/goldstonehvacr.com\/fr\/wp-json\/wp\/v2\/product_brand?post=19975"},{"taxonomy":"product_cat","embeddable":true,"href":"https:\/\/goldstonehvacr.com\/fr\/wp-json\/wp\/v2\/product_cat?post=19975"},{"taxonomy":"product_tag","embeddable":true,"href":"https:\/\/goldstonehvacr.com\/fr\/wp-json\/wp\/v2\/product_tag?post=19975"}],"curies":[{"name":"wp","href":"https:\/\/api.w.org\/{rel}","templated":true}]}}