{"id":19909,"date":"2021-03-30T16:05:18","date_gmt":"2021-03-30T16:05:18","guid":{"rendered":"https:\/\/goldstonehvacr.com\/?post_type=product&#038;p=19909"},"modified":"2023-06-29T08:57:29","modified_gmt":"2023-06-29T08:57:29","slug":"micro-channel-heat-exchanger","status":"publish","type":"product","link":"https:\/\/goldstonehvacr.com\/fr\/produit\/micro-channel-heat-exchanger\/","title":{"rendered":"\u00c9changeur de chaleur \u00e0 microcanaux"},"content":{"rendered":"<h2><strong>1. Serpentin du condenseur<\/strong><\/h2>\n<p><strong>\u00a0Application:<\/strong><\/p>\n<p>Bobine plate et bobine avec diff\u00e9rents rayons de courbure<br \/>\nCVC r\u00e9sidentiel et commercial<\/p>\n<p><strong>\u00a0 \u00a0 \u00a0Condition:<\/strong><\/p>\n<ul>\n<li>R\u00e9frig\u00e9rants R410A, R134A, R22, R407C, R404A<\/li>\n<li>Pression de conception 650 psi (4,5 MPa)<\/li>\n<li>Temp\u00e9rature ambiante de l&#039;air : -30 \u00b0C \u00e0 72 \u00b0C (-22 \u00b0F \u00e0 161,6 \u00b0F)<\/li>\n<li>Temp\u00e9rature pr\u00e9vue du r\u00e9frig\u00e9rant : -30 \u00b0C \u00e0 121 \u00b0C (-22 \u00b0F \u00e0 250 \u00b0F)<\/li>\n<li>Temp\u00e9rature de stockage : -30 \u00b0C \u00e0 121 \u00b0C (-22 \u00b0F \u00e0 250 \u00b0F)<\/li>\n<\/ul>\n<p><strong>\u00a0 \u00a0 Fonctionnalit\u00e9:<\/strong><\/p>\n<ul>\n<li>Jusqu&#039;\u00e0 50% de charge de r\u00e9frig\u00e9rant en moins<\/li>\n<li>Plus de 30% : efficacit\u00e9 HT sup\u00e9rieure<\/li>\n<li>DP c\u00f4t\u00e9 air inf\u00e9rieur jusqu&#039;\u00e0 30%<\/li>\n<li>Plus l\u00e9ger, moins volumineux : jusqu&#039;\u00e0 50%<\/li>\n<li>Aluminium 100%, facile \u00e0 recycler<\/li>\n<li>D\u00e9gradation minimale des performances au fil du temps (100%bras\u00e9)<\/li>\n<li>Corrosion galvanique minimale (100%Aluminum)<\/li>\n<\/ul>\n<p>&nbsp;<\/p>\n<h2>2. Serpentin d&#039;\u00e9vaporateur<\/h2>\n<p>&nbsp;<\/p>\n<p><strong>\u00a0 \u00a0 \u00a0Application:<\/strong><\/p>\n<ul>\n<li>bobine en plaque<\/li>\n<li>CVC r\u00e9sidentiel et commercial<\/li>\n<li>Production en s\u00e9rie pour bobine A<\/li>\n<li>Capacit\u00e9 de climatisation et de pompe \u00e0 chaleur int\u00e9rieure<\/li>\n<li>Bobine A (cintrage de tubes)<\/li>\n<\/ul>\n<p><strong>\u00a0 \u00a0 \u00a0Condition:<\/strong><\/p>\n<ul>\n<li>R\u00e9frig\u00e9rants R410A, R134A, R22, R407C, R404A<\/li>\n<li>Pression de conception 650 psi (4,5 MPa)<\/li>\n<li>Temp\u00e9rature ambiante de l&#039;air : -30 \u00b0C \u00e0 72 \u00b0G (-22 \u00b0F \u00e0 161,6 \u00b0F)<\/li>\n<li>Temp\u00e9rature du fluide frigorig\u00e8ne pr\u00e9vue\u00a0: -30\u00a0\u00b0C \u00e0 121\u00a0\u00b0C (-22\u00a0\u00b0F \u00e0 250\u00a0\u00b0F)<\/li>\n<li>Temp\u00e9rature de stockage : -30 \u00b0C \u00e0 121 \u00b0C (-22 \u00b0F \u00e0 250 \u00b0F)<\/li>\n<\/ul>\n<p><strong>\u00a0 \u00a0 \u00a0Fonctionnalit\u00e9:<\/strong><\/p>\n<ul>\n<li>Charge de r\u00e9frig\u00e9rant r\u00e9duite jusqu&#039;\u00e0 50%<\/li>\n<li>Plus de 30% efficacit\u00e9 HT sup\u00e9rieure<\/li>\n<li>Jusqu&#039;\u00e0 30% c\u00f4t\u00e9 air inf\u00e9rieur DP<\/li>\n<li>Plus l\u00e9ger, moins volumineux : jusqu&#039;\u00e0 50%<\/li>\n<li>100%Aluminium, facile \u00e0 recycler<\/li>\n<li>Les performances minimales diminuent avec la dur\u00e9e de vie (100% bras\u00e9)<\/li>\n<li>Corrosion galvanique minimale (aluminium 100%)<\/li>\n<li>Structure de cintrage de tube sp\u00e9ciale pour bobine A<\/li>\n<li>Conception sp\u00e9ciale pour une bonne distribution du r\u00e9frig\u00e9rant<\/li>\n<li>Conception sp\u00e9ciale des ailettes pour un bon drainage de l&#039;eau<\/li>\n<\/ul>","protected":false},"excerpt":{"rendered":"<p>Les \u00e9changeurs de chaleur \u00e0 microcanaux repr\u00e9sentent une technologie de pointe en mati\u00e8re de transfert thermique. Goldstone propose une gamme compl\u00e8te de serpentins \u00e0 microcanaux, notamment des serpentins de condenseur, d&#039;\u00e9vaporateur et pour pompes \u00e0 chaleur. Nous offrons \u00e9galement diverses options de personnalisation afin de r\u00e9pondre aux sp\u00e9cifications uniques de votre entreprise.<\/p>\n<p>Les r\u00e9sistances \u00e0 microcanaux pr\u00e9sentent de nombreux avantages par rapport aux r\u00e9sistances tubulaires traditionnelles. En voici quelques-uns\u00a0:<\/p>\n<ul>\n<li>efficacit\u00e9 thermique accrue<\/li>\n<li>dur\u00e9e de vie accrue<\/li>\n<li>poids r\u00e9duit<\/li>\n<li>taille r\u00e9duite<\/li>\n<li>consommation de r\u00e9frig\u00e9rant r\u00e9duite<\/li>\n<li>r\u00e9sistance de l&#039;air r\u00e9duite<\/li>\n<li>100% recyclable<\/li>\n<\/ul>","protected":false},"featured_media":19921,"comment_status":"open","ping_status":"closed","template":"","meta":{"content-type":""},"product_brand":[],"product_cat":[98,233],"product_tag":[],"class_list":{"0":"post-19909","1":"product","2":"type-product","3":"status-publish","4":"has-post-thumbnail","6":"product_cat-micro-channel","7":"product_cat-oem-promotion","9":"first","10":"instock","11":"shipping-taxable","12":"purchasable","13":"product-type-simple"},"yoast_head":"<!-- This site is optimized with the Yoast SEO plugin v27.2 - https:\/\/yoast.com\/product\/yoast-seo-wordpress\/ -->\n<title>Micro Channel Heat Exchanger | Goldstone HVACR Inc.<\/title>\n<meta name=\"description\" content=\"Goldstone HVACR Inc. provides micro channel heat exchanger for OEM manufacturing. Contact us to get a quote today.\" \/>\n<meta name=\"robots\" content=\"index, follow, max-snippet:-1, max-image-preview:large, max-video-preview:-1\" \/>\n<link rel=\"canonical\" href=\"https:\/\/goldstonehvacr.com\/fr\/produit\/micro-channel-heat-exchanger\/\" \/>\n<meta property=\"og:locale\" content=\"fr_FR\" \/>\n<meta property=\"og:type\" content=\"article\" \/>\n<meta property=\"og:title\" content=\"Micro Channel Heat Exchanger | Goldstone HVACR Inc.\" \/>\n<meta property=\"og:description\" content=\"Goldstone HVACR Inc. provides micro channel heat exchanger for OEM manufacturing. Contact us to get a quote today.\" \/>\n<meta property=\"og:url\" content=\"https:\/\/goldstonehvacr.com\/fr\/produit\/micro-channel-heat-exchanger\/\" \/>\n<meta property=\"og:site_name\" content=\"Gold Stone HVAC\/R\" \/>\n<meta property=\"article:modified_time\" content=\"2023-06-29T08:57:29+00:00\" \/>\n<meta property=\"og:image\" content=\"https:\/\/goldstonehvacr.com\/wp-content\/uploads\/2019\/08\/MICRO-CHANNEL-HEAT-EXCHANGER-1.jpg\" \/>\n\t<meta property=\"og:image:width\" content=\"500\" \/>\n\t<meta property=\"og:image:height\" content=\"500\" \/>\n\t<meta property=\"og:image:type\" content=\"image\/jpeg\" \/>\n<meta name=\"twitter:card\" content=\"summary_large_image\" \/>\n<meta name=\"twitter:label1\" content=\"Dur\u00e9e de lecture estim\u00e9e\" \/>\n\t<meta name=\"twitter:data1\" content=\"1 minute\" \/>\n<!-- \/ Yoast SEO plugin. -->","yoast_head_json":{"title":"\u00c9changeur de chaleur \u00e0 microcanaux | Goldstone HVACR Inc.","description":"Goldstone HVACR Inc. fournit des \u00e9changeurs de chaleur \u00e0 microcanaux pour la fabrication OEM. Contactez-nous pour obtenir un devis d\u00e8s aujourd&#039;hui.","robots":{"index":"index","follow":"follow","max-snippet":"max-snippet:-1","max-image-preview":"max-image-preview:large","max-video-preview":"max-video-preview:-1"},"canonical":"https:\/\/goldstonehvacr.com\/fr\/produit\/micro-channel-heat-exchanger\/","og_locale":"fr_FR","og_type":"article","og_title":"Micro Channel Heat Exchanger | Goldstone HVACR Inc.","og_description":"Goldstone HVACR Inc. provides micro channel heat exchanger for OEM manufacturing. Contact us to get a quote today.","og_url":"https:\/\/goldstonehvacr.com\/fr\/produit\/micro-channel-heat-exchanger\/","og_site_name":"Gold Stone HVAC\/R","article_modified_time":"2023-06-29T08:57:29+00:00","og_image":[{"width":500,"height":500,"url":"https:\/\/goldstonehvacr.com\/wp-content\/uploads\/2019\/08\/MICRO-CHANNEL-HEAT-EXCHANGER-1.jpg","type":"image\/jpeg"}],"twitter_card":"summary_large_image","twitter_misc":{"Dur\u00e9e de lecture estim\u00e9e":"1 minute"},"schema":{"@context":"https:\/\/schema.org","@graph":[{"@type":"WebPage","@id":"https:\/\/goldstonehvacr.com\/product\/micro-channel-heat-exchanger\/","url":"https:\/\/goldstonehvacr.com\/product\/micro-channel-heat-exchanger\/","name":"\u00c9changeur de chaleur \u00e0 microcanaux | Goldstone HVACR Inc.","isPartOf":{"@id":"https:\/\/goldstonehvacr.com\/#website"},"primaryImageOfPage":{"@id":"https:\/\/goldstonehvacr.com\/product\/micro-channel-heat-exchanger\/#primaryimage"},"image":{"@id":"https:\/\/goldstonehvacr.com\/product\/micro-channel-heat-exchanger\/#primaryimage"},"thumbnailUrl":"https:\/\/goldstonehvacr.com\/wp-content\/uploads\/2019\/08\/MICRO-CHANNEL-HEAT-EXCHANGER-1.jpg","datePublished":"2021-03-30T16:05:18+00:00","dateModified":"2023-06-29T08:57:29+00:00","description":"Goldstone HVACR Inc. fournit des \u00e9changeurs de chaleur \u00e0 microcanaux pour la fabrication OEM. Contactez-nous pour obtenir un devis d\u00e8s aujourd&#039;hui.","breadcrumb":{"@id":"https:\/\/goldstonehvacr.com\/product\/micro-channel-heat-exchanger\/#breadcrumb"},"inLanguage":"fr-FR","potentialAction":[{"@type":"ReadAction","target":["https:\/\/goldstonehvacr.com\/product\/micro-channel-heat-exchanger\/"]}]},{"@type":"ImageObject","inLanguage":"fr-FR","@id":"https:\/\/goldstonehvacr.com\/product\/micro-channel-heat-exchanger\/#primaryimage","url":"https:\/\/goldstonehvacr.com\/wp-content\/uploads\/2019\/08\/MICRO-CHANNEL-HEAT-EXCHANGER-1.jpg","contentUrl":"https:\/\/goldstonehvacr.com\/wp-content\/uploads\/2019\/08\/MICRO-CHANNEL-HEAT-EXCHANGER-1.jpg","width":500,"height":500},{"@type":"BreadcrumbList","@id":"https:\/\/goldstonehvacr.com\/product\/micro-channel-heat-exchanger\/#breadcrumb","itemListElement":[{"@type":"ListItem","position":1,"name":"Home","item":"https:\/\/goldstonehvacr.com\/"},{"@type":"ListItem","position":2,"name":"Shop","item":"https:\/\/goldstonehvacr.com\/shop\/"},{"@type":"ListItem","position":3,"name":"Micro Channel Heat Exchanger"}]},{"@type":"WebSite","@id":"https:\/\/goldstonehvacr.com\/#website","url":"https:\/\/goldstonehvacr.com\/","name":"Gold Stone CVC\/R","description":"","publisher":{"@id":"https:\/\/goldstonehvacr.com\/#organization"},"potentialAction":[{"@type":"SearchAction","target":{"@type":"EntryPoint","urlTemplate":"https:\/\/goldstonehvacr.com\/?s={search_term_string}"},"query-input":{"@type":"PropertyValueSpecification","valueRequired":true,"valueName":"search_term_string"}}],"inLanguage":"fr-FR"},{"@type":"Organization","@id":"https:\/\/goldstonehvacr.com\/#organization","name":"Goldstone CVC","url":"https:\/\/goldstonehvacr.com\/","logo":{"@type":"ImageObject","inLanguage":"fr-FR","@id":"https:\/\/goldstonehvacr.com\/#\/schema\/logo\/image\/","url":"https:\/\/goldstonehvacr.com\/wp-content\/uploads\/2019\/09\/gsi-logo.png","contentUrl":"https:\/\/goldstonehvacr.com\/wp-content\/uploads\/2019\/09\/gsi-logo.png","width":340,"height":159,"caption":"Goldstone HVAC"},"image":{"@id":"https:\/\/goldstonehvacr.com\/#\/schema\/logo\/image\/"}}]}},"jetpack_sharing_enabled":true,"_links":{"self":[{"href":"https:\/\/goldstonehvacr.com\/fr\/wp-json\/wp\/v2\/product\/19909","targetHints":{"allow":["GET"]}}],"collection":[{"href":"https:\/\/goldstonehvacr.com\/fr\/wp-json\/wp\/v2\/product"}],"about":[{"href":"https:\/\/goldstonehvacr.com\/fr\/wp-json\/wp\/v2\/types\/product"}],"replies":[{"embeddable":true,"href":"https:\/\/goldstonehvacr.com\/fr\/wp-json\/wp\/v2\/comments?post=19909"}],"wp:featuredmedia":[{"embeddable":true,"href":"https:\/\/goldstonehvacr.com\/fr\/wp-json\/wp\/v2\/media\/19921"}],"wp:attachment":[{"href":"https:\/\/goldstonehvacr.com\/fr\/wp-json\/wp\/v2\/media?parent=19909"}],"wp:term":[{"taxonomy":"product_brand","embeddable":true,"href":"https:\/\/goldstonehvacr.com\/fr\/wp-json\/wp\/v2\/product_brand?post=19909"},{"taxonomy":"product_cat","embeddable":true,"href":"https:\/\/goldstonehvacr.com\/fr\/wp-json\/wp\/v2\/product_cat?post=19909"},{"taxonomy":"product_tag","embeddable":true,"href":"https:\/\/goldstonehvacr.com\/fr\/wp-json\/wp\/v2\/product_tag?post=19909"}],"curies":[{"name":"wp","href":"https:\/\/api.w.org\/{rel}","templated":true}]}}