{"id":19868,"date":"2019-08-28T15:03:06","date_gmt":"2019-08-28T15:03:06","guid":{"rendered":"https:\/\/goldstonehvacr.com\/?post_type=product&#038;p=19868"},"modified":"2025-10-02T08:52:20","modified_gmt":"2025-10-02T08:52:20","slug":"gad-series-solid-core-liquid-line-filter-drier","status":"publish","type":"product","link":"https:\/\/goldstonehvacr.com\/fr\/produit\/gad-series-solid-core-liquid-line-filter-drier\/","title":{"rendered":"Filtre d\u00e9shydrateur de conduite de liquide \u00e0 noyau solide s\u00e9rie GAD"},"content":{"rendered":"<ul>\n<li>Capacit\u00e9 \u00e9lev\u00e9e d&#039;\u00e9limination de l&#039;humidit\u00e9 et de l&#039;acide<\/li>\n<li>Le module d\u00e9shydratant fritt\u00e9 ne g\u00e9n\u00e8re ni choc ni frottement pendant son fonctionnement, minimisant ainsi le risque de d\u00e9t\u00e9rioration du d\u00e9shydratant.<\/li>\n<li>Filtration : 20 microns<\/li>\n<li>Combinaison d&#039;effets de s\u00e9chage et de filtration<\/li>\n<li>La conception \u00e0 perte de charge minimale am\u00e9liore les performances du syst\u00e8me<\/li>\n<li>Rev\u00eatement en poudre \u00e9poxy r\u00e9sistant \u00e0 la corrosion, ayant pass\u00e9 avec succ\u00e8s le test au brouillard salin de 500 heures<\/li>\n<li>Type de connexion : ODF ou SAE<\/li>\n<li>R\u00e9frig\u00e9rant : R12, R134A, R22, R404A, R407C, R410A, R500, R502, R507<\/li>\n<li>Pression de service maximale\u00a0: 4,7 MPa\/680 psi<\/li>\n<li>Avec la certification cULus<\/li>\n<\/ul>","protected":false},"excerpt":{"rendered":"<p>Le filtre d\u00e9shydrateur \u00e0 noyau solide de la s\u00e9rie GAD utilise une compression de haute qualit\u00e9 de petites particules sph\u00e9riques fritt\u00e9es dans le module d\u00e9shydratant. Associ\u00e9 \u00e0 une toile filtrante haute densit\u00e9, il s\u00e8che et filtre efficacement les r\u00e9sidus d&#039;eau et les impuret\u00e9s du syst\u00e8me.<\/p>","protected":false},"featured_media":19869,"comment_status":"open","ping_status":"closed","template":"","meta":{"content-type":""},"product_brand":[],"product_cat":[160,95,203,159,200,202],"product_tag":[],"class_list":{"0":"post-19868","1":"product","2":"type-product","3":"status-publish","4":"has-post-thumbnail","6":"product_cat-whosale","7":"product_cat-filter-driers","8":"product_cat-liquid-line-filter-driers","9":"product_cat-oem","10":"product_cat-filter-drier","11":"product_cat-liquid-line","13":"first","14":"instock","15":"shipping-taxable","16":"purchasable","17":"product-type-simple"},"yoast_head":"<!-- This site is optimized with the Yoast SEO plugin v27.2 - https:\/\/yoast.com\/product\/yoast-seo-wordpress\/ -->\n<title>GAD Series Solid Core Liquid Line Filter Drier - Gold Stone HVAC\/R<\/title>\n<meta name=\"description\" content=\"The GAD series solid core liquid line filter drier uses a high-quality compression of small, spherical particles sintered into the desiccant module. It is combined with a high-density filter cloth that dries and effectively filters the system of water residue and debris.\" \/>\n<meta name=\"robots\" content=\"index, follow, max-snippet:-1, max-image-preview:large, max-video-preview:-1\" \/>\n<link rel=\"canonical\" href=\"https:\/\/goldstonehvacr.com\/fr\/produit\/gad-series-solid-core-liquid-line-filter-drier\/\" \/>\n<meta property=\"og:locale\" content=\"fr_FR\" \/>\n<meta property=\"og:type\" content=\"article\" \/>\n<meta property=\"og:title\" content=\"GAD Series Solid Core Liquid Line Filter Drier - Gold Stone HVAC\/R\" \/>\n<meta property=\"og:description\" content=\"The GAD series solid core liquid line filter drier uses a high-quality compression of small, spherical particles sintered into the desiccant module. It is combined with a high-density filter cloth that dries and effectively filters the system of water residue and debris.\" \/>\n<meta property=\"og:url\" content=\"https:\/\/goldstonehvacr.com\/fr\/produit\/gad-series-solid-core-liquid-line-filter-drier\/\" \/>\n<meta property=\"og:site_name\" content=\"Gold Stone HVAC\/R\" \/>\n<meta property=\"article:modified_time\" content=\"2025-10-02T08:52:20+00:00\" \/>\n<meta property=\"og:image\" content=\"https:\/\/goldstonehvacr.com\/wp-content\/uploads\/2019\/08\/SOLID-CORE-LIQUID-LINE-FILTER-DRIER-GAD-SERIES.jpg\" \/>\n\t<meta property=\"og:image:width\" content=\"500\" \/>\n\t<meta property=\"og:image:height\" content=\"500\" \/>\n\t<meta property=\"og:image:type\" content=\"image\/jpeg\" \/>\n<meta name=\"twitter:card\" content=\"summary_large_image\" \/>\n<meta name=\"twitter:label1\" content=\"Dur\u00e9e de lecture estim\u00e9e\" \/>\n\t<meta name=\"twitter:data1\" content=\"1 minute\" \/>\n<!-- \/ Yoast SEO plugin. -->","yoast_head_json":{"title":"GAD Series Solid Core Liquid Line Filter Drier - Gold Stone HVAC\/R","description":"Le filtre d\u00e9shydrateur \u00e0 noyau solide de la s\u00e9rie GAD utilise une compression de haute qualit\u00e9 de petites particules sph\u00e9riques fritt\u00e9es dans le module d\u00e9shydratant. Associ\u00e9 \u00e0 une toile filtrante haute densit\u00e9, il s\u00e8che et filtre efficacement les r\u00e9sidus d&#039;eau et les impuret\u00e9s du syst\u00e8me.","robots":{"index":"index","follow":"follow","max-snippet":"max-snippet:-1","max-image-preview":"max-image-preview:large","max-video-preview":"max-video-preview:-1"},"canonical":"https:\/\/goldstonehvacr.com\/fr\/produit\/gad-series-solid-core-liquid-line-filter-drier\/","og_locale":"fr_FR","og_type":"article","og_title":"GAD Series Solid Core Liquid Line Filter Drier - Gold Stone HVAC\/R","og_description":"The GAD series solid core liquid line filter drier uses a high-quality compression of small, spherical particles sintered into the desiccant module. It is combined with a high-density filter cloth that dries and effectively filters the system of water residue and debris.","og_url":"https:\/\/goldstonehvacr.com\/fr\/produit\/gad-series-solid-core-liquid-line-filter-drier\/","og_site_name":"Gold Stone HVAC\/R","article_modified_time":"2025-10-02T08:52:20+00:00","og_image":[{"width":500,"height":500,"url":"https:\/\/goldstonehvacr.com\/wp-content\/uploads\/2019\/08\/SOLID-CORE-LIQUID-LINE-FILTER-DRIER-GAD-SERIES.jpg","type":"image\/jpeg"}],"twitter_card":"summary_large_image","twitter_misc":{"Dur\u00e9e de lecture estim\u00e9e":"1 minute"},"schema":{"@context":"https:\/\/schema.org","@graph":[{"@type":"WebPage","@id":"https:\/\/goldstonehvacr.com\/product\/gad-series-solid-core-liquid-line-filter-drier\/","url":"https:\/\/goldstonehvacr.com\/product\/gad-series-solid-core-liquid-line-filter-drier\/","name":"GAD Series Solid Core Liquid Line Filter Drier - Gold Stone HVAC\/R","isPartOf":{"@id":"https:\/\/goldstonehvacr.com\/#website"},"primaryImageOfPage":{"@id":"https:\/\/goldstonehvacr.com\/product\/gad-series-solid-core-liquid-line-filter-drier\/#primaryimage"},"image":{"@id":"https:\/\/goldstonehvacr.com\/product\/gad-series-solid-core-liquid-line-filter-drier\/#primaryimage"},"thumbnailUrl":"https:\/\/goldstonehvacr.com\/wp-content\/uploads\/2019\/08\/SOLID-CORE-LIQUID-LINE-FILTER-DRIER-GAD-SERIES.jpg","datePublished":"2019-08-28T15:03:06+00:00","dateModified":"2025-10-02T08:52:20+00:00","description":"Le filtre d\u00e9shydrateur \u00e0 noyau solide de la s\u00e9rie GAD utilise une compression de haute qualit\u00e9 de petites particules sph\u00e9riques fritt\u00e9es dans le module d\u00e9shydratant. Associ\u00e9 \u00e0 une toile filtrante haute densit\u00e9, il s\u00e8che et filtre efficacement les r\u00e9sidus d&#039;eau et les impuret\u00e9s du syst\u00e8me.","breadcrumb":{"@id":"https:\/\/goldstonehvacr.com\/product\/gad-series-solid-core-liquid-line-filter-drier\/#breadcrumb"},"inLanguage":"fr-FR","potentialAction":[{"@type":"ReadAction","target":["https:\/\/goldstonehvacr.com\/product\/gad-series-solid-core-liquid-line-filter-drier\/"]}]},{"@type":"ImageObject","inLanguage":"fr-FR","@id":"https:\/\/goldstonehvacr.com\/product\/gad-series-solid-core-liquid-line-filter-drier\/#primaryimage","url":"https:\/\/goldstonehvacr.com\/wp-content\/uploads\/2019\/08\/SOLID-CORE-LIQUID-LINE-FILTER-DRIER-GAD-SERIES.jpg","contentUrl":"https:\/\/goldstonehvacr.com\/wp-content\/uploads\/2019\/08\/SOLID-CORE-LIQUID-LINE-FILTER-DRIER-GAD-SERIES.jpg","width":500,"height":500},{"@type":"BreadcrumbList","@id":"https:\/\/goldstonehvacr.com\/product\/gad-series-solid-core-liquid-line-filter-drier\/#breadcrumb","itemListElement":[{"@type":"ListItem","position":1,"name":"Home","item":"https:\/\/goldstonehvacr.com\/"},{"@type":"ListItem","position":2,"name":"Shop","item":"https:\/\/goldstonehvacr.com\/shop\/"},{"@type":"ListItem","position":3,"name":"GAD Series Solid Core Liquid Line Filter Drier"}]},{"@type":"WebSite","@id":"https:\/\/goldstonehvacr.com\/#website","url":"https:\/\/goldstonehvacr.com\/","name":"Gold Stone CVC\/R","description":"","publisher":{"@id":"https:\/\/goldstonehvacr.com\/#organization"},"potentialAction":[{"@type":"SearchAction","target":{"@type":"EntryPoint","urlTemplate":"https:\/\/goldstonehvacr.com\/?s={search_term_string}"},"query-input":{"@type":"PropertyValueSpecification","valueRequired":true,"valueName":"search_term_string"}}],"inLanguage":"fr-FR"},{"@type":"Organization","@id":"https:\/\/goldstonehvacr.com\/#organization","name":"Goldstone CVC","url":"https:\/\/goldstonehvacr.com\/","logo":{"@type":"ImageObject","inLanguage":"fr-FR","@id":"https:\/\/goldstonehvacr.com\/#\/schema\/logo\/image\/","url":"https:\/\/goldstonehvacr.com\/wp-content\/uploads\/2019\/09\/gsi-logo.png","contentUrl":"https:\/\/goldstonehvacr.com\/wp-content\/uploads\/2019\/09\/gsi-logo.png","width":340,"height":159,"caption":"Goldstone HVAC"},"image":{"@id":"https:\/\/goldstonehvacr.com\/#\/schema\/logo\/image\/"}}]}},"jetpack_sharing_enabled":true,"_links":{"self":[{"href":"https:\/\/goldstonehvacr.com\/fr\/wp-json\/wp\/v2\/product\/19868","targetHints":{"allow":["GET"]}}],"collection":[{"href":"https:\/\/goldstonehvacr.com\/fr\/wp-json\/wp\/v2\/product"}],"about":[{"href":"https:\/\/goldstonehvacr.com\/fr\/wp-json\/wp\/v2\/types\/product"}],"replies":[{"embeddable":true,"href":"https:\/\/goldstonehvacr.com\/fr\/wp-json\/wp\/v2\/comments?post=19868"}],"wp:featuredmedia":[{"embeddable":true,"href":"https:\/\/goldstonehvacr.com\/fr\/wp-json\/wp\/v2\/media\/19869"}],"wp:attachment":[{"href":"https:\/\/goldstonehvacr.com\/fr\/wp-json\/wp\/v2\/media?parent=19868"}],"wp:term":[{"taxonomy":"product_brand","embeddable":true,"href":"https:\/\/goldstonehvacr.com\/fr\/wp-json\/wp\/v2\/product_brand?post=19868"},{"taxonomy":"product_cat","embeddable":true,"href":"https:\/\/goldstonehvacr.com\/fr\/wp-json\/wp\/v2\/product_cat?post=19868"},{"taxonomy":"product_tag","embeddable":true,"href":"https:\/\/goldstonehvacr.com\/fr\/wp-json\/wp\/v2\/product_tag?post=19868"}],"curies":[{"name":"wp","href":"https:\/\/api.w.org\/{rel}","templated":true}]}}