{"id":19814,"date":"2019-08-23T19:13:34","date_gmt":"2019-08-23T19:13:34","guid":{"rendered":"https:\/\/goldstonehvacr.com\/?post_type=product&#038;p=19814"},"modified":"2026-03-01T04:23:40","modified_gmt":"2026-03-01T04:23:40","slug":"vibration-absorber","status":"publish","type":"product","link":"https:\/\/goldstonehvacr.com\/fr\/produit\/vibration-absorber\/","title":{"rendered":"Amortisseur de vibrations"},"content":{"rendered":"<ul>\n<li>Le tuyau et le tube de cuivre sont bras\u00e9s.<\/li>\n<li>Chaque unit\u00e9 est nettoy\u00e9e, compress\u00e9e et scell\u00e9e dans un film plastique<\/li>\n<li>Dispositif de d\u00e9tection de fuites par spectrom\u00e9trie de masse \u00e0 h\u00e9lium haute sensibilit\u00e9, test\u00e9 sous pression et sous vide<\/li>\n<li>Analyse physico-chimique compl\u00e8te de tous les composants de base.<\/li>\n<li>Con\u00e7u pour s&#039;adapter aux diam\u00e8tres ext\u00e9rieurs de 3\/8\u2033 \u00e0 4 1\/8\u2033, avec un noyau ondul\u00e9 en acier inoxydable recouvert d&#039;une tresse en acier inoxydable \u00e0 haute r\u00e9sistance et des extr\u00e9mit\u00e9s de tube en cuivre.<\/li>\n<li>Tuyau flexible en acier inoxydable ondul\u00e9 \u00e0 pas profond et tresse m\u00e9tallique \u00e0 haute r\u00e9sistance<\/li>\n<li>Temp\u00e9rature de fonctionnement admissible : de -40 \u00b0C \u00e0 120 \u00b0C<\/li>\n<li>Les composants sont v\u00e9rifi\u00e9s et inspect\u00e9s \u00e0 diff\u00e9rentes \u00e9tapes de l&#039;assemblage.<\/li>\n<li>Extr\u00e9mit\u00e9s de taille pr\u00e9cise.<\/li>\n<li>Certifi\u00e9 ETL ou UL<\/li>\n<\/ul>\n<p>&nbsp;<\/p>\n<p>&nbsp;<\/p>","protected":false},"excerpt":{"rendered":"<p>Les absorbeurs de vibrations GSI sont con\u00e7us pour \u00eatre install\u00e9s sur les conduites d&#039;aspiration et de refoulement des syst\u00e8mes de climatisation et de r\u00e9frig\u00e9ration. Ils att\u00e9nuent les vibrations induites par le compresseur dans la tuyauterie. Ils peuvent \u00e9galement \u00eatre utilis\u00e9s dans les r\u00e9seaux d&#039;eau. Nos absorbeurs de vibrations sont fabriqu\u00e9s \u00e0 partir de tubes ondul\u00e9s \u00e0 grand pas pour une flexibilit\u00e9 et une absorption des vibrations accrues. Ils sont tress\u00e9s avec un fil d&#039;acier \u00e0 haute r\u00e9sistance pour une solidit\u00e9 sup\u00e9rieure. Les tubes et le tressage sont renforc\u00e9s par des embouts \u00e0 chaque extr\u00e9mit\u00e9 et raccord\u00e9s \u00e0 des embouts femelles en cuivre par brasage haute temp\u00e9rature. Chaque absorbeur de vibrations est test\u00e9 sous pression, puis sous vide, \u00e0 l&#039;aide d&#039;un spectrom\u00e8tre de masse \u00e0 h\u00e9lium haute sensibilit\u00e9 pour la d\u00e9tection des fuites.<\/p>","protected":false},"featured_media":19829,"comment_status":"open","ping_status":"closed","template":"","meta":{"content-type":""},"product_brand":[],"product_cat":[159,88],"product_tag":[],"class_list":{"0":"post-19814","1":"product","2":"type-product","3":"status-publish","4":"has-post-thumbnail","6":"product_cat-oem","7":"product_cat-vibration-absorbors","9":"first","10":"instock","11":"shipping-taxable","12":"product-type-simple"},"yoast_head":"<!-- This site is optimized with the Yoast SEO plugin v27.2 - https:\/\/yoast.com\/product\/yoast-seo-wordpress\/ -->\n<title>Vibration Absorber - Gold Stone HVAC\/R<\/title>\n<meta name=\"description\" content=\"GSI Vibration Absorbers are designed for installation in the suction and discharge lines of air conditioning and refrigeration systems.\" \/>\n<meta name=\"robots\" content=\"index, follow, max-snippet:-1, max-image-preview:large, max-video-preview:-1\" \/>\n<link rel=\"canonical\" href=\"https:\/\/goldstonehvacr.com\/fr\/produit\/vibration-absorber\/\" \/>\n<meta property=\"og:locale\" content=\"fr_FR\" \/>\n<meta property=\"og:type\" content=\"article\" \/>\n<meta property=\"og:title\" content=\"Vibration Absorber - Gold Stone HVAC\/R\" \/>\n<meta property=\"og:description\" content=\"GSI Vibration Absorbers are designed for installation in the suction and discharge lines of air conditioning and refrigeration systems.\" \/>\n<meta property=\"og:url\" content=\"https:\/\/goldstonehvacr.com\/fr\/produit\/vibration-absorber\/\" \/>\n<meta property=\"og:site_name\" content=\"Gold Stone HVAC\/R\" \/>\n<meta property=\"article:modified_time\" content=\"2026-03-01T04:23:40+00:00\" \/>\n<meta property=\"og:image\" content=\"https:\/\/goldstonehvacr.com\/wp-content\/uploads\/2019\/08\/VIBRATION-ABSORBER-2.jpg\" \/>\n\t<meta property=\"og:image:width\" content=\"500\" \/>\n\t<meta property=\"og:image:height\" content=\"500\" \/>\n\t<meta property=\"og:image:type\" content=\"image\/jpeg\" \/>\n<meta name=\"twitter:card\" content=\"summary_large_image\" \/>\n<meta name=\"twitter:label1\" content=\"Dur\u00e9e de lecture estim\u00e9e\" \/>\n\t<meta name=\"twitter:data1\" content=\"1 minute\" \/>\n<!-- \/ Yoast SEO plugin. -->","yoast_head_json":{"title":"Vibration Absorber - Gold Stone HVAC\/R","description":"GSI Vibration Absorbers are designed for installation in the suction and discharge lines of air conditioning and refrigeration systems.","robots":{"index":"index","follow":"follow","max-snippet":"max-snippet:-1","max-image-preview":"max-image-preview:large","max-video-preview":"max-video-preview:-1"},"canonical":"https:\/\/goldstonehvacr.com\/fr\/produit\/vibration-absorber\/","og_locale":"fr_FR","og_type":"article","og_title":"Vibration Absorber - Gold Stone HVAC\/R","og_description":"GSI Vibration Absorbers are designed for installation in the suction and discharge lines of air conditioning and refrigeration systems.","og_url":"https:\/\/goldstonehvacr.com\/fr\/produit\/vibration-absorber\/","og_site_name":"Gold Stone HVAC\/R","article_modified_time":"2026-03-01T04:23:40+00:00","og_image":[{"width":500,"height":500,"url":"https:\/\/goldstonehvacr.com\/wp-content\/uploads\/2019\/08\/VIBRATION-ABSORBER-2.jpg","type":"image\/jpeg"}],"twitter_card":"summary_large_image","twitter_misc":{"Dur\u00e9e de lecture estim\u00e9e":"1 minute"},"schema":{"@context":"https:\/\/schema.org","@graph":[{"@type":"WebPage","@id":"https:\/\/goldstonehvacr.com\/product\/vibration-absorber\/","url":"https:\/\/goldstonehvacr.com\/product\/vibration-absorber\/","name":"Vibration Absorber - Gold Stone HVAC\/R","isPartOf":{"@id":"https:\/\/goldstonehvacr.com\/#website"},"primaryImageOfPage":{"@id":"https:\/\/goldstonehvacr.com\/product\/vibration-absorber\/#primaryimage"},"image":{"@id":"https:\/\/goldstonehvacr.com\/product\/vibration-absorber\/#primaryimage"},"thumbnailUrl":"https:\/\/goldstonehvacr.com\/wp-content\/uploads\/2019\/08\/VIBRATION-ABSORBER-2.jpg","datePublished":"2019-08-23T19:13:34+00:00","dateModified":"2026-03-01T04:23:40+00:00","description":"GSI Vibration Absorbers are designed for installation in the suction and discharge lines of air conditioning and refrigeration systems.","breadcrumb":{"@id":"https:\/\/goldstonehvacr.com\/product\/vibration-absorber\/#breadcrumb"},"inLanguage":"fr-FR","potentialAction":[{"@type":"ReadAction","target":["https:\/\/goldstonehvacr.com\/product\/vibration-absorber\/"]}]},{"@type":"ImageObject","inLanguage":"fr-FR","@id":"https:\/\/goldstonehvacr.com\/product\/vibration-absorber\/#primaryimage","url":"https:\/\/goldstonehvacr.com\/wp-content\/uploads\/2019\/08\/VIBRATION-ABSORBER-2.jpg","contentUrl":"https:\/\/goldstonehvacr.com\/wp-content\/uploads\/2019\/08\/VIBRATION-ABSORBER-2.jpg","width":500,"height":500},{"@type":"BreadcrumbList","@id":"https:\/\/goldstonehvacr.com\/product\/vibration-absorber\/#breadcrumb","itemListElement":[{"@type":"ListItem","position":1,"name":"Home","item":"https:\/\/goldstonehvacr.com\/"},{"@type":"ListItem","position":2,"name":"Shop","item":"https:\/\/goldstonehvacr.com\/shop\/"},{"@type":"ListItem","position":3,"name":"Vibration Absorber"}]},{"@type":"WebSite","@id":"https:\/\/goldstonehvacr.com\/#website","url":"https:\/\/goldstonehvacr.com\/","name":"Gold Stone CVC\/R","description":"","publisher":{"@id":"https:\/\/goldstonehvacr.com\/#organization"},"potentialAction":[{"@type":"SearchAction","target":{"@type":"EntryPoint","urlTemplate":"https:\/\/goldstonehvacr.com\/?s={search_term_string}"},"query-input":{"@type":"PropertyValueSpecification","valueRequired":true,"valueName":"search_term_string"}}],"inLanguage":"fr-FR"},{"@type":"Organization","@id":"https:\/\/goldstonehvacr.com\/#organization","name":"Goldstone CVC","url":"https:\/\/goldstonehvacr.com\/","logo":{"@type":"ImageObject","inLanguage":"fr-FR","@id":"https:\/\/goldstonehvacr.com\/#\/schema\/logo\/image\/","url":"https:\/\/goldstonehvacr.com\/wp-content\/uploads\/2019\/09\/gsi-logo.png","contentUrl":"https:\/\/goldstonehvacr.com\/wp-content\/uploads\/2019\/09\/gsi-logo.png","width":340,"height":159,"caption":"Goldstone HVAC"},"image":{"@id":"https:\/\/goldstonehvacr.com\/#\/schema\/logo\/image\/"}}]}},"jetpack_sharing_enabled":true,"_links":{"self":[{"href":"https:\/\/goldstonehvacr.com\/fr\/wp-json\/wp\/v2\/product\/19814","targetHints":{"allow":["GET"]}}],"collection":[{"href":"https:\/\/goldstonehvacr.com\/fr\/wp-json\/wp\/v2\/product"}],"about":[{"href":"https:\/\/goldstonehvacr.com\/fr\/wp-json\/wp\/v2\/types\/product"}],"replies":[{"embeddable":true,"href":"https:\/\/goldstonehvacr.com\/fr\/wp-json\/wp\/v2\/comments?post=19814"}],"wp:featuredmedia":[{"embeddable":true,"href":"https:\/\/goldstonehvacr.com\/fr\/wp-json\/wp\/v2\/media\/19829"}],"wp:attachment":[{"href":"https:\/\/goldstonehvacr.com\/fr\/wp-json\/wp\/v2\/media?parent=19814"}],"wp:term":[{"taxonomy":"product_brand","embeddable":true,"href":"https:\/\/goldstonehvacr.com\/fr\/wp-json\/wp\/v2\/product_brand?post=19814"},{"taxonomy":"product_cat","embeddable":true,"href":"https:\/\/goldstonehvacr.com\/fr\/wp-json\/wp\/v2\/product_cat?post=19814"},{"taxonomy":"product_tag","embeddable":true,"href":"https:\/\/goldstonehvacr.com\/fr\/wp-json\/wp\/v2\/product_tag?post=19814"}],"curies":[{"name":"wp","href":"https:\/\/api.w.org\/{rel}","templated":true}]}}