{"id":111234,"date":"2025-10-13T14:34:09","date_gmt":"2025-10-13T14:34:09","guid":{"rendered":"https:\/\/goldstonehvacr.com\/?post_type=product&#038;p=111234"},"modified":"2025-10-14T16:57:04","modified_gmt":"2025-10-14T16:57:04","slug":"airex-e-flex-guard","status":"publish","type":"product","link":"https:\/\/goldstonehvacr.com\/fr\/produit\/airex-e-flex-guard\/","title":{"rendered":"Airex E-Flex Guard"},"content":{"rendered":"<p>AIREX E-FLEX GUARD\u2122 est une protection pour les tuyauteries de CVC expos\u00e9es aux intemp\u00e9ries. Compos\u00e9e d&#039;un vinyle exclusif, elle est con\u00e7ue pour une durabilit\u00e9 optimale et agit comme pare-vapeur de classe II, prot\u00e9geant ainsi l&#039;isolation et les tuyauteries des dommages caus\u00e9s par l&#039;humidit\u00e9. AIREX E-FLEX GUARD\u2122 est dot\u00e9e de fixations auto-agrippantes \u00e0 liaison chimique et m\u00e9canique, soud\u00e9es \u00e0 haute temp\u00e9rature et doublement cousues au vinyle avec du nylon sp\u00e9cialement trait\u00e9, garantissant sa r\u00e9sistance m\u00eame en cas de coupure. Des attaches de c\u00e2ble en nylon r\u00e9sistant aux UV sont incluses pour une s\u00e9curit\u00e9 renforc\u00e9e. Utilisez AIREX E-FLEX GUARD\u2122 pour r\u00e9pondre aux exigences esth\u00e9tiques des b\u00e2timents et aux normes d&#039;efficacit\u00e9 \u00e9nerg\u00e9tique.<\/p>\n<p><strong>PROTECTION D&#039;ISOLATION PERFORMANTE<\/strong><br \/>\nPermet \u00e0 l&#039;humidit\u00e9 de s&#039;\u00e9vacuer tout en \u00e9tant \u00e9tanche \u00e0 l&#039;ext\u00e9rieur, pr\u00e9servant ainsi l&#039;isolation et emp\u00eachant la corrosion.<br \/>\nProtection des lignes ext\u00e9rieures contre le rayonnement solaire, la glace, le feu, les champignons et plus encore \u2014 prolongeant la dur\u00e9e de vie et les performances des lignes ext\u00e9rieures et de l&#039;isolation.<br \/>\nConforme aux codes obligatoires du b\u00e2timent, de l&#039;\u00e9nergie, du r\u00e9sidentiel, de la m\u00e9canique et de l&#039;environnement<br \/>\nLe Velcro r\u00e9sistant \u00e0 la chaleur et aux intemp\u00e9ries est li\u00e9 mol\u00e9culairement avec une double couture pour assurer une adh\u00e9rence solide, m\u00eame apr\u00e8s avoir \u00e9t\u00e9 retir\u00e9 et r\u00e9appliqu\u00e9.<br \/>\n\u2022 Comprend des attaches de c\u00e2ble en nylon r\u00e9sistant aux UV pour une protection optimale contre le vent et les tentatives de manipulation.<br \/>\nFabriqu\u00e9 aux \u00c9tats-Unis<br \/>\nCon\u00e7u pour permettre une coupe \u00e0 la longueur souhait\u00e9e sans effilochage.<br \/>\nDisponible en trois diam\u00e8tres\/largeurs pour s&#039;adapter \u00e0 diff\u00e9rents jeux de lignes.<br \/>\nRaccords \u00e0 angle de 90\u00b0 disponibles<\/p>\n<p>Construction r\u00e9sistante aux UV et aux intemp\u00e9ries pour l&#039;ext\u00e9rieur<br \/>\nInstallation rapide, syst\u00e8me de fixation auto-agrippant double.<br \/>\nAmovible\/R\u00e9utilisable pour l&#039;entretien<br \/>\nProtecteur et pare-vapeur de classe II (tout-en-un)<\/p>\n<p><strong>ESSAIS DE MAT\u00c9RIAUX APPROUV\u00c9S<\/strong><br \/>\nASTM G153 R\u00e9sistance aux intemp\u00e9ries et exposition aux UV<br \/>\nASTM D570 Absorption d&#039;eau<br \/>\nPerm\u00e9abilit\u00e9 \u00e0 la vapeur d&#039;eau selon la norme ASTM E96<\/p>\n<p>Classement de flamme et de fum\u00e9e ASTM E84\/UL 723\u00a0: 25\/450<br \/>\nASTM G21 Antifongique\/Antimicrobien<br \/>\nEssai de d\u00e9formation en traction ASTM D412<\/p>","protected":false},"excerpt":{"rendered":"<p>L&#039;E-Flex Guard est un protecteur d&#039;isolation pour la tuyauterie de r\u00e9frig\u00e9ration dans les applications ext\u00e9rieures qui r\u00e9pond aux exigences obligatoires lorsque les rubans adh\u00e9sifs ne sont plus autoris\u00e9s par le code, et comme sp\u00e9cifiquement prescrit par les nouveaux codes du b\u00e2timent\/r\u00e9sidentiel\/\u00e9nerg\u00e9tique.<\/p>","protected":false},"featured_media":111262,"comment_status":"open","ping_status":"closed","template":"","meta":{"content-type":""},"product_brand":[],"product_cat":[249],"product_tag":[],"class_list":{"0":"post-111234","1":"product","2":"type-product","3":"status-publish","4":"has-post-thumbnail","6":"product_cat-airex-e-flex-guard","8":"first","9":"instock","10":"shipping-taxable","11":"product-type-simple"},"yoast_head":"<!-- This site is optimized with the Yoast SEO plugin v27.2 - https:\/\/yoast.com\/product\/yoast-seo-wordpress\/ -->\n<title>Airex E-Flex Guard - Gold Stone HVAC\/R<\/title>\n<meta name=\"robots\" content=\"index, follow, max-snippet:-1, max-image-preview:large, max-video-preview:-1\" \/>\n<link rel=\"canonical\" href=\"https:\/\/goldstonehvacr.com\/fr\/produit\/airex-e-flex-guard\/\" \/>\n<meta property=\"og:locale\" content=\"fr_FR\" \/>\n<meta property=\"og:type\" content=\"article\" \/>\n<meta property=\"og:title\" content=\"Airex E-Flex Guard - Gold Stone HVAC\/R\" \/>\n<meta property=\"og:description\" content=\"The E-Flex Guard is an Insulation Protector for Refrigeration Piping on Outdoor applications that complies with mandatory requirements where adhesive tapes are no longer allowed by code, and as specifically prescribed by the new Building\/Residential\/Energy Codes.\" \/>\n<meta property=\"og:url\" content=\"https:\/\/goldstonehvacr.com\/fr\/produit\/airex-e-flex-guard\/\" \/>\n<meta property=\"og:site_name\" content=\"Gold Stone HVAC\/R\" \/>\n<meta property=\"article:modified_time\" content=\"2025-10-14T16:57:04+00:00\" \/>\n<meta property=\"og:image\" content=\"https:\/\/goldstonehvacr.com\/wp-content\/uploads\/2025\/10\/eflexguardPairWhite_Black.webp\" \/>\n\t<meta property=\"og:image:width\" content=\"400\" \/>\n\t<meta property=\"og:image:height\" content=\"300\" \/>\n\t<meta property=\"og:image:type\" content=\"image\/webp\" \/>\n<meta name=\"twitter:card\" content=\"summary_large_image\" \/>\n<meta name=\"twitter:label1\" content=\"Dur\u00e9e de lecture estim\u00e9e\" \/>\n\t<meta name=\"twitter:data1\" content=\"2 minutes\" \/>\n<!-- \/ Yoast SEO plugin. -->","yoast_head_json":{"title":"Airex E-Flex Guard - Gold Stone HVAC\/R","robots":{"index":"index","follow":"follow","max-snippet":"max-snippet:-1","max-image-preview":"max-image-preview:large","max-video-preview":"max-video-preview:-1"},"canonical":"https:\/\/goldstonehvacr.com\/fr\/produit\/airex-e-flex-guard\/","og_locale":"fr_FR","og_type":"article","og_title":"Airex E-Flex Guard - Gold Stone HVAC\/R","og_description":"The E-Flex Guard is an Insulation Protector for Refrigeration Piping on Outdoor applications that complies with mandatory requirements where adhesive tapes are no longer allowed by code, and as specifically prescribed by the new Building\/Residential\/Energy Codes.","og_url":"https:\/\/goldstonehvacr.com\/fr\/produit\/airex-e-flex-guard\/","og_site_name":"Gold Stone HVAC\/R","article_modified_time":"2025-10-14T16:57:04+00:00","og_image":[{"width":400,"height":300,"url":"https:\/\/goldstonehvacr.com\/wp-content\/uploads\/2025\/10\/eflexguardPairWhite_Black.webp","type":"image\/webp"}],"twitter_card":"summary_large_image","twitter_misc":{"Dur\u00e9e de lecture estim\u00e9e":"2 minutes"},"schema":{"@context":"https:\/\/schema.org","@graph":[{"@type":"WebPage","@id":"https:\/\/goldstonehvacr.com\/product\/airex-e-flex-guard\/","url":"https:\/\/goldstonehvacr.com\/product\/airex-e-flex-guard\/","name":"Airex E-Flex Guard - Gold Stone HVAC\/R","isPartOf":{"@id":"https:\/\/goldstonehvacr.com\/#website"},"primaryImageOfPage":{"@id":"https:\/\/goldstonehvacr.com\/product\/airex-e-flex-guard\/#primaryimage"},"image":{"@id":"https:\/\/goldstonehvacr.com\/product\/airex-e-flex-guard\/#primaryimage"},"thumbnailUrl":"https:\/\/goldstonehvacr.com\/wp-content\/uploads\/2025\/10\/eflexguardPairWhite_Black.webp","datePublished":"2025-10-13T14:34:09+00:00","dateModified":"2025-10-14T16:57:04+00:00","breadcrumb":{"@id":"https:\/\/goldstonehvacr.com\/product\/airex-e-flex-guard\/#breadcrumb"},"inLanguage":"fr-FR","potentialAction":[{"@type":"ReadAction","target":["https:\/\/goldstonehvacr.com\/product\/airex-e-flex-guard\/"]}]},{"@type":"ImageObject","inLanguage":"fr-FR","@id":"https:\/\/goldstonehvacr.com\/product\/airex-e-flex-guard\/#primaryimage","url":"https:\/\/goldstonehvacr.com\/wp-content\/uploads\/2025\/10\/eflexguardPairWhite_Black.webp","contentUrl":"https:\/\/goldstonehvacr.com\/wp-content\/uploads\/2025\/10\/eflexguardPairWhite_Black.webp","width":400,"height":300},{"@type":"BreadcrumbList","@id":"https:\/\/goldstonehvacr.com\/product\/airex-e-flex-guard\/#breadcrumb","itemListElement":[{"@type":"ListItem","position":1,"name":"Home","item":"https:\/\/goldstonehvacr.com\/"},{"@type":"ListItem","position":2,"name":"Shop","item":"https:\/\/goldstonehvacr.com\/shop\/"},{"@type":"ListItem","position":3,"name":"Airex E-Flex Guard"}]},{"@type":"WebSite","@id":"https:\/\/goldstonehvacr.com\/#website","url":"https:\/\/goldstonehvacr.com\/","name":"Gold Stone CVC\/R","description":"","publisher":{"@id":"https:\/\/goldstonehvacr.com\/#organization"},"potentialAction":[{"@type":"SearchAction","target":{"@type":"EntryPoint","urlTemplate":"https:\/\/goldstonehvacr.com\/?s={search_term_string}"},"query-input":{"@type":"PropertyValueSpecification","valueRequired":true,"valueName":"search_term_string"}}],"inLanguage":"fr-FR"},{"@type":"Organization","@id":"https:\/\/goldstonehvacr.com\/#organization","name":"Goldstone CVC","url":"https:\/\/goldstonehvacr.com\/","logo":{"@type":"ImageObject","inLanguage":"fr-FR","@id":"https:\/\/goldstonehvacr.com\/#\/schema\/logo\/image\/","url":"https:\/\/goldstonehvacr.com\/wp-content\/uploads\/2019\/09\/gsi-logo.png","contentUrl":"https:\/\/goldstonehvacr.com\/wp-content\/uploads\/2019\/09\/gsi-logo.png","width":340,"height":159,"caption":"Goldstone HVAC"},"image":{"@id":"https:\/\/goldstonehvacr.com\/#\/schema\/logo\/image\/"}}]}},"jetpack_sharing_enabled":true,"_links":{"self":[{"href":"https:\/\/goldstonehvacr.com\/fr\/wp-json\/wp\/v2\/product\/111234","targetHints":{"allow":["GET"]}}],"collection":[{"href":"https:\/\/goldstonehvacr.com\/fr\/wp-json\/wp\/v2\/product"}],"about":[{"href":"https:\/\/goldstonehvacr.com\/fr\/wp-json\/wp\/v2\/types\/product"}],"replies":[{"embeddable":true,"href":"https:\/\/goldstonehvacr.com\/fr\/wp-json\/wp\/v2\/comments?post=111234"}],"wp:featuredmedia":[{"embeddable":true,"href":"https:\/\/goldstonehvacr.com\/fr\/wp-json\/wp\/v2\/media\/111262"}],"wp:attachment":[{"href":"https:\/\/goldstonehvacr.com\/fr\/wp-json\/wp\/v2\/media?parent=111234"}],"wp:term":[{"taxonomy":"product_brand","embeddable":true,"href":"https:\/\/goldstonehvacr.com\/fr\/wp-json\/wp\/v2\/product_brand?post=111234"},{"taxonomy":"product_cat","embeddable":true,"href":"https:\/\/goldstonehvacr.com\/fr\/wp-json\/wp\/v2\/product_cat?post=111234"},{"taxonomy":"product_tag","embeddable":true,"href":"https:\/\/goldstonehvacr.com\/fr\/wp-json\/wp\/v2\/product_tag?post=111234"}],"curies":[{"name":"wp","href":"https:\/\/api.w.org\/{rel}","templated":true}]}}