{"id":111202,"date":"2025-10-13T10:11:10","date_gmt":"2025-10-13T10:11:10","guid":{"rendered":"https:\/\/goldstonehvacr.com\/?post_type=product&#038;p=111202"},"modified":"2025-10-15T08:20:33","modified_gmt":"2025-10-15T08:20:33","slug":"airex-titan-outlet","status":"publish","type":"product","link":"https:\/\/goldstonehvacr.com\/fr\/produit\/airex-titan-outlet\/","title":{"rendered":"Airex Titan Outlet"},"content":{"rendered":"<p class=\"p1\">Le bo\u00eetier de sortie AIREX TITAN OUTLET\u2122 est un syst\u00e8me d&#039;habillage mural con\u00e7u pour prot\u00e9ger les travers\u00e9es de tuyauterie CVC contre les intemp\u00e9ries, les fuites d&#039;air, les vibrations et les nuisibles. Il permet aux professionnels du CVC de respecter les normes de construction et d&#039;efficacit\u00e9 \u00e9nerg\u00e9tique avec \u00e9l\u00e9gance. Fabriqu\u00e9 \u00e0 partir de polym\u00e8res techniques r\u00e9sistants aux intemp\u00e9ries et durables pour une utilisation ext\u00e9rieure, le bo\u00eetier AIREX TITAN OUTLET\u2122 est en polym\u00e8re ASA, tandis que le manchon de sortie \u00e9lastom\u00e8re est en polym\u00e8re TPE technique, assurant une \u00e9tanch\u00e9it\u00e9 parfaite autour de la tuyauterie CVC. Le bo\u00eetier et le manchon sont assembl\u00e9s par surmoulage, un proc\u00e9d\u00e9 qui les lie chimiquement et m\u00e9caniquement en une seule pi\u00e8ce. Le joint mural fix\u00e9 au bo\u00eetier de sortie est en mousse PVC durable, garantissant une \u00e9tanch\u00e9it\u00e9 optimale m\u00eame sur les surfaces irr\u00e9guli\u00e8res. Les accessoires inclus comprennent 4 vis d&#039;ancrage en acier au carbone et un collier de serrage en acier inoxydable pour une installation ext\u00e9rieure durable. Utilisez le bo\u00eetier AIREX TITAN OUTLET\u2122 pour respecter les normes de construction et d&#039;efficacit\u00e9 \u00e9nerg\u00e9tique avec \u00e9l\u00e9gance.<\/p>\n<p class=\"p1\"><b>OBTURE LES PASSAGES DE TUYAUX EXT\u00c9RIEURS !<\/b><\/p>\n<p class=\"p1\">Am\u00e9liore les performances des \u00e9quipements de CVC-R en les prot\u00e9geant des intemp\u00e9ries et des dommages physiques.<\/p>\n<p class=\"p1\">Cr\u00e9e un joint d&#039;\u00e9tanch\u00e9it\u00e9 positif de la plus haute qualit\u00e9, prot\u00e9geant des intemp\u00e9ries, \u00e9liminant les intrusions de rongeurs et de parasites, mettant fin aux fuites d&#039;air dans les murs, r\u00e9duisant les dommages caus\u00e9s par l&#039;humidit\u00e9 aux murs, augmentant l&#039;efficacit\u00e9 \u00e9nerg\u00e9tique globale et am\u00e9liorant la qualit\u00e9 de l&#039;air int\u00e9rieur.<\/p>\n<p class=\"p1\">Avec sa finition architecturale \u00e9l\u00e9gante, il am\u00e9liore l&#039;esth\u00e9tique des syst\u00e8mes de chauffage, ventilation, climatisation, r\u00e9frig\u00e9ration, plomberie, conduits et autres travers\u00e9es de tuyauterie ext\u00e9rieure. \u2022 Des mat\u00e9riaux de qualit\u00e9 sup\u00e9rieure, offrant une excellente r\u00e9sistance \u00e0 la chaleur et aux produits chimiques, ainsi qu&#039;une conception int\u00e9gr\u00e9e avec manchon \u00e9lastom\u00e8re flexible surmoul\u00e9 garantissent une durabilit\u00e9 exceptionnelle.<\/p>\n<p class=\"p1\">\u2022 Conforme aux normes obligatoires en mati\u00e8re de construction, d&#039;\u00e9nergie, de logement, de m\u00e9canique et d&#039;environnement \u2022 Fabriqu\u00e9 aux \u00c9tats-Unis<\/p>\n<p class=\"p1\">Sa conception technique permet de prendre en charge les syst\u00e8mes CVC gr\u00e2ce \u00e0 des fonctions d&#039;isolation murale et anti-vibrations. \u2022 Comprend un collier de serrage r\u00e9sistant \u00e0 la corrosion, des vis d&#039;ancrage avec rondelles \u00e9lastom\u00e8res et du lubrifiant pour une installation durable.<\/p>\n<p class=\"p1\">Disponible en joint standard de 3\/16 po, ainsi qu&#039;en joint plus \u00e9pais de 3\/4 po, id\u00e9al pour les surfaces murales irr\u00e9guli\u00e8res comme les rev\u00eatements \u00e0 recouvrement ou la ma\u00e7onnerie robuste.<\/p>\n<p class=\"p1\"><b>INSTALLATION ENTI\u00c8REMENT CONFORME AU CODE<\/b><\/p>\n<p class=\"p1\">Corps et manchon de prise fabriqu\u00e9s \u00e0 partir de mat\u00e9riaux r\u00e9sistants aux intemp\u00e9ries de qualit\u00e9 sup\u00e9rieure.<\/p>\n<p class=\"p1\">La conception modernis\u00e9e permet de retirer et de r\u00e9utiliser la prise pour la maintenance.<\/p>\n<p class=\"p1\">Comprend un collier de serrage r\u00e9sistant \u00e0 la corrosion, des vis d&#039;ancrage avec rondelles d&#039;\u00e9tanch\u00e9it\u00e9 et du lubrifiant pour une installation durable.<\/p>\n<p class=\"p1\"><b>TESTS DE PERFORMANCE APPROUV\u00c9S<\/b><\/p>\n<p class=\"p1\">\u00c9tanch\u00e9it\u00e9 \u00e0 l&#039;air ASTM E283<\/p>\n<p class=\"p1\">Stabilit\u00e9 ext\u00e9rieure UL 746C - Classement F1<\/p>\n<p class=\"p1\">P\u00e9n\u00e9tration d&#039;eau selon la norme ASTM E331<\/p>\n<p class=\"p1\">Perm\u00e9abilit\u00e9 \u00e0 l&#039;air selon la norme ASTM E2178<\/p>\n<p class=\"p1\"><b>ESSAIS DE MAT\u00c9RIAUX APPROUV\u00c9S<\/b><\/p>\n<p class=\"p1\">D\u00e9formation thermique selon la norme ASTM D1525C-09<\/p>\n<p class=\"p1\">D\u00e9formation sous charge thermique ASTM D648-07<\/p>\n<p class=\"p1\">Inflammabilit\u00e9 UL 94 HB<\/p>\n<p class=\"p1\">D\u00e9t\u00e9rioration selon la norme ASTM D573-04<\/p>\n<p class=\"p1\">Temp\u00e9rature de fragilit\u00e9 ASTM D746-07<\/p>","protected":false},"excerpt":{"rendered":"<p>Le Titan Outlet est la solution technique pour l&#039;\u00e9tanch\u00e9it\u00e9 des travers\u00e9es de conduites de r\u00e9frig\u00e9rant dans les murs. Ce syst\u00e8me d&#039;encapsulation murale est r\u00e9sistant aux intemp\u00e9ries et aux fuites d&#039;air, contr\u00f4le les vibrations, prot\u00e8ge contre les rongeurs et est devenu le leader incontest\u00e9 du secteur.<\/p>","protected":false},"featured_media":111207,"comment_status":"open","ping_status":"closed","template":"","meta":{"content-type":""},"product_brand":[],"product_cat":[247],"product_tag":[],"class_list":{"0":"post-111202","1":"product","2":"type-product","3":"status-publish","4":"has-post-thumbnail","6":"product_cat-airex-titan-outlet","8":"first","9":"instock","10":"shipping-taxable","11":"product-type-simple"},"yoast_head":"<!-- This site is optimized with the Yoast SEO plugin v27.2 - https:\/\/yoast.com\/product\/yoast-seo-wordpress\/ -->\n<title>Airex Titan Outlet - Gold Stone HVAC\/R<\/title>\n<meta name=\"robots\" content=\"index, follow, max-snippet:-1, max-image-preview:large, max-video-preview:-1\" \/>\n<link rel=\"canonical\" href=\"https:\/\/goldstonehvacr.com\/fr\/produit\/airex-titan-outlet\/\" \/>\n<meta property=\"og:locale\" content=\"fr_FR\" \/>\n<meta property=\"og:type\" content=\"article\" \/>\n<meta property=\"og:title\" content=\"Airex Titan Outlet - Gold Stone HVAC\/R\" \/>\n<meta property=\"og:description\" content=\"The Titan Outlet is the engineered solution of wall sealing refrigerant line penetrations featuring a weather and air leakage resistant, vibration control, rodent proofing, wall enclosure system, and has become the preferred industry leader.\" \/>\n<meta property=\"og:url\" content=\"https:\/\/goldstonehvacr.com\/fr\/produit\/airex-titan-outlet\/\" \/>\n<meta property=\"og:site_name\" content=\"Gold Stone HVAC\/R\" \/>\n<meta property=\"article:modified_time\" content=\"2025-10-15T08:20:33+00:00\" \/>\n<meta property=\"og:image\" content=\"https:\/\/goldstonehvacr.com\/wp-content\/uploads\/2025\/10\/titanTRS_white-1.webp\" \/>\n\t<meta property=\"og:image:width\" content=\"200\" \/>\n\t<meta property=\"og:image:height\" content=\"240\" \/>\n\t<meta property=\"og:image:type\" content=\"image\/webp\" \/>\n<meta name=\"twitter:card\" content=\"summary_large_image\" \/>\n<meta name=\"twitter:label1\" content=\"Dur\u00e9e de lecture estim\u00e9e\" \/>\n\t<meta name=\"twitter:data1\" content=\"2 minutes\" \/>\n<!-- \/ Yoast SEO plugin. -->","yoast_head_json":{"title":"Airex Titan Outlet - Gold Stone HVAC\/R","robots":{"index":"index","follow":"follow","max-snippet":"max-snippet:-1","max-image-preview":"max-image-preview:large","max-video-preview":"max-video-preview:-1"},"canonical":"https:\/\/goldstonehvacr.com\/fr\/produit\/airex-titan-outlet\/","og_locale":"fr_FR","og_type":"article","og_title":"Airex Titan Outlet - Gold Stone HVAC\/R","og_description":"The Titan Outlet is the engineered solution of wall sealing refrigerant line penetrations featuring a weather and air leakage resistant, vibration control, rodent proofing, wall enclosure system, and has become the preferred industry leader.","og_url":"https:\/\/goldstonehvacr.com\/fr\/produit\/airex-titan-outlet\/","og_site_name":"Gold Stone HVAC\/R","article_modified_time":"2025-10-15T08:20:33+00:00","og_image":[{"width":200,"height":240,"url":"https:\/\/goldstonehvacr.com\/wp-content\/uploads\/2025\/10\/titanTRS_white-1.webp","type":"image\/webp"}],"twitter_card":"summary_large_image","twitter_misc":{"Dur\u00e9e de lecture estim\u00e9e":"2 minutes"},"schema":{"@context":"https:\/\/schema.org","@graph":[{"@type":"WebPage","@id":"https:\/\/goldstonehvacr.com\/product\/airex-titan-outlet\/","url":"https:\/\/goldstonehvacr.com\/product\/airex-titan-outlet\/","name":"Airex Titan Outlet - Gold Stone HVAC\/R","isPartOf":{"@id":"https:\/\/goldstonehvacr.com\/#website"},"primaryImageOfPage":{"@id":"https:\/\/goldstonehvacr.com\/product\/airex-titan-outlet\/#primaryimage"},"image":{"@id":"https:\/\/goldstonehvacr.com\/product\/airex-titan-outlet\/#primaryimage"},"thumbnailUrl":"https:\/\/goldstonehvacr.com\/wp-content\/uploads\/2025\/10\/titanTRS_white-1.webp","datePublished":"2025-10-13T10:11:10+00:00","dateModified":"2025-10-15T08:20:33+00:00","breadcrumb":{"@id":"https:\/\/goldstonehvacr.com\/product\/airex-titan-outlet\/#breadcrumb"},"inLanguage":"fr-FR","potentialAction":[{"@type":"ReadAction","target":["https:\/\/goldstonehvacr.com\/product\/airex-titan-outlet\/"]}]},{"@type":"ImageObject","inLanguage":"fr-FR","@id":"https:\/\/goldstonehvacr.com\/product\/airex-titan-outlet\/#primaryimage","url":"https:\/\/goldstonehvacr.com\/wp-content\/uploads\/2025\/10\/titanTRS_white-1.webp","contentUrl":"https:\/\/goldstonehvacr.com\/wp-content\/uploads\/2025\/10\/titanTRS_white-1.webp","width":200,"height":240},{"@type":"BreadcrumbList","@id":"https:\/\/goldstonehvacr.com\/product\/airex-titan-outlet\/#breadcrumb","itemListElement":[{"@type":"ListItem","position":1,"name":"Home","item":"https:\/\/goldstonehvacr.com\/"},{"@type":"ListItem","position":2,"name":"Shop","item":"https:\/\/goldstonehvacr.com\/shop\/"},{"@type":"ListItem","position":3,"name":"Airex Titan Outlet"}]},{"@type":"WebSite","@id":"https:\/\/goldstonehvacr.com\/#website","url":"https:\/\/goldstonehvacr.com\/","name":"Gold Stone CVC\/R","description":"","publisher":{"@id":"https:\/\/goldstonehvacr.com\/#organization"},"potentialAction":[{"@type":"SearchAction","target":{"@type":"EntryPoint","urlTemplate":"https:\/\/goldstonehvacr.com\/?s={search_term_string}"},"query-input":{"@type":"PropertyValueSpecification","valueRequired":true,"valueName":"search_term_string"}}],"inLanguage":"fr-FR"},{"@type":"Organization","@id":"https:\/\/goldstonehvacr.com\/#organization","name":"Goldstone CVC","url":"https:\/\/goldstonehvacr.com\/","logo":{"@type":"ImageObject","inLanguage":"fr-FR","@id":"https:\/\/goldstonehvacr.com\/#\/schema\/logo\/image\/","url":"https:\/\/goldstonehvacr.com\/wp-content\/uploads\/2019\/09\/gsi-logo.png","contentUrl":"https:\/\/goldstonehvacr.com\/wp-content\/uploads\/2019\/09\/gsi-logo.png","width":340,"height":159,"caption":"Goldstone HVAC"},"image":{"@id":"https:\/\/goldstonehvacr.com\/#\/schema\/logo\/image\/"}}]}},"jetpack_sharing_enabled":true,"_links":{"self":[{"href":"https:\/\/goldstonehvacr.com\/fr\/wp-json\/wp\/v2\/product\/111202","targetHints":{"allow":["GET"]}}],"collection":[{"href":"https:\/\/goldstonehvacr.com\/fr\/wp-json\/wp\/v2\/product"}],"about":[{"href":"https:\/\/goldstonehvacr.com\/fr\/wp-json\/wp\/v2\/types\/product"}],"replies":[{"embeddable":true,"href":"https:\/\/goldstonehvacr.com\/fr\/wp-json\/wp\/v2\/comments?post=111202"}],"wp:featuredmedia":[{"embeddable":true,"href":"https:\/\/goldstonehvacr.com\/fr\/wp-json\/wp\/v2\/media\/111207"}],"wp:attachment":[{"href":"https:\/\/goldstonehvacr.com\/fr\/wp-json\/wp\/v2\/media?parent=111202"}],"wp:term":[{"taxonomy":"product_brand","embeddable":true,"href":"https:\/\/goldstonehvacr.com\/fr\/wp-json\/wp\/v2\/product_brand?post=111202"},{"taxonomy":"product_cat","embeddable":true,"href":"https:\/\/goldstonehvacr.com\/fr\/wp-json\/wp\/v2\/product_cat?post=111202"},{"taxonomy":"product_tag","embeddable":true,"href":"https:\/\/goldstonehvacr.com\/fr\/wp-json\/wp\/v2\/product_tag?post=111202"}],"curies":[{"name":"wp","href":"https:\/\/api.w.org\/{rel}","templated":true}]}}