{"id":110129,"date":"2025-07-14T07:23:43","date_gmt":"2025-07-14T07:23:43","guid":{"rendered":"https:\/\/goldstonehvacr.com\/?post_type=product&#038;p=110129"},"modified":"2025-07-16T13:56:33","modified_gmt":"2025-07-16T13:56:33","slug":"capacitors","status":"publish","type":"product","link":"https:\/\/goldstonehvacr.com\/fr\/produit\/capacitors\/","title":{"rendered":"Condensateurs doubles"},"content":{"rendered":"<p><strong>Caract\u00e9ristiques principales des condensateurs<\/strong><\/p>\n<ul>\n<li>Plage de temp\u00e9rature : -40<sup>o <\/sup>C \u00e0 85<sup>o<\/sup>C<\/li>\n<li>Fr\u00e9quence de fonctionnement : 50\/60 Hz<\/li>\n<li>Conforme aux normes UL 810, IEC 60252, EN 60205, VDE 0560-8 et GB\/T 3667.1-2005<\/li>\n<li>Le double condensateur est con\u00e7u pour r\u00e9duire les stocks<\/li>\n<\/ul>\n<p>&nbsp;<\/p>","protected":false},"excerpt":{"rendered":"<p>Gold Stone HVACR Inc. propose des condensateurs haut de gamme \u00e0 des prix comp\u00e9titifs et avec des d\u00e9lais de livraison rapides. Gr\u00e2ce \u00e0 leur conception robuste et \u00e0 leurs tests de qualit\u00e9 internes, nos condensateurs sont ce qui se fait de mieux pour votre syst\u00e8me de climatisation.<\/p>","protected":false},"featured_media":38405,"comment_status":"open","ping_status":"closed","template":"","meta":{"content-type":""},"product_brand":[],"product_cat":[185,149,160,234],"product_tag":[],"class_list":{"0":"post-110129","1":"product","2":"type-product","3":"status-publish","4":"has-post-thumbnail","6":"product_cat-capacitors","7":"product_cat-dual-capacitors","8":"product_cat-whosale","9":"product_cat-wholesale-promotion","11":"first","12":"instock","13":"shipping-taxable","14":"product-type-simple"},"yoast_head":"<!-- This site is optimized with the Yoast SEO plugin v27.2 - https:\/\/yoast.com\/product\/yoast-seo-wordpress\/ -->\n<title>Dual Capacitors - Gold Stone HVAC\/R<\/title>\n<meta name=\"robots\" content=\"index, follow, max-snippet:-1, max-image-preview:large, max-video-preview:-1\" \/>\n<link rel=\"canonical\" href=\"https:\/\/goldstonehvacr.com\/fr\/produit\/capacitors\/\" \/>\n<meta property=\"og:locale\" content=\"fr_FR\" \/>\n<meta property=\"og:type\" content=\"article\" \/>\n<meta property=\"og:title\" content=\"Dual Capacitors - Gold Stone HVAC\/R\" \/>\n<meta property=\"og:description\" content=\"Gold Stone HVACR Inc. offers premium Capacitors at competitive prices and expedited delivery times. \u00a0With our durable construction and in-house testing for quality, our different Capacitors are the highest quality available for your air conditioning system\" \/>\n<meta property=\"og:url\" content=\"https:\/\/goldstonehvacr.com\/fr\/produit\/capacitors\/\" \/>\n<meta property=\"og:site_name\" content=\"Gold Stone HVAC\/R\" \/>\n<meta property=\"article:modified_time\" content=\"2025-07-16T13:56:33+00:00\" \/>\n<meta property=\"og:image\" content=\"https:\/\/goldstonehvacr.com\/wp-content\/uploads\/2020\/01\/Capacitors-e1615759961420.png\" \/>\n\t<meta property=\"og:image:width\" content=\"400\" \/>\n\t<meta property=\"og:image:height\" content=\"267\" \/>\n\t<meta property=\"og:image:type\" content=\"image\/png\" \/>\n<meta name=\"twitter:card\" content=\"summary_large_image\" \/>\n<meta name=\"twitter:label1\" content=\"Dur\u00e9e de lecture estim\u00e9e\" \/>\n\t<meta name=\"twitter:data1\" content=\"1 minute\" \/>\n<!-- \/ Yoast SEO plugin. -->","yoast_head_json":{"title":"Dual Capacitors - Gold Stone HVAC\/R","robots":{"index":"index","follow":"follow","max-snippet":"max-snippet:-1","max-image-preview":"max-image-preview:large","max-video-preview":"max-video-preview:-1"},"canonical":"https:\/\/goldstonehvacr.com\/fr\/produit\/capacitors\/","og_locale":"fr_FR","og_type":"article","og_title":"Dual Capacitors - Gold Stone HVAC\/R","og_description":"Gold Stone HVACR Inc. offers premium Capacitors at competitive prices and expedited delivery times. \u00a0With our durable construction and in-house testing for quality, our different Capacitors are the highest quality available for your air conditioning system","og_url":"https:\/\/goldstonehvacr.com\/fr\/produit\/capacitors\/","og_site_name":"Gold Stone HVAC\/R","article_modified_time":"2025-07-16T13:56:33+00:00","og_image":[{"width":400,"height":267,"url":"https:\/\/goldstonehvacr.com\/wp-content\/uploads\/2020\/01\/Capacitors-e1615759961420.png","type":"image\/png"}],"twitter_card":"summary_large_image","twitter_misc":{"Dur\u00e9e de lecture estim\u00e9e":"1 minute"},"schema":{"@context":"https:\/\/schema.org","@graph":[{"@type":"WebPage","@id":"https:\/\/goldstonehvacr.com\/product\/capacitors\/","url":"https:\/\/goldstonehvacr.com\/product\/capacitors\/","name":"Dual Capacitors - Gold Stone HVAC\/R","isPartOf":{"@id":"https:\/\/goldstonehvacr.com\/#website"},"primaryImageOfPage":{"@id":"https:\/\/goldstonehvacr.com\/product\/capacitors\/#primaryimage"},"image":{"@id":"https:\/\/goldstonehvacr.com\/product\/capacitors\/#primaryimage"},"thumbnailUrl":"https:\/\/goldstonehvacr.com\/wp-content\/uploads\/2020\/01\/Capacitors-e1615759961420.png","datePublished":"2025-07-14T07:23:43+00:00","dateModified":"2025-07-16T13:56:33+00:00","breadcrumb":{"@id":"https:\/\/goldstonehvacr.com\/product\/capacitors\/#breadcrumb"},"inLanguage":"fr-FR","potentialAction":[{"@type":"ReadAction","target":["https:\/\/goldstonehvacr.com\/product\/capacitors\/"]}]},{"@type":"ImageObject","inLanguage":"fr-FR","@id":"https:\/\/goldstonehvacr.com\/product\/capacitors\/#primaryimage","url":"https:\/\/goldstonehvacr.com\/wp-content\/uploads\/2020\/01\/Capacitors-e1615759961420.png","contentUrl":"https:\/\/goldstonehvacr.com\/wp-content\/uploads\/2020\/01\/Capacitors-e1615759961420.png","width":400,"height":267},{"@type":"BreadcrumbList","@id":"https:\/\/goldstonehvacr.com\/product\/capacitors\/#breadcrumb","itemListElement":[{"@type":"ListItem","position":1,"name":"Home","item":"https:\/\/goldstonehvacr.com\/"},{"@type":"ListItem","position":2,"name":"Shop","item":"https:\/\/goldstonehvacr.com\/shop\/"},{"@type":"ListItem","position":3,"name":"Dual Capacitors"}]},{"@type":"WebSite","@id":"https:\/\/goldstonehvacr.com\/#website","url":"https:\/\/goldstonehvacr.com\/","name":"Gold Stone CVC\/R","description":"","publisher":{"@id":"https:\/\/goldstonehvacr.com\/#organization"},"potentialAction":[{"@type":"SearchAction","target":{"@type":"EntryPoint","urlTemplate":"https:\/\/goldstonehvacr.com\/?s={search_term_string}"},"query-input":{"@type":"PropertyValueSpecification","valueRequired":true,"valueName":"search_term_string"}}],"inLanguage":"fr-FR"},{"@type":"Organization","@id":"https:\/\/goldstonehvacr.com\/#organization","name":"Goldstone CVC","url":"https:\/\/goldstonehvacr.com\/","logo":{"@type":"ImageObject","inLanguage":"fr-FR","@id":"https:\/\/goldstonehvacr.com\/#\/schema\/logo\/image\/","url":"https:\/\/goldstonehvacr.com\/wp-content\/uploads\/2019\/09\/gsi-logo.png","contentUrl":"https:\/\/goldstonehvacr.com\/wp-content\/uploads\/2019\/09\/gsi-logo.png","width":340,"height":159,"caption":"Goldstone HVAC"},"image":{"@id":"https:\/\/goldstonehvacr.com\/#\/schema\/logo\/image\/"}}]}},"jetpack_sharing_enabled":true,"_links":{"self":[{"href":"https:\/\/goldstonehvacr.com\/fr\/wp-json\/wp\/v2\/product\/110129","targetHints":{"allow":["GET"]}}],"collection":[{"href":"https:\/\/goldstonehvacr.com\/fr\/wp-json\/wp\/v2\/product"}],"about":[{"href":"https:\/\/goldstonehvacr.com\/fr\/wp-json\/wp\/v2\/types\/product"}],"replies":[{"embeddable":true,"href":"https:\/\/goldstonehvacr.com\/fr\/wp-json\/wp\/v2\/comments?post=110129"}],"wp:featuredmedia":[{"embeddable":true,"href":"https:\/\/goldstonehvacr.com\/fr\/wp-json\/wp\/v2\/media\/38405"}],"wp:attachment":[{"href":"https:\/\/goldstonehvacr.com\/fr\/wp-json\/wp\/v2\/media?parent=110129"}],"wp:term":[{"taxonomy":"product_brand","embeddable":true,"href":"https:\/\/goldstonehvacr.com\/fr\/wp-json\/wp\/v2\/product_brand?post=110129"},{"taxonomy":"product_cat","embeddable":true,"href":"https:\/\/goldstonehvacr.com\/fr\/wp-json\/wp\/v2\/product_cat?post=110129"},{"taxonomy":"product_tag","embeddable":true,"href":"https:\/\/goldstonehvacr.com\/fr\/wp-json\/wp\/v2\/product_tag?post=110129"}],"curies":[{"name":"wp","href":"https:\/\/api.w.org\/{rel}","templated":true}]}}