{"id":37849,"date":"2019-10-09T15:28:49","date_gmt":"2019-10-09T15:28:49","guid":{"rendered":"https:\/\/goldstonehvacr.com\/?page_id=37849"},"modified":"2019-10-09T15:39:54","modified_gmt":"2019-10-09T15:39:54","slug":"hvac-events","status":"publish","type":"page","link":"https:\/\/goldstonehvacr.com\/fr\/hvac-events\/","title":{"rendered":"\u00c9v\u00e9nements li\u00e9s au CVC"},"content":{"rendered":"<div class=\"fusion-fullwidth fullwidth-box fusion-builder-row-1 nonhundred-percent-fullwidth non-hundred-percent-height-scrolling\" style=\"background-color: #ffffff;background-position: center center;background-repeat: no-repeat;padding-top:0px;padding-right:0px;padding-bottom:0px;padding-left:0px;margin-bottom: 0px;margin-top: 0px;border-width: 0px 0px 0px 0px;border-color:#eae9e9;border-style:solid;\" ><div class=\"fusion-builder-row fusion-row\"><div class=\"fusion-layout-column fusion_builder_column fusion-builder-column-0 fusion_builder_column_1_1 1_1 fusion-one-full fusion-column-first fusion-column-last\" style=\"margin-top:0px;margin-bottom:20px;\"><div class=\"fusion-column-wrapper fusion-flex-column-wrapper-legacy\" style=\"background-position:left top;background-repeat:no-repeat;-webkit-background-size:cover;-moz-background-size:cover;-o-background-size:cover;background-size:cover;padding: 0px 0px 0px 0px;\"><div class=\"fusion-blog-shortcode fusion-blog-shortcode-1 fusion-blog-archive fusion-blog-layout-grid-wrapper fusion-blog-infinite fusion-blog-layout-center\"><style type=\"text\/css\">.fusion-blog-shortcode-1 .fusion-blog-layout-grid .fusion-post-grid{padding:20px;}.fusion-blog-shortcode-1 .fusion-posts-container{margin-left: -20px !important; margin-right:-20px !important;}<\/style><div class=\"fusion-posts-container fusion-posts-container-infinite fusion-posts-container-load-more fusion-no-meta-info fusion-blog-layout-grid fusion-blog-layout-grid-3 isotope fusion-blog-equal-heights\" data-pages=\"1\" data-grid-col-space=\"40\" style=\"margin: -20px -20px 0;min-height:500px;\"><article id=\"blog-1-post-37825\" class=\"fusion-post-grid post-37825 post type-post status-publish format-standard has-post-thumbnail hentry category-events\">\n<div class=\"fusion-post-wrapper\" style=\"background-color:rgba(255,255,255,0);border:1px solid #ebeaea;border-bottom-width:3px;\">\n\n\t\t\t<div class=\"fusion-flexslider flexslider fusion-flexslider-loading fusion-post-slideshow\" style=\"border-color:#ebeaea;\">\n\t\t<ul class=\"slides\">\n\t\t\t\n\t\t\t\t\t\t\t\t\t\t\t\t\t\t<li><div  class=\"fusion-image-wrapper\" aria-haspopup=\"true\">\n\t\t\t\t\t\t\t<a href=\"https:\/\/goldstonehvacr.com\/fr\/insight\/top-hvac-trade-shows-and-conferences-in-canada\/\" aria-label=\"Top HVAC Trade Shows &#038; Conferences in Canada 2020\">\n\t\t\t\t\t\t\t<img decoding=\"async\" width=\"510\" height=\"340\" src=\"https:\/\/goldstonehvacr.com\/wp-content\/uploads\/2019\/10\/canada-2704154__340.jpg\" class=\"attachment-full size-full wp-post-image\" alt=\"\" srcset=\"https:\/\/goldstonehvacr.com\/wp-content\/uploads\/2019\/10\/canada-2704154__340-200x133.jpg 200w, https:\/\/goldstonehvacr.com\/wp-content\/uploads\/2019\/10\/canada-2704154__340-400x267.jpg 400w, https:\/\/goldstonehvacr.com\/wp-content\/uploads\/2019\/10\/canada-2704154__340.jpg 510w\" sizes=\"(min-width: 2200px) 100vw, (min-width: 784px) 453px, (min-width: 712px) 680px, (min-width: 640px) 712px, \" \/>\t\t\t<\/a>\n\t\t\t\t\t\t\t<\/div>\n<\/li>\n\t\t\t\n\t\t\t\n\t\t\t\t\t\t\t\t\t\t\t\t\t\t\t\t\t\t\t\t\t\t\t\t\t\t\t\t\t\t\t\t\t\t\t\t\t\t\t\t\t\t\t\t\t\t\t\t\t\t\t\t\t\t\t\t\t\t\t\t\t\t\t\t\t\t\t\t<\/ul>\n\t<\/div>\n\t<div class=\"fusion-post-content-wrapper\" style=\"padding:30px 25px 20px 25px;\"><div class=\"fusion-post-content post-content\"><h2 class=\"blog-shortcode-post-title entry-title\"><a href=\"https:\/\/goldstonehvacr.com\/fr\/insight\/top-hvac-trade-shows-and-conferences-in-canada\/\">Principaux salons et conf\u00e9rences du secteur du CVC au Canada en 2020<\/a><\/h2><div class=\"fusion-post-content-container\"><p><\/p><p>\u00a0 If there\u2019s one thing that HVAC professionals must remember, it\u2019s the fact that they must always keep on improving. This is primarily because working to improve their service is the only way that HVAC professionals can serve their customers better. Now, there are so many things that you, as an HVAC professional, ...<\/p><\/div><\/div><\/div><div class=\"fusion-clearfix\"><\/div><\/div>\n<\/article>\n<article id=\"blog-1-post-37797\" class=\"fusion-post-grid post-37797 post type-post status-publish format-standard has-post-thumbnail hentry category-events\">\n<div class=\"fusion-post-wrapper\" style=\"background-color:rgba(255,255,255,0);border:1px solid #ebeaea;border-bottom-width:3px;\">\n\n\t\t\t<div class=\"fusion-flexslider flexslider fusion-flexslider-loading fusion-post-slideshow\" style=\"border-color:#ebeaea;\">\n\t\t<ul class=\"slides\">\n\t\t\t\n\t\t\t\t\t\t\t\t\t\t\t\t\t\t<li><div  class=\"fusion-image-wrapper\" aria-haspopup=\"true\">\n\t\t\t\t\t\t\t<a href=\"https:\/\/goldstonehvacr.com\/fr\/insight\/top-hvac-trade-shows-and-conferences-in-the-united-states\/\" aria-label=\"Top HVAC Trade Shows &#038; Conferences in the US 2020\">\n\t\t\t\t\t\t\t<img decoding=\"async\" width=\"626\" height=\"365\" src=\"https:\/\/goldstonehvacr.com\/wp-content\/uploads\/2019\/10\/promotional-stands-isometric-set_1284-17982.jpg\" class=\"attachment-full size-full wp-post-image\" alt=\"\" srcset=\"https:\/\/goldstonehvacr.com\/wp-content\/uploads\/2019\/10\/promotional-stands-isometric-set_1284-17982-200x117.jpg 200w, https:\/\/goldstonehvacr.com\/wp-content\/uploads\/2019\/10\/promotional-stands-isometric-set_1284-17982-400x233.jpg 400w, https:\/\/goldstonehvacr.com\/wp-content\/uploads\/2019\/10\/promotional-stands-isometric-set_1284-17982-600x350.jpg 600w, https:\/\/goldstonehvacr.com\/wp-content\/uploads\/2019\/10\/promotional-stands-isometric-set_1284-17982.jpg 626w\" sizes=\"(min-width: 2200px) 100vw, (min-width: 784px) 453px, (min-width: 712px) 680px, (min-width: 640px) 712px, \" \/>\t\t\t<\/a>\n\t\t\t\t\t\t\t<\/div>\n<\/li>\n\t\t\t\n\t\t\t\n\t\t\t\t\t\t\t\t\t\t\t\t\t\t\t\t\t\t\t\t\t\t\t\t\t\t\t\t\t\t\t\t\t\t\t\t\t\t\t\t\t\t\t\t\t\t\t\t\t\t\t\t\t\t\t\t\t\t\t\t\t\t\t\t\t\t\t\t<\/ul>\n\t<\/div>\n\t<div class=\"fusion-post-content-wrapper\" style=\"padding:30px 25px 20px 25px;\"><div class=\"fusion-post-content post-content\"><h2 class=\"blog-shortcode-post-title entry-title\"><a href=\"https:\/\/goldstonehvacr.com\/fr\/insight\/top-hvac-trade-shows-and-conferences-in-the-united-states\/\">Principaux salons et conf\u00e9rences du secteur du CVC aux \u00c9tats-Unis en 2020<\/a><\/h2><div class=\"fusion-post-content-container\"><p><\/p><p>As an HVAC professional, it is your utmost priority to stay on top of your game. That way, you\u2019ll be able to serve your customers better, which will eventually lead you to more successes in the business in the future. And in order to stay on top of your game, there are quite ...<\/p><\/div><\/div><\/div><div class=\"fusion-clearfix\"><\/div><\/div>\n<\/article>\n<article id=\"blog-1-post-37794\" class=\"fusion-post-grid post-37794 post type-post status-publish format-standard has-post-thumbnail hentry category-events\">\n<div class=\"fusion-post-wrapper\" style=\"background-color:rgba(255,255,255,0);border:1px solid #ebeaea;border-bottom-width:3px;\">\n\n\t\t\t<div class=\"fusion-flexslider flexslider fusion-flexslider-loading fusion-post-slideshow\" style=\"border-color:#ebeaea;\">\n\t\t<ul class=\"slides\">\n\t\t\t\n\t\t\t\t\t\t\t\t\t\t\t\t\t\t<li><div  class=\"fusion-image-wrapper\" aria-haspopup=\"true\">\n\t\t\t\t\t\t\t<a href=\"https:\/\/goldstonehvacr.com\/fr\/insight\/top-hvac-trade-shows-and-conferences-in-china\/\" aria-label=\"Principaux salons et conf\u00e9rences du secteur du CVC en Chine en 2020\">\n\t\t\t\t\t\t\t<img decoding=\"async\" width=\"453\" height=\"340\" src=\"https:\/\/goldstonehvacr.com\/wp-content\/uploads\/2019\/10\/travel-3168277__340.jpg\" class=\"attachment-full size-full wp-post-image\" alt=\"\" srcset=\"https:\/\/goldstonehvacr.com\/wp-content\/uploads\/2019\/10\/travel-3168277__340-200x150.jpg 200w, https:\/\/goldstonehvacr.com\/wp-content\/uploads\/2019\/10\/travel-3168277__340-400x300.jpg 400w, https:\/\/goldstonehvacr.com\/wp-content\/uploads\/2019\/10\/travel-3168277__340.jpg 453w\" sizes=\"(min-width: 2200px) 100vw, (min-width: 784px) 453px, (min-width: 712px) 680px, (min-width: 640px) 712px, \" \/>\t\t\t<\/a>\n\t\t\t\t\t\t\t<\/div>\n<\/li>\n\t\t\t\n\t\t\t\n\t\t\t\t\t\t\t\t\t\t\t\t\t\t\t\t\t\t\t\t\t\t\t\t\t\t\t\t\t\t\t\t\t\t\t\t\t\t\t\t\t\t\t\t\t\t\t\t\t\t\t\t\t\t\t\t\t\t\t\t\t\t\t\t\t\t\t\t<\/ul>\n\t<\/div>\n\t<div class=\"fusion-post-content-wrapper\" style=\"padding:30px 25px 20px 25px;\"><div class=\"fusion-post-content post-content\"><h2 class=\"blog-shortcode-post-title entry-title\"><a href=\"https:\/\/goldstonehvacr.com\/fr\/insight\/top-hvac-trade-shows-and-conferences-in-china\/\">Principaux salons et conf\u00e9rences du secteur du CVC en Chine en 2020<\/a><\/h2><div class=\"fusion-post-content-container\"><p><\/p><p>As an HVAC professional, it is important for you to be able to keep on improving. You both have to remain updated on the recent events of the HVAC industry and to get connected with other important figures in the field. When you\u2019re able to do both of these, you can serve your ...<\/p><\/div><\/div><\/div><div class=\"fusion-clearfix\"><\/div><\/div>\n<\/article>\n<div class=\"fusion-clearfix\"><\/div><\/div><\/div><div class=\"fusion-clearfix\"><\/div><\/div><\/div><div class=\"fusion-layout-column fusion_builder_column fusion-builder-column-1 fusion_builder_column_1_4 1_4 fusion-one-fourth fusion-column-first\" style=\"width:25%;width:calc(25% - ( ( 4% ) * 0.25 ) );margin-right: 4%;margin-top:0px;margin-bottom:20px;\"><div class=\"fusion-column-wrapper fusion-flex-column-wrapper-legacy\" style=\"background-position:left top;background-repeat:no-repeat;-webkit-background-size:cover;-moz-background-size:cover;-o-background-size:cover;background-size:cover;padding: 0px 0px 0px 0px;\"><div class=\"fusion-clearfix\"><\/div><\/div><\/div><\/div><\/div>","protected":false},"excerpt":{"rendered":"","protected":false},"author":2,"featured_media":0,"parent":0,"menu_order":0,"comment_status":"closed","ping_status":"closed","template":"","meta":{"content-type":"","footnotes":""},"class_list":["post-37849","page","type-page","status-publish","hentry"],"yoast_head":"<!-- This site is optimized with the Yoast SEO plugin v27.2 - https:\/\/yoast.com\/product\/yoast-seo-wordpress\/ -->\n<title>HVAC Events - Gold Stone HVAC\/R<\/title>\n<meta name=\"robots\" content=\"index, follow, max-snippet:-1, max-image-preview:large, max-video-preview:-1\" \/>\n<link rel=\"canonical\" href=\"https:\/\/goldstonehvacr.com\/fr\/hvac-events\/\" \/>\n<meta property=\"og:locale\" content=\"fr_FR\" \/>\n<meta property=\"og:type\" content=\"article\" \/>\n<meta property=\"og:title\" content=\"HVAC Events - Gold Stone HVAC\/R\" \/>\n<meta property=\"og:url\" content=\"https:\/\/goldstonehvacr.com\/fr\/hvac-events\/\" \/>\n<meta property=\"og:site_name\" content=\"Gold Stone HVAC\/R\" \/>\n<meta property=\"article:modified_time\" content=\"2019-10-09T15:39:54+00:00\" \/>\n<meta name=\"twitter:card\" content=\"summary_large_image\" \/>\n<meta name=\"twitter:label1\" content=\"Dur\u00e9e de lecture estim\u00e9e\" \/>\n\t<meta name=\"twitter:data1\" content=\"2 minutes\" \/>\n<!-- \/ Yoast SEO plugin. -->","yoast_head_json":{"title":"HVAC Events - Gold Stone HVAC\/R","robots":{"index":"index","follow":"follow","max-snippet":"max-snippet:-1","max-image-preview":"max-image-preview:large","max-video-preview":"max-video-preview:-1"},"canonical":"https:\/\/goldstonehvacr.com\/fr\/hvac-events\/","og_locale":"fr_FR","og_type":"article","og_title":"HVAC Events - Gold Stone HVAC\/R","og_url":"https:\/\/goldstonehvacr.com\/fr\/hvac-events\/","og_site_name":"Gold Stone HVAC\/R","article_modified_time":"2019-10-09T15:39:54+00:00","twitter_card":"summary_large_image","twitter_misc":{"Dur\u00e9e de lecture estim\u00e9e":"2 minutes"},"schema":{"@context":"https:\/\/schema.org","@graph":[{"@type":"WebPage","@id":"https:\/\/goldstonehvacr.com\/hvac-events\/","url":"https:\/\/goldstonehvacr.com\/hvac-events\/","name":"HVAC Events - Gold Stone HVAC\/R","isPartOf":{"@id":"https:\/\/goldstonehvacr.com\/#website"},"datePublished":"2019-10-09T15:28:49+00:00","dateModified":"2019-10-09T15:39:54+00:00","breadcrumb":{"@id":"https:\/\/goldstonehvacr.com\/hvac-events\/#breadcrumb"},"inLanguage":"fr-FR","potentialAction":[{"@type":"ReadAction","target":["https:\/\/goldstonehvacr.com\/hvac-events\/"]}]},{"@type":"BreadcrumbList","@id":"https:\/\/goldstonehvacr.com\/hvac-events\/#breadcrumb","itemListElement":[{"@type":"ListItem","position":1,"name":"Home","item":"https:\/\/goldstonehvacr.com\/"},{"@type":"ListItem","position":2,"name":"HVAC Events"}]},{"@type":"WebSite","@id":"https:\/\/goldstonehvacr.com\/#website","url":"https:\/\/goldstonehvacr.com\/","name":"Gold Stone CVC\/R","description":"","publisher":{"@id":"https:\/\/goldstonehvacr.com\/#organization"},"potentialAction":[{"@type":"SearchAction","target":{"@type":"EntryPoint","urlTemplate":"https:\/\/goldstonehvacr.com\/?s={search_term_string}"},"query-input":{"@type":"PropertyValueSpecification","valueRequired":true,"valueName":"search_term_string"}}],"inLanguage":"fr-FR"},{"@type":"Organization","@id":"https:\/\/goldstonehvacr.com\/#organization","name":"Goldstone CVC","url":"https:\/\/goldstonehvacr.com\/","logo":{"@type":"ImageObject","inLanguage":"fr-FR","@id":"https:\/\/goldstonehvacr.com\/#\/schema\/logo\/image\/","url":"https:\/\/goldstonehvacr.com\/wp-content\/uploads\/2019\/09\/gsi-logo.png","contentUrl":"https:\/\/goldstonehvacr.com\/wp-content\/uploads\/2019\/09\/gsi-logo.png","width":340,"height":159,"caption":"Goldstone HVAC"},"image":{"@id":"https:\/\/goldstonehvacr.com\/#\/schema\/logo\/image\/"}}]}},"jetpack_sharing_enabled":true,"_links":{"self":[{"href":"https:\/\/goldstonehvacr.com\/fr\/wp-json\/wp\/v2\/pages\/37849","targetHints":{"allow":["GET"]}}],"collection":[{"href":"https:\/\/goldstonehvacr.com\/fr\/wp-json\/wp\/v2\/pages"}],"about":[{"href":"https:\/\/goldstonehvacr.com\/fr\/wp-json\/wp\/v2\/types\/page"}],"author":[{"embeddable":true,"href":"https:\/\/goldstonehvacr.com\/fr\/wp-json\/wp\/v2\/users\/2"}],"replies":[{"embeddable":true,"href":"https:\/\/goldstonehvacr.com\/fr\/wp-json\/wp\/v2\/comments?post=37849"}],"version-history":[{"count":2,"href":"https:\/\/goldstonehvacr.com\/fr\/wp-json\/wp\/v2\/pages\/37849\/revisions"}],"predecessor-version":[{"id":37856,"href":"https:\/\/goldstonehvacr.com\/fr\/wp-json\/wp\/v2\/pages\/37849\/revisions\/37856"}],"wp:attachment":[{"href":"https:\/\/goldstonehvacr.com\/fr\/wp-json\/wp\/v2\/media?parent=37849"}],"curies":[{"name":"wp","href":"https:\/\/api.w.org\/{rel}","templated":true}]}}