{"id":85352,"date":"2024-01-16T15:46:13","date_gmt":"2024-01-16T15:46:13","guid":{"rendered":"https:\/\/goldstonehvacr.com\/?post_type=product&#038;p=85352"},"modified":"2024-01-19T07:00:57","modified_gmt":"2024-01-19T07:00:57","slug":"defrost-heaters","status":"publish","type":"product","link":"https:\/\/goldstonehvacr.com\/es\/product\/defrost-heaters\/","title":{"rendered":"Resistencia para descongelaci\u00f3n"},"content":{"rendered":"<ul>\n<li style=\"font-weight: 400;\">Los elementos calefactores m\u00e1s seguros, fiables y con la mejor relaci\u00f3n calidad-precio del mercado actual.<\/li>\n<li style=\"font-weight: 400;\">Esto se facilita teniendo un conocimiento profundo del mercado HVACR.<\/li>\n<li style=\"font-weight: 400;\">El revestimiento exterior de acero inoxidable ayuda a evitar que el calentador se \u201ccomba\u201d durante la instalaci\u00f3n, lo que hace que sea m\u00e1s f\u00e1cil instalarlo.<\/li>\n<li style=\"font-weight: 400;\">A los instaladores les gusta la funci\u00f3n \u201canti-flacidez\u201d porque ahorra tiempo de instalaci\u00f3n.<\/li>\n<li style=\"font-weight: 400;\">Certificado cULus.<\/li>\n<li style=\"font-weight: 400;\">La planta de fabricaci\u00f3n cuenta con certificaci\u00f3n ISO 9001:2015 y 1401:2005.<\/li>\n<li style=\"font-weight: 400;\">Personalizaci\u00f3n seg\u00fan cualquier demanda del fabricante de equipos originales (OEM).<\/li>\n<\/ul>","protected":false},"excerpt":{"rendered":"<p>Los elementos calefactores m\u00e1s seguros y fiables con la mejor relaci\u00f3n calidad-precio del mercado actual. Esto se consigue gracias a un profundo conocimiento del mercado de climatizaci\u00f3n (HVACR). El revestimiento exterior de acero inoxidable ayuda a evitar el pandeo durante la instalaci\u00f3n, lo que facilita su instalaci\u00f3n. Los instaladores valoran la funci\u00f3n antipandeo, ya que ahorra tiempo de instalaci\u00f3n. Certificaci\u00f3n cULus. La planta de fabricaci\u00f3n cuenta con las certificaciones ISO 9001:2015 y 1401:2005. Adaptaci\u00f3n a cualquier demanda de los fabricantes de equipos originales (OEM).<\/p>","protected":false},"featured_media":85383,"comment_status":"open","ping_status":"closed","template":"","meta":{"content-type":""},"product_brand":[],"product_cat":[244,159],"product_tag":[],"class_list":{"0":"post-85352","1":"product","2":"type-product","3":"status-publish","4":"has-post-thumbnail","6":"product_cat-defrost-heater","7":"product_cat-oem","9":"first","10":"instock","11":"shipping-taxable","12":"product-type-simple"},"yoast_head":"<!-- This site is optimized with the Yoast SEO plugin v26.9 - https:\/\/yoast.com\/product\/yoast-seo-wordpress\/ -->\n<title>Defrost Heaters - Gold Stone HVAC\/R<\/title>\n<meta name=\"robots\" content=\"index, follow, max-snippet:-1, max-image-preview:large, max-video-preview:-1\" \/>\n<link rel=\"canonical\" href=\"https:\/\/goldstonehvacr.com\/es\/product\/defrost-heaters\/\" \/>\n<meta property=\"og:locale\" content=\"es_ES\" \/>\n<meta property=\"og:type\" content=\"article\" \/>\n<meta property=\"og:title\" content=\"Defrost Heaters - Gold Stone HVAC\/R\" \/>\n<meta property=\"og:description\" content=\"The safest and most reliable heating elements with the best value in the market today. This is facilitated by having a thorough understanding of the HVACR market. The stainless-steel outer sheathing helps prevent \u201csagging\u201d during installation, making the heater easier to install. Installers like the \u201canti-sagging\u201d feature as it saves installation time. cULus certified. Manufacturing plant is ISO 9001:2015 and 1401:2005 certified. Customization to any Original Equipment Manufacturers (OEM) demand.\" \/>\n<meta property=\"og:url\" content=\"https:\/\/goldstonehvacr.com\/es\/product\/defrost-heaters\/\" \/>\n<meta property=\"og:site_name\" content=\"Gold Stone HVAC\/R\" \/>\n<meta property=\"article:modified_time\" content=\"2024-01-19T07:00:57+00:00\" \/>\n<meta property=\"og:image\" content=\"https:\/\/goldstonehvacr.com\/wp-content\/uploads\/2024\/01\/Al-Tube-Heater.png\" \/>\n\t<meta property=\"og:image:width\" content=\"492\" \/>\n\t<meta property=\"og:image:height\" content=\"328\" \/>\n\t<meta property=\"og:image:type\" content=\"image\/png\" \/>\n<meta name=\"twitter:card\" content=\"summary_large_image\" \/>\n<!-- \/ Yoast SEO plugin. -->","yoast_head_json":{"title":"Calentadores de descongelaci\u00f3n - Gold Stone HVAC\/R","robots":{"index":"index","follow":"follow","max-snippet":"max-snippet:-1","max-image-preview":"max-image-preview:large","max-video-preview":"max-video-preview:-1"},"canonical":"https:\/\/goldstonehvacr.com\/es\/product\/defrost-heaters\/","og_locale":"es_ES","og_type":"article","og_title":"Defrost Heaters - Gold Stone HVAC\/R","og_description":"The safest and most reliable heating elements with the best value in the market today. This is facilitated by having a thorough understanding of the HVACR market. The stainless-steel outer sheathing helps prevent \u201csagging\u201d during installation, making the heater easier to install. Installers like the \u201canti-sagging\u201d feature as it saves installation time. cULus certified. Manufacturing plant is ISO 9001:2015 and 1401:2005 certified. Customization to any Original Equipment Manufacturers (OEM) demand.","og_url":"https:\/\/goldstonehvacr.com\/es\/product\/defrost-heaters\/","og_site_name":"Gold Stone HVAC\/R","article_modified_time":"2024-01-19T07:00:57+00:00","og_image":[{"width":492,"height":328,"url":"https:\/\/goldstonehvacr.com\/wp-content\/uploads\/2024\/01\/Al-Tube-Heater.png","type":"image\/png"}],"twitter_card":"summary_large_image","schema":{"@context":"https:\/\/schema.org","@graph":[{"@type":"WebPage","@id":"https:\/\/goldstonehvacr.com\/product\/defrost-heaters\/","url":"https:\/\/goldstonehvacr.com\/product\/defrost-heaters\/","name":"Calentadores de descongelaci\u00f3n - Gold Stone HVAC\/R","isPartOf":{"@id":"https:\/\/goldstonehvacr.com\/#website"},"primaryImageOfPage":{"@id":"https:\/\/goldstonehvacr.com\/product\/defrost-heaters\/#primaryimage"},"image":{"@id":"https:\/\/goldstonehvacr.com\/product\/defrost-heaters\/#primaryimage"},"thumbnailUrl":"https:\/\/goldstonehvacr.com\/wp-content\/uploads\/2024\/01\/Al-Tube-Heater.png","datePublished":"2024-01-16T15:46:13+00:00","dateModified":"2024-01-19T07:00:57+00:00","breadcrumb":{"@id":"https:\/\/goldstonehvacr.com\/product\/defrost-heaters\/#breadcrumb"},"inLanguage":"es-PE","potentialAction":[{"@type":"ReadAction","target":["https:\/\/goldstonehvacr.com\/product\/defrost-heaters\/"]}]},{"@type":"ImageObject","inLanguage":"es-PE","@id":"https:\/\/goldstonehvacr.com\/product\/defrost-heaters\/#primaryimage","url":"https:\/\/goldstonehvacr.com\/wp-content\/uploads\/2024\/01\/Al-Tube-Heater.png","contentUrl":"https:\/\/goldstonehvacr.com\/wp-content\/uploads\/2024\/01\/Al-Tube-Heater.png","width":492,"height":328,"caption":"Defrost Heaters"},{"@type":"BreadcrumbList","@id":"https:\/\/goldstonehvacr.com\/product\/defrost-heaters\/#breadcrumb","itemListElement":[{"@type":"ListItem","position":1,"name":"Home","item":"https:\/\/goldstonehvacr.com\/"},{"@type":"ListItem","position":2,"name":"Shop","item":"https:\/\/goldstonehvacr.com\/shop\/"},{"@type":"ListItem","position":3,"name":"Defrost Heaters"}]},{"@type":"WebSite","@id":"https:\/\/goldstonehvacr.com\/#website","url":"https:\/\/goldstonehvacr.com\/","name":"Calefacci\u00f3n, ventilaci\u00f3n y aire acondicionado Gold Stone","description":"","publisher":{"@id":"https:\/\/goldstonehvacr.com\/#organization"},"potentialAction":[{"@type":"SearchAction","target":{"@type":"EntryPoint","urlTemplate":"https:\/\/goldstonehvacr.com\/?s={search_term_string}"},"query-input":{"@type":"PropertyValueSpecification","valueRequired":true,"valueName":"search_term_string"}}],"inLanguage":"es-PE"},{"@type":"Organization","@id":"https:\/\/goldstonehvacr.com\/#organization","name":"Sistema de climatizaci\u00f3n Goldstone","url":"https:\/\/goldstonehvacr.com\/","logo":{"@type":"ImageObject","inLanguage":"es-PE","@id":"https:\/\/goldstonehvacr.com\/#\/schema\/logo\/image\/","url":"https:\/\/goldstonehvacr.com\/wp-content\/uploads\/2019\/09\/gsi-logo.png","contentUrl":"https:\/\/goldstonehvacr.com\/wp-content\/uploads\/2019\/09\/gsi-logo.png","width":340,"height":159,"caption":"Goldstone HVAC"},"image":{"@id":"https:\/\/goldstonehvacr.com\/#\/schema\/logo\/image\/"}}]}},"jetpack_sharing_enabled":true,"_links":{"self":[{"href":"https:\/\/goldstonehvacr.com\/es\/wp-json\/wp\/v2\/product\/85352","targetHints":{"allow":["GET"]}}],"collection":[{"href":"https:\/\/goldstonehvacr.com\/es\/wp-json\/wp\/v2\/product"}],"about":[{"href":"https:\/\/goldstonehvacr.com\/es\/wp-json\/wp\/v2\/types\/product"}],"replies":[{"embeddable":true,"href":"https:\/\/goldstonehvacr.com\/es\/wp-json\/wp\/v2\/comments?post=85352"}],"wp:featuredmedia":[{"embeddable":true,"href":"https:\/\/goldstonehvacr.com\/es\/wp-json\/wp\/v2\/media\/85383"}],"wp:attachment":[{"href":"https:\/\/goldstonehvacr.com\/es\/wp-json\/wp\/v2\/media?parent=85352"}],"wp:term":[{"taxonomy":"product_brand","embeddable":true,"href":"https:\/\/goldstonehvacr.com\/es\/wp-json\/wp\/v2\/product_brand?post=85352"},{"taxonomy":"product_cat","embeddable":true,"href":"https:\/\/goldstonehvacr.com\/es\/wp-json\/wp\/v2\/product_cat?post=85352"},{"taxonomy":"product_tag","embeddable":true,"href":"https:\/\/goldstonehvacr.com\/es\/wp-json\/wp\/v2\/product_tag?post=85352"}],"curies":[{"name":"wp","href":"https:\/\/api.w.org\/{rel}","templated":true}]}}