{"id":84908,"date":"2023-06-29T08:23:46","date_gmt":"2023-06-29T08:23:46","guid":{"rendered":"https:\/\/goldstonehvacr.com\/?post_type=product&#038;p=84908"},"modified":"2024-01-19T14:39:25","modified_gmt":"2024-01-19T14:39:25","slug":"non-adjustable-equipment-stand-2024001","status":"publish","type":"product","link":"https:\/\/goldstonehvacr.com\/es\/product\/non-adjustable-equipment-stand-2024001\/","title":{"rendered":"Soporte para equipo no ajustable 2024001"},"content":{"rendered":"<p>Caracter\u00edsticas:<\/p>\n<ol>\n<li style=\"font-weight: 400;\">Acero de alta resistencia con dise\u00f1o mejorado en forma de &quot;U&quot;.<\/li>\n<li style=\"font-weight: 400;\">Protecci\u00f3n anticorrosi\u00f3n confiable y duradera.<\/li>\n<li style=\"font-weight: 400;\">La posici\u00f3n de montaje ajustable se adapta a una unidad exterior de hasta 5 toneladas.<\/li>\n<li style=\"font-weight: 400;\">Almohadillas de goma preinstaladas debajo de cada pie para reducir la vibraci\u00f3n.<\/li>\n<li style=\"font-weight: 400;\">Todo el hardware necesario est\u00e1 incluido.<\/li>\n<li style=\"font-weight: 400;\">Se incluyen almohadillas antivibraci\u00f3n de goma para el montaje entre la unidad condensadora y el soporte del equipo.<\/li>\n<li style=\"font-weight: 400;\">Todos los pernos necesarios durante el montaje del soporte est\u00e1n provistos de una arandela de nailon que evita que las estr\u00edas de la cabeza del perno corten la pintura y provoquen la formaci\u00f3n de \u00f3xido.<\/li>\n<\/ol>","protected":false},"excerpt":{"rendered":"<p>Caracter\u00edsticas: Acero de alta resistencia con dise\u00f1o mejorado en forma de &quot;U&quot;. Protecci\u00f3n anticorrosiva fiable y duradera. Posici\u00f3n de montaje ajustable compatible con unidades exteriores de hasta 5 toneladas. Almohadillas de goma preinstaladas debajo de cada pata para reducir la vibraci\u00f3n. Se incluye toda la torniller\u00eda necesaria. Se incluyen almohadillas antivibraci\u00f3n de goma para el montaje entre la unidad condensadora y el soporte del equipo. Todos los pernos necesarios para el montaje del soporte cuentan con una arandela de nailon que evita que las estr\u00edas de la cabeza del perno atraviesen la pintura y provoquen la formaci\u00f3n de \u00f3xido.<\/p>","protected":false},"featured_media":85325,"comment_status":"closed","ping_status":"closed","template":"","meta":{"content-type":""},"product_brand":[],"product_cat":[239,218,160],"product_tag":[],"class_list":{"0":"post-84908","1":"product","2":"type-product","3":"status-publish","4":"has-post-thumbnail","6":"product_cat-non-adjustable-equipment-stand-2024001","7":"product_cat-product","8":"product_cat-whosale","10":"first","11":"instock","12":"shipping-taxable","13":"product-type-simple"},"yoast_head":"<!-- This site is optimized with the Yoast SEO plugin v27.2 - https:\/\/yoast.com\/product\/yoast-seo-wordpress\/ -->\n<title>Non-Adjustable Equipment Stand 2024001 - Gold Stone HVAC\/R<\/title>\n<meta name=\"robots\" content=\"index, follow, max-snippet:-1, max-image-preview:large, max-video-preview:-1\" \/>\n<link rel=\"canonical\" href=\"https:\/\/goldstonehvacr.com\/es\/product\/non-adjustable-equipment-stand-2024001\/\" \/>\n<meta property=\"og:locale\" content=\"es_ES\" \/>\n<meta property=\"og:type\" content=\"article\" \/>\n<meta property=\"og:title\" content=\"Non-Adjustable Equipment Stand 2024001 - Gold Stone HVAC\/R\" \/>\n<meta property=\"og:description\" content=\"Features: Heavy duty steel with enhanced \u2018 u \u2018 shape design. Reliable &amp; long-lasting anti-corrosion protection. Adjustable mount position matches up to a 5-Ton outdoor unit. Pre-installed rubber pads under each foot to reduce vibration. All necessary hardware is included. Rubber anti-vibration pads are included for mounting between the condensing unit and the equipment stand. All bolts required during the stand assembly are provided with a nylon washer that prevents the bolt head serrations from cutting through the paint and causing rust to form.\" \/>\n<meta property=\"og:url\" content=\"https:\/\/goldstonehvacr.com\/es\/product\/non-adjustable-equipment-stand-2024001\/\" \/>\n<meta property=\"og:site_name\" content=\"Gold Stone HVAC\/R\" \/>\n<meta property=\"article:modified_time\" content=\"2024-01-19T14:39:25+00:00\" \/>\n<meta property=\"og:image\" content=\"https:\/\/goldstonehvacr.com\/wp-content\/uploads\/2023\/06\/non-adjustable-equipment-stand-2024001-4.jpg\" \/>\n\t<meta property=\"og:image:width\" content=\"554\" \/>\n\t<meta property=\"og:image:height\" content=\"456\" \/>\n\t<meta property=\"og:image:type\" content=\"image\/jpeg\" \/>\n<meta name=\"twitter:card\" content=\"summary_large_image\" \/>\n<!-- \/ Yoast SEO plugin. -->","yoast_head_json":{"title":"Soporte para equipo no ajustable 2024001 - Gold Stone HVAC\/R","robots":{"index":"index","follow":"follow","max-snippet":"max-snippet:-1","max-image-preview":"max-image-preview:large","max-video-preview":"max-video-preview:-1"},"canonical":"https:\/\/goldstonehvacr.com\/es\/product\/non-adjustable-equipment-stand-2024001\/","og_locale":"es_ES","og_type":"article","og_title":"Non-Adjustable Equipment Stand 2024001 - Gold Stone HVAC\/R","og_description":"Features: Heavy duty steel with enhanced \u2018 u \u2018 shape design. Reliable &amp; long-lasting anti-corrosion protection. Adjustable mount position matches up to a 5-Ton outdoor unit. Pre-installed rubber pads under each foot to reduce vibration. All necessary hardware is included. Rubber anti-vibration pads are included for mounting between the condensing unit and the equipment stand. All bolts required during the stand assembly are provided with a nylon washer that prevents the bolt head serrations from cutting through the paint and causing rust to form.","og_url":"https:\/\/goldstonehvacr.com\/es\/product\/non-adjustable-equipment-stand-2024001\/","og_site_name":"Gold Stone HVAC\/R","article_modified_time":"2024-01-19T14:39:25+00:00","og_image":[{"width":554,"height":456,"url":"https:\/\/goldstonehvacr.com\/wp-content\/uploads\/2023\/06\/non-adjustable-equipment-stand-2024001-4.jpg","type":"image\/jpeg"}],"twitter_card":"summary_large_image","schema":{"@context":"https:\/\/schema.org","@graph":[{"@type":"WebPage","@id":"https:\/\/goldstonehvacr.com\/product\/non-adjustable-equipment-stand-2024001\/","url":"https:\/\/goldstonehvacr.com\/product\/non-adjustable-equipment-stand-2024001\/","name":"Soporte para equipo no ajustable 2024001 - Gold Stone HVAC\/R","isPartOf":{"@id":"https:\/\/goldstonehvacr.com\/#website"},"primaryImageOfPage":{"@id":"https:\/\/goldstonehvacr.com\/product\/non-adjustable-equipment-stand-2024001\/#primaryimage"},"image":{"@id":"https:\/\/goldstonehvacr.com\/product\/non-adjustable-equipment-stand-2024001\/#primaryimage"},"thumbnailUrl":"https:\/\/goldstonehvacr.com\/wp-content\/uploads\/2023\/06\/non-adjustable-equipment-stand-2024001-4.jpg","datePublished":"2023-06-29T08:23:46+00:00","dateModified":"2024-01-19T14:39:25+00:00","breadcrumb":{"@id":"https:\/\/goldstonehvacr.com\/product\/non-adjustable-equipment-stand-2024001\/#breadcrumb"},"inLanguage":"es-PE","potentialAction":[{"@type":"ReadAction","target":["https:\/\/goldstonehvacr.com\/product\/non-adjustable-equipment-stand-2024001\/"]}]},{"@type":"ImageObject","inLanguage":"es-PE","@id":"https:\/\/goldstonehvacr.com\/product\/non-adjustable-equipment-stand-2024001\/#primaryimage","url":"https:\/\/goldstonehvacr.com\/wp-content\/uploads\/2023\/06\/non-adjustable-equipment-stand-2024001-4.jpg","contentUrl":"https:\/\/goldstonehvacr.com\/wp-content\/uploads\/2023\/06\/non-adjustable-equipment-stand-2024001-4.jpg","width":554,"height":456},{"@type":"BreadcrumbList","@id":"https:\/\/goldstonehvacr.com\/product\/non-adjustable-equipment-stand-2024001\/#breadcrumb","itemListElement":[{"@type":"ListItem","position":1,"name":"Home","item":"https:\/\/goldstonehvacr.com\/"},{"@type":"ListItem","position":2,"name":"Shop","item":"https:\/\/goldstonehvacr.com\/shop\/"},{"@type":"ListItem","position":3,"name":"Non-Adjustable Equipment Stand 2024001"}]},{"@type":"WebSite","@id":"https:\/\/goldstonehvacr.com\/#website","url":"https:\/\/goldstonehvacr.com\/","name":"Calefacci\u00f3n, ventilaci\u00f3n y aire acondicionado Gold Stone","description":"","publisher":{"@id":"https:\/\/goldstonehvacr.com\/#organization"},"potentialAction":[{"@type":"SearchAction","target":{"@type":"EntryPoint","urlTemplate":"https:\/\/goldstonehvacr.com\/?s={search_term_string}"},"query-input":{"@type":"PropertyValueSpecification","valueRequired":true,"valueName":"search_term_string"}}],"inLanguage":"es-PE"},{"@type":"Organization","@id":"https:\/\/goldstonehvacr.com\/#organization","name":"Sistema de climatizaci\u00f3n Goldstone","url":"https:\/\/goldstonehvacr.com\/","logo":{"@type":"ImageObject","inLanguage":"es-PE","@id":"https:\/\/goldstonehvacr.com\/#\/schema\/logo\/image\/","url":"https:\/\/goldstonehvacr.com\/wp-content\/uploads\/2019\/09\/gsi-logo.png","contentUrl":"https:\/\/goldstonehvacr.com\/wp-content\/uploads\/2019\/09\/gsi-logo.png","width":340,"height":159,"caption":"Goldstone HVAC"},"image":{"@id":"https:\/\/goldstonehvacr.com\/#\/schema\/logo\/image\/"}}]}},"jetpack_sharing_enabled":true,"_links":{"self":[{"href":"https:\/\/goldstonehvacr.com\/es\/wp-json\/wp\/v2\/product\/84908","targetHints":{"allow":["GET"]}}],"collection":[{"href":"https:\/\/goldstonehvacr.com\/es\/wp-json\/wp\/v2\/product"}],"about":[{"href":"https:\/\/goldstonehvacr.com\/es\/wp-json\/wp\/v2\/types\/product"}],"replies":[{"embeddable":true,"href":"https:\/\/goldstonehvacr.com\/es\/wp-json\/wp\/v2\/comments?post=84908"}],"wp:featuredmedia":[{"embeddable":true,"href":"https:\/\/goldstonehvacr.com\/es\/wp-json\/wp\/v2\/media\/85325"}],"wp:attachment":[{"href":"https:\/\/goldstonehvacr.com\/es\/wp-json\/wp\/v2\/media?parent=84908"}],"wp:term":[{"taxonomy":"product_brand","embeddable":true,"href":"https:\/\/goldstonehvacr.com\/es\/wp-json\/wp\/v2\/product_brand?post=84908"},{"taxonomy":"product_cat","embeddable":true,"href":"https:\/\/goldstonehvacr.com\/es\/wp-json\/wp\/v2\/product_cat?post=84908"},{"taxonomy":"product_tag","embeddable":true,"href":"https:\/\/goldstonehvacr.com\/es\/wp-json\/wp\/v2\/product_tag?post=84908"}],"curies":[{"name":"wp","href":"https:\/\/api.w.org\/{rel}","templated":true}]}}