{"id":84853,"date":"2023-06-15T07:21:32","date_gmt":"2023-06-15T07:21:32","guid":{"rendered":"https:\/\/goldstonehvacr.com\/?post_type=product&#038;p=84853"},"modified":"2023-06-15T07:57:29","modified_gmt":"2023-06-15T07:57:29","slug":"nozzle-distributor","status":"publish","type":"product","link":"https:\/\/goldstonehvacr.com\/es\/product\/nozzle-distributor\/","title":{"rendered":"Distribuidor de boquillas"},"content":{"rendered":"<p>El distribuidor de boquillas mezcla la mezcla bif\u00e1sica gas-l\u00edquido a trav\u00e9s de un peque\u00f1o orificio de mutaci\u00f3n, lo que permite que el refrigerante se mezcle uniformemente antes de entrar en el orificio de distribuci\u00f3n, garantizando una distribuci\u00f3n uniforme. Se adapta a distribuidores con diferente n\u00famero de orificios, refrigerantes y requisitos de carga, reemplazando boquillas con orificios de diferentes di\u00e1metros internos.<\/p>\n<p><img decoding=\"async\" class=\"alignnone  wp-image-84856\" src=\"https:\/\/goldstonehvacr.com\/wp-content\/uploads\/2023\/06\/Nozzle-Distributor2-300x258.jpg\" alt=\"\" width=\"504\" height=\"433\" srcset=\"https:\/\/goldstonehvacr.com\/wp-content\/uploads\/2023\/06\/Nozzle-Distributor2-200x172.jpg 200w, https:\/\/goldstonehvacr.com\/wp-content\/uploads\/2023\/06\/Nozzle-Distributor2-300x258.jpg 300w, https:\/\/goldstonehvacr.com\/wp-content\/uploads\/2023\/06\/Nozzle-Distributor2-400x344.jpg 400w, https:\/\/goldstonehvacr.com\/wp-content\/uploads\/2023\/06\/Nozzle-Distributor2-500x430.jpg 500w, https:\/\/goldstonehvacr.com\/wp-content\/uploads\/2023\/06\/Nozzle-Distributor2-600x516.jpg 600w, https:\/\/goldstonehvacr.com\/wp-content\/uploads\/2023\/06\/Nozzle-Distributor2-700x602.jpg 700w, https:\/\/goldstonehvacr.com\/wp-content\/uploads\/2023\/06\/Nozzle-Distributor2-768x660.jpg 768w, https:\/\/goldstonehvacr.com\/wp-content\/uploads\/2023\/06\/Nozzle-Distributor2-800x688.jpg 800w, https:\/\/goldstonehvacr.com\/wp-content\/uploads\/2023\/06\/Nozzle-Distributor2-1024x880.jpg 1024w, https:\/\/goldstonehvacr.com\/wp-content\/uploads\/2023\/06\/Nozzle-Distributor2.jpg 1047w\" sizes=\"(max-width: 504px) 100vw, 504px\" \/><\/p>","protected":false},"excerpt":{"rendered":"<p>El distribuidor de boquillas mezcla la mezcla bif\u00e1sica gas-l\u00edquido a trav\u00e9s de un peque\u00f1o orificio de mutaci\u00f3n, lo que permite que el refrigerante se mezcle uniformemente antes de entrar en el orificio de distribuci\u00f3n, garantizando una distribuci\u00f3n uniforme. Se adapta a distribuidores con diferente n\u00famero de orificios, refrigerantes y requisitos de carga, reemplazando boquillas con orificios de diferentes di\u00e1metros internos.<\/p>","protected":false},"featured_media":84857,"comment_status":"open","ping_status":"closed","template":"","meta":{"content-type":""},"product_brand":[],"product_cat":[144,159],"product_tag":[],"class_list":{"0":"post-84853","1":"product","2":"type-product","3":"status-publish","4":"has-post-thumbnail","6":"product_cat-flow-distributors","7":"product_cat-oem","9":"first","10":"instock","11":"shipping-taxable","12":"product-type-simple"},"yoast_head":"<!-- This site is optimized with the Yoast SEO plugin v27.2 - https:\/\/yoast.com\/product\/yoast-seo-wordpress\/ -->\n<title>Nozzle Distributor - Gold Stone HVAC\/R<\/title>\n<meta name=\"description\" content=\"The nozzle distributor mixes the gas-liquid two-phase mixture through a small mutation hole, which makes the refrigerant gas and liquid mix evenly before entering the small distribution hole, so that the distribution is uniform. It adapts to distributors with different numbers of holes, different refrigerants and different load requirements by replacing nozzles with different small hole inner diameters.\" \/>\n<meta name=\"robots\" content=\"index, follow, max-snippet:-1, max-image-preview:large, max-video-preview:-1\" \/>\n<link rel=\"canonical\" href=\"https:\/\/goldstonehvacr.com\/es\/product\/nozzle-distributor\/\" \/>\n<meta property=\"og:locale\" content=\"es_ES\" \/>\n<meta property=\"og:type\" content=\"article\" \/>\n<meta property=\"og:title\" content=\"Nozzle Distributor - Gold Stone HVAC\/R\" \/>\n<meta property=\"og:description\" content=\"The nozzle distributor mixes the gas-liquid two-phase mixture through a small mutation hole, which makes the refrigerant gas and liquid mix evenly before entering the small distribution hole, so that the distribution is uniform. It adapts to distributors with different numbers of holes, different refrigerants and different load requirements by replacing nozzles with different small hole inner diameters.\" \/>\n<meta property=\"og:url\" content=\"https:\/\/goldstonehvacr.com\/es\/product\/nozzle-distributor\/\" \/>\n<meta property=\"og:site_name\" content=\"Gold Stone HVAC\/R\" \/>\n<meta property=\"article:modified_time\" content=\"2023-06-15T07:57:29+00:00\" \/>\n<meta property=\"og:image\" content=\"https:\/\/goldstonehvacr.com\/wp-content\/uploads\/2023\/06\/1-6.png\" \/>\n\t<meta property=\"og:image:width\" content=\"240\" \/>\n\t<meta property=\"og:image:height\" content=\"281\" \/>\n\t<meta property=\"og:image:type\" content=\"image\/png\" \/>\n<meta name=\"twitter:card\" content=\"summary_large_image\" \/>\n<!-- \/ Yoast SEO plugin. -->","yoast_head_json":{"title":"Nozzle Distributor - Gold Stone HVAC\/R","description":"El distribuidor de boquillas mezcla la mezcla bif\u00e1sica gas-l\u00edquido a trav\u00e9s de un peque\u00f1o orificio de mutaci\u00f3n, lo que permite que el refrigerante se mezcle uniformemente antes de entrar en el orificio de distribuci\u00f3n, garantizando una distribuci\u00f3n uniforme. Se adapta a distribuidores con diferente n\u00famero de orificios, refrigerantes y requisitos de carga, reemplazando boquillas con orificios de diferentes di\u00e1metros internos.","robots":{"index":"index","follow":"follow","max-snippet":"max-snippet:-1","max-image-preview":"max-image-preview:large","max-video-preview":"max-video-preview:-1"},"canonical":"https:\/\/goldstonehvacr.com\/es\/product\/nozzle-distributor\/","og_locale":"es_ES","og_type":"article","og_title":"Nozzle Distributor - Gold Stone HVAC\/R","og_description":"The nozzle distributor mixes the gas-liquid two-phase mixture through a small mutation hole, which makes the refrigerant gas and liquid mix evenly before entering the small distribution hole, so that the distribution is uniform. It adapts to distributors with different numbers of holes, different refrigerants and different load requirements by replacing nozzles with different small hole inner diameters.","og_url":"https:\/\/goldstonehvacr.com\/es\/product\/nozzle-distributor\/","og_site_name":"Gold Stone HVAC\/R","article_modified_time":"2023-06-15T07:57:29+00:00","og_image":[{"width":240,"height":281,"url":"https:\/\/goldstonehvacr.com\/wp-content\/uploads\/2023\/06\/1-6.png","type":"image\/png"}],"twitter_card":"summary_large_image","schema":{"@context":"https:\/\/schema.org","@graph":[{"@type":"WebPage","@id":"https:\/\/goldstonehvacr.com\/product\/nozzle-distributor\/","url":"https:\/\/goldstonehvacr.com\/product\/nozzle-distributor\/","name":"Nozzle Distributor - Gold Stone HVAC\/R","isPartOf":{"@id":"https:\/\/goldstonehvacr.com\/#website"},"primaryImageOfPage":{"@id":"https:\/\/goldstonehvacr.com\/product\/nozzle-distributor\/#primaryimage"},"image":{"@id":"https:\/\/goldstonehvacr.com\/product\/nozzle-distributor\/#primaryimage"},"thumbnailUrl":"https:\/\/goldstonehvacr.com\/wp-content\/uploads\/2023\/06\/1-6.png","datePublished":"2023-06-15T07:21:32+00:00","dateModified":"2023-06-15T07:57:29+00:00","description":"El distribuidor de boquillas mezcla la mezcla bif\u00e1sica gas-l\u00edquido a trav\u00e9s de un peque\u00f1o orificio de mutaci\u00f3n, lo que permite que el refrigerante se mezcle uniformemente antes de entrar en el orificio de distribuci\u00f3n, garantizando una distribuci\u00f3n uniforme. Se adapta a distribuidores con diferente n\u00famero de orificios, refrigerantes y requisitos de carga, reemplazando boquillas con orificios de diferentes di\u00e1metros internos.","breadcrumb":{"@id":"https:\/\/goldstonehvacr.com\/product\/nozzle-distributor\/#breadcrumb"},"inLanguage":"es-PE","potentialAction":[{"@type":"ReadAction","target":["https:\/\/goldstonehvacr.com\/product\/nozzle-distributor\/"]}]},{"@type":"ImageObject","inLanguage":"es-PE","@id":"https:\/\/goldstonehvacr.com\/product\/nozzle-distributor\/#primaryimage","url":"https:\/\/goldstonehvacr.com\/wp-content\/uploads\/2023\/06\/1-6.png","contentUrl":"https:\/\/goldstonehvacr.com\/wp-content\/uploads\/2023\/06\/1-6.png","width":240,"height":281},{"@type":"BreadcrumbList","@id":"https:\/\/goldstonehvacr.com\/product\/nozzle-distributor\/#breadcrumb","itemListElement":[{"@type":"ListItem","position":1,"name":"Home","item":"https:\/\/goldstonehvacr.com\/"},{"@type":"ListItem","position":2,"name":"Shop","item":"https:\/\/goldstonehvacr.com\/shop\/"},{"@type":"ListItem","position":3,"name":"Nozzle Distributor"}]},{"@type":"WebSite","@id":"https:\/\/goldstonehvacr.com\/#website","url":"https:\/\/goldstonehvacr.com\/","name":"Calefacci\u00f3n, ventilaci\u00f3n y aire acondicionado Gold Stone","description":"","publisher":{"@id":"https:\/\/goldstonehvacr.com\/#organization"},"potentialAction":[{"@type":"SearchAction","target":{"@type":"EntryPoint","urlTemplate":"https:\/\/goldstonehvacr.com\/?s={search_term_string}"},"query-input":{"@type":"PropertyValueSpecification","valueRequired":true,"valueName":"search_term_string"}}],"inLanguage":"es-PE"},{"@type":"Organization","@id":"https:\/\/goldstonehvacr.com\/#organization","name":"Sistema de climatizaci\u00f3n Goldstone","url":"https:\/\/goldstonehvacr.com\/","logo":{"@type":"ImageObject","inLanguage":"es-PE","@id":"https:\/\/goldstonehvacr.com\/#\/schema\/logo\/image\/","url":"https:\/\/goldstonehvacr.com\/wp-content\/uploads\/2019\/09\/gsi-logo.png","contentUrl":"https:\/\/goldstonehvacr.com\/wp-content\/uploads\/2019\/09\/gsi-logo.png","width":340,"height":159,"caption":"Goldstone HVAC"},"image":{"@id":"https:\/\/goldstonehvacr.com\/#\/schema\/logo\/image\/"}}]}},"jetpack_sharing_enabled":true,"_links":{"self":[{"href":"https:\/\/goldstonehvacr.com\/es\/wp-json\/wp\/v2\/product\/84853","targetHints":{"allow":["GET"]}}],"collection":[{"href":"https:\/\/goldstonehvacr.com\/es\/wp-json\/wp\/v2\/product"}],"about":[{"href":"https:\/\/goldstonehvacr.com\/es\/wp-json\/wp\/v2\/types\/product"}],"replies":[{"embeddable":true,"href":"https:\/\/goldstonehvacr.com\/es\/wp-json\/wp\/v2\/comments?post=84853"}],"wp:featuredmedia":[{"embeddable":true,"href":"https:\/\/goldstonehvacr.com\/es\/wp-json\/wp\/v2\/media\/84857"}],"wp:attachment":[{"href":"https:\/\/goldstonehvacr.com\/es\/wp-json\/wp\/v2\/media?parent=84853"}],"wp:term":[{"taxonomy":"product_brand","embeddable":true,"href":"https:\/\/goldstonehvacr.com\/es\/wp-json\/wp\/v2\/product_brand?post=84853"},{"taxonomy":"product_cat","embeddable":true,"href":"https:\/\/goldstonehvacr.com\/es\/wp-json\/wp\/v2\/product_cat?post=84853"},{"taxonomy":"product_tag","embeddable":true,"href":"https:\/\/goldstonehvacr.com\/es\/wp-json\/wp\/v2\/product_tag?post=84853"}],"curies":[{"name":"wp","href":"https:\/\/api.w.org\/{rel}","templated":true}]}}