{"id":84848,"date":"2023-06-15T06:24:18","date_gmt":"2023-06-15T06:24:18","guid":{"rendered":"https:\/\/goldstonehvacr.com\/?post_type=product&#038;p=84848"},"modified":"2023-06-15T06:41:30","modified_gmt":"2023-06-15T06:41:30","slug":"distributor-with-thread-at-the-inlet-end","status":"publish","type":"product","link":"https:\/\/goldstonehvacr.com\/es\/product\/distributor-with-thread-at-the-inlet-end\/","title":{"rendered":"Distribuidor con rosca en el extremo de entrada"},"content":{"rendered":"<p>El extremo de entrada de este distribuidor es roscado. Permite conectar la v\u00e1lvula de expansi\u00f3n t\u00e9rmica (TXV), la v\u00e1lvula de expansi\u00f3n electr\u00f3nica (EXV) u otros componentes.<\/p>\n<p><strong>Caracter\u00edsticas y ventajas<\/strong><\/p>\n<ol>\n<li>Bajo costo: La ventaja de un solo distribuidor no es evidente. Sin embargo, la reducci\u00f3n en los costos de soldadura, mano de obra y gesti\u00f3n durante todo el proceso de conexi\u00f3n del aire acondicionado es inconmensurable.<\/li>\n<li>Para una serie completa de distribuidores, el n\u00famero de orificios y las especificaciones del capilar conectado satisfacen los requisitos del cliente;<\/li>\n<li>Sin soldadura cuando se conecta con TXV o EXV;<\/li>\n<li>Sello de conexi\u00f3n de metal o sello de tefl\u00f3n (politetrafluoroetileno);<\/li>\n<li>El conector de entrada se puede dise\u00f1ar seg\u00fan sus necesidades;<\/li>\n<li>La conexi\u00f3n roscada reduce la dificultad de la soldadura. El material puede ser cobre o aluminio.<\/li>\n<\/ol>\n<p><strong>N\u00famero de orificios de distribuci\u00f3n:<\/strong><\/p>\n<p>2-20 hoyos<\/p>\n<p><strong>Especificaci\u00f3n de la rosca de entrada:<\/strong><\/p>\n<p>5\/8-20UNF, 3\/4-20UNF. Tambi\u00e9n podemos dise\u00f1ar otras especificaciones de rosca seg\u00fan sus necesidades.<\/p>","protected":false},"excerpt":{"rendered":"<p>El extremo de entrada de este distribuidor es roscado. Permite conectar la v\u00e1lvula de expansi\u00f3n t\u00e9rmica (TXV), la v\u00e1lvula de expansi\u00f3n electr\u00f3nica (EXV) u otros componentes.<\/p>","protected":false},"featured_media":84849,"comment_status":"open","ping_status":"closed","template":"","meta":{"content-type":""},"product_brand":[],"product_cat":[144,159],"product_tag":[],"class_list":{"0":"post-84848","1":"product","2":"type-product","3":"status-publish","4":"has-post-thumbnail","6":"product_cat-flow-distributors","7":"product_cat-oem","9":"first","10":"instock","11":"shipping-taxable","12":"product-type-simple"},"yoast_head":"<!-- This site is optimized with the Yoast SEO plugin v27.2 - https:\/\/yoast.com\/product\/yoast-seo-wordpress\/ -->\n<title>Distributor with Thread at the Inlet End - Gold Stone HVAC\/R<\/title>\n<meta name=\"description\" content=\"The inlet end of this distributor is threaded. It is threaded to connect the thermal expansion valve (TXV), electronic expansion valve (EXV) or other components.\" \/>\n<meta name=\"robots\" content=\"index, follow, max-snippet:-1, max-image-preview:large, max-video-preview:-1\" \/>\n<link rel=\"canonical\" href=\"https:\/\/goldstonehvacr.com\/es\/product\/distributor-with-thread-at-the-inlet-end\/\" \/>\n<meta property=\"og:locale\" content=\"es_ES\" \/>\n<meta property=\"og:type\" content=\"article\" \/>\n<meta property=\"og:title\" content=\"Distributor with Thread at the Inlet End - Gold Stone HVAC\/R\" \/>\n<meta property=\"og:description\" content=\"The inlet end of this distributor is threaded. It is threaded to connect the thermal expansion valve (TXV), electronic expansion valve (EXV) or other components.\" \/>\n<meta property=\"og:url\" content=\"https:\/\/goldstonehvacr.com\/es\/product\/distributor-with-thread-at-the-inlet-end\/\" \/>\n<meta property=\"og:site_name\" content=\"Gold Stone HVAC\/R\" \/>\n<meta property=\"article:modified_time\" content=\"2023-06-15T06:41:30+00:00\" \/>\n<meta property=\"og:image\" content=\"https:\/\/goldstonehvacr.com\/wp-content\/uploads\/2023\/06\/1-5.png\" \/>\n\t<meta property=\"og:image:width\" content=\"300\" \/>\n\t<meta property=\"og:image:height\" content=\"257\" \/>\n\t<meta property=\"og:image:type\" content=\"image\/png\" \/>\n<meta name=\"twitter:card\" content=\"summary_large_image\" \/>\n<meta name=\"twitter:label1\" content=\"Est. reading time\" \/>\n\t<meta name=\"twitter:data1\" content=\"1 minuto\" \/>\n<!-- \/ Yoast SEO plugin. -->","yoast_head_json":{"title":"Distributor with Thread at the Inlet End - Gold Stone HVAC\/R","description":"El extremo de entrada de este distribuidor es roscado. Permite conectar la v\u00e1lvula de expansi\u00f3n t\u00e9rmica (TXV), la v\u00e1lvula de expansi\u00f3n electr\u00f3nica (EXV) u otros componentes.","robots":{"index":"index","follow":"follow","max-snippet":"max-snippet:-1","max-image-preview":"max-image-preview:large","max-video-preview":"max-video-preview:-1"},"canonical":"https:\/\/goldstonehvacr.com\/es\/product\/distributor-with-thread-at-the-inlet-end\/","og_locale":"es_ES","og_type":"article","og_title":"Distributor with Thread at the Inlet End - Gold Stone HVAC\/R","og_description":"The inlet end of this distributor is threaded. It is threaded to connect the thermal expansion valve (TXV), electronic expansion valve (EXV) or other components.","og_url":"https:\/\/goldstonehvacr.com\/es\/product\/distributor-with-thread-at-the-inlet-end\/","og_site_name":"Gold Stone HVAC\/R","article_modified_time":"2023-06-15T06:41:30+00:00","og_image":[{"width":300,"height":257,"url":"https:\/\/goldstonehvacr.com\/wp-content\/uploads\/2023\/06\/1-5.png","type":"image\/png"}],"twitter_card":"summary_large_image","twitter_misc":{"Est. reading time":"1 minuto"},"schema":{"@context":"https:\/\/schema.org","@graph":[{"@type":"WebPage","@id":"https:\/\/goldstonehvacr.com\/product\/distributor-with-thread-at-the-inlet-end\/","url":"https:\/\/goldstonehvacr.com\/product\/distributor-with-thread-at-the-inlet-end\/","name":"Distributor with Thread at the Inlet End - Gold Stone HVAC\/R","isPartOf":{"@id":"https:\/\/goldstonehvacr.com\/#website"},"primaryImageOfPage":{"@id":"https:\/\/goldstonehvacr.com\/product\/distributor-with-thread-at-the-inlet-end\/#primaryimage"},"image":{"@id":"https:\/\/goldstonehvacr.com\/product\/distributor-with-thread-at-the-inlet-end\/#primaryimage"},"thumbnailUrl":"https:\/\/goldstonehvacr.com\/wp-content\/uploads\/2023\/06\/1-5.png","datePublished":"2023-06-15T06:24:18+00:00","dateModified":"2023-06-15T06:41:30+00:00","description":"El extremo de entrada de este distribuidor es roscado. Permite conectar la v\u00e1lvula de expansi\u00f3n t\u00e9rmica (TXV), la v\u00e1lvula de expansi\u00f3n electr\u00f3nica (EXV) u otros componentes.","breadcrumb":{"@id":"https:\/\/goldstonehvacr.com\/product\/distributor-with-thread-at-the-inlet-end\/#breadcrumb"},"inLanguage":"es-PE","potentialAction":[{"@type":"ReadAction","target":["https:\/\/goldstonehvacr.com\/product\/distributor-with-thread-at-the-inlet-end\/"]}]},{"@type":"ImageObject","inLanguage":"es-PE","@id":"https:\/\/goldstonehvacr.com\/product\/distributor-with-thread-at-the-inlet-end\/#primaryimage","url":"https:\/\/goldstonehvacr.com\/wp-content\/uploads\/2023\/06\/1-5.png","contentUrl":"https:\/\/goldstonehvacr.com\/wp-content\/uploads\/2023\/06\/1-5.png","width":300,"height":257},{"@type":"BreadcrumbList","@id":"https:\/\/goldstonehvacr.com\/product\/distributor-with-thread-at-the-inlet-end\/#breadcrumb","itemListElement":[{"@type":"ListItem","position":1,"name":"Home","item":"https:\/\/goldstonehvacr.com\/"},{"@type":"ListItem","position":2,"name":"Shop","item":"https:\/\/goldstonehvacr.com\/shop\/"},{"@type":"ListItem","position":3,"name":"Distributor with Thread at the Inlet End"}]},{"@type":"WebSite","@id":"https:\/\/goldstonehvacr.com\/#website","url":"https:\/\/goldstonehvacr.com\/","name":"Calefacci\u00f3n, ventilaci\u00f3n y aire acondicionado Gold Stone","description":"","publisher":{"@id":"https:\/\/goldstonehvacr.com\/#organization"},"potentialAction":[{"@type":"SearchAction","target":{"@type":"EntryPoint","urlTemplate":"https:\/\/goldstonehvacr.com\/?s={search_term_string}"},"query-input":{"@type":"PropertyValueSpecification","valueRequired":true,"valueName":"search_term_string"}}],"inLanguage":"es-PE"},{"@type":"Organization","@id":"https:\/\/goldstonehvacr.com\/#organization","name":"Sistema de climatizaci\u00f3n Goldstone","url":"https:\/\/goldstonehvacr.com\/","logo":{"@type":"ImageObject","inLanguage":"es-PE","@id":"https:\/\/goldstonehvacr.com\/#\/schema\/logo\/image\/","url":"https:\/\/goldstonehvacr.com\/wp-content\/uploads\/2019\/09\/gsi-logo.png","contentUrl":"https:\/\/goldstonehvacr.com\/wp-content\/uploads\/2019\/09\/gsi-logo.png","width":340,"height":159,"caption":"Goldstone HVAC"},"image":{"@id":"https:\/\/goldstonehvacr.com\/#\/schema\/logo\/image\/"}}]}},"jetpack_sharing_enabled":true,"_links":{"self":[{"href":"https:\/\/goldstonehvacr.com\/es\/wp-json\/wp\/v2\/product\/84848","targetHints":{"allow":["GET"]}}],"collection":[{"href":"https:\/\/goldstonehvacr.com\/es\/wp-json\/wp\/v2\/product"}],"about":[{"href":"https:\/\/goldstonehvacr.com\/es\/wp-json\/wp\/v2\/types\/product"}],"replies":[{"embeddable":true,"href":"https:\/\/goldstonehvacr.com\/es\/wp-json\/wp\/v2\/comments?post=84848"}],"wp:featuredmedia":[{"embeddable":true,"href":"https:\/\/goldstonehvacr.com\/es\/wp-json\/wp\/v2\/media\/84849"}],"wp:attachment":[{"href":"https:\/\/goldstonehvacr.com\/es\/wp-json\/wp\/v2\/media?parent=84848"}],"wp:term":[{"taxonomy":"product_brand","embeddable":true,"href":"https:\/\/goldstonehvacr.com\/es\/wp-json\/wp\/v2\/product_brand?post=84848"},{"taxonomy":"product_cat","embeddable":true,"href":"https:\/\/goldstonehvacr.com\/es\/wp-json\/wp\/v2\/product_cat?post=84848"},{"taxonomy":"product_tag","embeddable":true,"href":"https:\/\/goldstonehvacr.com\/es\/wp-json\/wp\/v2\/product_tag?post=84848"}],"curies":[{"name":"wp","href":"https:\/\/api.w.org\/{rel}","templated":true}]}}