{"id":84803,"date":"2023-06-14T15:45:43","date_gmt":"2023-06-14T15:45:43","guid":{"rendered":"https:\/\/goldstonehvacr.com\/?post_type=product&#038;p=84803"},"modified":"2023-06-14T15:48:05","modified_gmt":"2023-06-14T15:48:05","slug":"motor-vibration-pad","status":"publish","type":"product","link":"https:\/\/goldstonehvacr.com\/es\/product\/motor-vibration-pad\/","title":{"rendered":"Almohadilla de vibraci\u00f3n del motor"},"content":{"rendered":"<ol>\n<li><strong>Materiales principales:<\/strong> Est\u00e1 hecho principalmente de caucho natural, caucho EPDM y otros cauchos sint\u00e9ticos mediante un proceso de moldeo por vulcanizaci\u00f3n.<\/li>\n<li><strong>Caracter\u00edsticas principales:<\/strong> Esta serie de productos tiene una excelente resistencia a la flexi\u00f3n en estado comprimido y tambi\u00e9n tiene una excelente resistencia al calor.<\/li>\n<li><strong>Funci\u00f3n principal:<\/strong> El producto reduce la tasa de transmisi\u00f3n de vibraciones a trav\u00e9s de la chapa cuando el motor vibra a trav\u00e9s de la conexi\u00f3n suave y, finalmente, reduce la vibraci\u00f3n y el ruido de toda la m\u00e1quina al mismo tiempo.<\/li>\n<\/ol>","protected":false},"excerpt":{"rendered":"<p>Se utiliza para la conexi\u00f3n flexible entre el motor y la placa de metal, reduciendo eficazmente la transmisi\u00f3n de vibraci\u00f3n y ruido del motor.<\/p>","protected":false},"featured_media":84807,"comment_status":"open","ping_status":"closed","template":"","meta":{"content-type":""},"product_brand":[],"product_cat":[238,159],"product_tag":[],"class_list":{"0":"post-84803","1":"product","2":"type-product","3":"status-publish","4":"has-post-thumbnail","6":"product_cat-ac-vibration-damping-and-sealing-solutions","7":"product_cat-oem","9":"first","10":"instock","11":"shipping-taxable","12":"product-type-simple"},"yoast_head":"<!-- This site is optimized with the Yoast SEO plugin v27.2 - https:\/\/yoast.com\/product\/yoast-seo-wordpress\/ -->\n<title>Motor Vibration Pad - Gold Stone HVAC\/R<\/title>\n<meta name=\"description\" content=\"It is used for the flexible connection between the motor and the metal plate, effectively reducing the transmission of motor vibration and noise.\" \/>\n<meta name=\"robots\" content=\"index, follow, max-snippet:-1, max-image-preview:large, max-video-preview:-1\" \/>\n<link rel=\"canonical\" href=\"https:\/\/goldstonehvacr.com\/es\/product\/motor-vibration-pad\/\" \/>\n<meta property=\"og:locale\" content=\"es_ES\" \/>\n<meta property=\"og:type\" content=\"article\" \/>\n<meta property=\"og:title\" content=\"Motor Vibration Pad - Gold Stone HVAC\/R\" \/>\n<meta property=\"og:description\" content=\"It is used for the flexible connection between the motor and the metal plate, effectively reducing the transmission of motor vibration and noise.\" \/>\n<meta property=\"og:url\" content=\"https:\/\/goldstonehvacr.com\/es\/product\/motor-vibration-pad\/\" \/>\n<meta property=\"og:site_name\" content=\"Gold Stone HVAC\/R\" \/>\n<meta property=\"article:modified_time\" content=\"2023-06-14T15:48:05+00:00\" \/>\n<meta property=\"og:image\" content=\"https:\/\/goldstonehvacr.com\/wp-content\/uploads\/2023\/06\/1-2.png\" \/>\n\t<meta property=\"og:image:width\" content=\"500\" \/>\n\t<meta property=\"og:image:height\" content=\"336\" \/>\n\t<meta property=\"og:image:type\" content=\"image\/png\" \/>\n<meta name=\"twitter:card\" content=\"summary_large_image\" \/>\n<!-- \/ Yoast SEO plugin. -->","yoast_head_json":{"title":"Almohadilla antivibratoria para motor - Gold Stone HVAC\/R","description":"Se utiliza para la conexi\u00f3n flexible entre el motor y la placa de metal, reduciendo eficazmente la transmisi\u00f3n de vibraci\u00f3n y ruido del motor.","robots":{"index":"index","follow":"follow","max-snippet":"max-snippet:-1","max-image-preview":"max-image-preview:large","max-video-preview":"max-video-preview:-1"},"canonical":"https:\/\/goldstonehvacr.com\/es\/product\/motor-vibration-pad\/","og_locale":"es_ES","og_type":"article","og_title":"Motor Vibration Pad - Gold Stone HVAC\/R","og_description":"It is used for the flexible connection between the motor and the metal plate, effectively reducing the transmission of motor vibration and noise.","og_url":"https:\/\/goldstonehvacr.com\/es\/product\/motor-vibration-pad\/","og_site_name":"Gold Stone HVAC\/R","article_modified_time":"2023-06-14T15:48:05+00:00","og_image":[{"width":500,"height":336,"url":"https:\/\/goldstonehvacr.com\/wp-content\/uploads\/2023\/06\/1-2.png","type":"image\/png"}],"twitter_card":"summary_large_image","schema":{"@context":"https:\/\/schema.org","@graph":[{"@type":"WebPage","@id":"https:\/\/goldstonehvacr.com\/product\/motor-vibration-pad\/","url":"https:\/\/goldstonehvacr.com\/product\/motor-vibration-pad\/","name":"Almohadilla antivibratoria para motor - Gold Stone HVAC\/R","isPartOf":{"@id":"https:\/\/goldstonehvacr.com\/#website"},"primaryImageOfPage":{"@id":"https:\/\/goldstonehvacr.com\/product\/motor-vibration-pad\/#primaryimage"},"image":{"@id":"https:\/\/goldstonehvacr.com\/product\/motor-vibration-pad\/#primaryimage"},"thumbnailUrl":"https:\/\/goldstonehvacr.com\/wp-content\/uploads\/2023\/06\/1-2.png","datePublished":"2023-06-14T15:45:43+00:00","dateModified":"2023-06-14T15:48:05+00:00","description":"Se utiliza para la conexi\u00f3n flexible entre el motor y la placa de metal, reduciendo eficazmente la transmisi\u00f3n de vibraci\u00f3n y ruido del motor.","breadcrumb":{"@id":"https:\/\/goldstonehvacr.com\/product\/motor-vibration-pad\/#breadcrumb"},"inLanguage":"es-PE","potentialAction":[{"@type":"ReadAction","target":["https:\/\/goldstonehvacr.com\/product\/motor-vibration-pad\/"]}]},{"@type":"ImageObject","inLanguage":"es-PE","@id":"https:\/\/goldstonehvacr.com\/product\/motor-vibration-pad\/#primaryimage","url":"https:\/\/goldstonehvacr.com\/wp-content\/uploads\/2023\/06\/1-2.png","contentUrl":"https:\/\/goldstonehvacr.com\/wp-content\/uploads\/2023\/06\/1-2.png","width":500,"height":336},{"@type":"BreadcrumbList","@id":"https:\/\/goldstonehvacr.com\/product\/motor-vibration-pad\/#breadcrumb","itemListElement":[{"@type":"ListItem","position":1,"name":"Home","item":"https:\/\/goldstonehvacr.com\/"},{"@type":"ListItem","position":2,"name":"Shop","item":"https:\/\/goldstonehvacr.com\/shop\/"},{"@type":"ListItem","position":3,"name":"Motor Vibration Pad"}]},{"@type":"WebSite","@id":"https:\/\/goldstonehvacr.com\/#website","url":"https:\/\/goldstonehvacr.com\/","name":"Calefacci\u00f3n, ventilaci\u00f3n y aire acondicionado Gold Stone","description":"","publisher":{"@id":"https:\/\/goldstonehvacr.com\/#organization"},"potentialAction":[{"@type":"SearchAction","target":{"@type":"EntryPoint","urlTemplate":"https:\/\/goldstonehvacr.com\/?s={search_term_string}"},"query-input":{"@type":"PropertyValueSpecification","valueRequired":true,"valueName":"search_term_string"}}],"inLanguage":"es-PE"},{"@type":"Organization","@id":"https:\/\/goldstonehvacr.com\/#organization","name":"Sistema de climatizaci\u00f3n Goldstone","url":"https:\/\/goldstonehvacr.com\/","logo":{"@type":"ImageObject","inLanguage":"es-PE","@id":"https:\/\/goldstonehvacr.com\/#\/schema\/logo\/image\/","url":"https:\/\/goldstonehvacr.com\/wp-content\/uploads\/2019\/09\/gsi-logo.png","contentUrl":"https:\/\/goldstonehvacr.com\/wp-content\/uploads\/2019\/09\/gsi-logo.png","width":340,"height":159,"caption":"Goldstone HVAC"},"image":{"@id":"https:\/\/goldstonehvacr.com\/#\/schema\/logo\/image\/"}}]}},"jetpack_sharing_enabled":true,"_links":{"self":[{"href":"https:\/\/goldstonehvacr.com\/es\/wp-json\/wp\/v2\/product\/84803","targetHints":{"allow":["GET"]}}],"collection":[{"href":"https:\/\/goldstonehvacr.com\/es\/wp-json\/wp\/v2\/product"}],"about":[{"href":"https:\/\/goldstonehvacr.com\/es\/wp-json\/wp\/v2\/types\/product"}],"replies":[{"embeddable":true,"href":"https:\/\/goldstonehvacr.com\/es\/wp-json\/wp\/v2\/comments?post=84803"}],"wp:featuredmedia":[{"embeddable":true,"href":"https:\/\/goldstonehvacr.com\/es\/wp-json\/wp\/v2\/media\/84807"}],"wp:attachment":[{"href":"https:\/\/goldstonehvacr.com\/es\/wp-json\/wp\/v2\/media?parent=84803"}],"wp:term":[{"taxonomy":"product_brand","embeddable":true,"href":"https:\/\/goldstonehvacr.com\/es\/wp-json\/wp\/v2\/product_brand?post=84803"},{"taxonomy":"product_cat","embeddable":true,"href":"https:\/\/goldstonehvacr.com\/es\/wp-json\/wp\/v2\/product_cat?post=84803"},{"taxonomy":"product_tag","embeddable":true,"href":"https:\/\/goldstonehvacr.com\/es\/wp-json\/wp\/v2\/product_tag?post=84803"}],"curies":[{"name":"wp","href":"https:\/\/api.w.org\/{rel}","templated":true}]}}