{"id":84787,"date":"2023-06-14T15:27:56","date_gmt":"2023-06-14T15:27:56","guid":{"rendered":"https:\/\/goldstonehvacr.com\/?post_type=product&#038;p=84787"},"modified":"2023-06-14T15:32:34","modified_gmt":"2023-06-14T15:32:34","slug":"copper-pipe-fixing-block","status":"publish","type":"product","link":"https:\/\/goldstonehvacr.com\/es\/product\/copper-pipe-fixing-block\/","title":{"rendered":"Bloque de fijaci\u00f3n de tuber\u00edas de cobre"},"content":{"rendered":"<ol>\n<li><strong>Material principal:<\/strong> Est\u00e1 hecho principalmente de caucho sint\u00e9tico como caucho de neopreno y caucho EPDM mediante un proceso de moldeo por vulcanizaci\u00f3n.<\/li>\n<li><strong>Caracter\u00edsticas principales:<\/strong> Esta serie de productos tiene una excelente resistencia al calor y a la intemperie.<\/li>\n<li><strong>Funci\u00f3n principal:<\/strong> Se utiliza para la reducci\u00f3n de vibraciones y la fijaci\u00f3n de la estructura de la tuber\u00eda de la unidad externa del aire acondicionado.<\/li>\n<\/ol>","protected":false},"excerpt":{"rendered":"<p>Se utiliza para reducir las vibraciones y fijar la estructura de la tuber\u00eda de la unidad externa del aire acondicionado. Al modificar la frecuencia natural de la tuber\u00eda, se evita que se rompa cuando el compresor del aire acondicionado est\u00e1 en funcionamiento.<\/p>","protected":false},"featured_media":84788,"comment_status":"open","ping_status":"closed","template":"","meta":{"content-type":""},"product_brand":[],"product_cat":[238,159],"product_tag":[],"class_list":{"0":"post-84787","1":"product","2":"type-product","3":"status-publish","4":"has-post-thumbnail","6":"product_cat-ac-vibration-damping-and-sealing-solutions","7":"product_cat-oem","9":"first","10":"instock","11":"shipping-taxable","12":"product-type-simple"},"yoast_head":"<!-- This site is optimized with the Yoast SEO plugin v27.2 - https:\/\/yoast.com\/product\/yoast-seo-wordpress\/ -->\n<title>Copper Pipe Fixing Block - Gold Stone HVAC\/R<\/title>\n<meta name=\"description\" content=\"It is used for vibration reduction and fixing of the pipeline structure of the external unit of the air conditioner. By changing the natural frequency of the pipeline structure, it can prevent the pipeline from breaking when the air conditioner compressor is running.\" \/>\n<meta name=\"robots\" content=\"index, follow, max-snippet:-1, max-image-preview:large, max-video-preview:-1\" \/>\n<link rel=\"canonical\" href=\"https:\/\/goldstonehvacr.com\/es\/product\/copper-pipe-fixing-block\/\" \/>\n<meta property=\"og:locale\" content=\"es_ES\" \/>\n<meta property=\"og:type\" content=\"article\" \/>\n<meta property=\"og:title\" content=\"Copper Pipe Fixing Block - Gold Stone HVAC\/R\" \/>\n<meta property=\"og:description\" content=\"It is used for vibration reduction and fixing of the pipeline structure of the external unit of the air conditioner. By changing the natural frequency of the pipeline structure, it can prevent the pipeline from breaking when the air conditioner compressor is running.\" \/>\n<meta property=\"og:url\" content=\"https:\/\/goldstonehvacr.com\/es\/product\/copper-pipe-fixing-block\/\" \/>\n<meta property=\"og:site_name\" content=\"Gold Stone HVAC\/R\" \/>\n<meta property=\"article:modified_time\" content=\"2023-06-14T15:32:34+00:00\" \/>\n<meta property=\"og:image\" content=\"https:\/\/goldstonehvacr.com\/wp-content\/uploads\/2023\/06\/1-3.jpg\" \/>\n\t<meta property=\"og:image:width\" content=\"500\" \/>\n\t<meta property=\"og:image:height\" content=\"333\" \/>\n\t<meta property=\"og:image:type\" content=\"image\/jpeg\" \/>\n<meta name=\"twitter:card\" content=\"summary_large_image\" \/>\n<!-- \/ Yoast SEO plugin. -->","yoast_head_json":{"title":"Bloque de fijaci\u00f3n de tuber\u00edas de cobre - Gold Stone HVAC\/R","description":"Se utiliza para reducir las vibraciones y fijar la estructura de la tuber\u00eda de la unidad externa del aire acondicionado. Al modificar la frecuencia natural de la tuber\u00eda, se evita que se rompa cuando el compresor del aire acondicionado est\u00e1 en funcionamiento.","robots":{"index":"index","follow":"follow","max-snippet":"max-snippet:-1","max-image-preview":"max-image-preview:large","max-video-preview":"max-video-preview:-1"},"canonical":"https:\/\/goldstonehvacr.com\/es\/product\/copper-pipe-fixing-block\/","og_locale":"es_ES","og_type":"article","og_title":"Copper Pipe Fixing Block - Gold Stone HVAC\/R","og_description":"It is used for vibration reduction and fixing of the pipeline structure of the external unit of the air conditioner. By changing the natural frequency of the pipeline structure, it can prevent the pipeline from breaking when the air conditioner compressor is running.","og_url":"https:\/\/goldstonehvacr.com\/es\/product\/copper-pipe-fixing-block\/","og_site_name":"Gold Stone HVAC\/R","article_modified_time":"2023-06-14T15:32:34+00:00","og_image":[{"width":500,"height":333,"url":"https:\/\/goldstonehvacr.com\/wp-content\/uploads\/2023\/06\/1-3.jpg","type":"image\/jpeg"}],"twitter_card":"summary_large_image","schema":{"@context":"https:\/\/schema.org","@graph":[{"@type":"WebPage","@id":"https:\/\/goldstonehvacr.com\/product\/copper-pipe-fixing-block\/","url":"https:\/\/goldstonehvacr.com\/product\/copper-pipe-fixing-block\/","name":"Bloque de fijaci\u00f3n de tuber\u00edas de cobre - Gold Stone HVAC\/R","isPartOf":{"@id":"https:\/\/goldstonehvacr.com\/#website"},"primaryImageOfPage":{"@id":"https:\/\/goldstonehvacr.com\/product\/copper-pipe-fixing-block\/#primaryimage"},"image":{"@id":"https:\/\/goldstonehvacr.com\/product\/copper-pipe-fixing-block\/#primaryimage"},"thumbnailUrl":"https:\/\/goldstonehvacr.com\/wp-content\/uploads\/2023\/06\/1-3.jpg","datePublished":"2023-06-14T15:27:56+00:00","dateModified":"2023-06-14T15:32:34+00:00","description":"Se utiliza para reducir las vibraciones y fijar la estructura de la tuber\u00eda de la unidad externa del aire acondicionado. Al modificar la frecuencia natural de la tuber\u00eda, se evita que se rompa cuando el compresor del aire acondicionado est\u00e1 en funcionamiento.","breadcrumb":{"@id":"https:\/\/goldstonehvacr.com\/product\/copper-pipe-fixing-block\/#breadcrumb"},"inLanguage":"es-PE","potentialAction":[{"@type":"ReadAction","target":["https:\/\/goldstonehvacr.com\/product\/copper-pipe-fixing-block\/"]}]},{"@type":"ImageObject","inLanguage":"es-PE","@id":"https:\/\/goldstonehvacr.com\/product\/copper-pipe-fixing-block\/#primaryimage","url":"https:\/\/goldstonehvacr.com\/wp-content\/uploads\/2023\/06\/1-3.jpg","contentUrl":"https:\/\/goldstonehvacr.com\/wp-content\/uploads\/2023\/06\/1-3.jpg","width":500,"height":333},{"@type":"BreadcrumbList","@id":"https:\/\/goldstonehvacr.com\/product\/copper-pipe-fixing-block\/#breadcrumb","itemListElement":[{"@type":"ListItem","position":1,"name":"Home","item":"https:\/\/goldstonehvacr.com\/"},{"@type":"ListItem","position":2,"name":"Shop","item":"https:\/\/goldstonehvacr.com\/shop\/"},{"@type":"ListItem","position":3,"name":"Copper Pipe Fixing Block"}]},{"@type":"WebSite","@id":"https:\/\/goldstonehvacr.com\/#website","url":"https:\/\/goldstonehvacr.com\/","name":"Calefacci\u00f3n, ventilaci\u00f3n y aire acondicionado Gold Stone","description":"","publisher":{"@id":"https:\/\/goldstonehvacr.com\/#organization"},"potentialAction":[{"@type":"SearchAction","target":{"@type":"EntryPoint","urlTemplate":"https:\/\/goldstonehvacr.com\/?s={search_term_string}"},"query-input":{"@type":"PropertyValueSpecification","valueRequired":true,"valueName":"search_term_string"}}],"inLanguage":"es-PE"},{"@type":"Organization","@id":"https:\/\/goldstonehvacr.com\/#organization","name":"Sistema de climatizaci\u00f3n Goldstone","url":"https:\/\/goldstonehvacr.com\/","logo":{"@type":"ImageObject","inLanguage":"es-PE","@id":"https:\/\/goldstonehvacr.com\/#\/schema\/logo\/image\/","url":"https:\/\/goldstonehvacr.com\/wp-content\/uploads\/2019\/09\/gsi-logo.png","contentUrl":"https:\/\/goldstonehvacr.com\/wp-content\/uploads\/2019\/09\/gsi-logo.png","width":340,"height":159,"caption":"Goldstone HVAC"},"image":{"@id":"https:\/\/goldstonehvacr.com\/#\/schema\/logo\/image\/"}}]}},"jetpack_sharing_enabled":true,"_links":{"self":[{"href":"https:\/\/goldstonehvacr.com\/es\/wp-json\/wp\/v2\/product\/84787","targetHints":{"allow":["GET"]}}],"collection":[{"href":"https:\/\/goldstonehvacr.com\/es\/wp-json\/wp\/v2\/product"}],"about":[{"href":"https:\/\/goldstonehvacr.com\/es\/wp-json\/wp\/v2\/types\/product"}],"replies":[{"embeddable":true,"href":"https:\/\/goldstonehvacr.com\/es\/wp-json\/wp\/v2\/comments?post=84787"}],"wp:featuredmedia":[{"embeddable":true,"href":"https:\/\/goldstonehvacr.com\/es\/wp-json\/wp\/v2\/media\/84788"}],"wp:attachment":[{"href":"https:\/\/goldstonehvacr.com\/es\/wp-json\/wp\/v2\/media?parent=84787"}],"wp:term":[{"taxonomy":"product_brand","embeddable":true,"href":"https:\/\/goldstonehvacr.com\/es\/wp-json\/wp\/v2\/product_brand?post=84787"},{"taxonomy":"product_cat","embeddable":true,"href":"https:\/\/goldstonehvacr.com\/es\/wp-json\/wp\/v2\/product_cat?post=84787"},{"taxonomy":"product_tag","embeddable":true,"href":"https:\/\/goldstonehvacr.com\/es\/wp-json\/wp\/v2\/product_tag?post=84787"}],"curies":[{"name":"wp","href":"https:\/\/api.w.org\/{rel}","templated":true}]}}