{"id":40482,"date":"2021-03-27T21:29:03","date_gmt":"2021-03-27T21:29:03","guid":{"rendered":"https:\/\/goldstonehvacr.com\/?post_type=product&#038;p=40482"},"modified":"2021-07-28T14:55:44","modified_gmt":"2021-07-28T14:55:44","slug":"black-rubber-dual-insulated-line-set","status":"publish","type":"product","link":"https:\/\/goldstonehvacr.com\/es\/product\/black-rubber-dual-insulated-line-set\/","title":{"rendered":"Juego de l\u00edneas de caucho negro con doble aislamiento"},"content":{"rendered":"<p><strong>Caracter\u00edsticas principales de las tuber\u00edas de cobre aislantes y los tubos de cobre aislantes<\/strong><\/p>\n<p>Con mejores piezas, creamos sistemas de refrigeraci\u00f3n superiores que reducen las aver\u00edas y mejoran el rendimiento. El proveedor de conjuntos de l\u00edneas para aplicaciones HVACR de Gold Stone HVACR Inc. lo hace posible al cumplir o superar los est\u00e1ndares de calidad para garantizar un rendimiento \u00f3ptimo con las siguientes caracter\u00edsticas:<\/p>\n<ul>\n<li>Tubo de cobre: C12200 DHP<\/li>\n<li>Aislamiento: Espuma de polietileno de celdas cerradas de baja densidad<\/li>\n<li>Temperatura de trabajo: cumple\/supera la norma ASTM C 1427-07<\/li>\n<li>Caracter\u00edsticas de combusti\u00f3n superficial: UL 94, m\u00e1xima calificaci\u00f3n en caracter\u00edsticas de combusti\u00f3n superficial: UL 723, \u00edndice de llama y propagaci\u00f3n inferior a 25 e \u00edndice de desarrollo de humo inferior a 50<\/li>\n<li>Cumple con la norma ASTM E84 para humo y fuego (25\/50)<\/li>\n<li>L\u00e1mina externa de LDPE retardante a los rayos UV, pintable, resistencia superior al desgarro, resistente a los rayos UV<\/li>\n<li>Marcado cada pie<\/li>\n<li>Extremos lisos engarzados o tapados disponibles<\/li>\n<\/ul>","protected":false},"excerpt":{"rendered":"<p>Las tuber\u00edas y tubos de cobre aislantes probados internamente de Gold Stone HVACR Inc. est\u00e1n dise\u00f1ados para que la instalaci\u00f3n sea simple y r\u00e1pida, ahorr\u00e1ndole tiempo y dinero en cada trabajo.<\/p>","protected":false},"featured_media":40648,"comment_status":"open","ping_status":"closed","template":"","meta":{"content-type":""},"product_brand":[],"product_cat":[227,234,160,172],"product_tag":[],"class_list":{"0":"post-40482","1":"product","2":"type-product","3":"status-publish","4":"has-post-thumbnail","6":"product_cat-dual-insulated-line-set","7":"product_cat-wholesale-promotion","8":"product_cat-whosale","9":"product_cat-line-set","11":"first","12":"instock","13":"featured","14":"shipping-taxable","15":"product-type-simple"},"yoast_head":"<!-- This site is optimized with the Yoast SEO plugin v27.2 - https:\/\/yoast.com\/product\/yoast-seo-wordpress\/ -->\n<title>Black Rubber Dual Insulated Line Set - Gold Stone HVAC\/R<\/title>\n<meta name=\"robots\" content=\"index, follow, max-snippet:-1, max-image-preview:large, max-video-preview:-1\" \/>\n<link rel=\"canonical\" href=\"https:\/\/goldstonehvacr.com\/es\/product\/black-rubber-dual-insulated-line-set\/\" \/>\n<meta property=\"og:locale\" content=\"es_ES\" \/>\n<meta property=\"og:type\" content=\"article\" \/>\n<meta property=\"og:title\" content=\"Black Rubber Dual Insulated Line Set - Gold Stone HVAC\/R\" \/>\n<meta property=\"og:description\" content=\"Gold Stone HVACR Inc.\u2019s in-house tested insulate copper pipe and tubing is designed to make installation simple and quick \u2013 saving you time and money on each job.\" \/>\n<meta property=\"og:url\" content=\"https:\/\/goldstonehvacr.com\/es\/product\/black-rubber-dual-insulated-line-set\/\" \/>\n<meta property=\"og:site_name\" content=\"Gold Stone HVAC\/R\" \/>\n<meta property=\"article:modified_time\" content=\"2021-07-28T14:55:44+00:00\" \/>\n<meta property=\"og:image\" content=\"https:\/\/goldstonehvacr.com\/wp-content\/uploads\/2021\/03\/Dual-Insulated-Line-Set-.jpg\" \/>\n\t<meta property=\"og:image:width\" content=\"422\" \/>\n\t<meta property=\"og:image:height\" content=\"281\" \/>\n\t<meta property=\"og:image:type\" content=\"image\/jpeg\" \/>\n<meta name=\"twitter:card\" content=\"summary_large_image\" \/>\n<meta name=\"twitter:label1\" content=\"Est. reading time\" \/>\n\t<meta name=\"twitter:data1\" content=\"1 minuto\" \/>\n<!-- \/ Yoast SEO plugin. -->","yoast_head_json":{"title":"Black Rubber Dual Insulated Line Set - Gold Stone HVAC\/R","robots":{"index":"index","follow":"follow","max-snippet":"max-snippet:-1","max-image-preview":"max-image-preview:large","max-video-preview":"max-video-preview:-1"},"canonical":"https:\/\/goldstonehvacr.com\/es\/product\/black-rubber-dual-insulated-line-set\/","og_locale":"es_ES","og_type":"article","og_title":"Black Rubber Dual Insulated Line Set - Gold Stone HVAC\/R","og_description":"Gold Stone HVACR Inc.\u2019s in-house tested insulate copper pipe and tubing is designed to make installation simple and quick \u2013 saving you time and money on each job.","og_url":"https:\/\/goldstonehvacr.com\/es\/product\/black-rubber-dual-insulated-line-set\/","og_site_name":"Gold Stone HVAC\/R","article_modified_time":"2021-07-28T14:55:44+00:00","og_image":[{"width":422,"height":281,"url":"https:\/\/goldstonehvacr.com\/wp-content\/uploads\/2021\/03\/Dual-Insulated-Line-Set-.jpg","type":"image\/jpeg"}],"twitter_card":"summary_large_image","twitter_misc":{"Est. reading time":"1 minuto"},"schema":{"@context":"https:\/\/schema.org","@graph":[{"@type":"WebPage","@id":"https:\/\/goldstonehvacr.com\/product\/black-rubber-dual-insulated-line-set\/","url":"https:\/\/goldstonehvacr.com\/product\/black-rubber-dual-insulated-line-set\/","name":"Black Rubber Dual Insulated Line Set - Gold Stone HVAC\/R","isPartOf":{"@id":"https:\/\/goldstonehvacr.com\/#website"},"primaryImageOfPage":{"@id":"https:\/\/goldstonehvacr.com\/product\/black-rubber-dual-insulated-line-set\/#primaryimage"},"image":{"@id":"https:\/\/goldstonehvacr.com\/product\/black-rubber-dual-insulated-line-set\/#primaryimage"},"thumbnailUrl":"https:\/\/goldstonehvacr.com\/wp-content\/uploads\/2021\/03\/Dual-Insulated-Line-Set-.jpg","datePublished":"2021-03-27T21:29:03+00:00","dateModified":"2021-07-28T14:55:44+00:00","breadcrumb":{"@id":"https:\/\/goldstonehvacr.com\/product\/black-rubber-dual-insulated-line-set\/#breadcrumb"},"inLanguage":"es-PE","potentialAction":[{"@type":"ReadAction","target":["https:\/\/goldstonehvacr.com\/product\/black-rubber-dual-insulated-line-set\/"]}]},{"@type":"ImageObject","inLanguage":"es-PE","@id":"https:\/\/goldstonehvacr.com\/product\/black-rubber-dual-insulated-line-set\/#primaryimage","url":"https:\/\/goldstonehvacr.com\/wp-content\/uploads\/2021\/03\/Dual-Insulated-Line-Set-.jpg","contentUrl":"https:\/\/goldstonehvacr.com\/wp-content\/uploads\/2021\/03\/Dual-Insulated-Line-Set-.jpg","width":422,"height":281},{"@type":"BreadcrumbList","@id":"https:\/\/goldstonehvacr.com\/product\/black-rubber-dual-insulated-line-set\/#breadcrumb","itemListElement":[{"@type":"ListItem","position":1,"name":"Home","item":"https:\/\/goldstonehvacr.com\/"},{"@type":"ListItem","position":2,"name":"Shop","item":"https:\/\/goldstonehvacr.com\/shop\/"},{"@type":"ListItem","position":3,"name":"Black Rubber Dual Insulated Line Set"}]},{"@type":"WebSite","@id":"https:\/\/goldstonehvacr.com\/#website","url":"https:\/\/goldstonehvacr.com\/","name":"Calefacci\u00f3n, ventilaci\u00f3n y aire acondicionado Gold Stone","description":"","publisher":{"@id":"https:\/\/goldstonehvacr.com\/#organization"},"potentialAction":[{"@type":"SearchAction","target":{"@type":"EntryPoint","urlTemplate":"https:\/\/goldstonehvacr.com\/?s={search_term_string}"},"query-input":{"@type":"PropertyValueSpecification","valueRequired":true,"valueName":"search_term_string"}}],"inLanguage":"es-PE"},{"@type":"Organization","@id":"https:\/\/goldstonehvacr.com\/#organization","name":"Sistema de climatizaci\u00f3n Goldstone","url":"https:\/\/goldstonehvacr.com\/","logo":{"@type":"ImageObject","inLanguage":"es-PE","@id":"https:\/\/goldstonehvacr.com\/#\/schema\/logo\/image\/","url":"https:\/\/goldstonehvacr.com\/wp-content\/uploads\/2019\/09\/gsi-logo.png","contentUrl":"https:\/\/goldstonehvacr.com\/wp-content\/uploads\/2019\/09\/gsi-logo.png","width":340,"height":159,"caption":"Goldstone HVAC"},"image":{"@id":"https:\/\/goldstonehvacr.com\/#\/schema\/logo\/image\/"}}]}},"jetpack_sharing_enabled":true,"_links":{"self":[{"href":"https:\/\/goldstonehvacr.com\/es\/wp-json\/wp\/v2\/product\/40482","targetHints":{"allow":["GET"]}}],"collection":[{"href":"https:\/\/goldstonehvacr.com\/es\/wp-json\/wp\/v2\/product"}],"about":[{"href":"https:\/\/goldstonehvacr.com\/es\/wp-json\/wp\/v2\/types\/product"}],"replies":[{"embeddable":true,"href":"https:\/\/goldstonehvacr.com\/es\/wp-json\/wp\/v2\/comments?post=40482"}],"wp:featuredmedia":[{"embeddable":true,"href":"https:\/\/goldstonehvacr.com\/es\/wp-json\/wp\/v2\/media\/40648"}],"wp:attachment":[{"href":"https:\/\/goldstonehvacr.com\/es\/wp-json\/wp\/v2\/media?parent=40482"}],"wp:term":[{"taxonomy":"product_brand","embeddable":true,"href":"https:\/\/goldstonehvacr.com\/es\/wp-json\/wp\/v2\/product_brand?post=40482"},{"taxonomy":"product_cat","embeddable":true,"href":"https:\/\/goldstonehvacr.com\/es\/wp-json\/wp\/v2\/product_cat?post=40482"},{"taxonomy":"product_tag","embeddable":true,"href":"https:\/\/goldstonehvacr.com\/es\/wp-json\/wp\/v2\/product_tag?post=40482"}],"curies":[{"name":"wp","href":"https:\/\/api.w.org\/{rel}","templated":true}]}}