{"id":40480,"date":"2021-03-25T20:40:10","date_gmt":"2021-03-25T20:40:10","guid":{"rendered":"https:\/\/goldstonehvacr.com\/?post_type=product&#038;p=40480"},"modified":"2021-07-28T14:55:40","modified_gmt":"2021-07-28T14:55:40","slug":"insulation-tube","status":"publish","type":"product","link":"https:\/\/goldstonehvacr.com\/es\/product\/insulation-tube\/","title":{"rendered":"Tubo de aislamiento de aire acondicionado"},"content":{"rendered":"<p><strong>Caracter\u00edsticas principales del tubo de aislamiento de A\/C<\/strong><\/p>\n<ul>\n<li>Dise\u00f1ado para funcionar igualmente bien en aplicaciones interiores y exteriores.<\/li>\n<li>Tecnolog\u00eda avanzada de \u201cGel Foaming\u201d utilizada para formar una celda completamente cerrada, lo que da como resultado una estructura m\u00e1s fuerte, una aplicaci\u00f3n duradera y una f\u00e1cil instalaci\u00f3n con alta eficiencia.<\/li>\n<li>Certificaci\u00f3n ISO 9001, UL, Greengard y FM, clasificaci\u00f3n de resistencia al fuego 25\/50<\/li>\n<li>Baja conductividad t\u00e9rmica 0,032 W\/ (mk) a 0 \u00b0C<\/li>\n<li>Resistencia superior al aceite, grasas, vapor de agua, fuego y humo.<\/li>\n<\/ul>\n<p>Nuestro compromiso con usted y su negocio incluye la entrega r\u00e1pida de piezas cruciales, como nuestro soporte de montaje en pared y el soporte de montaje. Los clientes de Ontario y Quebec pueden esperar recibir sus piezas en tan solo 2 o 3 d\u00edas h\u00e1biles.<\/p>\n<p>Goldstone HVACR Inc. tambi\u00e9n presta servicios a clientes en todo Canad\u00e1 y Estados Unidos con env\u00edos r\u00e1pidos garantizados. El plazo de entrega fuera de Ontario y Quebec es de 3 a 7 d\u00edas h\u00e1biles, mientras que el plazo de entrega a Estados Unidos es de 5 a 7 d\u00edas h\u00e1biles.<\/p>","protected":false},"excerpt":{"rendered":"<p>Gold Stone HVACR Inc. ofrece espuma aislante premium para sistemas HVAC a precios competitivos y plazos de entrega r\u00e1pidos. Gracias a nuestra construcci\u00f3n duradera y a nuestras pruebas de calidad internas, nuestro tubo aislante para sistemas HVAC es de la m\u00e1s alta calidad disponible para su instalaci\u00f3n de sistemas HVAC.<\/p>","protected":false},"featured_media":40704,"comment_status":"open","ping_status":"closed","template":"","meta":{"content-type":""},"product_brand":[],"product_cat":[234,160,176,177],"product_tag":[],"class_list":{"0":"post-40480","1":"product","2":"type-product","3":"status-publish","4":"has-post-thumbnail","6":"product_cat-wholesale-promotion","7":"product_cat-whosale","8":"product_cat-ac-installation-accessories","9":"product_cat-insulation-tube","11":"first","12":"instock","13":"shipping-taxable","14":"product-type-simple"},"yoast_head":"<!-- This site is optimized with the Yoast SEO plugin v26.9 - https:\/\/yoast.com\/product\/yoast-seo-wordpress\/ -->\n<title>A\/C Insulation Tube - Gold Stone HVAC\/R<\/title>\n<meta name=\"robots\" content=\"index, follow, max-snippet:-1, max-image-preview:large, max-video-preview:-1\" \/>\n<link rel=\"canonical\" href=\"https:\/\/goldstonehvacr.com\/es\/product\/insulation-tube\/\" \/>\n<meta property=\"og:locale\" content=\"es_ES\" \/>\n<meta property=\"og:type\" content=\"article\" \/>\n<meta property=\"og:title\" content=\"A\/C Insulation Tube - Gold Stone HVAC\/R\" \/>\n<meta property=\"og:description\" content=\"Gold Stone HVACR Inc. offers premium HVAC Insulation Foam at competitive prices and expedited delivery times. \u00a0With our durable construction and in-house testing for quality, our HVAC Insulation tube is the highest quality available for your HVAC installaton job.\" \/>\n<meta property=\"og:url\" content=\"https:\/\/goldstonehvacr.com\/es\/product\/insulation-tube\/\" \/>\n<meta property=\"og:site_name\" content=\"Gold Stone HVAC\/R\" \/>\n<meta property=\"article:modified_time\" content=\"2021-07-28T14:55:40+00:00\" \/>\n<meta property=\"og:image\" content=\"https:\/\/goldstonehvacr.com\/wp-content\/uploads\/2021\/03\/751-Insulation-Tube-01.png\" \/>\n\t<meta property=\"og:image:width\" content=\"94\" \/>\n\t<meta property=\"og:image:height\" content=\"93\" \/>\n\t<meta property=\"og:image:type\" content=\"image\/png\" \/>\n<meta name=\"twitter:card\" content=\"summary_large_image\" \/>\n<meta name=\"twitter:label1\" content=\"Est. reading time\" \/>\n\t<meta name=\"twitter:data1\" content=\"1 minuto\" \/>\n<!-- \/ Yoast SEO plugin. -->","yoast_head_json":{"title":"A\/C Insulation Tube - Gold Stone HVAC\/R","robots":{"index":"index","follow":"follow","max-snippet":"max-snippet:-1","max-image-preview":"max-image-preview:large","max-video-preview":"max-video-preview:-1"},"canonical":"https:\/\/goldstonehvacr.com\/es\/product\/insulation-tube\/","og_locale":"es_ES","og_type":"article","og_title":"A\/C Insulation Tube - Gold Stone HVAC\/R","og_description":"Gold Stone HVACR Inc. offers premium HVAC Insulation Foam at competitive prices and expedited delivery times. \u00a0With our durable construction and in-house testing for quality, our HVAC Insulation tube is the highest quality available for your HVAC installaton job.","og_url":"https:\/\/goldstonehvacr.com\/es\/product\/insulation-tube\/","og_site_name":"Gold Stone HVAC\/R","article_modified_time":"2021-07-28T14:55:40+00:00","og_image":[{"width":94,"height":93,"url":"https:\/\/goldstonehvacr.com\/wp-content\/uploads\/2021\/03\/751-Insulation-Tube-01.png","type":"image\/png"}],"twitter_card":"summary_large_image","twitter_misc":{"Est. reading time":"1 minuto"},"schema":{"@context":"https:\/\/schema.org","@graph":[{"@type":"WebPage","@id":"https:\/\/goldstonehvacr.com\/product\/insulation-tube\/","url":"https:\/\/goldstonehvacr.com\/product\/insulation-tube\/","name":"A\/C Insulation Tube - Gold Stone HVAC\/R","isPartOf":{"@id":"https:\/\/goldstonehvacr.com\/#website"},"primaryImageOfPage":{"@id":"https:\/\/goldstonehvacr.com\/product\/insulation-tube\/#primaryimage"},"image":{"@id":"https:\/\/goldstonehvacr.com\/product\/insulation-tube\/#primaryimage"},"thumbnailUrl":"https:\/\/goldstonehvacr.com\/wp-content\/uploads\/2021\/03\/751-Insulation-Tube-01.png","datePublished":"2021-03-25T20:40:10+00:00","dateModified":"2021-07-28T14:55:40+00:00","breadcrumb":{"@id":"https:\/\/goldstonehvacr.com\/product\/insulation-tube\/#breadcrumb"},"inLanguage":"es-PE","potentialAction":[{"@type":"ReadAction","target":["https:\/\/goldstonehvacr.com\/product\/insulation-tube\/"]}]},{"@type":"ImageObject","inLanguage":"es-PE","@id":"https:\/\/goldstonehvacr.com\/product\/insulation-tube\/#primaryimage","url":"https:\/\/goldstonehvacr.com\/wp-content\/uploads\/2021\/03\/751-Insulation-Tube-01.png","contentUrl":"https:\/\/goldstonehvacr.com\/wp-content\/uploads\/2021\/03\/751-Insulation-Tube-01.png","width":94,"height":93},{"@type":"BreadcrumbList","@id":"https:\/\/goldstonehvacr.com\/product\/insulation-tube\/#breadcrumb","itemListElement":[{"@type":"ListItem","position":1,"name":"Home","item":"https:\/\/goldstonehvacr.com\/"},{"@type":"ListItem","position":2,"name":"Shop","item":"https:\/\/goldstonehvacr.com\/shop\/"},{"@type":"ListItem","position":3,"name":"A\/C Insulation Tube"}]},{"@type":"WebSite","@id":"https:\/\/goldstonehvacr.com\/#website","url":"https:\/\/goldstonehvacr.com\/","name":"Calefacci\u00f3n, ventilaci\u00f3n y aire acondicionado Gold Stone","description":"","publisher":{"@id":"https:\/\/goldstonehvacr.com\/#organization"},"potentialAction":[{"@type":"SearchAction","target":{"@type":"EntryPoint","urlTemplate":"https:\/\/goldstonehvacr.com\/?s={search_term_string}"},"query-input":{"@type":"PropertyValueSpecification","valueRequired":true,"valueName":"search_term_string"}}],"inLanguage":"es-PE"},{"@type":"Organization","@id":"https:\/\/goldstonehvacr.com\/#organization","name":"Sistema de climatizaci\u00f3n Goldstone","url":"https:\/\/goldstonehvacr.com\/","logo":{"@type":"ImageObject","inLanguage":"es-PE","@id":"https:\/\/goldstonehvacr.com\/#\/schema\/logo\/image\/","url":"https:\/\/goldstonehvacr.com\/wp-content\/uploads\/2019\/09\/gsi-logo.png","contentUrl":"https:\/\/goldstonehvacr.com\/wp-content\/uploads\/2019\/09\/gsi-logo.png","width":340,"height":159,"caption":"Goldstone HVAC"},"image":{"@id":"https:\/\/goldstonehvacr.com\/#\/schema\/logo\/image\/"}}]}},"jetpack_sharing_enabled":true,"_links":{"self":[{"href":"https:\/\/goldstonehvacr.com\/es\/wp-json\/wp\/v2\/product\/40480","targetHints":{"allow":["GET"]}}],"collection":[{"href":"https:\/\/goldstonehvacr.com\/es\/wp-json\/wp\/v2\/product"}],"about":[{"href":"https:\/\/goldstonehvacr.com\/es\/wp-json\/wp\/v2\/types\/product"}],"replies":[{"embeddable":true,"href":"https:\/\/goldstonehvacr.com\/es\/wp-json\/wp\/v2\/comments?post=40480"}],"wp:featuredmedia":[{"embeddable":true,"href":"https:\/\/goldstonehvacr.com\/es\/wp-json\/wp\/v2\/media\/40704"}],"wp:attachment":[{"href":"https:\/\/goldstonehvacr.com\/es\/wp-json\/wp\/v2\/media?parent=40480"}],"wp:term":[{"taxonomy":"product_brand","embeddable":true,"href":"https:\/\/goldstonehvacr.com\/es\/wp-json\/wp\/v2\/product_brand?post=40480"},{"taxonomy":"product_cat","embeddable":true,"href":"https:\/\/goldstonehvacr.com\/es\/wp-json\/wp\/v2\/product_cat?post=40480"},{"taxonomy":"product_tag","embeddable":true,"href":"https:\/\/goldstonehvacr.com\/es\/wp-json\/wp\/v2\/product_tag?post=40480"}],"curies":[{"name":"wp","href":"https:\/\/api.w.org\/{rel}","templated":true}]}}