{"id":40203,"date":"2021-03-25T20:36:45","date_gmt":"2021-03-25T20:36:45","guid":{"rendered":"https:\/\/goldstonehvacr.com\/?post_type=product&#038;p=40203"},"modified":"2021-07-14T15:28:24","modified_gmt":"2021-07-14T15:28:24","slug":"a-c-mounting-support","status":"publish","type":"product","link":"https:\/\/goldstonehvacr.com\/es\/product\/a-c-mounting-support\/","title":{"rendered":"Soporte de montaje de A\/C"},"content":{"rendered":"<h3>Caracter\u00edsticas principales del soporte de montaje del aire acondicionado<\/h3>\n<p>Con mejores piezas, creamos sistemas de refrigeraci\u00f3n superiores que reducen las aver\u00edas y mejoran el rendimiento. El soporte de montaje en pared y el soporte de montaje de Greatstone International Ltd. lo hacen posible al cumplir o superar los est\u00e1ndares de calidad para garantizar un rendimiento \u00f3ptimo con las siguientes caracter\u00edsticas:<\/p>\n<ul>\n<li>Caucho reciclado 100%<\/li>\n<li>Canal y nivel de aluminio incorporados<\/li>\n<li>Condiciones de trabajo -40<b>\u00b0<\/b>C a m\u00e1s de 82<b>\u00b0<\/b>do<\/li>\n<li>Amortigua las vibraciones y el ruido.<\/li>\n<li>Resistente a los rayos UV<\/li>\n<li>Instalaci\u00f3n r\u00e1pida y sencilla<\/li>\n<\/ul>\n<p>Nuestro compromiso con usted y su negocio incluye la entrega r\u00e1pida de piezas cruciales, como nuestro soporte de montaje en pared y el soporte de montaje. Los clientes de Ontario y Quebec pueden esperar recibir sus piezas en tan solo 2 o 3 d\u00edas h\u00e1biles.<\/p>\n<p>Goldstone HVACR Inc. tambi\u00e9n presta servicios a clientes en todo Canad\u00e1 y Estados Unidos con env\u00edos r\u00e1pidos garantizados. El plazo de entrega fuera de Ontario y Quebec es de 3 a 7 d\u00edas h\u00e1biles, mientras que el plazo de entrega a Estados Unidos es de 5 a 7 d\u00edas h\u00e1biles.<\/p>","protected":false},"excerpt":{"rendered":"<p style=\"text-align: left;\">Los soportes de montaje para aires acondicionados de Gold Stone HVACR Inc., rigurosamente probados, est\u00e1n dise\u00f1ados para simplificar y agilizar la instalaci\u00f3n, ahorr\u00e1ndole tiempo y dinero en cada trabajo. Con una construcci\u00f3n robusta y un tama\u00f1o compacto, nuestros soportes de montaje son ideales para instalaciones comerciales y residenciales.<\/p>","protected":false},"featured_media":40204,"comment_status":"open","ping_status":"closed","template":"","meta":{"content-type":""},"product_brand":[],"product_cat":[176,211,160],"product_tag":[],"class_list":{"0":"post-40203","1":"product","2":"type-product","3":"status-publish","4":"has-post-thumbnail","6":"product_cat-ac-installation-accessories","7":"product_cat-mounting-support","8":"product_cat-whosale","10":"first","11":"instock","12":"shipping-taxable","13":"product-type-simple"},"yoast_head":"<!-- This site is optimized with the Yoast SEO plugin v27.2 - https:\/\/yoast.com\/product\/yoast-seo-wordpress\/ -->\n<title>A\/C Mounting Support - Gold Stone HVAC\/R<\/title>\n<meta name=\"robots\" content=\"index, follow, max-snippet:-1, max-image-preview:large, max-video-preview:-1\" \/>\n<link rel=\"canonical\" href=\"https:\/\/goldstonehvacr.com\/es\/product\/a-c-mounting-support\/\" \/>\n<meta property=\"og:locale\" content=\"es_ES\" \/>\n<meta property=\"og:type\" content=\"article\" \/>\n<meta property=\"og:title\" content=\"A\/C Mounting Support - Gold Stone HVAC\/R\" \/>\n<meta property=\"og:description\" content=\"Gold Stone HVACR Inc.\u2019s rigorously tested Air Conditioner Mounting Supports are designed to make installation simple and quick \u2013 saving you time and money on each job. Featuring heavy-duty construction and a compact size, our mounting support are ideal for installation in commercial and residential settings.\" \/>\n<meta property=\"og:url\" content=\"https:\/\/goldstonehvacr.com\/es\/product\/a-c-mounting-support\/\" \/>\n<meta property=\"og:site_name\" content=\"Gold Stone HVAC\/R\" \/>\n<meta property=\"article:modified_time\" content=\"2021-07-14T15:28:24+00:00\" \/>\n<meta property=\"og:image\" content=\"https:\/\/goldstonehvacr.com\/wp-content\/uploads\/2021\/03\/Mounting-Support-pictures-min.jpg\" \/>\n\t<meta property=\"og:image:width\" content=\"550\" \/>\n\t<meta property=\"og:image:height\" content=\"550\" \/>\n\t<meta property=\"og:image:type\" content=\"image\/jpeg\" \/>\n<meta name=\"twitter:card\" content=\"summary_large_image\" \/>\n<meta name=\"twitter:label1\" content=\"Est. reading time\" \/>\n\t<meta name=\"twitter:data1\" content=\"1 minuto\" \/>\n<!-- \/ Yoast SEO plugin. -->","yoast_head_json":{"title":"Soporte de montaje de aire acondicionado - Gold Stone HVAC\/R","robots":{"index":"index","follow":"follow","max-snippet":"max-snippet:-1","max-image-preview":"max-image-preview:large","max-video-preview":"max-video-preview:-1"},"canonical":"https:\/\/goldstonehvacr.com\/es\/product\/a-c-mounting-support\/","og_locale":"es_ES","og_type":"article","og_title":"A\/C Mounting Support - Gold Stone HVAC\/R","og_description":"Gold Stone HVACR Inc.\u2019s rigorously tested Air Conditioner Mounting Supports are designed to make installation simple and quick \u2013 saving you time and money on each job. Featuring heavy-duty construction and a compact size, our mounting support are ideal for installation in commercial and residential settings.","og_url":"https:\/\/goldstonehvacr.com\/es\/product\/a-c-mounting-support\/","og_site_name":"Gold Stone HVAC\/R","article_modified_time":"2021-07-14T15:28:24+00:00","og_image":[{"width":550,"height":550,"url":"https:\/\/goldstonehvacr.com\/wp-content\/uploads\/2021\/03\/Mounting-Support-pictures-min.jpg","type":"image\/jpeg"}],"twitter_card":"summary_large_image","twitter_misc":{"Est. reading time":"1 minuto"},"schema":{"@context":"https:\/\/schema.org","@graph":[{"@type":"WebPage","@id":"https:\/\/goldstonehvacr.com\/product\/a-c-mounting-support\/","url":"https:\/\/goldstonehvacr.com\/product\/a-c-mounting-support\/","name":"Soporte de montaje de aire acondicionado - Gold Stone HVAC\/R","isPartOf":{"@id":"https:\/\/goldstonehvacr.com\/#website"},"primaryImageOfPage":{"@id":"https:\/\/goldstonehvacr.com\/product\/a-c-mounting-support\/#primaryimage"},"image":{"@id":"https:\/\/goldstonehvacr.com\/product\/a-c-mounting-support\/#primaryimage"},"thumbnailUrl":"https:\/\/goldstonehvacr.com\/wp-content\/uploads\/2021\/03\/Mounting-Support-pictures-min.jpg","datePublished":"2021-03-25T20:36:45+00:00","dateModified":"2021-07-14T15:28:24+00:00","breadcrumb":{"@id":"https:\/\/goldstonehvacr.com\/product\/a-c-mounting-support\/#breadcrumb"},"inLanguage":"es-PE","potentialAction":[{"@type":"ReadAction","target":["https:\/\/goldstonehvacr.com\/product\/a-c-mounting-support\/"]}]},{"@type":"ImageObject","inLanguage":"es-PE","@id":"https:\/\/goldstonehvacr.com\/product\/a-c-mounting-support\/#primaryimage","url":"https:\/\/goldstonehvacr.com\/wp-content\/uploads\/2021\/03\/Mounting-Support-pictures-min.jpg","contentUrl":"https:\/\/goldstonehvacr.com\/wp-content\/uploads\/2021\/03\/Mounting-Support-pictures-min.jpg","width":550,"height":550},{"@type":"BreadcrumbList","@id":"https:\/\/goldstonehvacr.com\/product\/a-c-mounting-support\/#breadcrumb","itemListElement":[{"@type":"ListItem","position":1,"name":"Home","item":"https:\/\/goldstonehvacr.com\/"},{"@type":"ListItem","position":2,"name":"Shop","item":"https:\/\/goldstonehvacr.com\/shop\/"},{"@type":"ListItem","position":3,"name":"A\/C Mounting Support"}]},{"@type":"WebSite","@id":"https:\/\/goldstonehvacr.com\/#website","url":"https:\/\/goldstonehvacr.com\/","name":"Calefacci\u00f3n, ventilaci\u00f3n y aire acondicionado Gold Stone","description":"","publisher":{"@id":"https:\/\/goldstonehvacr.com\/#organization"},"potentialAction":[{"@type":"SearchAction","target":{"@type":"EntryPoint","urlTemplate":"https:\/\/goldstonehvacr.com\/?s={search_term_string}"},"query-input":{"@type":"PropertyValueSpecification","valueRequired":true,"valueName":"search_term_string"}}],"inLanguage":"es-PE"},{"@type":"Organization","@id":"https:\/\/goldstonehvacr.com\/#organization","name":"Sistema de climatizaci\u00f3n Goldstone","url":"https:\/\/goldstonehvacr.com\/","logo":{"@type":"ImageObject","inLanguage":"es-PE","@id":"https:\/\/goldstonehvacr.com\/#\/schema\/logo\/image\/","url":"https:\/\/goldstonehvacr.com\/wp-content\/uploads\/2019\/09\/gsi-logo.png","contentUrl":"https:\/\/goldstonehvacr.com\/wp-content\/uploads\/2019\/09\/gsi-logo.png","width":340,"height":159,"caption":"Goldstone HVAC"},"image":{"@id":"https:\/\/goldstonehvacr.com\/#\/schema\/logo\/image\/"}}]}},"jetpack_sharing_enabled":true,"_links":{"self":[{"href":"https:\/\/goldstonehvacr.com\/es\/wp-json\/wp\/v2\/product\/40203","targetHints":{"allow":["GET"]}}],"collection":[{"href":"https:\/\/goldstonehvacr.com\/es\/wp-json\/wp\/v2\/product"}],"about":[{"href":"https:\/\/goldstonehvacr.com\/es\/wp-json\/wp\/v2\/types\/product"}],"replies":[{"embeddable":true,"href":"https:\/\/goldstonehvacr.com\/es\/wp-json\/wp\/v2\/comments?post=40203"}],"wp:featuredmedia":[{"embeddable":true,"href":"https:\/\/goldstonehvacr.com\/es\/wp-json\/wp\/v2\/media\/40204"}],"wp:attachment":[{"href":"https:\/\/goldstonehvacr.com\/es\/wp-json\/wp\/v2\/media?parent=40203"}],"wp:term":[{"taxonomy":"product_brand","embeddable":true,"href":"https:\/\/goldstonehvacr.com\/es\/wp-json\/wp\/v2\/product_brand?post=40203"},{"taxonomy":"product_cat","embeddable":true,"href":"https:\/\/goldstonehvacr.com\/es\/wp-json\/wp\/v2\/product_cat?post=40203"},{"taxonomy":"product_tag","embeddable":true,"href":"https:\/\/goldstonehvacr.com\/es\/wp-json\/wp\/v2\/product_tag?post=40203"}],"curies":[{"name":"wp","href":"https:\/\/api.w.org\/{rel}","templated":true}]}}