{"id":40196,"date":"2021-03-25T19:46:38","date_gmt":"2021-03-25T19:46:38","guid":{"rendered":"https:\/\/goldstonehvacr.com\/?post_type=product&#038;p=40196"},"modified":"2021-07-14T18:48:56","modified_gmt":"2021-07-14T18:48:56","slug":"insulation-foam","status":"publish","type":"product","link":"https:\/\/goldstonehvacr.com\/es\/product\/insulation-foam\/","title":{"rendered":"Aislamiento"},"content":{"rendered":"<h3>Caracter\u00edsticas principales de la espuma\/l\u00e1mina aislante para HVAC<\/h3>\n<p>Nuestra espuma aislante est\u00e1 dise\u00f1ada para mejorar el rendimiento de su sistema de tuber\u00eda\/tubo aislante\/l\u00e1mina aislante con estas caracter\u00edsticas:<\/p>\n<ul>\n<li>Aplicaci\u00f3n vers\u00e1til para HVACR, plomer\u00eda, industria: tuber\u00edas de agua caliente\/fr\u00eda, equipos, barreras de sonido, conductos y m\u00e1s.<\/li>\n<li>Tubos, rollos y l\u00e1minas precortados o est\u00e1ndar para una instalaci\u00f3n r\u00e1pida y sencilla<\/li>\n<li>Muchas opciones de colores y tama\u00f1os para adaptarse a cada sistema.<\/li>\n<li>Amortiguaci\u00f3n insonorizada<\/li>\n<li>Eficiencia energ\u00e9tica<\/li>\n<li>Opciones de revestimiento de PVC para mayor protecci\u00f3n contra el ozono y los rayos UV en exteriores<\/li>\n<li>Econ\u00f3mico, flexible y duradero.<\/li>\n<li>Capacidades de fabricaci\u00f3n r\u00e1pida<\/li>\n<li>Totalmente certificado<\/li>\n<\/ul>\n<p>Nuestro compromiso con usted y su negocio incluye la entrega r\u00e1pida de piezas cruciales, como nuestro soporte de montaje en pared y el soporte de montaje. Los clientes de Ontario y Quebec pueden esperar recibir sus piezas en tan solo 2 o 3 d\u00edas h\u00e1biles.<\/p>\n<p>Goldstone HVACR Inc. tambi\u00e9n presta servicios a clientes en todo Canad\u00e1 y Estados Unidos con env\u00edos r\u00e1pidos garantizados. El plazo de entrega fuera de Ontario y Quebec es de 3 a 7 d\u00edas h\u00e1biles, mientras que el plazo de entrega a Estados Unidos es de 5 a 7 d\u00edas h\u00e1biles.<\/p>","protected":false},"excerpt":{"rendered":"<p>Gold Stone HVACR Inc. ofrece espuma aislante para HVAC de primera calidad a precios competitivos y plazos de entrega r\u00e1pidos. Gracias a nuestra construcci\u00f3n duradera y a nuestras pruebas de calidad internas, nuestra espuma aislante para HVAC es la m\u00e1s alta disponible para su sistema de tuber\u00edas aislantes.<\/p>","protected":false},"featured_media":37782,"comment_status":"open","ping_status":"closed","template":"","meta":{"content-type":""},"product_brand":[],"product_cat":[168,159],"product_tag":[],"class_list":{"0":"post-40196","1":"product","2":"type-product","3":"status-publish","4":"has-post-thumbnail","6":"product_cat-insulation-foam","7":"product_cat-oem","9":"first","10":"instock","11":"shipping-taxable","12":"product-type-simple"},"yoast_head":"<!-- This site is optimized with the Yoast SEO plugin v27.2 - https:\/\/yoast.com\/product\/yoast-seo-wordpress\/ -->\n<title>Insulation Foam - Gold Stone HVAC\/R<\/title>\n<meta name=\"robots\" content=\"index, follow, max-snippet:-1, max-image-preview:large, max-video-preview:-1\" \/>\n<link rel=\"canonical\" href=\"https:\/\/goldstonehvacr.com\/es\/product\/insulation-foam\/\" \/>\n<meta property=\"og:locale\" content=\"es_ES\" \/>\n<meta property=\"og:type\" content=\"article\" \/>\n<meta property=\"og:title\" content=\"Insulation Foam - Gold Stone HVAC\/R\" \/>\n<meta property=\"og:description\" content=\"Gold Stone HVACR Inc. offers premium HVAC Insulation Foam at competitive prices and expedited delivery times. \u00a0With our durable construction and in-house testing for quality, our HVAC Insulation Foam is the highest quality available for your insulation pipe system.\" \/>\n<meta property=\"og:url\" content=\"https:\/\/goldstonehvacr.com\/es\/product\/insulation-foam\/\" \/>\n<meta property=\"og:site_name\" content=\"Gold Stone HVAC\/R\" \/>\n<meta property=\"article:modified_time\" content=\"2021-07-14T18:48:56+00:00\" \/>\n<meta property=\"og:image\" content=\"https:\/\/goldstonehvacr.com\/wp-content\/uploads\/2018\/12\/insulation-foam-1.png\" \/>\n\t<meta property=\"og:image:width\" content=\"935\" \/>\n\t<meta property=\"og:image:height\" content=\"494\" \/>\n\t<meta property=\"og:image:type\" content=\"image\/png\" \/>\n<meta name=\"twitter:card\" content=\"summary_large_image\" \/>\n<meta name=\"twitter:label1\" content=\"Est. reading time\" \/>\n\t<meta name=\"twitter:data1\" content=\"1 minuto\" \/>\n<!-- \/ Yoast SEO plugin. -->","yoast_head_json":{"title":"Insulation Foam - Gold Stone HVAC\/R","robots":{"index":"index","follow":"follow","max-snippet":"max-snippet:-1","max-image-preview":"max-image-preview:large","max-video-preview":"max-video-preview:-1"},"canonical":"https:\/\/goldstonehvacr.com\/es\/product\/insulation-foam\/","og_locale":"es_ES","og_type":"article","og_title":"Insulation Foam - Gold Stone HVAC\/R","og_description":"Gold Stone HVACR Inc. offers premium HVAC Insulation Foam at competitive prices and expedited delivery times. \u00a0With our durable construction and in-house testing for quality, our HVAC Insulation Foam is the highest quality available for your insulation pipe system.","og_url":"https:\/\/goldstonehvacr.com\/es\/product\/insulation-foam\/","og_site_name":"Gold Stone HVAC\/R","article_modified_time":"2021-07-14T18:48:56+00:00","og_image":[{"width":935,"height":494,"url":"https:\/\/goldstonehvacr.com\/wp-content\/uploads\/2018\/12\/insulation-foam-1.png","type":"image\/png"}],"twitter_card":"summary_large_image","twitter_misc":{"Est. reading time":"1 minuto"},"schema":{"@context":"https:\/\/schema.org","@graph":[{"@type":"WebPage","@id":"https:\/\/goldstonehvacr.com\/product\/insulation-foam\/","url":"https:\/\/goldstonehvacr.com\/product\/insulation-foam\/","name":"Insulation Foam - Gold Stone HVAC\/R","isPartOf":{"@id":"https:\/\/goldstonehvacr.com\/#website"},"primaryImageOfPage":{"@id":"https:\/\/goldstonehvacr.com\/product\/insulation-foam\/#primaryimage"},"image":{"@id":"https:\/\/goldstonehvacr.com\/product\/insulation-foam\/#primaryimage"},"thumbnailUrl":"https:\/\/goldstonehvacr.com\/wp-content\/uploads\/2018\/12\/insulation-foam-1.png","datePublished":"2021-03-25T19:46:38+00:00","dateModified":"2021-07-14T18:48:56+00:00","breadcrumb":{"@id":"https:\/\/goldstonehvacr.com\/product\/insulation-foam\/#breadcrumb"},"inLanguage":"es-PE","potentialAction":[{"@type":"ReadAction","target":["https:\/\/goldstonehvacr.com\/product\/insulation-foam\/"]}]},{"@type":"ImageObject","inLanguage":"es-PE","@id":"https:\/\/goldstonehvacr.com\/product\/insulation-foam\/#primaryimage","url":"https:\/\/goldstonehvacr.com\/wp-content\/uploads\/2018\/12\/insulation-foam-1.png","contentUrl":"https:\/\/goldstonehvacr.com\/wp-content\/uploads\/2018\/12\/insulation-foam-1.png","width":935,"height":494},{"@type":"BreadcrumbList","@id":"https:\/\/goldstonehvacr.com\/product\/insulation-foam\/#breadcrumb","itemListElement":[{"@type":"ListItem","position":1,"name":"Home","item":"https:\/\/goldstonehvacr.com\/"},{"@type":"ListItem","position":2,"name":"Shop","item":"https:\/\/goldstonehvacr.com\/shop\/"},{"@type":"ListItem","position":3,"name":"Insulation Foam"}]},{"@type":"WebSite","@id":"https:\/\/goldstonehvacr.com\/#website","url":"https:\/\/goldstonehvacr.com\/","name":"Calefacci\u00f3n, ventilaci\u00f3n y aire acondicionado Gold Stone","description":"","publisher":{"@id":"https:\/\/goldstonehvacr.com\/#organization"},"potentialAction":[{"@type":"SearchAction","target":{"@type":"EntryPoint","urlTemplate":"https:\/\/goldstonehvacr.com\/?s={search_term_string}"},"query-input":{"@type":"PropertyValueSpecification","valueRequired":true,"valueName":"search_term_string"}}],"inLanguage":"es-PE"},{"@type":"Organization","@id":"https:\/\/goldstonehvacr.com\/#organization","name":"Sistema de climatizaci\u00f3n Goldstone","url":"https:\/\/goldstonehvacr.com\/","logo":{"@type":"ImageObject","inLanguage":"es-PE","@id":"https:\/\/goldstonehvacr.com\/#\/schema\/logo\/image\/","url":"https:\/\/goldstonehvacr.com\/wp-content\/uploads\/2019\/09\/gsi-logo.png","contentUrl":"https:\/\/goldstonehvacr.com\/wp-content\/uploads\/2019\/09\/gsi-logo.png","width":340,"height":159,"caption":"Goldstone HVAC"},"image":{"@id":"https:\/\/goldstonehvacr.com\/#\/schema\/logo\/image\/"}}]}},"jetpack_sharing_enabled":true,"_links":{"self":[{"href":"https:\/\/goldstonehvacr.com\/es\/wp-json\/wp\/v2\/product\/40196","targetHints":{"allow":["GET"]}}],"collection":[{"href":"https:\/\/goldstonehvacr.com\/es\/wp-json\/wp\/v2\/product"}],"about":[{"href":"https:\/\/goldstonehvacr.com\/es\/wp-json\/wp\/v2\/types\/product"}],"replies":[{"embeddable":true,"href":"https:\/\/goldstonehvacr.com\/es\/wp-json\/wp\/v2\/comments?post=40196"}],"wp:featuredmedia":[{"embeddable":true,"href":"https:\/\/goldstonehvacr.com\/es\/wp-json\/wp\/v2\/media\/37782"}],"wp:attachment":[{"href":"https:\/\/goldstonehvacr.com\/es\/wp-json\/wp\/v2\/media?parent=40196"}],"wp:term":[{"taxonomy":"product_brand","embeddable":true,"href":"https:\/\/goldstonehvacr.com\/es\/wp-json\/wp\/v2\/product_brand?post=40196"},{"taxonomy":"product_cat","embeddable":true,"href":"https:\/\/goldstonehvacr.com\/es\/wp-json\/wp\/v2\/product_cat?post=40196"},{"taxonomy":"product_tag","embeddable":true,"href":"https:\/\/goldstonehvacr.com\/es\/wp-json\/wp\/v2\/product_tag?post=40196"}],"curies":[{"name":"wp","href":"https:\/\/api.w.org\/{rel}","templated":true}]}}