{"id":37943,"date":"2021-03-26T20:06:33","date_gmt":"2021-03-26T20:06:33","guid":{"rendered":"https:\/\/goldstonehvacr.com\/?post_type=product&#038;p=37943"},"modified":"2022-02-03T00:07:04","modified_gmt":"2022-02-03T00:07:04","slug":"epoxy-aluminum-foil","status":"publish","type":"product","link":"https:\/\/goldstonehvacr.com\/es\/product\/epoxy-aluminum-foil\/","title":{"rendered":"L\u00e1mina de aluminio epoxi (dorada)"},"content":{"rendered":"<p><strong>Aleaciones disponibles<\/strong>:Aluminio 1050,1100, 8011<\/p>\n<p><strong>Temperamentos disponibles:<\/strong>\u00a0O, H16, H18, H22, H24<\/p>\n<p><strong>Espesor disponible: <\/strong>0,001 \u2013 0,019\u2033 (0,03 \u2013 0,5 mm)<\/p>\n<p><strong>Colores disponibles:\u00a0<\/strong>Oro, transparente<\/p>\n<p><strong>Tipo de recubrimiento:<\/strong>\u00a0Epoxy<\/p>\n<p><strong>Est\u00e1ndar:<\/strong>\u00a0YS\/T95.2-2009<\/p>\n<p><strong>Resistencia a la corrosi\u00f3n:\u00a0<\/strong><\/p>\n<p>ASTM B117 Niebla de sal neutra 2000 h: Grado 10, Aprobado<\/p>\n<p>ASTM G85-A1 \u00c1cido ac\u00e9tico-niebla salina 500 h: Grado 10, aprobado<\/p>","protected":false},"excerpt":{"rendered":"<p>La aleta de aluminio est\u00e1 dise\u00f1ada para proporcionar una resistencia superior a la corrosi\u00f3n con una alta eficiencia de intercambio de calor para aplicaciones cerca de costas marinas y otros entornos corrosivos.<\/p>","protected":false},"featured_media":40285,"comment_status":"open","ping_status":"closed","template":"","meta":{"content-type":""},"product_brand":[],"product_cat":[194,166,233],"product_tag":[],"class_list":{"0":"post-37943","1":"product","2":"type-product","3":"status-publish","4":"has-post-thumbnail","6":"product_cat-aluminum-foil","7":"product_cat-copper-and-aluminum-foil","8":"product_cat-oem-promotion","10":"first","11":"instock","12":"shipping-taxable","13":"product-type-simple"},"yoast_head":"<!-- This site is optimized with the Yoast SEO plugin v27.2 - https:\/\/yoast.com\/product\/yoast-seo-wordpress\/ -->\n<title>Epoxy Aluminum (Gold) Foil - Gold Stone HVAC\/R<\/title>\n<meta name=\"description\" content=\"Aluminum Fin is designed to provide super corrosion resistance with high heat exchange efficiency for application near sea coasts and other corrosive environments. Foils are responsible for a surprising 65% \u2013 70% of the heat transfer on any coil, while tubes are responsible for the remaining 30% \u2013 35%.\" \/>\n<meta name=\"robots\" content=\"index, follow, max-snippet:-1, max-image-preview:large, max-video-preview:-1\" \/>\n<link rel=\"canonical\" href=\"https:\/\/goldstonehvacr.com\/es\/product\/epoxy-aluminum-foil\/\" \/>\n<meta property=\"og:locale\" content=\"es_ES\" \/>\n<meta property=\"og:type\" content=\"article\" \/>\n<meta property=\"og:title\" content=\"Epoxy Aluminum (Gold) Foil - Gold Stone HVAC\/R\" \/>\n<meta property=\"og:description\" content=\"Aluminum Fin is designed to provide super corrosion resistance with high heat exchange efficiency for application near sea coasts and other corrosive environments. Foils are responsible for a surprising 65% \u2013 70% of the heat transfer on any coil, while tubes are responsible for the remaining 30% \u2013 35%.\" \/>\n<meta property=\"og:url\" content=\"https:\/\/goldstonehvacr.com\/es\/product\/epoxy-aluminum-foil\/\" \/>\n<meta property=\"og:site_name\" content=\"Gold Stone HVAC\/R\" \/>\n<meta property=\"article:modified_time\" content=\"2022-02-03T00:07:04+00:00\" \/>\n<meta property=\"og:image\" content=\"https:\/\/goldstonehvacr.com\/wp-content\/uploads\/2019\/10\/Gold-Fin-small-min.jpg\" \/>\n\t<meta property=\"og:image:width\" content=\"550\" \/>\n\t<meta property=\"og:image:height\" content=\"550\" \/>\n\t<meta property=\"og:image:type\" content=\"image\/jpeg\" \/>\n<meta name=\"twitter:card\" content=\"summary_large_image\" \/>\n<!-- \/ Yoast SEO plugin. -->","yoast_head_json":{"title":"Epoxy Aluminum (Gold) Foil - Gold Stone HVAC\/R","description":"Aluminum Fin is designed to provide super corrosion resistance with high heat exchange efficiency for application near sea coasts and other corrosive environments. Foils are responsible for a surprising 65% \u2013 70% of the heat transfer on any coil, while tubes are responsible for the remaining 30% \u2013 35%.","robots":{"index":"index","follow":"follow","max-snippet":"max-snippet:-1","max-image-preview":"max-image-preview:large","max-video-preview":"max-video-preview:-1"},"canonical":"https:\/\/goldstonehvacr.com\/es\/product\/epoxy-aluminum-foil\/","og_locale":"es_ES","og_type":"article","og_title":"Epoxy Aluminum (Gold) Foil - Gold Stone HVAC\/R","og_description":"Aluminum Fin is designed to provide super corrosion resistance with high heat exchange efficiency for application near sea coasts and other corrosive environments. Foils are responsible for a surprising 65% \u2013 70% of the heat transfer on any coil, while tubes are responsible for the remaining 30% \u2013 35%.","og_url":"https:\/\/goldstonehvacr.com\/es\/product\/epoxy-aluminum-foil\/","og_site_name":"Gold Stone HVAC\/R","article_modified_time":"2022-02-03T00:07:04+00:00","og_image":[{"width":550,"height":550,"url":"https:\/\/goldstonehvacr.com\/wp-content\/uploads\/2019\/10\/Gold-Fin-small-min.jpg","type":"image\/jpeg"}],"twitter_card":"summary_large_image","schema":{"@context":"https:\/\/schema.org","@graph":[{"@type":"WebPage","@id":"https:\/\/goldstonehvacr.com\/product\/epoxy-aluminum-foil\/","url":"https:\/\/goldstonehvacr.com\/product\/epoxy-aluminum-foil\/","name":"Epoxy Aluminum (Gold) Foil - Gold Stone HVAC\/R","isPartOf":{"@id":"https:\/\/goldstonehvacr.com\/#website"},"primaryImageOfPage":{"@id":"https:\/\/goldstonehvacr.com\/product\/epoxy-aluminum-foil\/#primaryimage"},"image":{"@id":"https:\/\/goldstonehvacr.com\/product\/epoxy-aluminum-foil\/#primaryimage"},"thumbnailUrl":"https:\/\/goldstonehvacr.com\/wp-content\/uploads\/2019\/10\/Gold-Fin-small-min.jpg","datePublished":"2021-03-26T20:06:33+00:00","dateModified":"2022-02-03T00:07:04+00:00","description":"Aluminum Fin is designed to provide super corrosion resistance with high heat exchange efficiency for application near sea coasts and other corrosive environments. Foils are responsible for a surprising 65% \u2013 70% of the heat transfer on any coil, while tubes are responsible for the remaining 30% \u2013 35%.","breadcrumb":{"@id":"https:\/\/goldstonehvacr.com\/product\/epoxy-aluminum-foil\/#breadcrumb"},"inLanguage":"es-PE","potentialAction":[{"@type":"ReadAction","target":["https:\/\/goldstonehvacr.com\/product\/epoxy-aluminum-foil\/"]}]},{"@type":"ImageObject","inLanguage":"es-PE","@id":"https:\/\/goldstonehvacr.com\/product\/epoxy-aluminum-foil\/#primaryimage","url":"https:\/\/goldstonehvacr.com\/wp-content\/uploads\/2019\/10\/Gold-Fin-small-min.jpg","contentUrl":"https:\/\/goldstonehvacr.com\/wp-content\/uploads\/2019\/10\/Gold-Fin-small-min.jpg","width":550,"height":550},{"@type":"BreadcrumbList","@id":"https:\/\/goldstonehvacr.com\/product\/epoxy-aluminum-foil\/#breadcrumb","itemListElement":[{"@type":"ListItem","position":1,"name":"Home","item":"https:\/\/goldstonehvacr.com\/"},{"@type":"ListItem","position":2,"name":"Shop","item":"https:\/\/goldstonehvacr.com\/shop\/"},{"@type":"ListItem","position":3,"name":"Epoxy Aluminum (Gold) Foil"}]},{"@type":"WebSite","@id":"https:\/\/goldstonehvacr.com\/#website","url":"https:\/\/goldstonehvacr.com\/","name":"Calefacci\u00f3n, ventilaci\u00f3n y aire acondicionado Gold Stone","description":"","publisher":{"@id":"https:\/\/goldstonehvacr.com\/#organization"},"potentialAction":[{"@type":"SearchAction","target":{"@type":"EntryPoint","urlTemplate":"https:\/\/goldstonehvacr.com\/?s={search_term_string}"},"query-input":{"@type":"PropertyValueSpecification","valueRequired":true,"valueName":"search_term_string"}}],"inLanguage":"es-PE"},{"@type":"Organization","@id":"https:\/\/goldstonehvacr.com\/#organization","name":"Sistema de climatizaci\u00f3n Goldstone","url":"https:\/\/goldstonehvacr.com\/","logo":{"@type":"ImageObject","inLanguage":"es-PE","@id":"https:\/\/goldstonehvacr.com\/#\/schema\/logo\/image\/","url":"https:\/\/goldstonehvacr.com\/wp-content\/uploads\/2019\/09\/gsi-logo.png","contentUrl":"https:\/\/goldstonehvacr.com\/wp-content\/uploads\/2019\/09\/gsi-logo.png","width":340,"height":159,"caption":"Goldstone HVAC"},"image":{"@id":"https:\/\/goldstonehvacr.com\/#\/schema\/logo\/image\/"}}]}},"jetpack_sharing_enabled":true,"_links":{"self":[{"href":"https:\/\/goldstonehvacr.com\/es\/wp-json\/wp\/v2\/product\/37943","targetHints":{"allow":["GET"]}}],"collection":[{"href":"https:\/\/goldstonehvacr.com\/es\/wp-json\/wp\/v2\/product"}],"about":[{"href":"https:\/\/goldstonehvacr.com\/es\/wp-json\/wp\/v2\/types\/product"}],"replies":[{"embeddable":true,"href":"https:\/\/goldstonehvacr.com\/es\/wp-json\/wp\/v2\/comments?post=37943"}],"wp:featuredmedia":[{"embeddable":true,"href":"https:\/\/goldstonehvacr.com\/es\/wp-json\/wp\/v2\/media\/40285"}],"wp:attachment":[{"href":"https:\/\/goldstonehvacr.com\/es\/wp-json\/wp\/v2\/media?parent=37943"}],"wp:term":[{"taxonomy":"product_brand","embeddable":true,"href":"https:\/\/goldstonehvacr.com\/es\/wp-json\/wp\/v2\/product_brand?post=37943"},{"taxonomy":"product_cat","embeddable":true,"href":"https:\/\/goldstonehvacr.com\/es\/wp-json\/wp\/v2\/product_cat?post=37943"},{"taxonomy":"product_tag","embeddable":true,"href":"https:\/\/goldstonehvacr.com\/es\/wp-json\/wp\/v2\/product_tag?post=37943"}],"curies":[{"name":"wp","href":"https:\/\/api.w.org\/{rel}","templated":true}]}}