{"id":37120,"date":"2018-12-13T15:56:49","date_gmt":"2018-12-13T15:56:49","guid":{"rendered":"https:\/\/ehvacr.ca\/?post_type=product&#038;p=37120"},"modified":"2021-03-31T20:13:17","modified_gmt":"2021-03-31T20:13:17","slug":"a-c-duct-cover","status":"publish","type":"product","link":"https:\/\/goldstonehvacr.com\/es\/product\/a-c-duct-cover\/","title":{"rendered":"Cubierta del conducto de aire acondicionado"},"content":{"rendered":"<h3>Mayorista y fabricante de cubiertas para conductos de aire acondicionado para HVAC<\/h3>\n<p>Con una construcci\u00f3n duradera y pruebas internas de calidad, nuestra cubierta de conducto de aire acondicionado es la de mayor calidad disponible para su sistema de protecci\u00f3n de cubierta de conjunto de l\u00edneas\/cubierta de conjunto de l\u00edneas.<\/p>\n<h3>Caracter\u00edsticas principales de la cubierta del conducto del aire acondicionado<\/h3>\n<p>Nuestra cubierta de conducto de aire acondicionado est\u00e1 dise\u00f1ada para mejorar el rendimiento de su sistema de cubierta de conjunto de l\u00ednea \/ protecci\u00f3n de cubierta de conjunto de l\u00ednea con estas caracter\u00edsticas:<\/p>\n<ul>\n<li>Fabricado con material r\u00edgido resistente a la intemperie y ultraduradero.<\/li>\n<li>Los componentes se conectan f\u00e1cilmente con un solo clic.<\/li>\n<li>Instalaci\u00f3n r\u00e1pida y sencilla por una sola persona<\/li>\n<li>Tambi\u00e9n es ideal para aplicaciones interiores, exteriores y el\u00e9ctricas o de plomer\u00eda.<\/li>\n<\/ul>","protected":false},"excerpt":{"rendered":"<p><a href=\"https:\/\/ehvacr.ca\/hvacr-supply-oem-in-canada\/\">Clientes OEM hagan clic aqu\u00ed<\/a> Para precios A\u00daN mejores<\/p>","protected":false},"featured_media":40250,"comment_status":"open","ping_status":"closed","template":"","meta":{"content-type":""},"product_brand":[],"product_cat":[160,176,212],"product_tag":[],"class_list":{"0":"post-37120","1":"product","2":"type-product","3":"status-publish","4":"has-post-thumbnail","6":"product_cat-whosale","7":"product_cat-ac-installation-accessories","8":"product_cat-a-c-duct-cover","10":"first","11":"instock","12":"shipping-taxable","13":"purchasable","14":"product-type-variable"},"yoast_head":"<!-- This site is optimized with the Yoast SEO plugin v27.2 - https:\/\/yoast.com\/product\/yoast-seo-wordpress\/ -->\n<title>A\/C Duct Cover - Gold Stone HVAC\/R<\/title>\n<meta name=\"robots\" content=\"index, follow, max-snippet:-1, max-image-preview:large, max-video-preview:-1\" \/>\n<link rel=\"canonical\" href=\"https:\/\/goldstonehvacr.com\/es\/product\/a-c-duct-cover\/\" \/>\n<meta property=\"og:locale\" content=\"es_ES\" \/>\n<meta property=\"og:type\" content=\"article\" \/>\n<meta property=\"og:title\" content=\"A\/C Duct Cover - Gold Stone HVAC\/R\" \/>\n<meta property=\"og:description\" content=\"OEM Customers Click Here For EVEN Better Pricing\" \/>\n<meta property=\"og:url\" content=\"https:\/\/goldstonehvacr.com\/es\/product\/a-c-duct-cover\/\" \/>\n<meta property=\"og:site_name\" content=\"Gold Stone HVAC\/R\" \/>\n<meta property=\"article:modified_time\" content=\"2021-03-31T20:13:17+00:00\" \/>\n<meta property=\"og:image\" content=\"https:\/\/goldstonehvacr.com\/wp-content\/uploads\/2018\/12\/duct-cover-1-min.jpg\" \/>\n\t<meta property=\"og:image:width\" content=\"550\" \/>\n\t<meta property=\"og:image:height\" content=\"550\" \/>\n\t<meta property=\"og:image:type\" content=\"image\/jpeg\" \/>\n<meta name=\"twitter:card\" content=\"summary_large_image\" \/>\n<meta name=\"twitter:label1\" content=\"Est. reading time\" \/>\n\t<meta name=\"twitter:data1\" content=\"2 minutos\" \/>\n<!-- \/ Yoast SEO plugin. -->","yoast_head_json":{"title":"A\/C Duct Cover - Gold Stone HVAC\/R","robots":{"index":"index","follow":"follow","max-snippet":"max-snippet:-1","max-image-preview":"max-image-preview:large","max-video-preview":"max-video-preview:-1"},"canonical":"https:\/\/goldstonehvacr.com\/es\/product\/a-c-duct-cover\/","og_locale":"es_ES","og_type":"article","og_title":"A\/C Duct Cover - Gold Stone HVAC\/R","og_description":"OEM Customers Click Here For EVEN Better Pricing","og_url":"https:\/\/goldstonehvacr.com\/es\/product\/a-c-duct-cover\/","og_site_name":"Gold Stone HVAC\/R","article_modified_time":"2021-03-31T20:13:17+00:00","og_image":[{"width":550,"height":550,"url":"https:\/\/goldstonehvacr.com\/wp-content\/uploads\/2018\/12\/duct-cover-1-min.jpg","type":"image\/jpeg"}],"twitter_card":"summary_large_image","twitter_misc":{"Est. reading time":"2 minutos"},"schema":{"@context":"https:\/\/schema.org","@graph":[{"@type":"WebPage","@id":"https:\/\/goldstonehvacr.com\/product\/a-c-duct-cover\/","url":"https:\/\/goldstonehvacr.com\/product\/a-c-duct-cover\/","name":"A\/C Duct Cover - Gold Stone HVAC\/R","isPartOf":{"@id":"https:\/\/goldstonehvacr.com\/#website"},"primaryImageOfPage":{"@id":"https:\/\/goldstonehvacr.com\/product\/a-c-duct-cover\/#primaryimage"},"image":{"@id":"https:\/\/goldstonehvacr.com\/product\/a-c-duct-cover\/#primaryimage"},"thumbnailUrl":"https:\/\/goldstonehvacr.com\/wp-content\/uploads\/2018\/12\/duct-cover-1-min.jpg","datePublished":"2018-12-13T15:56:49+00:00","dateModified":"2021-03-31T20:13:17+00:00","breadcrumb":{"@id":"https:\/\/goldstonehvacr.com\/product\/a-c-duct-cover\/#breadcrumb"},"inLanguage":"es-PE","potentialAction":[{"@type":"ReadAction","target":["https:\/\/goldstonehvacr.com\/product\/a-c-duct-cover\/"]}]},{"@type":"ImageObject","inLanguage":"es-PE","@id":"https:\/\/goldstonehvacr.com\/product\/a-c-duct-cover\/#primaryimage","url":"https:\/\/goldstonehvacr.com\/wp-content\/uploads\/2018\/12\/duct-cover-1-min.jpg","contentUrl":"https:\/\/goldstonehvacr.com\/wp-content\/uploads\/2018\/12\/duct-cover-1-min.jpg","width":550,"height":550},{"@type":"BreadcrumbList","@id":"https:\/\/goldstonehvacr.com\/product\/a-c-duct-cover\/#breadcrumb","itemListElement":[{"@type":"ListItem","position":1,"name":"Home","item":"https:\/\/goldstonehvacr.com\/"},{"@type":"ListItem","position":2,"name":"Shop","item":"https:\/\/goldstonehvacr.com\/shop\/"},{"@type":"ListItem","position":3,"name":"A\/C Duct Cover"}]},{"@type":"WebSite","@id":"https:\/\/goldstonehvacr.com\/#website","url":"https:\/\/goldstonehvacr.com\/","name":"Calefacci\u00f3n, ventilaci\u00f3n y aire acondicionado Gold Stone","description":"","publisher":{"@id":"https:\/\/goldstonehvacr.com\/#organization"},"potentialAction":[{"@type":"SearchAction","target":{"@type":"EntryPoint","urlTemplate":"https:\/\/goldstonehvacr.com\/?s={search_term_string}"},"query-input":{"@type":"PropertyValueSpecification","valueRequired":true,"valueName":"search_term_string"}}],"inLanguage":"es-PE"},{"@type":"Organization","@id":"https:\/\/goldstonehvacr.com\/#organization","name":"Sistema de climatizaci\u00f3n Goldstone","url":"https:\/\/goldstonehvacr.com\/","logo":{"@type":"ImageObject","inLanguage":"es-PE","@id":"https:\/\/goldstonehvacr.com\/#\/schema\/logo\/image\/","url":"https:\/\/goldstonehvacr.com\/wp-content\/uploads\/2019\/09\/gsi-logo.png","contentUrl":"https:\/\/goldstonehvacr.com\/wp-content\/uploads\/2019\/09\/gsi-logo.png","width":340,"height":159,"caption":"Goldstone HVAC"},"image":{"@id":"https:\/\/goldstonehvacr.com\/#\/schema\/logo\/image\/"}}]}},"jetpack_sharing_enabled":true,"_links":{"self":[{"href":"https:\/\/goldstonehvacr.com\/es\/wp-json\/wp\/v2\/product\/37120","targetHints":{"allow":["GET"]}}],"collection":[{"href":"https:\/\/goldstonehvacr.com\/es\/wp-json\/wp\/v2\/product"}],"about":[{"href":"https:\/\/goldstonehvacr.com\/es\/wp-json\/wp\/v2\/types\/product"}],"replies":[{"embeddable":true,"href":"https:\/\/goldstonehvacr.com\/es\/wp-json\/wp\/v2\/comments?post=37120"}],"wp:featuredmedia":[{"embeddable":true,"href":"https:\/\/goldstonehvacr.com\/es\/wp-json\/wp\/v2\/media\/40250"}],"wp:attachment":[{"href":"https:\/\/goldstonehvacr.com\/es\/wp-json\/wp\/v2\/media?parent=37120"}],"wp:term":[{"taxonomy":"product_brand","embeddable":true,"href":"https:\/\/goldstonehvacr.com\/es\/wp-json\/wp\/v2\/product_brand?post=37120"},{"taxonomy":"product_cat","embeddable":true,"href":"https:\/\/goldstonehvacr.com\/es\/wp-json\/wp\/v2\/product_cat?post=37120"},{"taxonomy":"product_tag","embeddable":true,"href":"https:\/\/goldstonehvacr.com\/es\/wp-json\/wp\/v2\/product_tag?post=37120"}],"curies":[{"name":"wp","href":"https:\/\/api.w.org\/{rel}","templated":true}]}}