{"id":20175,"date":"2021-03-29T21:30:01","date_gmt":"2021-03-29T21:30:01","guid":{"rendered":"https:\/\/goldstonehvacr.com\/?post_type=product&#038;p=20175"},"modified":"2022-02-15T12:12:14","modified_gmt":"2022-02-15T12:12:14","slug":"oem-customized-fan-guard","status":"publish","type":"product","link":"https:\/\/goldstonehvacr.com\/es\/product\/oem-customized-fan-guard\/","title":{"rendered":"Protector de ventilador personalizado"},"content":{"rendered":"","protected":false},"excerpt":{"rendered":"<p>Nos especializamos en la ingenier\u00eda y fabricaci\u00f3n de protectores de ventiladores de precisi\u00f3n y dise\u00f1o personalizado. Nuestro equipo de ingenieros de HVAC trabajar\u00e1 estrechamente con usted en sus especificaciones de dise\u00f1o, desde el prototipo hasta la producci\u00f3n final. Una vez finalizado el mecanizado de precisi\u00f3n, le proporcionaremos muestras y se requerir\u00e1 su aprobaci\u00f3n antes de comenzar la producci\u00f3n en masa de su pedido.<\/p>\n<p>Podemos trabajar con usted en nuevos dise\u00f1os o ayudarlo a modificar un dise\u00f1o de protecci\u00f3n de ventilador existente.<\/p>\n<p>Tambi\u00e9n podemos dise\u00f1ar soportes de motor de ventilador personalizados que le permitan colgar el motor de la protecci\u00f3n, eliminando as\u00ed la necesidad de un soporte de motor adicional.<\/p>\n<p>Hay muchos acabados personalizados disponibles.<\/p>","protected":false},"featured_media":20176,"comment_status":"open","ping_status":"closed","template":"","meta":{"content-type":""},"product_brand":[],"product_cat":[233,159,103,101],"product_tag":[],"class_list":{"0":"post-20175","1":"product","2":"type-product","3":"status-publish","4":"has-post-thumbnail","6":"product_cat-oem-promotion","7":"product_cat-oem","8":"product_cat-fan-guards-wired-grille","9":"product_cat-fan-guards","11":"first","12":"instock","13":"shipping-taxable","14":"purchasable","15":"product-type-simple"},"yoast_head":"<!-- This site is optimized with the Yoast SEO plugin v27.2 - https:\/\/yoast.com\/product\/yoast-seo-wordpress\/ -->\n<title>Customized Fan Guard - Gold Stone HVAC\/R<\/title>\n<meta name=\"description\" content=\"Our expertise is in engineering and manufacturing precision made custom-designed fan guards. Our team of HVAC engineers will work closely with you on your design specifications, from prototype to final production. After precision tooling is completed, samples will be provided and approval required before mass production of your order begins.\" \/>\n<meta name=\"robots\" content=\"index, follow, max-snippet:-1, max-image-preview:large, max-video-preview:-1\" \/>\n<link rel=\"canonical\" href=\"https:\/\/goldstonehvacr.com\/es\/product\/oem-customized-fan-guard\/\" \/>\n<meta property=\"og:locale\" content=\"es_ES\" \/>\n<meta property=\"og:type\" content=\"article\" \/>\n<meta property=\"og:title\" content=\"Customized Fan Guard - Gold Stone HVAC\/R\" \/>\n<meta property=\"og:description\" content=\"Our expertise is in engineering and manufacturing precision made custom-designed fan guards. Our team of HVAC engineers will work closely with you on your design specifications, from prototype to final production. After precision tooling is completed, samples will be provided and approval required before mass production of your order begins.\" \/>\n<meta property=\"og:url\" content=\"https:\/\/goldstonehvacr.com\/es\/product\/oem-customized-fan-guard\/\" \/>\n<meta property=\"og:site_name\" content=\"Gold Stone HVAC\/R\" \/>\n<meta property=\"article:modified_time\" content=\"2022-02-15T12:12:14+00:00\" \/>\n<meta property=\"og:image\" content=\"https:\/\/goldstonehvacr.com\/wp-content\/uploads\/2019\/09\/fan_guard2.jpg\" \/>\n\t<meta property=\"og:image:width\" content=\"500\" \/>\n\t<meta property=\"og:image:height\" content=\"500\" \/>\n\t<meta property=\"og:image:type\" content=\"image\/jpeg\" \/>\n<meta name=\"twitter:card\" content=\"summary_large_image\" \/>\n<!-- \/ Yoast SEO plugin. -->","yoast_head_json":{"title":"Protector de ventilador personalizado - Gold Stone HVAC\/R","description":"Nos especializamos en la ingenier\u00eda y fabricaci\u00f3n de protectores de ventiladores de precisi\u00f3n y dise\u00f1o personalizado. Nuestro equipo de ingenieros de HVAC trabajar\u00e1 estrechamente con usted en sus especificaciones de dise\u00f1o, desde el prototipo hasta la producci\u00f3n final. Una vez finalizado el mecanizado de precisi\u00f3n, le proporcionaremos muestras y se requerir\u00e1 su aprobaci\u00f3n antes de comenzar la producci\u00f3n en masa de su pedido.","robots":{"index":"index","follow":"follow","max-snippet":"max-snippet:-1","max-image-preview":"max-image-preview:large","max-video-preview":"max-video-preview:-1"},"canonical":"https:\/\/goldstonehvacr.com\/es\/product\/oem-customized-fan-guard\/","og_locale":"es_ES","og_type":"article","og_title":"Customized Fan Guard - Gold Stone HVAC\/R","og_description":"Our expertise is in engineering and manufacturing precision made custom-designed fan guards. Our team of HVAC engineers will work closely with you on your design specifications, from prototype to final production. After precision tooling is completed, samples will be provided and approval required before mass production of your order begins.","og_url":"https:\/\/goldstonehvacr.com\/es\/product\/oem-customized-fan-guard\/","og_site_name":"Gold Stone HVAC\/R","article_modified_time":"2022-02-15T12:12:14+00:00","og_image":[{"width":500,"height":500,"url":"https:\/\/goldstonehvacr.com\/wp-content\/uploads\/2019\/09\/fan_guard2.jpg","type":"image\/jpeg"}],"twitter_card":"summary_large_image","schema":{"@context":"https:\/\/schema.org","@graph":[{"@type":"WebPage","@id":"https:\/\/goldstonehvacr.com\/product\/oem-customized-fan-guard\/","url":"https:\/\/goldstonehvacr.com\/product\/oem-customized-fan-guard\/","name":"Protector de ventilador personalizado - Gold Stone HVAC\/R","isPartOf":{"@id":"https:\/\/goldstonehvacr.com\/#website"},"primaryImageOfPage":{"@id":"https:\/\/goldstonehvacr.com\/product\/oem-customized-fan-guard\/#primaryimage"},"image":{"@id":"https:\/\/goldstonehvacr.com\/product\/oem-customized-fan-guard\/#primaryimage"},"thumbnailUrl":"https:\/\/goldstonehvacr.com\/wp-content\/uploads\/2019\/09\/fan_guard2.jpg","datePublished":"2021-03-29T21:30:01+00:00","dateModified":"2022-02-15T12:12:14+00:00","description":"Nos especializamos en la ingenier\u00eda y fabricaci\u00f3n de protectores de ventiladores de precisi\u00f3n y dise\u00f1o personalizado. Nuestro equipo de ingenieros de HVAC trabajar\u00e1 estrechamente con usted en sus especificaciones de dise\u00f1o, desde el prototipo hasta la producci\u00f3n final. Una vez finalizado el mecanizado de precisi\u00f3n, le proporcionaremos muestras y se requerir\u00e1 su aprobaci\u00f3n antes de comenzar la producci\u00f3n en masa de su pedido.","breadcrumb":{"@id":"https:\/\/goldstonehvacr.com\/product\/oem-customized-fan-guard\/#breadcrumb"},"inLanguage":"es-PE","potentialAction":[{"@type":"ReadAction","target":["https:\/\/goldstonehvacr.com\/product\/oem-customized-fan-guard\/"]}]},{"@type":"ImageObject","inLanguage":"es-PE","@id":"https:\/\/goldstonehvacr.com\/product\/oem-customized-fan-guard\/#primaryimage","url":"https:\/\/goldstonehvacr.com\/wp-content\/uploads\/2019\/09\/fan_guard2.jpg","contentUrl":"https:\/\/goldstonehvacr.com\/wp-content\/uploads\/2019\/09\/fan_guard2.jpg","width":500,"height":500},{"@type":"BreadcrumbList","@id":"https:\/\/goldstonehvacr.com\/product\/oem-customized-fan-guard\/#breadcrumb","itemListElement":[{"@type":"ListItem","position":1,"name":"Home","item":"https:\/\/goldstonehvacr.com\/"},{"@type":"ListItem","position":2,"name":"Shop","item":"https:\/\/goldstonehvacr.com\/shop\/"},{"@type":"ListItem","position":3,"name":"Customized Fan Guard"}]},{"@type":"WebSite","@id":"https:\/\/goldstonehvacr.com\/#website","url":"https:\/\/goldstonehvacr.com\/","name":"Calefacci\u00f3n, ventilaci\u00f3n y aire acondicionado Gold Stone","description":"","publisher":{"@id":"https:\/\/goldstonehvacr.com\/#organization"},"potentialAction":[{"@type":"SearchAction","target":{"@type":"EntryPoint","urlTemplate":"https:\/\/goldstonehvacr.com\/?s={search_term_string}"},"query-input":{"@type":"PropertyValueSpecification","valueRequired":true,"valueName":"search_term_string"}}],"inLanguage":"es-PE"},{"@type":"Organization","@id":"https:\/\/goldstonehvacr.com\/#organization","name":"Sistema de climatizaci\u00f3n Goldstone","url":"https:\/\/goldstonehvacr.com\/","logo":{"@type":"ImageObject","inLanguage":"es-PE","@id":"https:\/\/goldstonehvacr.com\/#\/schema\/logo\/image\/","url":"https:\/\/goldstonehvacr.com\/wp-content\/uploads\/2019\/09\/gsi-logo.png","contentUrl":"https:\/\/goldstonehvacr.com\/wp-content\/uploads\/2019\/09\/gsi-logo.png","width":340,"height":159,"caption":"Goldstone HVAC"},"image":{"@id":"https:\/\/goldstonehvacr.com\/#\/schema\/logo\/image\/"}}]}},"jetpack_sharing_enabled":true,"_links":{"self":[{"href":"https:\/\/goldstonehvacr.com\/es\/wp-json\/wp\/v2\/product\/20175","targetHints":{"allow":["GET"]}}],"collection":[{"href":"https:\/\/goldstonehvacr.com\/es\/wp-json\/wp\/v2\/product"}],"about":[{"href":"https:\/\/goldstonehvacr.com\/es\/wp-json\/wp\/v2\/types\/product"}],"replies":[{"embeddable":true,"href":"https:\/\/goldstonehvacr.com\/es\/wp-json\/wp\/v2\/comments?post=20175"}],"wp:featuredmedia":[{"embeddable":true,"href":"https:\/\/goldstonehvacr.com\/es\/wp-json\/wp\/v2\/media\/20176"}],"wp:attachment":[{"href":"https:\/\/goldstonehvacr.com\/es\/wp-json\/wp\/v2\/media?parent=20175"}],"wp:term":[{"taxonomy":"product_brand","embeddable":true,"href":"https:\/\/goldstonehvacr.com\/es\/wp-json\/wp\/v2\/product_brand?post=20175"},{"taxonomy":"product_cat","embeddable":true,"href":"https:\/\/goldstonehvacr.com\/es\/wp-json\/wp\/v2\/product_cat?post=20175"},{"taxonomy":"product_tag","embeddable":true,"href":"https:\/\/goldstonehvacr.com\/es\/wp-json\/wp\/v2\/product_tag?post=20175"}],"curies":[{"name":"wp","href":"https:\/\/api.w.org\/{rel}","templated":true}]}}