{"id":20036,"date":"2021-03-16T17:19:29","date_gmt":"2021-03-16T17:19:29","guid":{"rendered":"https:\/\/goldstonehvacr.com\/?post_type=product&#038;p=20036"},"modified":"2021-03-31T18:23:33","modified_gmt":"2021-03-31T18:23:33","slug":"coaxial-heat-exchanger","status":"publish","type":"product","link":"https:\/\/goldstonehvacr.com\/es\/product\/coaxial-heat-exchanger\/","title":{"rendered":"Intercambiador coaxial"},"content":{"rendered":"<ul>\n<li>Nuestro tubo de ranura interior patentado provoca turbulencia en el fluido, lo que resulta en una mayor transferencia de calor.<\/li>\n<li>La ranura interna de m\u00faltiples conductores de nuestro tubo proporciona un deslizamiento de agua efectivo para protegerlo contra la congelaci\u00f3n y los da\u00f1os.<\/li>\n<li>Ofrecemos modelos est\u00e1ndar en forma redonda, de tromb\u00f3n, rectangular, de doble h\u00e9lice y espiral. Tambi\u00e9n puede enviarnos sus especificaciones y podemos personalizar el dise\u00f1o seg\u00fan sus dimensiones.<\/li>\n<li>Nuestro intercambiador de calor coaxial es ideal para calentadores de agua con bomba de calor, bombas de calor aire-agua y muchos m\u00e1s. El tubo interior puede revestirse con cobre, cupron\u00edquel, acero inoxidable y titanio.<\/li>\n<\/ul>","protected":false},"excerpt":{"rendered":"<p>El intercambiador de calor coaxial est\u00e1 dise\u00f1ado con una estructura de &quot;tubo en tubo&quot;. El tubo exterior est\u00e1 hecho de acero\/cobre, y el tubo interior puede ser de titanio, cobre o cobre-n\u00edquel, seg\u00fan las condiciones de trabajo. El tubo interior presenta numerosas ranuras en espiral en su superficie, lo que ampl\u00eda la superficie de conexi\u00f3n y permite una mayor transferencia de calor.<\/p>\n<p>Dado que las temperaturas de refrigeraci\u00f3n y agua son diferentes, el calor se transferir\u00e1 del refrigerante de alta temperatura al otro. Este es el principio de transferencia de calor a contraflujo, que permite aprovechar al m\u00e1ximo el sobrecalentamiento del vapor refrigerante y el sobreenfriamiento del refrigerante l\u00edquido.<\/p>","protected":false},"featured_media":20037,"comment_status":"open","ping_status":"closed","template":"","meta":{"content-type":""},"product_brand":[],"product_cat":[162,148],"product_tag":[129],"class_list":{"0":"post-20036","1":"product","2":"type-product","3":"status-publish","4":"has-post-thumbnail","6":"product_cat-coaxial-heat-exchanger","7":"product_cat-heat-exchanger","8":"product_tag-oem","10":"first","11":"instock","12":"shipping-taxable","13":"purchasable","14":"product-type-simple"},"yoast_head":"<!-- This site is optimized with the Yoast SEO plugin v27.2 - https:\/\/yoast.com\/product\/yoast-seo-wordpress\/ -->\n<title>Coaxial Heat Exchanger - Gold Stone HVAC\/R<\/title>\n<meta name=\"description\" content=\"The coaxial heat exchanger is designed as a &quot;tube in tube&quot; structure. Usually the outer tube is made of steel\/copper, and the inner tube can be titanium, copper, copper-nickel depending on the requirements of working condition. For the inner tube is has many spiral grooves on the surface, which will enlarge the connection surface and get more heat transferred.\" \/>\n<meta name=\"robots\" content=\"index, follow, max-snippet:-1, max-image-preview:large, max-video-preview:-1\" \/>\n<link rel=\"canonical\" href=\"https:\/\/goldstonehvacr.com\/es\/product\/coaxial-heat-exchanger\/\" \/>\n<meta property=\"og:locale\" content=\"es_ES\" \/>\n<meta property=\"og:type\" content=\"article\" \/>\n<meta property=\"og:title\" content=\"Coaxial Heat Exchanger - Gold Stone HVAC\/R\" \/>\n<meta property=\"og:description\" content=\"The coaxial heat exchanger is designed as a &quot;tube in tube&quot; structure. Usually the outer tube is made of steel\/copper, and the inner tube can be titanium, copper, copper-nickel depending on the requirements of working condition. For the inner tube is has many spiral grooves on the surface, which will enlarge the connection surface and get more heat transferred.\" \/>\n<meta property=\"og:url\" content=\"https:\/\/goldstonehvacr.com\/es\/product\/coaxial-heat-exchanger\/\" \/>\n<meta property=\"og:site_name\" content=\"Gold Stone HVAC\/R\" \/>\n<meta property=\"article:modified_time\" content=\"2021-03-31T18:23:33+00:00\" \/>\n<meta property=\"og:image\" content=\"https:\/\/goldstonehvacr.com\/wp-content\/uploads\/2019\/08\/COAXIAL-HEAT-EXCHANGER.jpg\" \/>\n\t<meta property=\"og:image:width\" content=\"500\" \/>\n\t<meta property=\"og:image:height\" content=\"500\" \/>\n\t<meta property=\"og:image:type\" content=\"image\/jpeg\" \/>\n<meta name=\"twitter:card\" content=\"summary_large_image\" \/>\n<!-- \/ Yoast SEO plugin. -->","yoast_head_json":{"title":"Coaxial Heat Exchanger - Gold Stone HVAC\/R","description":"The coaxial heat exchanger is designed as a \"tube in tube\" structure. Usually the outer tube is made of steel\/copper, and the inner tube can be titanium, copper, copper-nickel depending on the requirements of working condition. For the inner tube is has many spiral grooves on the surface, which will enlarge the connection surface and get more heat transferred.","robots":{"index":"index","follow":"follow","max-snippet":"max-snippet:-1","max-image-preview":"max-image-preview:large","max-video-preview":"max-video-preview:-1"},"canonical":"https:\/\/goldstonehvacr.com\/es\/product\/coaxial-heat-exchanger\/","og_locale":"es_ES","og_type":"article","og_title":"Coaxial Heat Exchanger - Gold Stone HVAC\/R","og_description":"The coaxial heat exchanger is designed as a \"tube in tube\" structure. Usually the outer tube is made of steel\/copper, and the inner tube can be titanium, copper, copper-nickel depending on the requirements of working condition. For the inner tube is has many spiral grooves on the surface, which will enlarge the connection surface and get more heat transferred.","og_url":"https:\/\/goldstonehvacr.com\/es\/product\/coaxial-heat-exchanger\/","og_site_name":"Gold Stone HVAC\/R","article_modified_time":"2021-03-31T18:23:33+00:00","og_image":[{"width":500,"height":500,"url":"https:\/\/goldstonehvacr.com\/wp-content\/uploads\/2019\/08\/COAXIAL-HEAT-EXCHANGER.jpg","type":"image\/jpeg"}],"twitter_card":"summary_large_image","schema":{"@context":"https:\/\/schema.org","@graph":[{"@type":"WebPage","@id":"https:\/\/goldstonehvacr.com\/product\/coaxial-heat-exchanger\/","url":"https:\/\/goldstonehvacr.com\/product\/coaxial-heat-exchanger\/","name":"Coaxial Heat Exchanger - Gold Stone HVAC\/R","isPartOf":{"@id":"https:\/\/goldstonehvacr.com\/#website"},"primaryImageOfPage":{"@id":"https:\/\/goldstonehvacr.com\/product\/coaxial-heat-exchanger\/#primaryimage"},"image":{"@id":"https:\/\/goldstonehvacr.com\/product\/coaxial-heat-exchanger\/#primaryimage"},"thumbnailUrl":"https:\/\/goldstonehvacr.com\/wp-content\/uploads\/2019\/08\/COAXIAL-HEAT-EXCHANGER.jpg","datePublished":"2021-03-16T17:19:29+00:00","dateModified":"2021-03-31T18:23:33+00:00","description":"The coaxial heat exchanger is designed as a \"tube in tube\" structure. Usually the outer tube is made of steel\/copper, and the inner tube can be titanium, copper, copper-nickel depending on the requirements of working condition. For the inner tube is has many spiral grooves on the surface, which will enlarge the connection surface and get more heat transferred.","breadcrumb":{"@id":"https:\/\/goldstonehvacr.com\/product\/coaxial-heat-exchanger\/#breadcrumb"},"inLanguage":"es-PE","potentialAction":[{"@type":"ReadAction","target":["https:\/\/goldstonehvacr.com\/product\/coaxial-heat-exchanger\/"]}]},{"@type":"ImageObject","inLanguage":"es-PE","@id":"https:\/\/goldstonehvacr.com\/product\/coaxial-heat-exchanger\/#primaryimage","url":"https:\/\/goldstonehvacr.com\/wp-content\/uploads\/2019\/08\/COAXIAL-HEAT-EXCHANGER.jpg","contentUrl":"https:\/\/goldstonehvacr.com\/wp-content\/uploads\/2019\/08\/COAXIAL-HEAT-EXCHANGER.jpg","width":500,"height":500},{"@type":"BreadcrumbList","@id":"https:\/\/goldstonehvacr.com\/product\/coaxial-heat-exchanger\/#breadcrumb","itemListElement":[{"@type":"ListItem","position":1,"name":"Home","item":"https:\/\/goldstonehvacr.com\/"},{"@type":"ListItem","position":2,"name":"Shop","item":"https:\/\/goldstonehvacr.com\/shop\/"},{"@type":"ListItem","position":3,"name":"Coaxial Heat Exchanger"}]},{"@type":"WebSite","@id":"https:\/\/goldstonehvacr.com\/#website","url":"https:\/\/goldstonehvacr.com\/","name":"Calefacci\u00f3n, ventilaci\u00f3n y aire acondicionado Gold Stone","description":"","publisher":{"@id":"https:\/\/goldstonehvacr.com\/#organization"},"potentialAction":[{"@type":"SearchAction","target":{"@type":"EntryPoint","urlTemplate":"https:\/\/goldstonehvacr.com\/?s={search_term_string}"},"query-input":{"@type":"PropertyValueSpecification","valueRequired":true,"valueName":"search_term_string"}}],"inLanguage":"es-PE"},{"@type":"Organization","@id":"https:\/\/goldstonehvacr.com\/#organization","name":"Sistema de climatizaci\u00f3n Goldstone","url":"https:\/\/goldstonehvacr.com\/","logo":{"@type":"ImageObject","inLanguage":"es-PE","@id":"https:\/\/goldstonehvacr.com\/#\/schema\/logo\/image\/","url":"https:\/\/goldstonehvacr.com\/wp-content\/uploads\/2019\/09\/gsi-logo.png","contentUrl":"https:\/\/goldstonehvacr.com\/wp-content\/uploads\/2019\/09\/gsi-logo.png","width":340,"height":159,"caption":"Goldstone HVAC"},"image":{"@id":"https:\/\/goldstonehvacr.com\/#\/schema\/logo\/image\/"}}]}},"jetpack_sharing_enabled":true,"_links":{"self":[{"href":"https:\/\/goldstonehvacr.com\/es\/wp-json\/wp\/v2\/product\/20036","targetHints":{"allow":["GET"]}}],"collection":[{"href":"https:\/\/goldstonehvacr.com\/es\/wp-json\/wp\/v2\/product"}],"about":[{"href":"https:\/\/goldstonehvacr.com\/es\/wp-json\/wp\/v2\/types\/product"}],"replies":[{"embeddable":true,"href":"https:\/\/goldstonehvacr.com\/es\/wp-json\/wp\/v2\/comments?post=20036"}],"wp:featuredmedia":[{"embeddable":true,"href":"https:\/\/goldstonehvacr.com\/es\/wp-json\/wp\/v2\/media\/20037"}],"wp:attachment":[{"href":"https:\/\/goldstonehvacr.com\/es\/wp-json\/wp\/v2\/media?parent=20036"}],"wp:term":[{"taxonomy":"product_brand","embeddable":true,"href":"https:\/\/goldstonehvacr.com\/es\/wp-json\/wp\/v2\/product_brand?post=20036"},{"taxonomy":"product_cat","embeddable":true,"href":"https:\/\/goldstonehvacr.com\/es\/wp-json\/wp\/v2\/product_cat?post=20036"},{"taxonomy":"product_tag","embeddable":true,"href":"https:\/\/goldstonehvacr.com\/es\/wp-json\/wp\/v2\/product_tag?post=20036"}],"curies":[{"name":"wp","href":"https:\/\/api.w.org\/{rel}","templated":true}]}}