{"id":20025,"date":"2021-03-25T17:11:05","date_gmt":"2021-03-25T17:11:05","guid":{"rendered":"https:\/\/goldstonehvacr.com\/?post_type=product&#038;p=20025"},"modified":"2021-03-31T18:10:39","modified_gmt":"2021-03-31T18:10:39","slug":"condenser-and-evaporator","status":"publish","type":"product","link":"https:\/\/goldstonehvacr.com\/es\/product\/condenser-and-evaporator\/","title":{"rendered":"Condensador y evaporador"},"content":{"rendered":"<ol>\n<li>Se puede cerrar con candado.<\/li>\n<li>Finalmente, cierres de apriete regulables.<\/li>\n<li>Se puede utilizar para puertas de mano derecha o izquierda.<\/li>\n<li>Con tornillos de acero inoxidable: M5 x 40 3 piezas, M6 x 18 2 piezas<\/li>\n<\/ol>","protected":false},"excerpt":{"rendered":"<p>Aplicaciones de servicio pesado que involucran bobinas con alta durabilidad para soportar duras condiciones mec\u00e1nicas y ambientales requeridas para el transporte, industrias energ\u00e9ticas y similares.<\/p>\n<p>Aplicaciones de refrigeraci\u00f3n de precisi\u00f3n relacionadas con la producci\u00f3n de refrigeraci\u00f3n eficiente dentro de limitaciones estrictas de espacio y peso para satisfacer las demandas de las industrias m\u00e9dicas y de alta tecnolog\u00eda, maquinarias sensibles y<br \/>\nproductos de control.<\/p>\n<p>Aplicaciones de enfriamiento industrial para satisfacer las necesidades de proyectos de construcci\u00f3n comerciales, industriales y residenciales que incluyen sistemas de aire acondicionado y unidades de manejo de aire (ahU).<\/p>\n<p>&nbsp;<\/p>","protected":false},"featured_media":20028,"comment_status":"open","ping_status":"closed","template":"","meta":{"content-type":""},"product_brand":[],"product_cat":[159,195,196],"product_tag":[],"class_list":{"0":"post-20025","1":"product","2":"type-product","3":"status-publish","4":"has-post-thumbnail","6":"product_cat-oem","7":"product_cat-fin-coil","8":"product_cat-aluminum-fin-coil","10":"first","11":"instock","12":"shipping-taxable","13":"purchasable","14":"product-type-simple"},"yoast_head":"<!-- This site is optimized with the Yoast SEO plugin v27.2 - https:\/\/yoast.com\/product\/yoast-seo-wordpress\/ -->\n<title>Condenser &amp; Evaporator - Gold Stone HVAC\/R<\/title>\n<meta name=\"description\" content=\"The condenser cabinet contains the condenser coil, a compressor, a fan, and various controls. In particular, the condenser coil can be made of copper tubing with aluminum fins or all-aluminum tubing so heat can be rapidly transferred. An evaporator is part of an HVAC system where the refrigerant absorbs heat.\" \/>\n<meta name=\"robots\" content=\"index, follow, max-snippet:-1, max-image-preview:large, max-video-preview:-1\" \/>\n<link rel=\"canonical\" href=\"https:\/\/goldstonehvacr.com\/es\/product\/condenser-and-evaporator\/\" \/>\n<meta property=\"og:locale\" content=\"es_ES\" \/>\n<meta property=\"og:type\" content=\"article\" \/>\n<meta property=\"og:title\" content=\"Condenser &amp; Evaporator - Gold Stone HVAC\/R\" \/>\n<meta property=\"og:description\" content=\"The condenser cabinet contains the condenser coil, a compressor, a fan, and various controls. In particular, the condenser coil can be made of copper tubing with aluminum fins or all-aluminum tubing so heat can be rapidly transferred. An evaporator is part of an HVAC system where the refrigerant absorbs heat.\" \/>\n<meta property=\"og:url\" content=\"https:\/\/goldstonehvacr.com\/es\/product\/condenser-and-evaporator\/\" \/>\n<meta property=\"og:site_name\" content=\"Gold Stone HVAC\/R\" \/>\n<meta property=\"article:modified_time\" content=\"2021-03-31T18:10:39+00:00\" \/>\n<meta property=\"og:image\" content=\"https:\/\/goldstonehvacr.com\/wp-content\/uploads\/2019\/08\/CONDENSER-AND-EVAPORATOR.jpg\" \/>\n\t<meta property=\"og:image:width\" content=\"500\" \/>\n\t<meta property=\"og:image:height\" content=\"500\" \/>\n\t<meta property=\"og:image:type\" content=\"image\/jpeg\" \/>\n<meta name=\"twitter:card\" content=\"summary_large_image\" \/>\n<!-- \/ Yoast SEO plugin. -->","yoast_head_json":{"title":"Condensador y evaporador - Gold Stone HVAC\/R","description":"El gabinete del condensador contiene el serpent\u00edn, un compresor, un ventilador y diversos controles. En particular, el serpent\u00edn puede estar hecho de tubos de cobre con aletas de aluminio o de tubos totalmente de aluminio para una r\u00e1pida transferencia de calor. Un evaporador forma parte de un sistema de climatizaci\u00f3n (HVAC) donde el refrigerante absorbe calor.","robots":{"index":"index","follow":"follow","max-snippet":"max-snippet:-1","max-image-preview":"max-image-preview:large","max-video-preview":"max-video-preview:-1"},"canonical":"https:\/\/goldstonehvacr.com\/es\/product\/condenser-and-evaporator\/","og_locale":"es_ES","og_type":"article","og_title":"Condenser & Evaporator - Gold Stone HVAC\/R","og_description":"The condenser cabinet contains the condenser coil, a compressor, a fan, and various controls. In particular, the condenser coil can be made of copper tubing with aluminum fins or all-aluminum tubing so heat can be rapidly transferred. An evaporator is part of an HVAC system where the refrigerant absorbs heat.","og_url":"https:\/\/goldstonehvacr.com\/es\/product\/condenser-and-evaporator\/","og_site_name":"Gold Stone HVAC\/R","article_modified_time":"2021-03-31T18:10:39+00:00","og_image":[{"width":500,"height":500,"url":"https:\/\/goldstonehvacr.com\/wp-content\/uploads\/2019\/08\/CONDENSER-AND-EVAPORATOR.jpg","type":"image\/jpeg"}],"twitter_card":"summary_large_image","schema":{"@context":"https:\/\/schema.org","@graph":[{"@type":"WebPage","@id":"https:\/\/goldstonehvacr.com\/product\/condenser-and-evaporator\/","url":"https:\/\/goldstonehvacr.com\/product\/condenser-and-evaporator\/","name":"Condensador y evaporador - Gold Stone HVAC\/R","isPartOf":{"@id":"https:\/\/goldstonehvacr.com\/#website"},"primaryImageOfPage":{"@id":"https:\/\/goldstonehvacr.com\/product\/condenser-and-evaporator\/#primaryimage"},"image":{"@id":"https:\/\/goldstonehvacr.com\/product\/condenser-and-evaporator\/#primaryimage"},"thumbnailUrl":"https:\/\/goldstonehvacr.com\/wp-content\/uploads\/2019\/08\/CONDENSER-AND-EVAPORATOR.jpg","datePublished":"2021-03-25T17:11:05+00:00","dateModified":"2021-03-31T18:10:39+00:00","description":"El gabinete del condensador contiene el serpent\u00edn, un compresor, un ventilador y diversos controles. En particular, el serpent\u00edn puede estar hecho de tubos de cobre con aletas de aluminio o de tubos totalmente de aluminio para una r\u00e1pida transferencia de calor. Un evaporador forma parte de un sistema de climatizaci\u00f3n (HVAC) donde el refrigerante absorbe calor.","breadcrumb":{"@id":"https:\/\/goldstonehvacr.com\/product\/condenser-and-evaporator\/#breadcrumb"},"inLanguage":"es-PE","potentialAction":[{"@type":"ReadAction","target":["https:\/\/goldstonehvacr.com\/product\/condenser-and-evaporator\/"]}]},{"@type":"ImageObject","inLanguage":"es-PE","@id":"https:\/\/goldstonehvacr.com\/product\/condenser-and-evaporator\/#primaryimage","url":"https:\/\/goldstonehvacr.com\/wp-content\/uploads\/2019\/08\/CONDENSER-AND-EVAPORATOR.jpg","contentUrl":"https:\/\/goldstonehvacr.com\/wp-content\/uploads\/2019\/08\/CONDENSER-AND-EVAPORATOR.jpg","width":500,"height":500},{"@type":"BreadcrumbList","@id":"https:\/\/goldstonehvacr.com\/product\/condenser-and-evaporator\/#breadcrumb","itemListElement":[{"@type":"ListItem","position":1,"name":"Home","item":"https:\/\/goldstonehvacr.com\/"},{"@type":"ListItem","position":2,"name":"Shop","item":"https:\/\/goldstonehvacr.com\/shop\/"},{"@type":"ListItem","position":3,"name":"Condenser &#038; Evaporator"}]},{"@type":"WebSite","@id":"https:\/\/goldstonehvacr.com\/#website","url":"https:\/\/goldstonehvacr.com\/","name":"Calefacci\u00f3n, ventilaci\u00f3n y aire acondicionado Gold Stone","description":"","publisher":{"@id":"https:\/\/goldstonehvacr.com\/#organization"},"potentialAction":[{"@type":"SearchAction","target":{"@type":"EntryPoint","urlTemplate":"https:\/\/goldstonehvacr.com\/?s={search_term_string}"},"query-input":{"@type":"PropertyValueSpecification","valueRequired":true,"valueName":"search_term_string"}}],"inLanguage":"es-PE"},{"@type":"Organization","@id":"https:\/\/goldstonehvacr.com\/#organization","name":"Sistema de climatizaci\u00f3n Goldstone","url":"https:\/\/goldstonehvacr.com\/","logo":{"@type":"ImageObject","inLanguage":"es-PE","@id":"https:\/\/goldstonehvacr.com\/#\/schema\/logo\/image\/","url":"https:\/\/goldstonehvacr.com\/wp-content\/uploads\/2019\/09\/gsi-logo.png","contentUrl":"https:\/\/goldstonehvacr.com\/wp-content\/uploads\/2019\/09\/gsi-logo.png","width":340,"height":159,"caption":"Goldstone HVAC"},"image":{"@id":"https:\/\/goldstonehvacr.com\/#\/schema\/logo\/image\/"}}]}},"jetpack_sharing_enabled":true,"_links":{"self":[{"href":"https:\/\/goldstonehvacr.com\/es\/wp-json\/wp\/v2\/product\/20025","targetHints":{"allow":["GET"]}}],"collection":[{"href":"https:\/\/goldstonehvacr.com\/es\/wp-json\/wp\/v2\/product"}],"about":[{"href":"https:\/\/goldstonehvacr.com\/es\/wp-json\/wp\/v2\/types\/product"}],"replies":[{"embeddable":true,"href":"https:\/\/goldstonehvacr.com\/es\/wp-json\/wp\/v2\/comments?post=20025"}],"wp:featuredmedia":[{"embeddable":true,"href":"https:\/\/goldstonehvacr.com\/es\/wp-json\/wp\/v2\/media\/20028"}],"wp:attachment":[{"href":"https:\/\/goldstonehvacr.com\/es\/wp-json\/wp\/v2\/media?parent=20025"}],"wp:term":[{"taxonomy":"product_brand","embeddable":true,"href":"https:\/\/goldstonehvacr.com\/es\/wp-json\/wp\/v2\/product_brand?post=20025"},{"taxonomy":"product_cat","embeddable":true,"href":"https:\/\/goldstonehvacr.com\/es\/wp-json\/wp\/v2\/product_cat?post=20025"},{"taxonomy":"product_tag","embeddable":true,"href":"https:\/\/goldstonehvacr.com\/es\/wp-json\/wp\/v2\/product_tag?post=20025"}],"curies":[{"name":"wp","href":"https:\/\/api.w.org\/{rel}","templated":true}]}}