{"id":19995,"date":"2019-08-30T16:43:06","date_gmt":"2019-08-30T16:43:06","guid":{"rendered":"https:\/\/goldstonehvacr.com\/?post_type=product&#038;p=19995"},"modified":"2023-06-30T05:10:10","modified_gmt":"2023-06-30T05:10:10","slug":"filter-core-series","status":"publish","type":"product","link":"https:\/\/goldstonehvacr.com\/es\/product\/filter-core-series\/","title":{"rendered":"Serie de n\u00facleos de filtro"},"content":{"rendered":"<p><strong>Serie DS<\/strong><br \/>\nTamiz molecular 80%, al\u00famina activada 20%<br \/>\nEste n\u00facleo filtrante incorpora al\u00famina activa que facilita la absorci\u00f3n del \u00e1cido generado durante el funcionamiento de un sistema con adsorci\u00f3n de agua y efecto de secado. Es el n\u00facleo filtrante m\u00e1s completo. Compatible con los refrigerantes: R12, R22, R134A, R404A, R507, R410A, R407C (Consultar si no est\u00e1 en la lista).<\/p>\n<p><strong>Serie HS<\/strong><br \/>\nTamiz molecular 100%<br \/>\nEste n\u00facleo de filtro con desecante 100% tiene la mayor capacidad de secado y es m\u00e1s eficaz para sistemas m\u00e1s grandes.<br \/>\nAdecuado para refrigerantes: R12, R22, R134A, R404A, R507, R410A, R407C (Consultar si no est\u00e1 en la lista)<\/p>\n<p><strong>Serie DW<\/strong><br \/>\nTamiz molecular 75%, al\u00famina activada 20%, carb\u00f3n 5%.<br \/>\nEste n\u00facleo de filtro con al\u00famina activada y carb\u00f3n a\u00f1adidos se utiliza para absorber la acumulaci\u00f3n de \u00e1cido y cera de la quema.<br \/>\nAdecuado para refrigerantes: R12, R22, R134A, R404A, R507, R410A, R407C (Consultar si no est\u00e1 en la lista)<\/p>\n<p><strong>Serie HW<\/strong><br \/>\nTamiz molecular 95%, carbono 5%.<br \/>\nEste n\u00facleo filtrante con carb\u00f3n activado es adecuado para la absorci\u00f3n de cera en sistemas de quema y garantiza una gran capacidad de absorci\u00f3n de agua.<br \/>\nCompatible con refrigerantes: R12, R22, R134A, R404A, R152A, R502, R507 (Consultar si no est\u00e1 en la lista)<\/p>","protected":false},"excerpt":{"rendered":"<p>Esta serie de n\u00facleos filtrantes y carcasas cil\u00edndricas extra\u00edbles son los m\u00e1s utilizados. Estos filtros son reemplazables y de tama\u00f1o universal. Secan y filtran eficazmente los contaminantes externos. El n\u00facleo filtrante puede reemplazar el n\u00facleo filtrante en el...\u00a0<a href=\"https:\/\/gsi-mainsite.mystagingwebsite.com\/product\/gpl-filter-cylinder\/\">Cilindro de filtro GPL<\/a>.<\/p>","protected":false},"featured_media":19997,"comment_status":"open","ping_status":"closed","template":"","meta":{"content-type":""},"product_brand":[],"product_cat":[159,161],"product_tag":[],"class_list":{"0":"post-19995","1":"product","2":"type-product","3":"status-publish","4":"has-post-thumbnail","6":"product_cat-oem","7":"product_cat-other-oem","9":"first","10":"instock","11":"shipping-taxable","12":"purchasable","13":"product-type-simple"},"yoast_head":"<!-- This site is optimized with the Yoast SEO plugin v27.2 - https:\/\/yoast.com\/product\/yoast-seo-wordpress\/ -->\n<title>Filter Core Series - Gold Stone HVAC\/R<\/title>\n<meta name=\"description\" content=\"This series of filter core and removable filter cylinder shell are the most commonly used. These filters are replaceable and their size is universal. They effectively dry and filter out foreign pollutants. The Filter Core can replace the filter core in the GPL Filter Cylinder.\" \/>\n<meta name=\"robots\" content=\"index, follow, max-snippet:-1, max-image-preview:large, max-video-preview:-1\" \/>\n<link rel=\"canonical\" href=\"https:\/\/goldstonehvacr.com\/es\/product\/filter-core-series\/\" \/>\n<meta property=\"og:locale\" content=\"es_ES\" \/>\n<meta property=\"og:type\" content=\"article\" \/>\n<meta property=\"og:title\" content=\"Filter Core Series - Gold Stone HVAC\/R\" \/>\n<meta property=\"og:description\" content=\"This series of filter core and removable filter cylinder shell are the most commonly used. These filters are replaceable and their size is universal. They effectively dry and filter out foreign pollutants. The Filter Core can replace the filter core in the GPL Filter Cylinder.\" \/>\n<meta property=\"og:url\" content=\"https:\/\/goldstonehvacr.com\/es\/product\/filter-core-series\/\" \/>\n<meta property=\"og:site_name\" content=\"Gold Stone HVAC\/R\" \/>\n<meta property=\"article:modified_time\" content=\"2023-06-30T05:10:10+00:00\" \/>\n<meta property=\"og:image\" content=\"https:\/\/goldstonehvacr.com\/wp-content\/uploads\/2019\/08\/FILTER-CORE-SERIES.jpg\" \/>\n\t<meta property=\"og:image:width\" content=\"500\" \/>\n\t<meta property=\"og:image:height\" content=\"500\" \/>\n\t<meta property=\"og:image:type\" content=\"image\/jpeg\" \/>\n<meta name=\"twitter:card\" content=\"summary_large_image\" \/>\n<meta name=\"twitter:label1\" content=\"Est. reading time\" \/>\n\t<meta name=\"twitter:data1\" content=\"1 minuto\" \/>\n<!-- \/ Yoast SEO plugin. -->","yoast_head_json":{"title":"Serie de n\u00facleos de filtro - Gold Stone HVAC\/R","description":"Esta serie de n\u00facleos filtrantes y carcasas cil\u00edndricas extra\u00edbles son las m\u00e1s utilizadas. Estos filtros son reemplazables y de tama\u00f1o universal. Secan y filtran eficazmente los contaminantes externos. El n\u00facleo filtrante puede reemplazar el n\u00facleo filtrante del cilindro filtrante GPL.","robots":{"index":"index","follow":"follow","max-snippet":"max-snippet:-1","max-image-preview":"max-image-preview:large","max-video-preview":"max-video-preview:-1"},"canonical":"https:\/\/goldstonehvacr.com\/es\/product\/filter-core-series\/","og_locale":"es_ES","og_type":"article","og_title":"Filter Core Series - Gold Stone HVAC\/R","og_description":"This series of filter core and removable filter cylinder shell are the most commonly used. These filters are replaceable and their size is universal. They effectively dry and filter out foreign pollutants. The Filter Core can replace the filter core in the GPL Filter Cylinder.","og_url":"https:\/\/goldstonehvacr.com\/es\/product\/filter-core-series\/","og_site_name":"Gold Stone HVAC\/R","article_modified_time":"2023-06-30T05:10:10+00:00","og_image":[{"width":500,"height":500,"url":"https:\/\/goldstonehvacr.com\/wp-content\/uploads\/2019\/08\/FILTER-CORE-SERIES.jpg","type":"image\/jpeg"}],"twitter_card":"summary_large_image","twitter_misc":{"Est. reading time":"1 minuto"},"schema":{"@context":"https:\/\/schema.org","@graph":[{"@type":"WebPage","@id":"https:\/\/goldstonehvacr.com\/product\/filter-core-series\/","url":"https:\/\/goldstonehvacr.com\/product\/filter-core-series\/","name":"Serie de n\u00facleos de filtro - Gold Stone HVAC\/R","isPartOf":{"@id":"https:\/\/goldstonehvacr.com\/#website"},"primaryImageOfPage":{"@id":"https:\/\/goldstonehvacr.com\/product\/filter-core-series\/#primaryimage"},"image":{"@id":"https:\/\/goldstonehvacr.com\/product\/filter-core-series\/#primaryimage"},"thumbnailUrl":"https:\/\/goldstonehvacr.com\/wp-content\/uploads\/2019\/08\/FILTER-CORE-SERIES.jpg","datePublished":"2019-08-30T16:43:06+00:00","dateModified":"2023-06-30T05:10:10+00:00","description":"Esta serie de n\u00facleos filtrantes y carcasas cil\u00edndricas extra\u00edbles son las m\u00e1s utilizadas. Estos filtros son reemplazables y de tama\u00f1o universal. Secan y filtran eficazmente los contaminantes externos. El n\u00facleo filtrante puede reemplazar el n\u00facleo filtrante del cilindro filtrante GPL.","breadcrumb":{"@id":"https:\/\/goldstonehvacr.com\/product\/filter-core-series\/#breadcrumb"},"inLanguage":"es-PE","potentialAction":[{"@type":"ReadAction","target":["https:\/\/goldstonehvacr.com\/product\/filter-core-series\/"]}]},{"@type":"ImageObject","inLanguage":"es-PE","@id":"https:\/\/goldstonehvacr.com\/product\/filter-core-series\/#primaryimage","url":"https:\/\/goldstonehvacr.com\/wp-content\/uploads\/2019\/08\/FILTER-CORE-SERIES.jpg","contentUrl":"https:\/\/goldstonehvacr.com\/wp-content\/uploads\/2019\/08\/FILTER-CORE-SERIES.jpg","width":500,"height":500},{"@type":"BreadcrumbList","@id":"https:\/\/goldstonehvacr.com\/product\/filter-core-series\/#breadcrumb","itemListElement":[{"@type":"ListItem","position":1,"name":"Home","item":"https:\/\/goldstonehvacr.com\/"},{"@type":"ListItem","position":2,"name":"Shop","item":"https:\/\/goldstonehvacr.com\/shop\/"},{"@type":"ListItem","position":3,"name":"Filter Core Series"}]},{"@type":"WebSite","@id":"https:\/\/goldstonehvacr.com\/#website","url":"https:\/\/goldstonehvacr.com\/","name":"Calefacci\u00f3n, ventilaci\u00f3n y aire acondicionado Gold Stone","description":"","publisher":{"@id":"https:\/\/goldstonehvacr.com\/#organization"},"potentialAction":[{"@type":"SearchAction","target":{"@type":"EntryPoint","urlTemplate":"https:\/\/goldstonehvacr.com\/?s={search_term_string}"},"query-input":{"@type":"PropertyValueSpecification","valueRequired":true,"valueName":"search_term_string"}}],"inLanguage":"es-PE"},{"@type":"Organization","@id":"https:\/\/goldstonehvacr.com\/#organization","name":"Sistema de climatizaci\u00f3n Goldstone","url":"https:\/\/goldstonehvacr.com\/","logo":{"@type":"ImageObject","inLanguage":"es-PE","@id":"https:\/\/goldstonehvacr.com\/#\/schema\/logo\/image\/","url":"https:\/\/goldstonehvacr.com\/wp-content\/uploads\/2019\/09\/gsi-logo.png","contentUrl":"https:\/\/goldstonehvacr.com\/wp-content\/uploads\/2019\/09\/gsi-logo.png","width":340,"height":159,"caption":"Goldstone HVAC"},"image":{"@id":"https:\/\/goldstonehvacr.com\/#\/schema\/logo\/image\/"}}]}},"jetpack_sharing_enabled":true,"_links":{"self":[{"href":"https:\/\/goldstonehvacr.com\/es\/wp-json\/wp\/v2\/product\/19995","targetHints":{"allow":["GET"]}}],"collection":[{"href":"https:\/\/goldstonehvacr.com\/es\/wp-json\/wp\/v2\/product"}],"about":[{"href":"https:\/\/goldstonehvacr.com\/es\/wp-json\/wp\/v2\/types\/product"}],"replies":[{"embeddable":true,"href":"https:\/\/goldstonehvacr.com\/es\/wp-json\/wp\/v2\/comments?post=19995"}],"wp:featuredmedia":[{"embeddable":true,"href":"https:\/\/goldstonehvacr.com\/es\/wp-json\/wp\/v2\/media\/19997"}],"wp:attachment":[{"href":"https:\/\/goldstonehvacr.com\/es\/wp-json\/wp\/v2\/media?parent=19995"}],"wp:term":[{"taxonomy":"product_brand","embeddable":true,"href":"https:\/\/goldstonehvacr.com\/es\/wp-json\/wp\/v2\/product_brand?post=19995"},{"taxonomy":"product_cat","embeddable":true,"href":"https:\/\/goldstonehvacr.com\/es\/wp-json\/wp\/v2\/product_cat?post=19995"},{"taxonomy":"product_tag","embeddable":true,"href":"https:\/\/goldstonehvacr.com\/es\/wp-json\/wp\/v2\/product_tag?post=19995"}],"curies":[{"name":"wp","href":"https:\/\/api.w.org\/{rel}","templated":true}]}}