{"id":19868,"date":"2019-08-28T15:03:06","date_gmt":"2019-08-28T15:03:06","guid":{"rendered":"https:\/\/goldstonehvacr.com\/?post_type=product&#038;p=19868"},"modified":"2025-10-02T08:52:20","modified_gmt":"2025-10-02T08:52:20","slug":"gad-series-solid-core-liquid-line-filter-drier","status":"publish","type":"product","link":"https:\/\/goldstonehvacr.com\/es\/product\/gad-series-solid-core-liquid-line-filter-drier\/","title":{"rendered":"Filtro secador de l\u00ednea de l\u00edquido con n\u00facleo s\u00f3lido serie GAD"},"content":{"rendered":"<ul>\n<li>Alta capacidad de eliminaci\u00f3n de humedad y \u00e1cido.<\/li>\n<li>El m\u00f3dulo desecante sinterizado no crea impactos ni fricci\u00f3n durante el funcionamiento, lo que minimiza la posibilidad de deterioro del desecante.<\/li>\n<li>Filtraci\u00f3n: 20 micras<\/li>\n<li>Combinaci\u00f3n de efectos de secado y filtrado<\/li>\n<li>El dise\u00f1o de ca\u00edda de presi\u00f3n minimizada mejora el rendimiento del sistema<\/li>\n<li>Recubierto con polvo epoxi resistente a la corrosi\u00f3n, pas\u00f3 la prueba de niebla salina de 500 horas.<\/li>\n<li>Tipo de conexi\u00f3n: ODF o SAE<\/li>\n<li>Refrigerante: R12, R134A, R22, R404A, R407C, R410A, R500, R502, R507<\/li>\n<li>Presi\u00f3n m\u00e1xima de trabajo: 4,7 MPa\/680 psi<\/li>\n<li>Con certificaci\u00f3n cULus<\/li>\n<\/ul>","protected":false},"excerpt":{"rendered":"<p>El filtro secador de l\u00ednea de l\u00edquido de n\u00facleo s\u00f3lido serie GAD utiliza una compresi\u00f3n de alta calidad de peque\u00f1as part\u00edculas esf\u00e9ricas sinterizadas en el m\u00f3dulo desecante. Se combina con una tela filtrante de alta densidad que seca y filtra eficazmente el sistema de residuos de agua y residuos.<\/p>","protected":false},"featured_media":19869,"comment_status":"open","ping_status":"closed","template":"","meta":{"content-type":""},"product_brand":[],"product_cat":[200,95,202,203,159,160],"product_tag":[],"class_list":{"0":"post-19868","1":"product","2":"type-product","3":"status-publish","4":"has-post-thumbnail","6":"product_cat-filter-drier","7":"product_cat-filter-driers","8":"product_cat-liquid-line","9":"product_cat-liquid-line-filter-driers","10":"product_cat-oem","11":"product_cat-whosale","13":"first","14":"instock","15":"shipping-taxable","16":"purchasable","17":"product-type-simple"},"yoast_head":"<!-- This site is optimized with the Yoast SEO plugin v27.2 - https:\/\/yoast.com\/product\/yoast-seo-wordpress\/ -->\n<title>GAD Series Solid Core Liquid Line Filter Drier - Gold Stone HVAC\/R<\/title>\n<meta name=\"description\" content=\"The GAD series solid core liquid line filter drier uses a high-quality compression of small, spherical particles sintered into the desiccant module. It is combined with a high-density filter cloth that dries and effectively filters the system of water residue and debris.\" \/>\n<meta name=\"robots\" content=\"index, follow, max-snippet:-1, max-image-preview:large, max-video-preview:-1\" \/>\n<link rel=\"canonical\" href=\"https:\/\/goldstonehvacr.com\/es\/product\/gad-series-solid-core-liquid-line-filter-drier\/\" \/>\n<meta property=\"og:locale\" content=\"es_ES\" \/>\n<meta property=\"og:type\" content=\"article\" \/>\n<meta property=\"og:title\" content=\"GAD Series Solid Core Liquid Line Filter Drier - Gold Stone HVAC\/R\" \/>\n<meta property=\"og:description\" content=\"The GAD series solid core liquid line filter drier uses a high-quality compression of small, spherical particles sintered into the desiccant module. It is combined with a high-density filter cloth that dries and effectively filters the system of water residue and debris.\" \/>\n<meta property=\"og:url\" content=\"https:\/\/goldstonehvacr.com\/es\/product\/gad-series-solid-core-liquid-line-filter-drier\/\" \/>\n<meta property=\"og:site_name\" content=\"Gold Stone HVAC\/R\" \/>\n<meta property=\"article:modified_time\" content=\"2025-10-02T08:52:20+00:00\" \/>\n<meta property=\"og:image\" content=\"https:\/\/goldstonehvacr.com\/wp-content\/uploads\/2019\/08\/SOLID-CORE-LIQUID-LINE-FILTER-DRIER-GAD-SERIES.jpg\" \/>\n\t<meta property=\"og:image:width\" content=\"500\" \/>\n\t<meta property=\"og:image:height\" content=\"500\" \/>\n\t<meta property=\"og:image:type\" content=\"image\/jpeg\" \/>\n<meta name=\"twitter:card\" content=\"summary_large_image\" \/>\n<meta name=\"twitter:label1\" content=\"Est. reading time\" \/>\n\t<meta name=\"twitter:data1\" content=\"1 minuto\" \/>\n<!-- \/ Yoast SEO plugin. -->","yoast_head_json":{"title":"Filtro secador de l\u00ednea de l\u00edquido con n\u00facleo s\u00f3lido serie GAD - Gold Stone HVAC\/R","description":"El filtro secador de l\u00ednea de l\u00edquido de n\u00facleo s\u00f3lido serie GAD utiliza una compresi\u00f3n de alta calidad de peque\u00f1as part\u00edculas esf\u00e9ricas sinterizadas en el m\u00f3dulo desecante. Se combina con una tela filtrante de alta densidad que seca y filtra eficazmente el sistema de residuos de agua y residuos.","robots":{"index":"index","follow":"follow","max-snippet":"max-snippet:-1","max-image-preview":"max-image-preview:large","max-video-preview":"max-video-preview:-1"},"canonical":"https:\/\/goldstonehvacr.com\/es\/product\/gad-series-solid-core-liquid-line-filter-drier\/","og_locale":"es_ES","og_type":"article","og_title":"GAD Series Solid Core Liquid Line Filter Drier - Gold Stone HVAC\/R","og_description":"The GAD series solid core liquid line filter drier uses a high-quality compression of small, spherical particles sintered into the desiccant module. It is combined with a high-density filter cloth that dries and effectively filters the system of water residue and debris.","og_url":"https:\/\/goldstonehvacr.com\/es\/product\/gad-series-solid-core-liquid-line-filter-drier\/","og_site_name":"Gold Stone HVAC\/R","article_modified_time":"2025-10-02T08:52:20+00:00","og_image":[{"width":500,"height":500,"url":"https:\/\/goldstonehvacr.com\/wp-content\/uploads\/2019\/08\/SOLID-CORE-LIQUID-LINE-FILTER-DRIER-GAD-SERIES.jpg","type":"image\/jpeg"}],"twitter_card":"summary_large_image","twitter_misc":{"Est. reading time":"1 minuto"},"schema":{"@context":"https:\/\/schema.org","@graph":[{"@type":"WebPage","@id":"https:\/\/goldstonehvacr.com\/product\/gad-series-solid-core-liquid-line-filter-drier\/","url":"https:\/\/goldstonehvacr.com\/product\/gad-series-solid-core-liquid-line-filter-drier\/","name":"Filtro secador de l\u00ednea de l\u00edquido con n\u00facleo s\u00f3lido serie GAD - Gold Stone HVAC\/R","isPartOf":{"@id":"https:\/\/goldstonehvacr.com\/#website"},"primaryImageOfPage":{"@id":"https:\/\/goldstonehvacr.com\/product\/gad-series-solid-core-liquid-line-filter-drier\/#primaryimage"},"image":{"@id":"https:\/\/goldstonehvacr.com\/product\/gad-series-solid-core-liquid-line-filter-drier\/#primaryimage"},"thumbnailUrl":"https:\/\/goldstonehvacr.com\/wp-content\/uploads\/2019\/08\/SOLID-CORE-LIQUID-LINE-FILTER-DRIER-GAD-SERIES.jpg","datePublished":"2019-08-28T15:03:06+00:00","dateModified":"2025-10-02T08:52:20+00:00","description":"El filtro secador de l\u00ednea de l\u00edquido de n\u00facleo s\u00f3lido serie GAD utiliza una compresi\u00f3n de alta calidad de peque\u00f1as part\u00edculas esf\u00e9ricas sinterizadas en el m\u00f3dulo desecante. Se combina con una tela filtrante de alta densidad que seca y filtra eficazmente el sistema de residuos de agua y residuos.","breadcrumb":{"@id":"https:\/\/goldstonehvacr.com\/product\/gad-series-solid-core-liquid-line-filter-drier\/#breadcrumb"},"inLanguage":"es-PE","potentialAction":[{"@type":"ReadAction","target":["https:\/\/goldstonehvacr.com\/product\/gad-series-solid-core-liquid-line-filter-drier\/"]}]},{"@type":"ImageObject","inLanguage":"es-PE","@id":"https:\/\/goldstonehvacr.com\/product\/gad-series-solid-core-liquid-line-filter-drier\/#primaryimage","url":"https:\/\/goldstonehvacr.com\/wp-content\/uploads\/2019\/08\/SOLID-CORE-LIQUID-LINE-FILTER-DRIER-GAD-SERIES.jpg","contentUrl":"https:\/\/goldstonehvacr.com\/wp-content\/uploads\/2019\/08\/SOLID-CORE-LIQUID-LINE-FILTER-DRIER-GAD-SERIES.jpg","width":500,"height":500},{"@type":"BreadcrumbList","@id":"https:\/\/goldstonehvacr.com\/product\/gad-series-solid-core-liquid-line-filter-drier\/#breadcrumb","itemListElement":[{"@type":"ListItem","position":1,"name":"Home","item":"https:\/\/goldstonehvacr.com\/"},{"@type":"ListItem","position":2,"name":"Shop","item":"https:\/\/goldstonehvacr.com\/shop\/"},{"@type":"ListItem","position":3,"name":"GAD Series Solid Core Liquid Line Filter Drier"}]},{"@type":"WebSite","@id":"https:\/\/goldstonehvacr.com\/#website","url":"https:\/\/goldstonehvacr.com\/","name":"Calefacci\u00f3n, ventilaci\u00f3n y aire acondicionado Gold Stone","description":"","publisher":{"@id":"https:\/\/goldstonehvacr.com\/#organization"},"potentialAction":[{"@type":"SearchAction","target":{"@type":"EntryPoint","urlTemplate":"https:\/\/goldstonehvacr.com\/?s={search_term_string}"},"query-input":{"@type":"PropertyValueSpecification","valueRequired":true,"valueName":"search_term_string"}}],"inLanguage":"es-PE"},{"@type":"Organization","@id":"https:\/\/goldstonehvacr.com\/#organization","name":"Sistema de climatizaci\u00f3n Goldstone","url":"https:\/\/goldstonehvacr.com\/","logo":{"@type":"ImageObject","inLanguage":"es-PE","@id":"https:\/\/goldstonehvacr.com\/#\/schema\/logo\/image\/","url":"https:\/\/goldstonehvacr.com\/wp-content\/uploads\/2019\/09\/gsi-logo.png","contentUrl":"https:\/\/goldstonehvacr.com\/wp-content\/uploads\/2019\/09\/gsi-logo.png","width":340,"height":159,"caption":"Goldstone HVAC"},"image":{"@id":"https:\/\/goldstonehvacr.com\/#\/schema\/logo\/image\/"}}]}},"jetpack_sharing_enabled":true,"_links":{"self":[{"href":"https:\/\/goldstonehvacr.com\/es\/wp-json\/wp\/v2\/product\/19868","targetHints":{"allow":["GET"]}}],"collection":[{"href":"https:\/\/goldstonehvacr.com\/es\/wp-json\/wp\/v2\/product"}],"about":[{"href":"https:\/\/goldstonehvacr.com\/es\/wp-json\/wp\/v2\/types\/product"}],"replies":[{"embeddable":true,"href":"https:\/\/goldstonehvacr.com\/es\/wp-json\/wp\/v2\/comments?post=19868"}],"wp:featuredmedia":[{"embeddable":true,"href":"https:\/\/goldstonehvacr.com\/es\/wp-json\/wp\/v2\/media\/19869"}],"wp:attachment":[{"href":"https:\/\/goldstonehvacr.com\/es\/wp-json\/wp\/v2\/media?parent=19868"}],"wp:term":[{"taxonomy":"product_brand","embeddable":true,"href":"https:\/\/goldstonehvacr.com\/es\/wp-json\/wp\/v2\/product_brand?post=19868"},{"taxonomy":"product_cat","embeddable":true,"href":"https:\/\/goldstonehvacr.com\/es\/wp-json\/wp\/v2\/product_cat?post=19868"},{"taxonomy":"product_tag","embeddable":true,"href":"https:\/\/goldstonehvacr.com\/es\/wp-json\/wp\/v2\/product_tag?post=19868"}],"curies":[{"name":"wp","href":"https:\/\/api.w.org\/{rel}","templated":true}]}}