{"id":19814,"date":"2019-08-23T19:13:34","date_gmt":"2019-08-23T19:13:34","guid":{"rendered":"https:\/\/goldstonehvacr.com\/?post_type=product&#038;p=19814"},"modified":"2026-03-01T04:23:40","modified_gmt":"2026-03-01T04:23:40","slug":"vibration-absorber","status":"publish","type":"product","link":"https:\/\/goldstonehvacr.com\/es\/product\/vibration-absorber\/","title":{"rendered":"Amortiguador de vibraciones"},"content":{"rendered":"<ul>\n<li>La manguera y el tubo de cobre est\u00e1n soldados con soldadura fuerte.<\/li>\n<li>Cada unidad se limpia, se comprime y se sella en pel\u00edcula pl\u00e1stica.<\/li>\n<li>Presi\u00f3n y vac\u00edo probados utilizando un dispositivo de detecci\u00f3n de fugas con espectr\u00f3metro de masas de helio de alta sensibilidad<\/li>\n<li>An\u00e1lisis f\u00edsico y qu\u00edmico completo de todos los componentes b\u00e1sicos.<\/li>\n<li>Dise\u00f1ado para adaptarse a di\u00e1metros exteriores de 3\/8\u2033 a 4 1\/8\u2033, tiene un n\u00facleo de acero inoxidable corrugado con cubierta de trenza de acero inoxidable de alta resistencia y extremos de tubo de cobre.<\/li>\n<li>Manguera flexible de acero inoxidable corrugado de paso profundo y trenza de alambre de alta resistencia.<\/li>\n<li>Temperatura de trabajo admisible de -40 \u00b0C a 120 \u00b0C<\/li>\n<li>Componentes comprobados e inspeccionados en varias fases de montaje.<\/li>\n<li>Extremos del tama\u00f1o preciso.<\/li>\n<li>Listado por ETL o UL<\/li>\n<\/ul>\n<p>&nbsp;<\/p>\n<p>&nbsp;<\/p>","protected":false},"excerpt":{"rendered":"<p>Los amortiguadores de vibraciones GSI est\u00e1n dise\u00f1ados para su instalaci\u00f3n en las l\u00edneas de succi\u00f3n y descarga de sistemas de aire acondicionado y refrigeraci\u00f3n. Amortiguan la vibraci\u00f3n inducida por el compresor en las tuber\u00edas del sistema. Tambi\u00e9n se pueden utilizar en tuber\u00edas de agua. Nuestros amortiguadores de vibraciones est\u00e1n fabricados con tubo corrugado de paso profundo para una mayor flexibilidad y absorci\u00f3n de vibraciones. Est\u00e1n trenzados con alambre de alta resistencia para una resistencia superior. El tubo y el trenzado est\u00e1n reforzados con f\u00e9rulas en cada extremo y conectados a los extremos hembra de los tubos de cobre mediante aleaciones de soldadura fuerte de alta temperatura. Cada amortiguador de vibraciones se somete a pruebas de presi\u00f3n y luego a pruebas de vac\u00edo, utilizando un dispositivo de detecci\u00f3n de fugas con espectr\u00f3metro de masas de helio de alta sensibilidad.<\/p>","protected":false},"featured_media":19829,"comment_status":"open","ping_status":"closed","template":"","meta":{"content-type":""},"product_brand":[],"product_cat":[159,88],"product_tag":[],"class_list":{"0":"post-19814","1":"product","2":"type-product","3":"status-publish","4":"has-post-thumbnail","6":"product_cat-oem","7":"product_cat-vibration-absorbors","9":"first","10":"instock","11":"shipping-taxable","12":"product-type-simple"},"yoast_head":"<!-- This site is optimized with the Yoast SEO plugin v27.2 - https:\/\/yoast.com\/product\/yoast-seo-wordpress\/ -->\n<title>Vibration Absorber - Gold Stone HVAC\/R<\/title>\n<meta name=\"description\" content=\"GSI Vibration Absorbers are designed for installation in the suction and discharge lines of air conditioning and refrigeration systems.\" \/>\n<meta name=\"robots\" content=\"index, follow, max-snippet:-1, max-image-preview:large, max-video-preview:-1\" \/>\n<link rel=\"canonical\" href=\"https:\/\/goldstonehvacr.com\/es\/product\/vibration-absorber\/\" \/>\n<meta property=\"og:locale\" content=\"es_ES\" \/>\n<meta property=\"og:type\" content=\"article\" \/>\n<meta property=\"og:title\" content=\"Vibration Absorber - Gold Stone HVAC\/R\" \/>\n<meta property=\"og:description\" content=\"GSI Vibration Absorbers are designed for installation in the suction and discharge lines of air conditioning and refrigeration systems.\" \/>\n<meta property=\"og:url\" content=\"https:\/\/goldstonehvacr.com\/es\/product\/vibration-absorber\/\" \/>\n<meta property=\"og:site_name\" content=\"Gold Stone HVAC\/R\" \/>\n<meta property=\"article:modified_time\" content=\"2026-03-01T04:23:40+00:00\" \/>\n<meta property=\"og:image\" content=\"https:\/\/goldstonehvacr.com\/wp-content\/uploads\/2019\/08\/VIBRATION-ABSORBER-2.jpg\" \/>\n\t<meta property=\"og:image:width\" content=\"500\" \/>\n\t<meta property=\"og:image:height\" content=\"500\" \/>\n\t<meta property=\"og:image:type\" content=\"image\/jpeg\" \/>\n<meta name=\"twitter:card\" content=\"summary_large_image\" \/>\n<meta name=\"twitter:label1\" content=\"Est. reading time\" \/>\n\t<meta name=\"twitter:data1\" content=\"1 minuto\" \/>\n<!-- \/ Yoast SEO plugin. -->","yoast_head_json":{"title":"Vibration Absorber - Gold Stone HVAC\/R","description":"GSI Vibration Absorbers are designed for installation in the suction and discharge lines of air conditioning and refrigeration systems.","robots":{"index":"index","follow":"follow","max-snippet":"max-snippet:-1","max-image-preview":"max-image-preview:large","max-video-preview":"max-video-preview:-1"},"canonical":"https:\/\/goldstonehvacr.com\/es\/product\/vibration-absorber\/","og_locale":"es_ES","og_type":"article","og_title":"Vibration Absorber - Gold Stone HVAC\/R","og_description":"GSI Vibration Absorbers are designed for installation in the suction and discharge lines of air conditioning and refrigeration systems.","og_url":"https:\/\/goldstonehvacr.com\/es\/product\/vibration-absorber\/","og_site_name":"Gold Stone HVAC\/R","article_modified_time":"2026-03-01T04:23:40+00:00","og_image":[{"width":500,"height":500,"url":"https:\/\/goldstonehvacr.com\/wp-content\/uploads\/2019\/08\/VIBRATION-ABSORBER-2.jpg","type":"image\/jpeg"}],"twitter_card":"summary_large_image","twitter_misc":{"Est. reading time":"1 minuto"},"schema":{"@context":"https:\/\/schema.org","@graph":[{"@type":"WebPage","@id":"https:\/\/goldstonehvacr.com\/product\/vibration-absorber\/","url":"https:\/\/goldstonehvacr.com\/product\/vibration-absorber\/","name":"Vibration Absorber - Gold Stone HVAC\/R","isPartOf":{"@id":"https:\/\/goldstonehvacr.com\/#website"},"primaryImageOfPage":{"@id":"https:\/\/goldstonehvacr.com\/product\/vibration-absorber\/#primaryimage"},"image":{"@id":"https:\/\/goldstonehvacr.com\/product\/vibration-absorber\/#primaryimage"},"thumbnailUrl":"https:\/\/goldstonehvacr.com\/wp-content\/uploads\/2019\/08\/VIBRATION-ABSORBER-2.jpg","datePublished":"2019-08-23T19:13:34+00:00","dateModified":"2026-03-01T04:23:40+00:00","description":"GSI Vibration Absorbers are designed for installation in the suction and discharge lines of air conditioning and refrigeration systems.","breadcrumb":{"@id":"https:\/\/goldstonehvacr.com\/product\/vibration-absorber\/#breadcrumb"},"inLanguage":"es-PE","potentialAction":[{"@type":"ReadAction","target":["https:\/\/goldstonehvacr.com\/product\/vibration-absorber\/"]}]},{"@type":"ImageObject","inLanguage":"es-PE","@id":"https:\/\/goldstonehvacr.com\/product\/vibration-absorber\/#primaryimage","url":"https:\/\/goldstonehvacr.com\/wp-content\/uploads\/2019\/08\/VIBRATION-ABSORBER-2.jpg","contentUrl":"https:\/\/goldstonehvacr.com\/wp-content\/uploads\/2019\/08\/VIBRATION-ABSORBER-2.jpg","width":500,"height":500},{"@type":"BreadcrumbList","@id":"https:\/\/goldstonehvacr.com\/product\/vibration-absorber\/#breadcrumb","itemListElement":[{"@type":"ListItem","position":1,"name":"Home","item":"https:\/\/goldstonehvacr.com\/"},{"@type":"ListItem","position":2,"name":"Shop","item":"https:\/\/goldstonehvacr.com\/shop\/"},{"@type":"ListItem","position":3,"name":"Vibration Absorber"}]},{"@type":"WebSite","@id":"https:\/\/goldstonehvacr.com\/#website","url":"https:\/\/goldstonehvacr.com\/","name":"Calefacci\u00f3n, ventilaci\u00f3n y aire acondicionado Gold Stone","description":"","publisher":{"@id":"https:\/\/goldstonehvacr.com\/#organization"},"potentialAction":[{"@type":"SearchAction","target":{"@type":"EntryPoint","urlTemplate":"https:\/\/goldstonehvacr.com\/?s={search_term_string}"},"query-input":{"@type":"PropertyValueSpecification","valueRequired":true,"valueName":"search_term_string"}}],"inLanguage":"es-PE"},{"@type":"Organization","@id":"https:\/\/goldstonehvacr.com\/#organization","name":"Sistema de climatizaci\u00f3n Goldstone","url":"https:\/\/goldstonehvacr.com\/","logo":{"@type":"ImageObject","inLanguage":"es-PE","@id":"https:\/\/goldstonehvacr.com\/#\/schema\/logo\/image\/","url":"https:\/\/goldstonehvacr.com\/wp-content\/uploads\/2019\/09\/gsi-logo.png","contentUrl":"https:\/\/goldstonehvacr.com\/wp-content\/uploads\/2019\/09\/gsi-logo.png","width":340,"height":159,"caption":"Goldstone HVAC"},"image":{"@id":"https:\/\/goldstonehvacr.com\/#\/schema\/logo\/image\/"}}]}},"jetpack_sharing_enabled":true,"_links":{"self":[{"href":"https:\/\/goldstonehvacr.com\/es\/wp-json\/wp\/v2\/product\/19814","targetHints":{"allow":["GET"]}}],"collection":[{"href":"https:\/\/goldstonehvacr.com\/es\/wp-json\/wp\/v2\/product"}],"about":[{"href":"https:\/\/goldstonehvacr.com\/es\/wp-json\/wp\/v2\/types\/product"}],"replies":[{"embeddable":true,"href":"https:\/\/goldstonehvacr.com\/es\/wp-json\/wp\/v2\/comments?post=19814"}],"wp:featuredmedia":[{"embeddable":true,"href":"https:\/\/goldstonehvacr.com\/es\/wp-json\/wp\/v2\/media\/19829"}],"wp:attachment":[{"href":"https:\/\/goldstonehvacr.com\/es\/wp-json\/wp\/v2\/media?parent=19814"}],"wp:term":[{"taxonomy":"product_brand","embeddable":true,"href":"https:\/\/goldstonehvacr.com\/es\/wp-json\/wp\/v2\/product_brand?post=19814"},{"taxonomy":"product_cat","embeddable":true,"href":"https:\/\/goldstonehvacr.com\/es\/wp-json\/wp\/v2\/product_cat?post=19814"},{"taxonomy":"product_tag","embeddable":true,"href":"https:\/\/goldstonehvacr.com\/es\/wp-json\/wp\/v2\/product_tag?post=19814"}],"curies":[{"name":"wp","href":"https:\/\/api.w.org\/{rel}","templated":true}]}}